{"id":49895,"date":"2025-11-21T00:41:12","date_gmt":"2025-11-20T23:41:12","guid":{"rendered":"https:\/\/www.sparcraft.com\/produit\/hb-boomkicker-lg-1070-pour-bateau-de-6-a-7-5m-37560750135\/"},"modified":"2026-04-16T04:02:57","modified_gmt":"2026-04-16T02:02:57","slug":"hb-boomkicker-lg-1070-pour-bateau-de-6-a-7-5m-37560750135","status":"publish","type":"product","link":"https:\/\/www.sparcraft.com\/fr\/produit\/hb-boomkicker-lg-1070-pour-bateau-de-6-a-7-5m-37560750135\/","title":{"rendered":"HB BOOMKICKER LG 1070 POUR BATEAU DE 6 A 7.5M"},"content":{"rendered":"<p>  <P>Le halebas en fibre de verre&nbsp;est un halebas l\u00e9ger, esth\u00e9tique et simple pour voiliers de 20 \u00e0 40 pieds, en r\u00e9gate comme en croisi\u00e8re rapide.<\/P> <P>Fonctionnement simple.<\/P><\/p>\n","protected":false},"excerpt":{"rendered":"<p>  <P>Halebas en fibre de verre<\/P> <P>Taille du bateau : de <STRONG>6 \u00e0 7,50m \/ de 20&rsquo;pieds \u00e0 25&prime; pieds<\/STRONG><\/P> <P>Longueur d&rsquo;axe \u00e0 axe <STRONG>1070 mm<\/STRONG><\/P> <P>R\u00e9duction maximale des tiges : <STRONG>150 mm<\/STRONG><\/P> <P>Ajustement&nbsp; maximum en position initiale d&rsquo;axe \u00e0 axe : <STRONG>300 mm<\/STRONG><\/P> <P>Course maximum d&rsquo;axe \u00e0 axe (attention une r\u00e9duction de course de 2.5 mm entra\u00eene&nbsp; une bascule d&rsquo;environ de 18 cm en bout de b\u00f4me) : <STRONG>150 mm<\/STRONG><\/P> <P>Pouss\u00e9e maximum :<STRONG> 140 kg<\/STRONG><\/P> <P>Mati\u00e8re : <STRONG>deux lattes flexibles gain\u00e9es en fibre de verre supportent la b\u00f4me<\/STRONG><\/P><\/p>\n","protected":false},"featured_media":0,"comment_status":"open","ping_status":"closed","template":"","meta":[],"product_brand":[],"product_cat":[17],"product_tag":[],"class_list":{"0":"post-49895","1":"product","2":"type-product","3":"status-publish","5":"product_cat-product","7":"first","8":"instock","9":"taxable","10":"shipping-taxable","11":"purchasable","12":"product-type-simple"},"yoast_head":"<!-- This site is optimized with the Yoast SEO plugin v27.4 - https:\/\/yoast.com\/product\/yoast-seo-wordpress\/ -->\n<title>HB BOOMKICKER LG 1070 POUR BATEAU DE 6 A 7.5M - Sparcraft<\/title>\n<meta name=\"robots\" content=\"index, follow, max-snippet:-1, max-image-preview:large, max-video-preview:-1\" \/>\n<link rel=\"canonical\" href=\"https:\/\/www.sparcraft.com\/fr\/produit\/hb-boomkicker-lg-1070-pour-bateau-de-6-a-7-5m-37560750135\/\" \/>\n<meta property=\"og:locale\" content=\"fr_FR\" \/>\n<meta property=\"og:type\" content=\"article\" \/>\n<meta property=\"og:title\" content=\"HB BOOMKICKER LG 1070 POUR BATEAU DE 6 A 7.5M - Sparcraft\" \/>\n<meta property=\"og:description\" content=\"Halebas en fibre de verre Taille du bateau : de 6 \u00e0 7,50m \/ de 20&#039;pieds \u00e0 25&#039; pieds Longueur d&#039;axe \u00e0 axe 1070 mm R\u00e9duction maximale des tiges : 150 mm Ajustement&nbsp; maximum en position initiale d&#039;axe \u00e0 axe : 300 mm Course maximum d&#039;axe \u00e0 axe (attention une r\u00e9duction de course de 2.5 mm entra\u00eene&nbsp; une bascule d&#039;environ de 18 cm en bout de b\u00f4me) : 150 mm Pouss\u00e9e maximum : 140 kg Mati\u00e8re : deux lattes flexibles gain\u00e9es en fibre de verre supportent la b\u00f4me\" \/>\n<meta property=\"og:url\" content=\"https:\/\/www.sparcraft.com\/fr\/produit\/hb-boomkicker-lg-1070-pour-bateau-de-6-a-7-5m-37560750135\/\" \/>\n<meta property=\"og:site_name\" content=\"Sparcraft\" \/>\n<meta property=\"article:modified_time\" content=\"2026-04-16T02:02:57+00:00\" \/>\n<meta name=\"twitter:card\" content=\"summary_large_image\" \/>\n<script type=\"application\/ld+json\" class=\"yoast-schema-graph\">{\"@context\":\"https:\\\/\\\/schema.org\",\"@graph\":[{\"@type\":\"WebPage\",\"@id\":\"https:\\\/\\\/www.sparcraft.com\\\/fr\\\/produit\\\/hb-boomkicker-lg-1070-pour-bateau-de-6-a-7-5m-37560750135\\\/\",\"url\":\"https:\\\/\\\/www.sparcraft.com\\\/fr\\\/produit\\\/hb-boomkicker-lg-1070-pour-bateau-de-6-a-7-5m-37560750135\\\/\",\"name\":\"HB BOOMKICKER LG 1070 POUR BATEAU DE 6 A 7.5M - Sparcraft\",\"isPartOf\":{\"@id\":\"https:\\\/\\\/www.sparcraft.com\\\/fr\\\/#website\"},\"datePublished\":\"2025-11-20T23:41:12+00:00\",\"dateModified\":\"2026-04-16T02:02:57+00:00\",\"breadcrumb\":{\"@id\":\"https:\\\/\\\/www.sparcraft.com\\\/fr\\\/produit\\\/hb-boomkicker-lg-1070-pour-bateau-de-6-a-7-5m-37560750135\\\/#breadcrumb\"},\"inLanguage\":\"fr-FR\",\"potentialAction\":[{\"@type\":\"ReadAction\",\"target\":[\"https:\\\/\\\/www.sparcraft.com\\\/fr\\\/produit\\\/hb-boomkicker-lg-1070-pour-bateau-de-6-a-7-5m-37560750135\\\/\"]}]},{\"@type\":\"BreadcrumbList\",\"@id\":\"https:\\\/\\\/www.sparcraft.com\\\/fr\\\/produit\\\/hb-boomkicker-lg-1070-pour-bateau-de-6-a-7-5m-37560750135\\\/#breadcrumb\",\"itemListElement\":[{\"@type\":\"ListItem\",\"position\":1,\"name\":\"Boutique\",\"item\":\"https:\\\/\\\/www.sparcraft.com\\\/fr\\\/boutique\\\/\"},{\"@type\":\"ListItem\",\"position\":2,\"name\":\"HB BOOMKICKER LG 1070 POUR BATEAU DE 6 A 7.5M\"}]},{\"@type\":\"WebSite\",\"@id\":\"https:\\\/\\\/www.sparcraft.com\\\/fr\\\/#website\",\"url\":\"https:\\\/\\\/www.sparcraft.com\\\/fr\\\/\",\"name\":\"Sparcraft\",\"description\":\"Mast &amp; Rigging\",\"potentialAction\":[{\"@type\":\"SearchAction\",\"target\":{\"@type\":\"EntryPoint\",\"urlTemplate\":\"https:\\\/\\\/www.sparcraft.com\\\/fr\\\/?s={search_term_string}\"},\"query-input\":{\"@type\":\"PropertyValueSpecification\",\"valueRequired\":true,\"valueName\":\"search_term_string\"}}],\"inLanguage\":\"fr-FR\"}]}<\/script>\n<!-- \/ Yoast SEO plugin. -->","yoast_head_json":{"title":"HB BOOMKICKER LG 1070 POUR BATEAU DE 6 A 7.5M - Sparcraft","robots":{"index":"index","follow":"follow","max-snippet":"max-snippet:-1","max-image-preview":"max-image-preview:large","max-video-preview":"max-video-preview:-1"},"canonical":"https:\/\/www.sparcraft.com\/fr\/produit\/hb-boomkicker-lg-1070-pour-bateau-de-6-a-7-5m-37560750135\/","og_locale":"fr_FR","og_type":"article","og_title":"HB BOOMKICKER LG 1070 POUR BATEAU DE 6 A 7.5M - Sparcraft","og_description":"Halebas en fibre de verre Taille du bateau : de 6 \u00e0 7,50m \/ de 20'pieds \u00e0 25' pieds Longueur d'axe \u00e0 axe 1070 mm R\u00e9duction maximale des tiges : 150 mm Ajustement&nbsp; maximum en position initiale d'axe \u00e0 axe : 300 mm Course maximum d'axe \u00e0 axe (attention une r\u00e9duction de course de 2.5 mm entra\u00eene&nbsp; une bascule d'environ de 18 cm en bout de b\u00f4me) : 150 mm Pouss\u00e9e maximum : 140 kg Mati\u00e8re : deux lattes flexibles gain\u00e9es en fibre de verre supportent la b\u00f4me","og_url":"https:\/\/www.sparcraft.com\/fr\/produit\/hb-boomkicker-lg-1070-pour-bateau-de-6-a-7-5m-37560750135\/","og_site_name":"Sparcraft","article_modified_time":"2026-04-16T02:02:57+00:00","twitter_card":"summary_large_image","schema":{"@context":"https:\/\/schema.org","@graph":[{"@type":"WebPage","@id":"https:\/\/www.sparcraft.com\/fr\/produit\/hb-boomkicker-lg-1070-pour-bateau-de-6-a-7-5m-37560750135\/","url":"https:\/\/www.sparcraft.com\/fr\/produit\/hb-boomkicker-lg-1070-pour-bateau-de-6-a-7-5m-37560750135\/","name":"HB BOOMKICKER LG 1070 POUR BATEAU DE 6 A 7.5M - Sparcraft","isPartOf":{"@id":"https:\/\/www.sparcraft.com\/fr\/#website"},"datePublished":"2025-11-20T23:41:12+00:00","dateModified":"2026-04-16T02:02:57+00:00","breadcrumb":{"@id":"https:\/\/www.sparcraft.com\/fr\/produit\/hb-boomkicker-lg-1070-pour-bateau-de-6-a-7-5m-37560750135\/#breadcrumb"},"inLanguage":"fr-FR","potentialAction":[{"@type":"ReadAction","target":["https:\/\/www.sparcraft.com\/fr\/produit\/hb-boomkicker-lg-1070-pour-bateau-de-6-a-7-5m-37560750135\/"]}]},{"@type":"BreadcrumbList","@id":"https:\/\/www.sparcraft.com\/fr\/produit\/hb-boomkicker-lg-1070-pour-bateau-de-6-a-7-5m-37560750135\/#breadcrumb","itemListElement":[{"@type":"ListItem","position":1,"name":"Boutique","item":"https:\/\/www.sparcraft.com\/fr\/boutique\/"},{"@type":"ListItem","position":2,"name":"HB BOOMKICKER LG 1070 POUR BATEAU DE 6 A 7.5M"}]},{"@type":"WebSite","@id":"https:\/\/www.sparcraft.com\/fr\/#website","url":"https:\/\/www.sparcraft.com\/fr\/","name":"Sparcraft","description":"Mast &amp; Rigging","potentialAction":[{"@type":"SearchAction","target":{"@type":"EntryPoint","urlTemplate":"https:\/\/www.sparcraft.com\/fr\/?s={search_term_string}"},"query-input":{"@type":"PropertyValueSpecification","valueRequired":true,"valueName":"search_term_string"}}],"inLanguage":"fr-FR"}]}},"_links":{"self":[{"href":"https:\/\/www.sparcraft.com\/fr\/wp-json\/wp\/v2\/product\/49895","targetHints":{"allow":["GET"]}}],"collection":[{"href":"https:\/\/www.sparcraft.com\/fr\/wp-json\/wp\/v2\/product"}],"about":[{"href":"https:\/\/www.sparcraft.com\/fr\/wp-json\/wp\/v2\/types\/product"}],"replies":[{"embeddable":true,"href":"https:\/\/www.sparcraft.com\/fr\/wp-json\/wp\/v2\/comments?post=49895"}],"wp:attachment":[{"href":"https:\/\/www.sparcraft.com\/fr\/wp-json\/wp\/v2\/media?parent=49895"}],"wp:term":[{"taxonomy":"product_brand","embeddable":true,"href":"https:\/\/www.sparcraft.com\/fr\/wp-json\/wp\/v2\/product_brand?post=49895"},{"taxonomy":"product_cat","embeddable":true,"href":"https:\/\/www.sparcraft.com\/fr\/wp-json\/wp\/v2\/product_cat?post=49895"},{"taxonomy":"product_tag","embeddable":true,"href":"https:\/\/www.sparcraft.com\/fr\/wp-json\/wp\/v2\/product_tag?post=49895"}],"curies":[{"name":"wp","href":"https:\/\/api.w.org\/{rel}","templated":true}]}}