{"id":46410,"date":"2025-10-23T00:41:30","date_gmt":"2025-10-22T22:41:30","guid":{"rendered":"https:\/\/www.sparcraft.com\/produit\/tangonnet-o80-pour-poutre-t40-complet-55106421505\/"},"modified":"2026-04-16T04:03:53","modified_gmt":"2026-04-16T02:03:53","slug":"tangonnet-o80-pour-poutre-t40-complet-55106421505","status":"publish","type":"product","link":"https:\/\/www.sparcraft.com\/fr\/produit\/tangonnet-o80-pour-poutre-t40-complet-55106421505\/","title":{"rendered":"TANGONNET \u00d880 POUR  POUTRE T40 COMPLET"},"content":{"rendered":"<p>  <P>Tangonnet compos\u00e9 de&nbsp; :<\/P> <P>&#8211; 1 tube alu d\u00e9coup\u00e9 sur mesure sur le&nbsp;tube &#8211;&nbsp; r\u00e9f\u00e9rence <A href=\"http:\/\/www.sparcraft.fr\/sku\/23010805303\"><SPAN>23010805303<\/SPAN><\/A><\/P> <P>&#8211;&nbsp;2 inserts alu pour fixation tangonnet&nbsp;&#8211;&nbsp; r\u00e9f\u00e9rence <A href=\"http:\/\/www.sparcraft.fr\/sku\/55107102013\">55107102013<\/A><\/P> <P>&#8211;&nbsp;2 pontets \u00d8 6 mm inox &nbsp;&#8211;&nbsp; r\u00e9f\u00e9rence <A href=\"http:\/\/www.sparcraft.fr\/sku\/47509558126\">47509558126<\/A><\/P> <P>&#8211;&nbsp;2 points amure tangonnet&nbsp;&#8211;&nbsp; r\u00e9f\u00e9rence <A href=\"http:\/\/www.sparcraft.fr\/sku\/55107151014\"><SPAN>55107151014<\/SPAN><\/A><\/P> <P>&#8211;&nbsp;2&nbsp;embouts arri\u00e8re tangonnet T55&nbsp;&#8211;&nbsp; r\u00e9f\u00e9rence <A href=\"http:\/\/www.sparcraft.fr\/sku\/55107273013\"><SPAN>55107273013<\/SPAN><\/A><\/P><\/p>\n","protected":false},"excerpt":{"rendered":"<p>  <P>Tangonnet \u00d8 80 mm<\/P> <P>Longueur maximun 1500 mm<\/P> <P>Pour poutre T40<\/P> <P>Mati\u00e8re : aluminium<\/P><\/p>\n","protected":false},"featured_media":0,"comment_status":"open","ping_status":"closed","template":"","meta":[],"product_brand":[],"product_cat":[17],"product_tag":[],"class_list":{"0":"post-46410","1":"product","2":"type-product","3":"status-publish","5":"product_cat-product","7":"first","8":"instock","9":"taxable","10":"shipping-taxable","11":"purchasable","12":"product-type-simple"},"yoast_head":"<!-- This site is optimized with the Yoast SEO plugin v27.4 - https:\/\/yoast.com\/product\/yoast-seo-wordpress\/ -->\n<title>TANGONNET \u00d880 POUR POUTRE T40 COMPLET - Sparcraft<\/title>\n<meta name=\"robots\" content=\"index, follow, max-snippet:-1, max-image-preview:large, max-video-preview:-1\" \/>\n<link rel=\"canonical\" href=\"https:\/\/www.sparcraft.com\/fr\/produit\/tangonnet-o80-pour-poutre-t40-complet-55106421505\/\" \/>\n<meta property=\"og:locale\" content=\"fr_FR\" \/>\n<meta property=\"og:type\" content=\"article\" \/>\n<meta property=\"og:title\" content=\"TANGONNET \u00d880 POUR POUTRE T40 COMPLET - Sparcraft\" \/>\n<meta property=\"og:description\" content=\"Tangonnet \u00d8 80 mm Longueur maximun 1500 mm Pour poutre T40 Mati\u00e8re : aluminium\" \/>\n<meta property=\"og:url\" content=\"https:\/\/www.sparcraft.com\/fr\/produit\/tangonnet-o80-pour-poutre-t40-complet-55106421505\/\" \/>\n<meta property=\"og:site_name\" content=\"Sparcraft\" \/>\n<meta property=\"article:modified_time\" content=\"2026-04-16T02:03:53+00:00\" \/>\n<meta name=\"twitter:card\" content=\"summary_large_image\" \/>\n<script type=\"application\/ld+json\" class=\"yoast-schema-graph\">{\"@context\":\"https:\\\/\\\/schema.org\",\"@graph\":[{\"@type\":\"WebPage\",\"@id\":\"https:\\\/\\\/www.sparcraft.com\\\/fr\\\/produit\\\/tangonnet-o80-pour-poutre-t40-complet-55106421505\\\/\",\"url\":\"https:\\\/\\\/www.sparcraft.com\\\/fr\\\/produit\\\/tangonnet-o80-pour-poutre-t40-complet-55106421505\\\/\",\"name\":\"TANGONNET \u00d880 POUR POUTRE T40 COMPLET - Sparcraft\",\"isPartOf\":{\"@id\":\"https:\\\/\\\/www.sparcraft.com\\\/fr\\\/#website\"},\"datePublished\":\"2025-10-22T22:41:30+00:00\",\"dateModified\":\"2026-04-16T02:03:53+00:00\",\"breadcrumb\":{\"@id\":\"https:\\\/\\\/www.sparcraft.com\\\/fr\\\/produit\\\/tangonnet-o80-pour-poutre-t40-complet-55106421505\\\/#breadcrumb\"},\"inLanguage\":\"fr-FR\",\"potentialAction\":[{\"@type\":\"ReadAction\",\"target\":[\"https:\\\/\\\/www.sparcraft.com\\\/fr\\\/produit\\\/tangonnet-o80-pour-poutre-t40-complet-55106421505\\\/\"]}]},{\"@type\":\"BreadcrumbList\",\"@id\":\"https:\\\/\\\/www.sparcraft.com\\\/fr\\\/produit\\\/tangonnet-o80-pour-poutre-t40-complet-55106421505\\\/#breadcrumb\",\"itemListElement\":[{\"@type\":\"ListItem\",\"position\":1,\"name\":\"Boutique\",\"item\":\"https:\\\/\\\/www.sparcraft.com\\\/fr\\\/boutique\\\/\"},{\"@type\":\"ListItem\",\"position\":2,\"name\":\"TANGONNET \u00d880 POUR POUTRE T40 COMPLET\"}]},{\"@type\":\"WebSite\",\"@id\":\"https:\\\/\\\/www.sparcraft.com\\\/fr\\\/#website\",\"url\":\"https:\\\/\\\/www.sparcraft.com\\\/fr\\\/\",\"name\":\"Sparcraft\",\"description\":\"Mast &amp; Rigging\",\"potentialAction\":[{\"@type\":\"SearchAction\",\"target\":{\"@type\":\"EntryPoint\",\"urlTemplate\":\"https:\\\/\\\/www.sparcraft.com\\\/fr\\\/?s={search_term_string}\"},\"query-input\":{\"@type\":\"PropertyValueSpecification\",\"valueRequired\":true,\"valueName\":\"search_term_string\"}}],\"inLanguage\":\"fr-FR\"}]}<\/script>\n<!-- \/ Yoast SEO plugin. -->","yoast_head_json":{"title":"TANGONNET \u00d880 POUR POUTRE T40 COMPLET - Sparcraft","robots":{"index":"index","follow":"follow","max-snippet":"max-snippet:-1","max-image-preview":"max-image-preview:large","max-video-preview":"max-video-preview:-1"},"canonical":"https:\/\/www.sparcraft.com\/fr\/produit\/tangonnet-o80-pour-poutre-t40-complet-55106421505\/","og_locale":"fr_FR","og_type":"article","og_title":"TANGONNET \u00d880 POUR POUTRE T40 COMPLET - Sparcraft","og_description":"Tangonnet \u00d8 80 mm Longueur maximun 1500 mm Pour poutre T40 Mati\u00e8re : aluminium","og_url":"https:\/\/www.sparcraft.com\/fr\/produit\/tangonnet-o80-pour-poutre-t40-complet-55106421505\/","og_site_name":"Sparcraft","article_modified_time":"2026-04-16T02:03:53+00:00","twitter_card":"summary_large_image","schema":{"@context":"https:\/\/schema.org","@graph":[{"@type":"WebPage","@id":"https:\/\/www.sparcraft.com\/fr\/produit\/tangonnet-o80-pour-poutre-t40-complet-55106421505\/","url":"https:\/\/www.sparcraft.com\/fr\/produit\/tangonnet-o80-pour-poutre-t40-complet-55106421505\/","name":"TANGONNET \u00d880 POUR POUTRE T40 COMPLET - Sparcraft","isPartOf":{"@id":"https:\/\/www.sparcraft.com\/fr\/#website"},"datePublished":"2025-10-22T22:41:30+00:00","dateModified":"2026-04-16T02:03:53+00:00","breadcrumb":{"@id":"https:\/\/www.sparcraft.com\/fr\/produit\/tangonnet-o80-pour-poutre-t40-complet-55106421505\/#breadcrumb"},"inLanguage":"fr-FR","potentialAction":[{"@type":"ReadAction","target":["https:\/\/www.sparcraft.com\/fr\/produit\/tangonnet-o80-pour-poutre-t40-complet-55106421505\/"]}]},{"@type":"BreadcrumbList","@id":"https:\/\/www.sparcraft.com\/fr\/produit\/tangonnet-o80-pour-poutre-t40-complet-55106421505\/#breadcrumb","itemListElement":[{"@type":"ListItem","position":1,"name":"Boutique","item":"https:\/\/www.sparcraft.com\/fr\/boutique\/"},{"@type":"ListItem","position":2,"name":"TANGONNET \u00d880 POUR POUTRE T40 COMPLET"}]},{"@type":"WebSite","@id":"https:\/\/www.sparcraft.com\/fr\/#website","url":"https:\/\/www.sparcraft.com\/fr\/","name":"Sparcraft","description":"Mast &amp; Rigging","potentialAction":[{"@type":"SearchAction","target":{"@type":"EntryPoint","urlTemplate":"https:\/\/www.sparcraft.com\/fr\/?s={search_term_string}"},"query-input":{"@type":"PropertyValueSpecification","valueRequired":true,"valueName":"search_term_string"}}],"inLanguage":"fr-FR"}]}},"_links":{"self":[{"href":"https:\/\/www.sparcraft.com\/fr\/wp-json\/wp\/v2\/product\/46410","targetHints":{"allow":["GET"]}}],"collection":[{"href":"https:\/\/www.sparcraft.com\/fr\/wp-json\/wp\/v2\/product"}],"about":[{"href":"https:\/\/www.sparcraft.com\/fr\/wp-json\/wp\/v2\/types\/product"}],"replies":[{"embeddable":true,"href":"https:\/\/www.sparcraft.com\/fr\/wp-json\/wp\/v2\/comments?post=46410"}],"wp:attachment":[{"href":"https:\/\/www.sparcraft.com\/fr\/wp-json\/wp\/v2\/media?parent=46410"}],"wp:term":[{"taxonomy":"product_brand","embeddable":true,"href":"https:\/\/www.sparcraft.com\/fr\/wp-json\/wp\/v2\/product_brand?post=46410"},{"taxonomy":"product_cat","embeddable":true,"href":"https:\/\/www.sparcraft.com\/fr\/wp-json\/wp\/v2\/product_cat?post=46410"},{"taxonomy":"product_tag","embeddable":true,"href":"https:\/\/www.sparcraft.com\/fr\/wp-json\/wp\/v2\/product_tag?post=46410"}],"curies":[{"name":"wp","href":"https:\/\/api.w.org\/{rel}","templated":true}]}}