{"id":46403,"date":"2025-10-23T00:41:28","date_gmt":"2025-10-22T22:41:28","guid":{"rendered":"https:\/\/www.sparcraft.com\/produit\/davier-principal-inox-t55-complet-55104201015\/"},"modified":"2026-04-16T04:03:52","modified_gmt":"2026-04-16T02:03:52","slug":"davier-principal-inox-t55-complet-55104201015","status":"publish","type":"product","link":"https:\/\/www.sparcraft.com\/fr\/produit\/davier-principal-inox-t55-complet-55104201015\/","title":{"rendered":"DAVIER PRINCIPAL INOX T55 COMPLET"},"content":{"rendered":"<p>  <P>Davier compos\u00e9 de :<\/P> <P>&#8211;&nbsp;2 \u00e9crous H frein A4 M20 &#8211;&nbsp;r\u00e9f\u00e9rence <A href=\"http:\/\/www.sparcraft.fr\/sku\/28600520000\">28600520000<\/A><\/P> <P>&#8211; 2 rondelles&nbsp;plates nylon&nbsp;\u00d8&nbsp;20 mm \u00e9paisseur 3 mm&nbsp;&#8211;&nbsp;r\u00e9f\u00e9rence <A href=\"http:\/\/www.sparcraft.fr\/sku\/28602320030\">28602320030<\/A><\/P> <P>&#8211; 1 axe inox filet\u00e9 aux deux extr\u00e9mit\u00e9s&nbsp;20 x&nbsp;304 mm&nbsp;&#8211;&nbsp;r\u00e9f\u00e9rence <A href=\"http:\/\/www.sparcraft.fr\/sku\/40205203002\">40205203002<\/A><\/P> <P>&#8211; 1 r\u00e9a acetal usin\u00e9 \u00d8&nbsp;120 x&nbsp;240 mm&nbsp; &#8211;&nbsp;r\u00e9f\u00e9rence <A href=\"http:\/\/www.sparcraft.fr\/sku\/48531202425\">48531202425<\/A><\/P> <P>&#8211; 1 corps davier principal T55 en inox &#8211;&nbsp;r\u00e9f\u00e9rence <A href=\"http:\/\/www.sparcraft.fr\/sku\/55104201013\">55104201013<\/A><\/P> <P>&#8211; 2 bagues delrin \u00d8&nbsp;65&nbsp;H32 mm&nbsp;&#8211;&nbsp;r\u00e9f\u00e9rence <A href=\"http:\/\/www.sparcraft.fr\/sku\/40553055032\">40553055032<\/A><\/P> <P>&#8211;&nbsp;2&nbsp;vis TFHC inox A4 m 16 x 50 mm&nbsp;&#8211;&nbsp;r\u00e9f\u00e9rence <A href=\"http:\/\/www.sparcraft.fr\/sku\/28601116050\">28601116050<\/A><\/P> <P>&nbsp;<\/P> <P>&nbsp;<\/P> <P>&nbsp;<\/P> <P>&nbsp;<\/P><\/p>\n","protected":false},"excerpt":{"rendered":"<p>  <P>Accessoire pour Multicoques.<\/P> <P>Davier principal T55 (taille du catamaran en pieds)<\/P> <P>&nbsp;&#8211; avec &nbsp;poutre de compression&nbsp;45 \u00e0&nbsp;62 mm *<\/P> <P>&nbsp;&#8211; sans poutre de compression&nbsp;45 \u00e0&nbsp;55 mm *<\/P> <P><STRONG><EM>* attention le mod\u00e8le de poutre sera d\u00e9termin\u00e9 par Sparcraft apr\u00e8s les calculs du bureau d&rsquo;\u00e9tude<\/EM><\/STRONG><\/P> <P>Inerties en cm4 :&nbsp;1970 x 4250<\/P> <P>Dimensions :&nbsp;155 x 285 mm<\/P> <P>Poids :&nbsp;13 KG<\/P> <P>Diam\u00e8tre de la martingale : \u00d8 16 , 19 mm, pour un diam\u00e8tre d&rsquo;\u00e9tai : \u00d8 14 , 16 , 19 mm<\/P> <P>Diam\u00e8tre de la martingale : \u00d8&nbsp;22 mm, pour un diam\u00e8tre d&rsquo;\u00e9tai : \u00d8&nbsp;22 mm<\/P> <P>Mati\u00e8re : Inox<\/P> <P>Option peinture&nbsp;et autres options &nbsp;: nous consulter<\/P><\/p>\n","protected":false},"featured_media":0,"comment_status":"open","ping_status":"closed","template":"","meta":[],"product_brand":[],"product_cat":[17],"product_tag":[],"class_list":{"0":"post-46403","1":"product","2":"type-product","3":"status-publish","5":"product_cat-product","7":"first","8":"instock","9":"taxable","10":"shipping-taxable","11":"purchasable","12":"product-type-simple"},"yoast_head":"<!-- This site is optimized with the Yoast SEO plugin v27.4 - https:\/\/yoast.com\/product\/yoast-seo-wordpress\/ -->\n<title>DAVIER PRINCIPAL INOX T55 COMPLET - Sparcraft<\/title>\n<meta name=\"robots\" content=\"index, follow, max-snippet:-1, max-image-preview:large, max-video-preview:-1\" \/>\n<link rel=\"canonical\" href=\"https:\/\/www.sparcraft.com\/fr\/produit\/davier-principal-inox-t55-complet-55104201015\/\" \/>\n<meta property=\"og:locale\" content=\"fr_FR\" \/>\n<meta property=\"og:type\" content=\"article\" \/>\n<meta property=\"og:title\" content=\"DAVIER PRINCIPAL INOX T55 COMPLET - Sparcraft\" \/>\n<meta property=\"og:description\" content=\"Accessoire pour Multicoques. Davier principal T55 (taille du catamaran en pieds) &nbsp;- avec &nbsp;poutre de compression&nbsp;45 \u00e0&nbsp;62 mm * &nbsp;- sans poutre de compression&nbsp;45 \u00e0&nbsp;55 mm * * attention le mod\u00e8le de poutre sera d\u00e9termin\u00e9 par Sparcraft apr\u00e8s les calculs du bureau d&#039;\u00e9tude Inerties en cm4 :&nbsp;1970 x 4250 Dimensions :&nbsp;155 x 285 mm Poids :&nbsp;13 KG Diam\u00e8tre de la martingale : \u00d8 16 , 19 mm, pour un diam\u00e8tre d&#039;\u00e9tai : \u00d8 14 , 16 , 19 mm Diam\u00e8tre de la martingale : \u00d8&nbsp;22 mm, pour un diam\u00e8tre d&#039;\u00e9tai : \u00d8&nbsp;22 mm Mati\u00e8re : Inox Option peinture&nbsp;et autres options &nbsp;: nous consulter\" \/>\n<meta property=\"og:url\" content=\"https:\/\/www.sparcraft.com\/fr\/produit\/davier-principal-inox-t55-complet-55104201015\/\" \/>\n<meta property=\"og:site_name\" content=\"Sparcraft\" \/>\n<meta property=\"article:modified_time\" content=\"2026-04-16T02:03:52+00:00\" \/>\n<meta name=\"twitter:card\" content=\"summary_large_image\" \/>\n<meta name=\"twitter:label1\" content=\"Dur\u00e9e de lecture estim\u00e9e\" \/>\n\t<meta name=\"twitter:data1\" content=\"1 minute\" \/>\n<script type=\"application\/ld+json\" class=\"yoast-schema-graph\">{\"@context\":\"https:\\\/\\\/schema.org\",\"@graph\":[{\"@type\":\"WebPage\",\"@id\":\"https:\\\/\\\/www.sparcraft.com\\\/fr\\\/produit\\\/davier-principal-inox-t55-complet-55104201015\\\/\",\"url\":\"https:\\\/\\\/www.sparcraft.com\\\/fr\\\/produit\\\/davier-principal-inox-t55-complet-55104201015\\\/\",\"name\":\"DAVIER PRINCIPAL INOX T55 COMPLET - Sparcraft\",\"isPartOf\":{\"@id\":\"https:\\\/\\\/www.sparcraft.com\\\/fr\\\/#website\"},\"datePublished\":\"2025-10-22T22:41:28+00:00\",\"dateModified\":\"2026-04-16T02:03:52+00:00\",\"breadcrumb\":{\"@id\":\"https:\\\/\\\/www.sparcraft.com\\\/fr\\\/produit\\\/davier-principal-inox-t55-complet-55104201015\\\/#breadcrumb\"},\"inLanguage\":\"fr-FR\",\"potentialAction\":[{\"@type\":\"ReadAction\",\"target\":[\"https:\\\/\\\/www.sparcraft.com\\\/fr\\\/produit\\\/davier-principal-inox-t55-complet-55104201015\\\/\"]}]},{\"@type\":\"BreadcrumbList\",\"@id\":\"https:\\\/\\\/www.sparcraft.com\\\/fr\\\/produit\\\/davier-principal-inox-t55-complet-55104201015\\\/#breadcrumb\",\"itemListElement\":[{\"@type\":\"ListItem\",\"position\":1,\"name\":\"Boutique\",\"item\":\"https:\\\/\\\/www.sparcraft.com\\\/fr\\\/boutique\\\/\"},{\"@type\":\"ListItem\",\"position\":2,\"name\":\"DAVIER PRINCIPAL INOX T55 COMPLET\"}]},{\"@type\":\"WebSite\",\"@id\":\"https:\\\/\\\/www.sparcraft.com\\\/fr\\\/#website\",\"url\":\"https:\\\/\\\/www.sparcraft.com\\\/fr\\\/\",\"name\":\"Sparcraft\",\"description\":\"Mast &amp; Rigging\",\"potentialAction\":[{\"@type\":\"SearchAction\",\"target\":{\"@type\":\"EntryPoint\",\"urlTemplate\":\"https:\\\/\\\/www.sparcraft.com\\\/fr\\\/?s={search_term_string}\"},\"query-input\":{\"@type\":\"PropertyValueSpecification\",\"valueRequired\":true,\"valueName\":\"search_term_string\"}}],\"inLanguage\":\"fr-FR\"}]}<\/script>\n<!-- \/ Yoast SEO plugin. -->","yoast_head_json":{"title":"DAVIER PRINCIPAL INOX T55 COMPLET - Sparcraft","robots":{"index":"index","follow":"follow","max-snippet":"max-snippet:-1","max-image-preview":"max-image-preview:large","max-video-preview":"max-video-preview:-1"},"canonical":"https:\/\/www.sparcraft.com\/fr\/produit\/davier-principal-inox-t55-complet-55104201015\/","og_locale":"fr_FR","og_type":"article","og_title":"DAVIER PRINCIPAL INOX T55 COMPLET - Sparcraft","og_description":"Accessoire pour Multicoques. Davier principal T55 (taille du catamaran en pieds) &nbsp;- avec &nbsp;poutre de compression&nbsp;45 \u00e0&nbsp;62 mm * &nbsp;- sans poutre de compression&nbsp;45 \u00e0&nbsp;55 mm * * attention le mod\u00e8le de poutre sera d\u00e9termin\u00e9 par Sparcraft apr\u00e8s les calculs du bureau d'\u00e9tude Inerties en cm4 :&nbsp;1970 x 4250 Dimensions :&nbsp;155 x 285 mm Poids :&nbsp;13 KG Diam\u00e8tre de la martingale : \u00d8 16 , 19 mm, pour un diam\u00e8tre d'\u00e9tai : \u00d8 14 , 16 , 19 mm Diam\u00e8tre de la martingale : \u00d8&nbsp;22 mm, pour un diam\u00e8tre d'\u00e9tai : \u00d8&nbsp;22 mm Mati\u00e8re : Inox Option peinture&nbsp;et autres options &nbsp;: nous consulter","og_url":"https:\/\/www.sparcraft.com\/fr\/produit\/davier-principal-inox-t55-complet-55104201015\/","og_site_name":"Sparcraft","article_modified_time":"2026-04-16T02:03:52+00:00","twitter_card":"summary_large_image","twitter_misc":{"Dur\u00e9e de lecture estim\u00e9e":"1 minute"},"schema":{"@context":"https:\/\/schema.org","@graph":[{"@type":"WebPage","@id":"https:\/\/www.sparcraft.com\/fr\/produit\/davier-principal-inox-t55-complet-55104201015\/","url":"https:\/\/www.sparcraft.com\/fr\/produit\/davier-principal-inox-t55-complet-55104201015\/","name":"DAVIER PRINCIPAL INOX T55 COMPLET - Sparcraft","isPartOf":{"@id":"https:\/\/www.sparcraft.com\/fr\/#website"},"datePublished":"2025-10-22T22:41:28+00:00","dateModified":"2026-04-16T02:03:52+00:00","breadcrumb":{"@id":"https:\/\/www.sparcraft.com\/fr\/produit\/davier-principal-inox-t55-complet-55104201015\/#breadcrumb"},"inLanguage":"fr-FR","potentialAction":[{"@type":"ReadAction","target":["https:\/\/www.sparcraft.com\/fr\/produit\/davier-principal-inox-t55-complet-55104201015\/"]}]},{"@type":"BreadcrumbList","@id":"https:\/\/www.sparcraft.com\/fr\/produit\/davier-principal-inox-t55-complet-55104201015\/#breadcrumb","itemListElement":[{"@type":"ListItem","position":1,"name":"Boutique","item":"https:\/\/www.sparcraft.com\/fr\/boutique\/"},{"@type":"ListItem","position":2,"name":"DAVIER PRINCIPAL INOX T55 COMPLET"}]},{"@type":"WebSite","@id":"https:\/\/www.sparcraft.com\/fr\/#website","url":"https:\/\/www.sparcraft.com\/fr\/","name":"Sparcraft","description":"Mast &amp; Rigging","potentialAction":[{"@type":"SearchAction","target":{"@type":"EntryPoint","urlTemplate":"https:\/\/www.sparcraft.com\/fr\/?s={search_term_string}"},"query-input":{"@type":"PropertyValueSpecification","valueRequired":true,"valueName":"search_term_string"}}],"inLanguage":"fr-FR"}]}},"_links":{"self":[{"href":"https:\/\/www.sparcraft.com\/fr\/wp-json\/wp\/v2\/product\/46403","targetHints":{"allow":["GET"]}}],"collection":[{"href":"https:\/\/www.sparcraft.com\/fr\/wp-json\/wp\/v2\/product"}],"about":[{"href":"https:\/\/www.sparcraft.com\/fr\/wp-json\/wp\/v2\/types\/product"}],"replies":[{"embeddable":true,"href":"https:\/\/www.sparcraft.com\/fr\/wp-json\/wp\/v2\/comments?post=46403"}],"wp:attachment":[{"href":"https:\/\/www.sparcraft.com\/fr\/wp-json\/wp\/v2\/media?parent=46403"}],"wp:term":[{"taxonomy":"product_brand","embeddable":true,"href":"https:\/\/www.sparcraft.com\/fr\/wp-json\/wp\/v2\/product_brand?post=46403"},{"taxonomy":"product_cat","embeddable":true,"href":"https:\/\/www.sparcraft.com\/fr\/wp-json\/wp\/v2\/product_cat?post=46403"},{"taxonomy":"product_tag","embeddable":true,"href":"https:\/\/www.sparcraft.com\/fr\/wp-json\/wp\/v2\/product_tag?post=46403"}],"curies":[{"name":"wp","href":"https:\/\/api.w.org\/{rel}","templated":true}]}}