{"id":43922,"date":"2025-09-26T10:43:17","date_gmt":"2025-09-26T08:43:17","guid":{"rendered":"https:\/\/www.sparcraft.com\/produit\/davier-principal-t40-inox-complet-55104401005\/"},"modified":"2026-04-15T04:03:46","modified_gmt":"2026-04-15T02:03:46","slug":"davier-principal-t40-inox-complet-55104401005","status":"publish","type":"product","link":"https:\/\/www.sparcraft.com\/fr\/produit\/davier-principal-t40-inox-complet-55104401005\/","title":{"rendered":"DAVIER PRINCIPAL T40 INOX COMPLET"},"content":{"rendered":"<p>  <P>Davier compos\u00e9 de :<\/P> <P>&#8211;&nbsp;1 vis THPF A4 M14 x 130mm &#8211;&nbsp;r\u00e9f\u00e9rence <A href=\"http:\/\/www.sparcraft.fr\/sku\/28600114130\">28600114130<\/A><\/P> <P>&#8211; 1 \u00e9crou H frein A4 M14 &#8211;&nbsp;r\u00e9f\u00e9rence <A href=\"http:\/\/www.sparcraft.fr\/sku\/28600514000\">28600514000<\/A><\/P> <P>&#8211; 2 rondelles inox \u00d8 14 s\u00e9rie M &#8211;&nbsp;r\u00e9f\u00e9rence <A href=\"http:\/\/www.sparcraft.fr\/sku\/28601014000\">28601014000<\/A><\/P> <P>&#8211; 4 rivets alu TC 6,4 x 30 mm-&nbsp;r\u00e9f\u00e9rence <A href=\"http:\/\/www.sparcraft.fr\/sku\/29001164300\">29001164300<\/A><\/P> <P>&#8211; 3 rivets \u00d8 6,4 x 18 &#8211; \u00e9paisseur \u00e0 sertir-&nbsp;r\u00e9f\u00e9rence <A href=\"http:\/\/www.sparcraft.fr\/sku\/29004164180\">29004164180<\/A><\/P> <P>&#8211; 1 plaque anti-corrosion 160 x 160 mm &#8211;&nbsp;r\u00e9f\u00e9rence <A href=\"http:\/\/www.sparcraft.fr\/sku\/29512000004\">29512000004<\/A><\/P> <P>&#8211; 1 r\u00e9a delrin \u00d8 80 x 90 mm&nbsp;usin\u00e9 &#8211;&nbsp;r\u00e9f\u00e9rence <A href=\"http:\/\/www.sparcraft.fr\/sku\/48510809025\">48510809025<\/A><\/P> <P>&#8211; 1 contre plaque pour fixation du davier auxiliaire et de la ralingue &#8211;&nbsp;r\u00e9f\u00e9rence <A href=\"http:\/\/www.sparcraft.fr\/sku\/55104111015\">55104111015<\/A><\/P> <P>&#8211; 1 corps davier principal T40 en inox &#8211;&nbsp;r\u00e9f\u00e9rence <A href=\"http:\/\/www.sparcraft.fr\/sku\/55104401024\">55104401024<\/A><\/P> <P>&nbsp;<\/P> <P>&nbsp;<\/P><\/p>\n","protected":false},"excerpt":{"rendered":"<p>  <P>Accessoire pour Multicoques.<\/P> <P>Davier principal T40 (taille du catamaran en pieds)<\/P> <P>&nbsp;&#8211; avec &nbsp;poutre de compression 35 \u00e0 42 mm *<\/P> <P>&nbsp;&#8211; sans poutre de compression 35 \u00e0 40 mm *<\/P> <P><STRONG><EM>* attention le mod\u00e8le de poutre sera d\u00e9termin\u00e9 par Sparcraft apr\u00e8s les calculs du bureau d&rsquo;\u00e9tude<\/EM><\/STRONG><\/P> <P>Inerties en cm4 : 664 x 1505<\/P> <P>Dimensions :&nbsp;142 x 239 mm<\/P> <P>Poids : 9 KG<\/P> <P>Diam\u00e8tre de la martingale : \u00d8 14 , 16 mm<\/P> <P>Pour un diam\u00e8tre d&rsquo;\u00e9tai : \u00d8 10 , 12 , 14 mm<\/P> <P>Mati\u00e8re : Inox<\/P> <P>Option peinture&nbsp;et autres options &nbsp;: nous consulter<\/P> <P>&nbsp;<\/P> <P>&nbsp;<\/P> <P>&nbsp;<\/P> <P>&nbsp;<\/P><\/p>\n","protected":false},"featured_media":0,"comment_status":"open","ping_status":"closed","template":"","meta":[],"product_brand":[],"product_cat":[17],"product_tag":[],"class_list":{"0":"post-43922","1":"product","2":"type-product","3":"status-publish","5":"product_cat-product","7":"first","8":"instock","9":"taxable","10":"shipping-taxable","11":"purchasable","12":"product-type-simple"},"yoast_head":"<!-- This site is optimized with the Yoast SEO plugin v27.4 - https:\/\/yoast.com\/product\/yoast-seo-wordpress\/ -->\n<title>DAVIER PRINCIPAL T40 INOX COMPLET - Sparcraft<\/title>\n<meta name=\"robots\" content=\"index, follow, max-snippet:-1, max-image-preview:large, max-video-preview:-1\" \/>\n<link rel=\"canonical\" href=\"https:\/\/www.sparcraft.com\/fr\/produit\/davier-principal-t40-inox-complet-55104401005\/\" \/>\n<meta property=\"og:locale\" content=\"fr_FR\" \/>\n<meta property=\"og:type\" content=\"article\" \/>\n<meta property=\"og:title\" content=\"DAVIER PRINCIPAL T40 INOX COMPLET - Sparcraft\" \/>\n<meta property=\"og:description\" content=\"Accessoire pour Multicoques. Davier principal T40 (taille du catamaran en pieds) &nbsp;- avec &nbsp;poutre de compression 35 \u00e0 42 mm * &nbsp;- sans poutre de compression 35 \u00e0 40 mm * * attention le mod\u00e8le de poutre sera d\u00e9termin\u00e9 par Sparcraft apr\u00e8s les calculs du bureau d&#039;\u00e9tude Inerties en cm4 : 664 x 1505 Dimensions :&nbsp;142 x 239 mm Poids : 9 KG Diam\u00e8tre de la martingale : \u00d8 14 , 16 mm Pour un diam\u00e8tre d&#039;\u00e9tai : \u00d8 10 , 12 , 14 mm Mati\u00e8re : Inox Option peinture&nbsp;et autres options &nbsp;: nous consulter &nbsp; &nbsp; &nbsp; &nbsp;\" \/>\n<meta property=\"og:url\" content=\"https:\/\/www.sparcraft.com\/fr\/produit\/davier-principal-t40-inox-complet-55104401005\/\" \/>\n<meta property=\"og:site_name\" content=\"Sparcraft\" \/>\n<meta property=\"article:modified_time\" content=\"2026-04-15T02:03:46+00:00\" \/>\n<meta name=\"twitter:card\" content=\"summary_large_image\" \/>\n<meta name=\"twitter:label1\" content=\"Dur\u00e9e de lecture estim\u00e9e\" \/>\n\t<meta name=\"twitter:data1\" content=\"1 minute\" \/>\n<script type=\"application\/ld+json\" class=\"yoast-schema-graph\">{\"@context\":\"https:\\\/\\\/schema.org\",\"@graph\":[{\"@type\":\"WebPage\",\"@id\":\"https:\\\/\\\/www.sparcraft.com\\\/fr\\\/produit\\\/davier-principal-t40-inox-complet-55104401005\\\/\",\"url\":\"https:\\\/\\\/www.sparcraft.com\\\/fr\\\/produit\\\/davier-principal-t40-inox-complet-55104401005\\\/\",\"name\":\"DAVIER PRINCIPAL T40 INOX COMPLET - Sparcraft\",\"isPartOf\":{\"@id\":\"https:\\\/\\\/www.sparcraft.com\\\/fr\\\/#website\"},\"datePublished\":\"2025-09-26T08:43:17+00:00\",\"dateModified\":\"2026-04-15T02:03:46+00:00\",\"breadcrumb\":{\"@id\":\"https:\\\/\\\/www.sparcraft.com\\\/fr\\\/produit\\\/davier-principal-t40-inox-complet-55104401005\\\/#breadcrumb\"},\"inLanguage\":\"fr-FR\",\"potentialAction\":[{\"@type\":\"ReadAction\",\"target\":[\"https:\\\/\\\/www.sparcraft.com\\\/fr\\\/produit\\\/davier-principal-t40-inox-complet-55104401005\\\/\"]}]},{\"@type\":\"BreadcrumbList\",\"@id\":\"https:\\\/\\\/www.sparcraft.com\\\/fr\\\/produit\\\/davier-principal-t40-inox-complet-55104401005\\\/#breadcrumb\",\"itemListElement\":[{\"@type\":\"ListItem\",\"position\":1,\"name\":\"Boutique\",\"item\":\"https:\\\/\\\/www.sparcraft.com\\\/fr\\\/boutique\\\/\"},{\"@type\":\"ListItem\",\"position\":2,\"name\":\"DAVIER PRINCIPAL T40 INOX COMPLET\"}]},{\"@type\":\"WebSite\",\"@id\":\"https:\\\/\\\/www.sparcraft.com\\\/fr\\\/#website\",\"url\":\"https:\\\/\\\/www.sparcraft.com\\\/fr\\\/\",\"name\":\"Sparcraft\",\"description\":\"Mast &amp; Rigging\",\"potentialAction\":[{\"@type\":\"SearchAction\",\"target\":{\"@type\":\"EntryPoint\",\"urlTemplate\":\"https:\\\/\\\/www.sparcraft.com\\\/fr\\\/?s={search_term_string}\"},\"query-input\":{\"@type\":\"PropertyValueSpecification\",\"valueRequired\":true,\"valueName\":\"search_term_string\"}}],\"inLanguage\":\"fr-FR\"}]}<\/script>\n<!-- \/ Yoast SEO plugin. -->","yoast_head_json":{"title":"DAVIER PRINCIPAL T40 INOX COMPLET - Sparcraft","robots":{"index":"index","follow":"follow","max-snippet":"max-snippet:-1","max-image-preview":"max-image-preview:large","max-video-preview":"max-video-preview:-1"},"canonical":"https:\/\/www.sparcraft.com\/fr\/produit\/davier-principal-t40-inox-complet-55104401005\/","og_locale":"fr_FR","og_type":"article","og_title":"DAVIER PRINCIPAL T40 INOX COMPLET - Sparcraft","og_description":"Accessoire pour Multicoques. Davier principal T40 (taille du catamaran en pieds) &nbsp;- avec &nbsp;poutre de compression 35 \u00e0 42 mm * &nbsp;- sans poutre de compression 35 \u00e0 40 mm * * attention le mod\u00e8le de poutre sera d\u00e9termin\u00e9 par Sparcraft apr\u00e8s les calculs du bureau d'\u00e9tude Inerties en cm4 : 664 x 1505 Dimensions :&nbsp;142 x 239 mm Poids : 9 KG Diam\u00e8tre de la martingale : \u00d8 14 , 16 mm Pour un diam\u00e8tre d'\u00e9tai : \u00d8 10 , 12 , 14 mm Mati\u00e8re : Inox Option peinture&nbsp;et autres options &nbsp;: nous consulter &nbsp; &nbsp; &nbsp; &nbsp;","og_url":"https:\/\/www.sparcraft.com\/fr\/produit\/davier-principal-t40-inox-complet-55104401005\/","og_site_name":"Sparcraft","article_modified_time":"2026-04-15T02:03:46+00:00","twitter_card":"summary_large_image","twitter_misc":{"Dur\u00e9e de lecture estim\u00e9e":"1 minute"},"schema":{"@context":"https:\/\/schema.org","@graph":[{"@type":"WebPage","@id":"https:\/\/www.sparcraft.com\/fr\/produit\/davier-principal-t40-inox-complet-55104401005\/","url":"https:\/\/www.sparcraft.com\/fr\/produit\/davier-principal-t40-inox-complet-55104401005\/","name":"DAVIER PRINCIPAL T40 INOX COMPLET - Sparcraft","isPartOf":{"@id":"https:\/\/www.sparcraft.com\/fr\/#website"},"datePublished":"2025-09-26T08:43:17+00:00","dateModified":"2026-04-15T02:03:46+00:00","breadcrumb":{"@id":"https:\/\/www.sparcraft.com\/fr\/produit\/davier-principal-t40-inox-complet-55104401005\/#breadcrumb"},"inLanguage":"fr-FR","potentialAction":[{"@type":"ReadAction","target":["https:\/\/www.sparcraft.com\/fr\/produit\/davier-principal-t40-inox-complet-55104401005\/"]}]},{"@type":"BreadcrumbList","@id":"https:\/\/www.sparcraft.com\/fr\/produit\/davier-principal-t40-inox-complet-55104401005\/#breadcrumb","itemListElement":[{"@type":"ListItem","position":1,"name":"Boutique","item":"https:\/\/www.sparcraft.com\/fr\/boutique\/"},{"@type":"ListItem","position":2,"name":"DAVIER PRINCIPAL T40 INOX COMPLET"}]},{"@type":"WebSite","@id":"https:\/\/www.sparcraft.com\/fr\/#website","url":"https:\/\/www.sparcraft.com\/fr\/","name":"Sparcraft","description":"Mast &amp; Rigging","potentialAction":[{"@type":"SearchAction","target":{"@type":"EntryPoint","urlTemplate":"https:\/\/www.sparcraft.com\/fr\/?s={search_term_string}"},"query-input":{"@type":"PropertyValueSpecification","valueRequired":true,"valueName":"search_term_string"}}],"inLanguage":"fr-FR"}]}},"_links":{"self":[{"href":"https:\/\/www.sparcraft.com\/fr\/wp-json\/wp\/v2\/product\/43922","targetHints":{"allow":["GET"]}}],"collection":[{"href":"https:\/\/www.sparcraft.com\/fr\/wp-json\/wp\/v2\/product"}],"about":[{"href":"https:\/\/www.sparcraft.com\/fr\/wp-json\/wp\/v2\/types\/product"}],"replies":[{"embeddable":true,"href":"https:\/\/www.sparcraft.com\/fr\/wp-json\/wp\/v2\/comments?post=43922"}],"wp:attachment":[{"href":"https:\/\/www.sparcraft.com\/fr\/wp-json\/wp\/v2\/media?parent=43922"}],"wp:term":[{"taxonomy":"product_brand","embeddable":true,"href":"https:\/\/www.sparcraft.com\/fr\/wp-json\/wp\/v2\/product_brand?post=43922"},{"taxonomy":"product_cat","embeddable":true,"href":"https:\/\/www.sparcraft.com\/fr\/wp-json\/wp\/v2\/product_cat?post=43922"},{"taxonomy":"product_tag","embeddable":true,"href":"https:\/\/www.sparcraft.com\/fr\/wp-json\/wp\/v2\/product_tag?post=43922"}],"curies":[{"name":"wp","href":"https:\/\/api.w.org\/{rel}","templated":true}]}}