{"id":38830,"date":"2025-07-23T12:46:03","date_gmt":"2025-07-23T10:46:03","guid":{"rendered":"https:\/\/www.sparcraft.com\/produit\/hb-boomkicker-lg-960mm-pour-bateau-jusqu-a-6m-37560500135\/"},"modified":"2026-04-29T04:02:35","modified_gmt":"2026-04-29T02:02:35","slug":"hb-boomkicker-lg-960mm-pour-bateau-jusqu-a-6m-37560500135","status":"publish","type":"product","link":"https:\/\/www.sparcraft.com\/fr\/produit\/hb-boomkicker-lg-960mm-pour-bateau-jusqu-a-6m-37560500135\/","title":{"rendered":"HB BOOMKICKER LG 960mm POUR BATEAU JUSQU&rsquo;A 6M"},"content":{"rendered":"<p>  <P>Mod\u00e8le pour taille de bateau &lt; 6m<\/P><\/p>\n","protected":false},"excerpt":{"rendered":"<p>  <P><SPAN><SPAN><SPAN>En r\u00e9gate comme en croisi\u00e8re, le Boomkicker est un halebas en fibre de verre, l\u00e9ger, esth\u00e9tique et simple<\/SPAN><\/SPAN><\/SPAN><\/P><\/p>\n","protected":false},"featured_media":0,"comment_status":"open","ping_status":"closed","template":"","meta":[],"product_brand":[],"product_cat":[17],"product_tag":[],"class_list":{"0":"post-38830","1":"product","2":"type-product","3":"status-publish","5":"product_cat-product","7":"first","8":"instock","9":"taxable","10":"shipping-taxable","11":"purchasable","12":"product-type-simple"},"yoast_head":"<!-- This site is optimized with the Yoast SEO plugin v27.5 - https:\/\/yoast.com\/product\/yoast-seo-wordpress\/ -->\n<title>HB BOOMKICKER LG 960mm POUR BATEAU JUSQU&#039;A 6M - Sparcraft<\/title>\n<meta name=\"robots\" content=\"index, follow, max-snippet:-1, max-image-preview:large, max-video-preview:-1\" \/>\n<link rel=\"canonical\" href=\"https:\/\/www.sparcraft.com\/fr\/produit\/hb-boomkicker-lg-960mm-pour-bateau-jusqu-a-6m-37560500135\/\" \/>\n<meta property=\"og:locale\" content=\"fr_FR\" \/>\n<meta property=\"og:type\" content=\"article\" \/>\n<meta property=\"og:title\" content=\"HB BOOMKICKER LG 960mm POUR BATEAU JUSQU&#039;A 6M - Sparcraft\" \/>\n<meta property=\"og:description\" content=\"En r\u00e9gate comme en croisi\u00e8re, le Boomkicker est un halebas en fibre de verre, l\u00e9ger, esth\u00e9tique et simple\" \/>\n<meta property=\"og:url\" content=\"https:\/\/www.sparcraft.com\/fr\/produit\/hb-boomkicker-lg-960mm-pour-bateau-jusqu-a-6m-37560500135\/\" \/>\n<meta property=\"og:site_name\" content=\"Sparcraft\" \/>\n<meta property=\"article:modified_time\" content=\"2026-04-29T02:02:35+00:00\" \/>\n<meta name=\"twitter:card\" content=\"summary_large_image\" \/>\n<script type=\"application\/ld+json\" class=\"yoast-schema-graph\">{\"@context\":\"https:\\\/\\\/schema.org\",\"@graph\":[{\"@type\":\"WebPage\",\"@id\":\"https:\\\/\\\/www.sparcraft.com\\\/fr\\\/produit\\\/hb-boomkicker-lg-960mm-pour-bateau-jusqu-a-6m-37560500135\\\/\",\"url\":\"https:\\\/\\\/www.sparcraft.com\\\/fr\\\/produit\\\/hb-boomkicker-lg-960mm-pour-bateau-jusqu-a-6m-37560500135\\\/\",\"name\":\"HB BOOMKICKER LG 960mm POUR BATEAU JUSQU'A 6M - Sparcraft\",\"isPartOf\":{\"@id\":\"https:\\\/\\\/www.sparcraft.com\\\/fr\\\/#website\"},\"datePublished\":\"2025-07-23T10:46:03+00:00\",\"dateModified\":\"2026-04-29T02:02:35+00:00\",\"breadcrumb\":{\"@id\":\"https:\\\/\\\/www.sparcraft.com\\\/fr\\\/produit\\\/hb-boomkicker-lg-960mm-pour-bateau-jusqu-a-6m-37560500135\\\/#breadcrumb\"},\"inLanguage\":\"fr-FR\",\"potentialAction\":[{\"@type\":\"ReadAction\",\"target\":[\"https:\\\/\\\/www.sparcraft.com\\\/fr\\\/produit\\\/hb-boomkicker-lg-960mm-pour-bateau-jusqu-a-6m-37560500135\\\/\"]}]},{\"@type\":\"BreadcrumbList\",\"@id\":\"https:\\\/\\\/www.sparcraft.com\\\/fr\\\/produit\\\/hb-boomkicker-lg-960mm-pour-bateau-jusqu-a-6m-37560500135\\\/#breadcrumb\",\"itemListElement\":[{\"@type\":\"ListItem\",\"position\":1,\"name\":\"Boutique\",\"item\":\"https:\\\/\\\/www.sparcraft.com\\\/fr\\\/boutique\\\/\"},{\"@type\":\"ListItem\",\"position\":2,\"name\":\"HB BOOMKICKER LG 960mm POUR BATEAU JUSQU&rsquo;A 6M\"}]},{\"@type\":\"WebSite\",\"@id\":\"https:\\\/\\\/www.sparcraft.com\\\/fr\\\/#website\",\"url\":\"https:\\\/\\\/www.sparcraft.com\\\/fr\\\/\",\"name\":\"Sparcraft\",\"description\":\"Mast &amp; Rigging\",\"potentialAction\":[{\"@type\":\"SearchAction\",\"target\":{\"@type\":\"EntryPoint\",\"urlTemplate\":\"https:\\\/\\\/www.sparcraft.com\\\/fr\\\/?s={search_term_string}\"},\"query-input\":{\"@type\":\"PropertyValueSpecification\",\"valueRequired\":true,\"valueName\":\"search_term_string\"}}],\"inLanguage\":\"fr-FR\"}]}<\/script>\n<!-- \/ Yoast SEO plugin. -->","yoast_head_json":{"title":"HB BOOMKICKER LG 960mm POUR BATEAU JUSQU'A 6M - Sparcraft","robots":{"index":"index","follow":"follow","max-snippet":"max-snippet:-1","max-image-preview":"max-image-preview:large","max-video-preview":"max-video-preview:-1"},"canonical":"https:\/\/www.sparcraft.com\/fr\/produit\/hb-boomkicker-lg-960mm-pour-bateau-jusqu-a-6m-37560500135\/","og_locale":"fr_FR","og_type":"article","og_title":"HB BOOMKICKER LG 960mm POUR BATEAU JUSQU'A 6M - Sparcraft","og_description":"En r\u00e9gate comme en croisi\u00e8re, le Boomkicker est un halebas en fibre de verre, l\u00e9ger, esth\u00e9tique et simple","og_url":"https:\/\/www.sparcraft.com\/fr\/produit\/hb-boomkicker-lg-960mm-pour-bateau-jusqu-a-6m-37560500135\/","og_site_name":"Sparcraft","article_modified_time":"2026-04-29T02:02:35+00:00","twitter_card":"summary_large_image","schema":{"@context":"https:\/\/schema.org","@graph":[{"@type":"WebPage","@id":"https:\/\/www.sparcraft.com\/fr\/produit\/hb-boomkicker-lg-960mm-pour-bateau-jusqu-a-6m-37560500135\/","url":"https:\/\/www.sparcraft.com\/fr\/produit\/hb-boomkicker-lg-960mm-pour-bateau-jusqu-a-6m-37560500135\/","name":"HB BOOMKICKER LG 960mm POUR BATEAU JUSQU'A 6M - Sparcraft","isPartOf":{"@id":"https:\/\/www.sparcraft.com\/fr\/#website"},"datePublished":"2025-07-23T10:46:03+00:00","dateModified":"2026-04-29T02:02:35+00:00","breadcrumb":{"@id":"https:\/\/www.sparcraft.com\/fr\/produit\/hb-boomkicker-lg-960mm-pour-bateau-jusqu-a-6m-37560500135\/#breadcrumb"},"inLanguage":"fr-FR","potentialAction":[{"@type":"ReadAction","target":["https:\/\/www.sparcraft.com\/fr\/produit\/hb-boomkicker-lg-960mm-pour-bateau-jusqu-a-6m-37560500135\/"]}]},{"@type":"BreadcrumbList","@id":"https:\/\/www.sparcraft.com\/fr\/produit\/hb-boomkicker-lg-960mm-pour-bateau-jusqu-a-6m-37560500135\/#breadcrumb","itemListElement":[{"@type":"ListItem","position":1,"name":"Boutique","item":"https:\/\/www.sparcraft.com\/fr\/boutique\/"},{"@type":"ListItem","position":2,"name":"HB BOOMKICKER LG 960mm POUR BATEAU JUSQU&rsquo;A 6M"}]},{"@type":"WebSite","@id":"https:\/\/www.sparcraft.com\/fr\/#website","url":"https:\/\/www.sparcraft.com\/fr\/","name":"Sparcraft","description":"Mast &amp; Rigging","potentialAction":[{"@type":"SearchAction","target":{"@type":"EntryPoint","urlTemplate":"https:\/\/www.sparcraft.com\/fr\/?s={search_term_string}"},"query-input":{"@type":"PropertyValueSpecification","valueRequired":true,"valueName":"search_term_string"}}],"inLanguage":"fr-FR"}]}},"_links":{"self":[{"href":"https:\/\/www.sparcraft.com\/fr\/wp-json\/wp\/v2\/product\/38830","targetHints":{"allow":["GET"]}}],"collection":[{"href":"https:\/\/www.sparcraft.com\/fr\/wp-json\/wp\/v2\/product"}],"about":[{"href":"https:\/\/www.sparcraft.com\/fr\/wp-json\/wp\/v2\/types\/product"}],"replies":[{"embeddable":true,"href":"https:\/\/www.sparcraft.com\/fr\/wp-json\/wp\/v2\/comments?post=38830"}],"wp:attachment":[{"href":"https:\/\/www.sparcraft.com\/fr\/wp-json\/wp\/v2\/media?parent=38830"}],"wp:term":[{"taxonomy":"product_brand","embeddable":true,"href":"https:\/\/www.sparcraft.com\/fr\/wp-json\/wp\/v2\/product_brand?post=38830"},{"taxonomy":"product_cat","embeddable":true,"href":"https:\/\/www.sparcraft.com\/fr\/wp-json\/wp\/v2\/product_cat?post=38830"},{"taxonomy":"product_tag","embeddable":true,"href":"https:\/\/www.sparcraft.com\/fr\/wp-json\/wp\/v2\/product_tag?post=38830"}],"curies":[{"name":"wp","href":"https:\/\/api.w.org\/{rel}","templated":true}]}}