{"id":37672,"date":"2025-05-27T12:45:46","date_gmt":"2025-05-27T10:45:46","guid":{"rendered":"https:\/\/www.sparcraft.com\/produit\/cloison-de-tete-de-mat-enrouleur-n-3-pour-greement-en-tete-non-retreint-boulonnee-s980e-30003115185\/"},"modified":"2026-04-15T04:00:33","modified_gmt":"2026-04-15T02:00:33","slug":"cloison-de-tete-de-mat-enrouleur-n-3-pour-greement-en-tete-non-retreint-boulonnee-s980e-30003115185","status":"publish","type":"product","link":"https:\/\/www.sparcraft.com\/fr\/produit\/cloison-de-tete-de-mat-enrouleur-n-3-pour-greement-en-tete-non-retreint-boulonnee-s980e-30003115185\/","title":{"rendered":"CLOISON DE TETE DE MAT ENROULEUR N\u00b03 POUR GREEMENT EN TETE &#8211; NON RETREINT BOULONNEE S980E"},"content":{"rendered":"<p>  <P>Lien vers la version compl\u00e8te t\u00eate de m\u00e2t&nbsp;: <A href=\"http:\/\/www.sparcraft.fr\/sku\/30003015185\" target=\"_blank\">30003015185<\/A><\/P><\/p>\n","protected":false},"excerpt":{"rendered":"<p>  <P>Cloison&nbsp;t\u00eate de m\u00e2t enrouleur&nbsp;<STRONG>n\u00b03&nbsp;boulonn\u00e9e<\/STRONG><STRONG> <\/STRONG>&#8211; pour gr\u00e9ement&nbsp;en t\u00eate&nbsp;non&nbsp;r\u00e9treint<\/P> <P>Section :&nbsp;<STRONG>S265E<\/STRONG><\/P> <P>Mat\u00e9riau : alu anodis\u00e9<\/P><\/p>\n","protected":false},"featured_media":0,"comment_status":"open","ping_status":"closed","template":"","meta":[],"product_brand":[],"product_cat":[17],"product_tag":[],"class_list":{"0":"post-37672","1":"product","2":"type-product","3":"status-publish","5":"product_cat-product","7":"first","8":"instock","9":"taxable","10":"shipping-taxable","11":"purchasable","12":"product-type-simple"},"yoast_head":"<!-- This site is optimized with the Yoast SEO plugin v27.4 - https:\/\/yoast.com\/product\/yoast-seo-wordpress\/ -->\n<title>CLOISON DE TETE DE MAT ENROULEUR N\u00b03 POUR GREEMENT EN TETE - NON RETREINT BOULONNEE S980E - Sparcraft<\/title>\n<meta name=\"robots\" content=\"index, follow, max-snippet:-1, max-image-preview:large, max-video-preview:-1\" \/>\n<link rel=\"canonical\" href=\"https:\/\/www.sparcraft.com\/fr\/produit\/cloison-de-tete-de-mat-enrouleur-n-3-pour-greement-en-tete-non-retreint-boulonnee-s980e-30003115185\/\" \/>\n<meta property=\"og:locale\" content=\"fr_FR\" \/>\n<meta property=\"og:type\" content=\"article\" \/>\n<meta property=\"og:title\" content=\"CLOISON DE TETE DE MAT ENROULEUR N\u00b03 POUR GREEMENT EN TETE - NON RETREINT BOULONNEE S980E - Sparcraft\" \/>\n<meta property=\"og:description\" content=\"Cloison&nbsp;t\u00eate de m\u00e2t enrouleur&nbsp;n\u00b03&nbsp;boulonn\u00e9e - pour gr\u00e9ement&nbsp;en t\u00eate&nbsp;non&nbsp;r\u00e9treint Section :&nbsp;S265E Mat\u00e9riau : alu anodis\u00e9\" \/>\n<meta property=\"og:url\" content=\"https:\/\/www.sparcraft.com\/fr\/produit\/cloison-de-tete-de-mat-enrouleur-n-3-pour-greement-en-tete-non-retreint-boulonnee-s980e-30003115185\/\" \/>\n<meta property=\"og:site_name\" content=\"Sparcraft\" \/>\n<meta property=\"article:modified_time\" content=\"2026-04-15T02:00:33+00:00\" \/>\n<meta name=\"twitter:card\" content=\"summary_large_image\" \/>\n<script type=\"application\/ld+json\" class=\"yoast-schema-graph\">{\"@context\":\"https:\\\/\\\/schema.org\",\"@graph\":[{\"@type\":\"WebPage\",\"@id\":\"https:\\\/\\\/www.sparcraft.com\\\/fr\\\/produit\\\/cloison-de-tete-de-mat-enrouleur-n-3-pour-greement-en-tete-non-retreint-boulonnee-s980e-30003115185\\\/\",\"url\":\"https:\\\/\\\/www.sparcraft.com\\\/fr\\\/produit\\\/cloison-de-tete-de-mat-enrouleur-n-3-pour-greement-en-tete-non-retreint-boulonnee-s980e-30003115185\\\/\",\"name\":\"CLOISON DE TETE DE MAT ENROULEUR N\u00b03 POUR GREEMENT EN TETE - NON RETREINT BOULONNEE S980E - Sparcraft\",\"isPartOf\":{\"@id\":\"https:\\\/\\\/www.sparcraft.com\\\/fr\\\/#website\"},\"datePublished\":\"2025-05-27T10:45:46+00:00\",\"dateModified\":\"2026-04-15T02:00:33+00:00\",\"breadcrumb\":{\"@id\":\"https:\\\/\\\/www.sparcraft.com\\\/fr\\\/produit\\\/cloison-de-tete-de-mat-enrouleur-n-3-pour-greement-en-tete-non-retreint-boulonnee-s980e-30003115185\\\/#breadcrumb\"},\"inLanguage\":\"fr-FR\",\"potentialAction\":[{\"@type\":\"ReadAction\",\"target\":[\"https:\\\/\\\/www.sparcraft.com\\\/fr\\\/produit\\\/cloison-de-tete-de-mat-enrouleur-n-3-pour-greement-en-tete-non-retreint-boulonnee-s980e-30003115185\\\/\"]}]},{\"@type\":\"BreadcrumbList\",\"@id\":\"https:\\\/\\\/www.sparcraft.com\\\/fr\\\/produit\\\/cloison-de-tete-de-mat-enrouleur-n-3-pour-greement-en-tete-non-retreint-boulonnee-s980e-30003115185\\\/#breadcrumb\",\"itemListElement\":[{\"@type\":\"ListItem\",\"position\":1,\"name\":\"Boutique\",\"item\":\"https:\\\/\\\/www.sparcraft.com\\\/fr\\\/boutique\\\/\"},{\"@type\":\"ListItem\",\"position\":2,\"name\":\"CLOISON DE TETE DE MAT ENROULEUR N\u00b03 POUR GREEMENT EN TETE &#8211; NON RETREINT BOULONNEE S980E\"}]},{\"@type\":\"WebSite\",\"@id\":\"https:\\\/\\\/www.sparcraft.com\\\/fr\\\/#website\",\"url\":\"https:\\\/\\\/www.sparcraft.com\\\/fr\\\/\",\"name\":\"Sparcraft\",\"description\":\"Mast &amp; Rigging\",\"potentialAction\":[{\"@type\":\"SearchAction\",\"target\":{\"@type\":\"EntryPoint\",\"urlTemplate\":\"https:\\\/\\\/www.sparcraft.com\\\/fr\\\/?s={search_term_string}\"},\"query-input\":{\"@type\":\"PropertyValueSpecification\",\"valueRequired\":true,\"valueName\":\"search_term_string\"}}],\"inLanguage\":\"fr-FR\"}]}<\/script>\n<!-- \/ Yoast SEO plugin. -->","yoast_head_json":{"title":"CLOISON DE TETE DE MAT ENROULEUR N\u00b03 POUR GREEMENT EN TETE - NON RETREINT BOULONNEE S980E - Sparcraft","robots":{"index":"index","follow":"follow","max-snippet":"max-snippet:-1","max-image-preview":"max-image-preview:large","max-video-preview":"max-video-preview:-1"},"canonical":"https:\/\/www.sparcraft.com\/fr\/produit\/cloison-de-tete-de-mat-enrouleur-n-3-pour-greement-en-tete-non-retreint-boulonnee-s980e-30003115185\/","og_locale":"fr_FR","og_type":"article","og_title":"CLOISON DE TETE DE MAT ENROULEUR N\u00b03 POUR GREEMENT EN TETE - NON RETREINT BOULONNEE S980E - Sparcraft","og_description":"Cloison&nbsp;t\u00eate de m\u00e2t enrouleur&nbsp;n\u00b03&nbsp;boulonn\u00e9e - pour gr\u00e9ement&nbsp;en t\u00eate&nbsp;non&nbsp;r\u00e9treint Section :&nbsp;S265E Mat\u00e9riau : alu anodis\u00e9","og_url":"https:\/\/www.sparcraft.com\/fr\/produit\/cloison-de-tete-de-mat-enrouleur-n-3-pour-greement-en-tete-non-retreint-boulonnee-s980e-30003115185\/","og_site_name":"Sparcraft","article_modified_time":"2026-04-15T02:00:33+00:00","twitter_card":"summary_large_image","schema":{"@context":"https:\/\/schema.org","@graph":[{"@type":"WebPage","@id":"https:\/\/www.sparcraft.com\/fr\/produit\/cloison-de-tete-de-mat-enrouleur-n-3-pour-greement-en-tete-non-retreint-boulonnee-s980e-30003115185\/","url":"https:\/\/www.sparcraft.com\/fr\/produit\/cloison-de-tete-de-mat-enrouleur-n-3-pour-greement-en-tete-non-retreint-boulonnee-s980e-30003115185\/","name":"CLOISON DE TETE DE MAT ENROULEUR N\u00b03 POUR GREEMENT EN TETE - NON RETREINT BOULONNEE S980E - Sparcraft","isPartOf":{"@id":"https:\/\/www.sparcraft.com\/fr\/#website"},"datePublished":"2025-05-27T10:45:46+00:00","dateModified":"2026-04-15T02:00:33+00:00","breadcrumb":{"@id":"https:\/\/www.sparcraft.com\/fr\/produit\/cloison-de-tete-de-mat-enrouleur-n-3-pour-greement-en-tete-non-retreint-boulonnee-s980e-30003115185\/#breadcrumb"},"inLanguage":"fr-FR","potentialAction":[{"@type":"ReadAction","target":["https:\/\/www.sparcraft.com\/fr\/produit\/cloison-de-tete-de-mat-enrouleur-n-3-pour-greement-en-tete-non-retreint-boulonnee-s980e-30003115185\/"]}]},{"@type":"BreadcrumbList","@id":"https:\/\/www.sparcraft.com\/fr\/produit\/cloison-de-tete-de-mat-enrouleur-n-3-pour-greement-en-tete-non-retreint-boulonnee-s980e-30003115185\/#breadcrumb","itemListElement":[{"@type":"ListItem","position":1,"name":"Boutique","item":"https:\/\/www.sparcraft.com\/fr\/boutique\/"},{"@type":"ListItem","position":2,"name":"CLOISON DE TETE DE MAT ENROULEUR N\u00b03 POUR GREEMENT EN TETE &#8211; NON RETREINT BOULONNEE S980E"}]},{"@type":"WebSite","@id":"https:\/\/www.sparcraft.com\/fr\/#website","url":"https:\/\/www.sparcraft.com\/fr\/","name":"Sparcraft","description":"Mast &amp; Rigging","potentialAction":[{"@type":"SearchAction","target":{"@type":"EntryPoint","urlTemplate":"https:\/\/www.sparcraft.com\/fr\/?s={search_term_string}"},"query-input":{"@type":"PropertyValueSpecification","valueRequired":true,"valueName":"search_term_string"}}],"inLanguage":"fr-FR"}]}},"_links":{"self":[{"href":"https:\/\/www.sparcraft.com\/fr\/wp-json\/wp\/v2\/product\/37672","targetHints":{"allow":["GET"]}}],"collection":[{"href":"https:\/\/www.sparcraft.com\/fr\/wp-json\/wp\/v2\/product"}],"about":[{"href":"https:\/\/www.sparcraft.com\/fr\/wp-json\/wp\/v2\/types\/product"}],"replies":[{"embeddable":true,"href":"https:\/\/www.sparcraft.com\/fr\/wp-json\/wp\/v2\/comments?post=37672"}],"wp:attachment":[{"href":"https:\/\/www.sparcraft.com\/fr\/wp-json\/wp\/v2\/media?parent=37672"}],"wp:term":[{"taxonomy":"product_brand","embeddable":true,"href":"https:\/\/www.sparcraft.com\/fr\/wp-json\/wp\/v2\/product_brand?post=37672"},{"taxonomy":"product_cat","embeddable":true,"href":"https:\/\/www.sparcraft.com\/fr\/wp-json\/wp\/v2\/product_cat?post=37672"},{"taxonomy":"product_tag","embeddable":true,"href":"https:\/\/www.sparcraft.com\/fr\/wp-json\/wp\/v2\/product_tag?post=37672"}],"curies":[{"name":"wp","href":"https:\/\/api.w.org\/{rel}","templated":true}]}}