{"id":37643,"date":"2025-04-29T12:45:13","date_gmt":"2025-04-29T10:45:13","guid":{"rendered":"https:\/\/www.sparcraft.com\/produit\/tete-de-mat-enrouleur-n-3-soudee-complete-pour-greement-en-tete-non-retreint-s265e-30003014245\/"},"modified":"2026-04-16T04:00:28","modified_gmt":"2026-04-16T02:00:28","slug":"tete-de-mat-enrouleur-n-3-soudee-complete-pour-greement-en-tete-non-retreint-s265e-30003014245","status":"publish","type":"product","link":"https:\/\/www.sparcraft.com\/fr\/produit\/tete-de-mat-enrouleur-n-3-soudee-complete-pour-greement-en-tete-non-retreint-s265e-30003014245\/","title":{"rendered":"TETE DE MAT ENROULEUR N\u00b03 SOUDEE COMPLETE &#8211; POUR GREEMENT EN TETE NON RETREINT S265E"},"content":{"rendered":"<p>  <P>Pr\u00e9vu pour 4 drisses (Grand voile, balancine de b\u00f4me et deux spi)<\/P> <P>Compos\u00e9 de : <A href=\"https:\/\/www.sparcraft.com\/ftpsparcraft\/Photos\/TDM\/TDM_Enroul_EnTete_NR_soude.jpg\" target=\"_blank\"><SPAN>\u00e9clat\u00e9 produit<\/SPAN><\/A><\/P> <UL> <LI>A : 1 corps &#8211;&nbsp;r\u00e9f\u00e9rence <A href=\"http:\/\/www.sparcraft.fr\/sku\/30003014243\">30003014243<\/A><\/LI> <LI>B : 1 cloison&nbsp;&#8211; r\u00e9f\u00e9rence <A href=\"http:\/\/www.sparcraft.fr\/sku\/30003114243\">30003114243<\/A><\/LI> <LI>C :&nbsp;6 r\u00e9as &#8211; r\u00e9f\u00e9rence <A href=\"http:\/\/www.sparcraft.fr\/sku\/48510651625\">48510651625<\/A><\/LI> <LI>C :&nbsp;1 r\u00e9a &#8211; r\u00e9f\u00e9rence <A href=\"http:\/\/www.sparcraft.fr\/sku\/48510651625\"><SPAN>48510651625<\/SPAN><\/A><\/LI> <LI>D :&nbsp;2 axes droit &#8211; r\u00e9f\u00e9rence <A href=\"http:\/\/www.sparcraft.fr\/sku\/40020112090\">40020112090<\/A><\/LI> <LI>E :&nbsp;2 axes \u00e9paul\u00e9 &#8211; r\u00e9f\u00e9rence <A href=\"http:\/\/www.sparcraft.fr\/sku\/40020212052\">40020212052<\/A><\/LI> <LI>F :&nbsp;2 goupilles &#8211; r\u00e9f\u00e9rence <A href=\"http:\/\/www.sparcraft.fr\/sku\/28803032320\">28803032320<\/A><\/LI> <LI>G :&nbsp;2 caches axe &#8211; r\u00e9f\u00e9rence <A href=\"http:\/\/www.sparcraft.fr\/sku\/41201020105\">41201020105<\/A><\/LI><\/UL><\/p>\n","protected":false},"excerpt":{"rendered":"<p>  <P>T\u00eate de m\u00e2t enrouleur&nbsp;soud\u00e9e&nbsp;pour gr\u00e9ement&nbsp;en t\u00eate&nbsp;non r\u00e9treint<\/P> <P>Section : <STRONG>n\u00b03<\/STRONG><\/P> <P>Profil : <STRONG>S265E<\/STRONG><\/P> <P>Longueur :<STRONG>&nbsp;424 mm<\/STRONG><\/P> <P>Mat\u00e9riau : alu anodis\u00e9<\/P> <P>\u00d8 axe chape usuel (non inclus <A href=\"https:\/\/www.sparcraft.com\/fr\/mats-sparcraft\/mats-classiques-sections-s\/tetes-mat-sections-s\/#tab-id-3\" target=\"_blank\"><SPAN>voir d\u00e9tail<\/SPAN><\/A>)&nbsp;<STRONG>: \u00d8&nbsp;10,12 mm <\/STRONG><\/P> <P>Dimensions en&nbsp;mm <STRONG>(<A href=\"https:\/\/www.sparcraft.com\/ftpsparcraft\/Photos\/TDM\/TDM_Enroul_EnTete_NR_Dim.jpg\"><SPAN>dimensions<\/SPAN><\/A>) : <STRONG>G=229 H=86&nbsp;J=171&nbsp;K=88 T=350&nbsp;U=95<\/STRONG><\/STRONG><\/P><\/p>\n","protected":false},"featured_media":0,"comment_status":"open","ping_status":"closed","template":"","meta":[],"product_brand":[],"product_cat":[17],"product_tag":[],"class_list":{"0":"post-37643","1":"product","2":"type-product","3":"status-publish","5":"product_cat-product","7":"first","8":"instock","9":"taxable","10":"shipping-taxable","11":"purchasable","12":"product-type-simple"},"yoast_head":"<!-- This site is optimized with the Yoast SEO plugin v27.4 - https:\/\/yoast.com\/product\/yoast-seo-wordpress\/ -->\n<title>TETE DE MAT ENROULEUR N\u00b03 SOUDEE COMPLETE - POUR GREEMENT EN TETE NON RETREINT S265E - Sparcraft<\/title>\n<meta name=\"robots\" content=\"index, follow, max-snippet:-1, max-image-preview:large, max-video-preview:-1\" \/>\n<link rel=\"canonical\" href=\"https:\/\/www.sparcraft.com\/fr\/produit\/tete-de-mat-enrouleur-n-3-soudee-complete-pour-greement-en-tete-non-retreint-s265e-30003014245\/\" \/>\n<meta property=\"og:locale\" content=\"fr_FR\" \/>\n<meta property=\"og:type\" content=\"article\" \/>\n<meta property=\"og:title\" content=\"TETE DE MAT ENROULEUR N\u00b03 SOUDEE COMPLETE - POUR GREEMENT EN TETE NON RETREINT S265E - Sparcraft\" \/>\n<meta property=\"og:description\" content=\"T\u00eate de m\u00e2t enrouleur&nbsp;soud\u00e9e&nbsp;pour gr\u00e9ement&nbsp;en t\u00eate&nbsp;non r\u00e9treint Section : n\u00b03 Profil : S265E Longueur :&nbsp;424 mm Mat\u00e9riau : alu anodis\u00e9 \u00d8 axe chape usuel (non inclus voir d\u00e9tail)&nbsp;: \u00d8&nbsp;10,12 mm Dimensions en&nbsp;mm (dimensions) : G=229 H=86&nbsp;J=171&nbsp;K=88 T=350&nbsp;U=95\" \/>\n<meta property=\"og:url\" content=\"https:\/\/www.sparcraft.com\/fr\/produit\/tete-de-mat-enrouleur-n-3-soudee-complete-pour-greement-en-tete-non-retreint-s265e-30003014245\/\" \/>\n<meta property=\"og:site_name\" content=\"Sparcraft\" \/>\n<meta property=\"article:modified_time\" content=\"2026-04-16T02:00:28+00:00\" \/>\n<meta name=\"twitter:card\" content=\"summary_large_image\" \/>\n<script type=\"application\/ld+json\" class=\"yoast-schema-graph\">{\"@context\":\"https:\\\/\\\/schema.org\",\"@graph\":[{\"@type\":\"WebPage\",\"@id\":\"https:\\\/\\\/www.sparcraft.com\\\/fr\\\/produit\\\/tete-de-mat-enrouleur-n-3-soudee-complete-pour-greement-en-tete-non-retreint-s265e-30003014245\\\/\",\"url\":\"https:\\\/\\\/www.sparcraft.com\\\/fr\\\/produit\\\/tete-de-mat-enrouleur-n-3-soudee-complete-pour-greement-en-tete-non-retreint-s265e-30003014245\\\/\",\"name\":\"TETE DE MAT ENROULEUR N\u00b03 SOUDEE COMPLETE - POUR GREEMENT EN TETE NON RETREINT S265E - Sparcraft\",\"isPartOf\":{\"@id\":\"https:\\\/\\\/www.sparcraft.com\\\/fr\\\/#website\"},\"datePublished\":\"2025-04-29T10:45:13+00:00\",\"dateModified\":\"2026-04-16T02:00:28+00:00\",\"breadcrumb\":{\"@id\":\"https:\\\/\\\/www.sparcraft.com\\\/fr\\\/produit\\\/tete-de-mat-enrouleur-n-3-soudee-complete-pour-greement-en-tete-non-retreint-s265e-30003014245\\\/#breadcrumb\"},\"inLanguage\":\"fr-FR\",\"potentialAction\":[{\"@type\":\"ReadAction\",\"target\":[\"https:\\\/\\\/www.sparcraft.com\\\/fr\\\/produit\\\/tete-de-mat-enrouleur-n-3-soudee-complete-pour-greement-en-tete-non-retreint-s265e-30003014245\\\/\"]}]},{\"@type\":\"BreadcrumbList\",\"@id\":\"https:\\\/\\\/www.sparcraft.com\\\/fr\\\/produit\\\/tete-de-mat-enrouleur-n-3-soudee-complete-pour-greement-en-tete-non-retreint-s265e-30003014245\\\/#breadcrumb\",\"itemListElement\":[{\"@type\":\"ListItem\",\"position\":1,\"name\":\"Boutique\",\"item\":\"https:\\\/\\\/www.sparcraft.com\\\/fr\\\/boutique\\\/\"},{\"@type\":\"ListItem\",\"position\":2,\"name\":\"TETE DE MAT ENROULEUR N\u00b03 SOUDEE COMPLETE &#8211; POUR GREEMENT EN TETE NON RETREINT S265E\"}]},{\"@type\":\"WebSite\",\"@id\":\"https:\\\/\\\/www.sparcraft.com\\\/fr\\\/#website\",\"url\":\"https:\\\/\\\/www.sparcraft.com\\\/fr\\\/\",\"name\":\"Sparcraft\",\"description\":\"Mast &amp; Rigging\",\"potentialAction\":[{\"@type\":\"SearchAction\",\"target\":{\"@type\":\"EntryPoint\",\"urlTemplate\":\"https:\\\/\\\/www.sparcraft.com\\\/fr\\\/?s={search_term_string}\"},\"query-input\":{\"@type\":\"PropertyValueSpecification\",\"valueRequired\":true,\"valueName\":\"search_term_string\"}}],\"inLanguage\":\"fr-FR\"}]}<\/script>\n<!-- \/ Yoast SEO plugin. -->","yoast_head_json":{"title":"TETE DE MAT ENROULEUR N\u00b03 SOUDEE COMPLETE - POUR GREEMENT EN TETE NON RETREINT S265E - Sparcraft","robots":{"index":"index","follow":"follow","max-snippet":"max-snippet:-1","max-image-preview":"max-image-preview:large","max-video-preview":"max-video-preview:-1"},"canonical":"https:\/\/www.sparcraft.com\/fr\/produit\/tete-de-mat-enrouleur-n-3-soudee-complete-pour-greement-en-tete-non-retreint-s265e-30003014245\/","og_locale":"fr_FR","og_type":"article","og_title":"TETE DE MAT ENROULEUR N\u00b03 SOUDEE COMPLETE - POUR GREEMENT EN TETE NON RETREINT S265E - Sparcraft","og_description":"T\u00eate de m\u00e2t enrouleur&nbsp;soud\u00e9e&nbsp;pour gr\u00e9ement&nbsp;en t\u00eate&nbsp;non r\u00e9treint Section : n\u00b03 Profil : S265E Longueur :&nbsp;424 mm Mat\u00e9riau : alu anodis\u00e9 \u00d8 axe chape usuel (non inclus voir d\u00e9tail)&nbsp;: \u00d8&nbsp;10,12 mm Dimensions en&nbsp;mm (dimensions) : G=229 H=86&nbsp;J=171&nbsp;K=88 T=350&nbsp;U=95","og_url":"https:\/\/www.sparcraft.com\/fr\/produit\/tete-de-mat-enrouleur-n-3-soudee-complete-pour-greement-en-tete-non-retreint-s265e-30003014245\/","og_site_name":"Sparcraft","article_modified_time":"2026-04-16T02:00:28+00:00","twitter_card":"summary_large_image","schema":{"@context":"https:\/\/schema.org","@graph":[{"@type":"WebPage","@id":"https:\/\/www.sparcraft.com\/fr\/produit\/tete-de-mat-enrouleur-n-3-soudee-complete-pour-greement-en-tete-non-retreint-s265e-30003014245\/","url":"https:\/\/www.sparcraft.com\/fr\/produit\/tete-de-mat-enrouleur-n-3-soudee-complete-pour-greement-en-tete-non-retreint-s265e-30003014245\/","name":"TETE DE MAT ENROULEUR N\u00b03 SOUDEE COMPLETE - POUR GREEMENT EN TETE NON RETREINT S265E - Sparcraft","isPartOf":{"@id":"https:\/\/www.sparcraft.com\/fr\/#website"},"datePublished":"2025-04-29T10:45:13+00:00","dateModified":"2026-04-16T02:00:28+00:00","breadcrumb":{"@id":"https:\/\/www.sparcraft.com\/fr\/produit\/tete-de-mat-enrouleur-n-3-soudee-complete-pour-greement-en-tete-non-retreint-s265e-30003014245\/#breadcrumb"},"inLanguage":"fr-FR","potentialAction":[{"@type":"ReadAction","target":["https:\/\/www.sparcraft.com\/fr\/produit\/tete-de-mat-enrouleur-n-3-soudee-complete-pour-greement-en-tete-non-retreint-s265e-30003014245\/"]}]},{"@type":"BreadcrumbList","@id":"https:\/\/www.sparcraft.com\/fr\/produit\/tete-de-mat-enrouleur-n-3-soudee-complete-pour-greement-en-tete-non-retreint-s265e-30003014245\/#breadcrumb","itemListElement":[{"@type":"ListItem","position":1,"name":"Boutique","item":"https:\/\/www.sparcraft.com\/fr\/boutique\/"},{"@type":"ListItem","position":2,"name":"TETE DE MAT ENROULEUR N\u00b03 SOUDEE COMPLETE &#8211; POUR GREEMENT EN TETE NON RETREINT S265E"}]},{"@type":"WebSite","@id":"https:\/\/www.sparcraft.com\/fr\/#website","url":"https:\/\/www.sparcraft.com\/fr\/","name":"Sparcraft","description":"Mast &amp; Rigging","potentialAction":[{"@type":"SearchAction","target":{"@type":"EntryPoint","urlTemplate":"https:\/\/www.sparcraft.com\/fr\/?s={search_term_string}"},"query-input":{"@type":"PropertyValueSpecification","valueRequired":true,"valueName":"search_term_string"}}],"inLanguage":"fr-FR"}]}},"_links":{"self":[{"href":"https:\/\/www.sparcraft.com\/fr\/wp-json\/wp\/v2\/product\/37643","targetHints":{"allow":["GET"]}}],"collection":[{"href":"https:\/\/www.sparcraft.com\/fr\/wp-json\/wp\/v2\/product"}],"about":[{"href":"https:\/\/www.sparcraft.com\/fr\/wp-json\/wp\/v2\/types\/product"}],"replies":[{"embeddable":true,"href":"https:\/\/www.sparcraft.com\/fr\/wp-json\/wp\/v2\/comments?post=37643"}],"wp:attachment":[{"href":"https:\/\/www.sparcraft.com\/fr\/wp-json\/wp\/v2\/media?parent=37643"}],"wp:term":[{"taxonomy":"product_brand","embeddable":true,"href":"https:\/\/www.sparcraft.com\/fr\/wp-json\/wp\/v2\/product_brand?post=37643"},{"taxonomy":"product_cat","embeddable":true,"href":"https:\/\/www.sparcraft.com\/fr\/wp-json\/wp\/v2\/product_cat?post=37643"},{"taxonomy":"product_tag","embeddable":true,"href":"https:\/\/www.sparcraft.com\/fr\/wp-json\/wp\/v2\/product_tag?post=37643"}],"curies":[{"name":"wp","href":"https:\/\/api.w.org\/{rel}","templated":true}]}}