{"id":37550,"date":"2025-03-20T12:47:17","date_gmt":"2025-03-20T11:47:17","guid":{"rendered":"https:\/\/www.sparcraft.com\/produit\/ferrure-de-spi-double-o24-longueur-150-complete-pour-tete-de-mat-n-6-30016241505\/"},"modified":"2026-04-17T04:01:19","modified_gmt":"2026-04-17T02:01:19","slug":"ferrure-de-spi-double-o24-longueur-150-complete-pour-tete-de-mat-n-6-30016241505","status":"publish","type":"product","link":"https:\/\/www.sparcraft.com\/fr\/produit\/ferrure-de-spi-double-o24-longueur-150-complete-pour-tete-de-mat-n-6-30016241505\/","title":{"rendered":"FERRURE DE SPI DOUBLE \u00d824 LONGUEUR 150 COMPLETE POUR TETE DE MAT N\u00b06"},"content":{"rendered":"<p>  <P>Ferrure compl\u00e8te compos\u00e9e de:<\/P> <P>&#8211;&nbsp;6 \u00e9crous A4 M6 code <A href=\"http:\/\/www.sparcraft.fr\/sku\/28600506000\"><SPAN>28600506000<\/SPAN><\/A><\/P> <P>&#8211;&nbsp;6 vis M6x20mm code <A href=\"http:\/\/www.sparcraft.fr\/sku\/28600206020\"><SPAN>28600206020<\/SPAN><\/A><\/P> <P>&#8211; Ferrure seule <A href=\"http:\/\/www.sparcraft.fr\/sku\/30016241504\">30016241504<\/A><\/P><\/p>\n","protected":false},"excerpt":{"rendered":"<p>  <P>Ferrure de spi&nbsp;double compl\u00e8te avec&nbsp;6 \u00e9crous&nbsp; A4 M6 et 6 vis M6x20mm<\/P> <P><STRONG>Longueur <\/STRONG>: 150 mm<\/P> <P><STRONG>Diam\u00e8tre&nbsp;du per\u00e7age<\/STRONG>&nbsp;: 24mm<\/P> <P><STRONG>Mati\u00e8re <\/STRONG>: inox<\/P> <P>Pour t\u00eate de m\u00e2t n\u00b06<\/P><\/p>\n","protected":false},"featured_media":0,"comment_status":"open","ping_status":"closed","template":"","meta":[],"product_brand":[],"product_cat":[17],"product_tag":[],"class_list":{"0":"post-37550","1":"product","2":"type-product","3":"status-publish","5":"product_cat-product","7":"first","8":"instock","9":"taxable","10":"shipping-taxable","11":"purchasable","12":"product-type-simple"},"yoast_head":"<!-- This site is optimized with the Yoast SEO plugin v27.4 - https:\/\/yoast.com\/product\/yoast-seo-wordpress\/ -->\n<title>FERRURE DE SPI DOUBLE \u00d824 LONGUEUR 150 COMPLETE POUR TETE DE MAT N\u00b06 - Sparcraft<\/title>\n<meta name=\"robots\" content=\"index, follow, max-snippet:-1, max-image-preview:large, max-video-preview:-1\" \/>\n<link rel=\"canonical\" href=\"https:\/\/www.sparcraft.com\/fr\/produit\/ferrure-de-spi-double-o24-longueur-150-complete-pour-tete-de-mat-n-6-30016241505\/\" \/>\n<meta property=\"og:locale\" content=\"fr_FR\" \/>\n<meta property=\"og:type\" content=\"article\" \/>\n<meta property=\"og:title\" content=\"FERRURE DE SPI DOUBLE \u00d824 LONGUEUR 150 COMPLETE POUR TETE DE MAT N\u00b06 - Sparcraft\" \/>\n<meta property=\"og:description\" content=\"Ferrure de spi&nbsp;double compl\u00e8te avec&nbsp;6 \u00e9crous&nbsp; A4 M6 et 6 vis M6x20mm Longueur : 150 mm Diam\u00e8tre&nbsp;du per\u00e7age&nbsp;: 24mm Mati\u00e8re : inox Pour t\u00eate de m\u00e2t n\u00b06\" \/>\n<meta property=\"og:url\" content=\"https:\/\/www.sparcraft.com\/fr\/produit\/ferrure-de-spi-double-o24-longueur-150-complete-pour-tete-de-mat-n-6-30016241505\/\" \/>\n<meta property=\"og:site_name\" content=\"Sparcraft\" \/>\n<meta property=\"article:modified_time\" content=\"2026-04-17T02:01:19+00:00\" \/>\n<meta name=\"twitter:card\" content=\"summary_large_image\" \/>\n<script type=\"application\/ld+json\" class=\"yoast-schema-graph\">{\"@context\":\"https:\\\/\\\/schema.org\",\"@graph\":[{\"@type\":\"WebPage\",\"@id\":\"https:\\\/\\\/www.sparcraft.com\\\/fr\\\/produit\\\/ferrure-de-spi-double-o24-longueur-150-complete-pour-tete-de-mat-n-6-30016241505\\\/\",\"url\":\"https:\\\/\\\/www.sparcraft.com\\\/fr\\\/produit\\\/ferrure-de-spi-double-o24-longueur-150-complete-pour-tete-de-mat-n-6-30016241505\\\/\",\"name\":\"FERRURE DE SPI DOUBLE \u00d824 LONGUEUR 150 COMPLETE POUR TETE DE MAT N\u00b06 - Sparcraft\",\"isPartOf\":{\"@id\":\"https:\\\/\\\/www.sparcraft.com\\\/fr\\\/#website\"},\"datePublished\":\"2025-03-20T11:47:17+00:00\",\"dateModified\":\"2026-04-17T02:01:19+00:00\",\"breadcrumb\":{\"@id\":\"https:\\\/\\\/www.sparcraft.com\\\/fr\\\/produit\\\/ferrure-de-spi-double-o24-longueur-150-complete-pour-tete-de-mat-n-6-30016241505\\\/#breadcrumb\"},\"inLanguage\":\"fr-FR\",\"potentialAction\":[{\"@type\":\"ReadAction\",\"target\":[\"https:\\\/\\\/www.sparcraft.com\\\/fr\\\/produit\\\/ferrure-de-spi-double-o24-longueur-150-complete-pour-tete-de-mat-n-6-30016241505\\\/\"]}]},{\"@type\":\"BreadcrumbList\",\"@id\":\"https:\\\/\\\/www.sparcraft.com\\\/fr\\\/produit\\\/ferrure-de-spi-double-o24-longueur-150-complete-pour-tete-de-mat-n-6-30016241505\\\/#breadcrumb\",\"itemListElement\":[{\"@type\":\"ListItem\",\"position\":1,\"name\":\"Boutique\",\"item\":\"https:\\\/\\\/www.sparcraft.com\\\/fr\\\/boutique\\\/\"},{\"@type\":\"ListItem\",\"position\":2,\"name\":\"FERRURE DE SPI DOUBLE \u00d824 LONGUEUR 150 COMPLETE POUR TETE DE MAT N\u00b06\"}]},{\"@type\":\"WebSite\",\"@id\":\"https:\\\/\\\/www.sparcraft.com\\\/fr\\\/#website\",\"url\":\"https:\\\/\\\/www.sparcraft.com\\\/fr\\\/\",\"name\":\"Sparcraft\",\"description\":\"Mast &amp; Rigging\",\"potentialAction\":[{\"@type\":\"SearchAction\",\"target\":{\"@type\":\"EntryPoint\",\"urlTemplate\":\"https:\\\/\\\/www.sparcraft.com\\\/fr\\\/?s={search_term_string}\"},\"query-input\":{\"@type\":\"PropertyValueSpecification\",\"valueRequired\":true,\"valueName\":\"search_term_string\"}}],\"inLanguage\":\"fr-FR\"}]}<\/script>\n<!-- \/ Yoast SEO plugin. -->","yoast_head_json":{"title":"FERRURE DE SPI DOUBLE \u00d824 LONGUEUR 150 COMPLETE POUR TETE DE MAT N\u00b06 - Sparcraft","robots":{"index":"index","follow":"follow","max-snippet":"max-snippet:-1","max-image-preview":"max-image-preview:large","max-video-preview":"max-video-preview:-1"},"canonical":"https:\/\/www.sparcraft.com\/fr\/produit\/ferrure-de-spi-double-o24-longueur-150-complete-pour-tete-de-mat-n-6-30016241505\/","og_locale":"fr_FR","og_type":"article","og_title":"FERRURE DE SPI DOUBLE \u00d824 LONGUEUR 150 COMPLETE POUR TETE DE MAT N\u00b06 - Sparcraft","og_description":"Ferrure de spi&nbsp;double compl\u00e8te avec&nbsp;6 \u00e9crous&nbsp; A4 M6 et 6 vis M6x20mm Longueur : 150 mm Diam\u00e8tre&nbsp;du per\u00e7age&nbsp;: 24mm Mati\u00e8re : inox Pour t\u00eate de m\u00e2t n\u00b06","og_url":"https:\/\/www.sparcraft.com\/fr\/produit\/ferrure-de-spi-double-o24-longueur-150-complete-pour-tete-de-mat-n-6-30016241505\/","og_site_name":"Sparcraft","article_modified_time":"2026-04-17T02:01:19+00:00","twitter_card":"summary_large_image","schema":{"@context":"https:\/\/schema.org","@graph":[{"@type":"WebPage","@id":"https:\/\/www.sparcraft.com\/fr\/produit\/ferrure-de-spi-double-o24-longueur-150-complete-pour-tete-de-mat-n-6-30016241505\/","url":"https:\/\/www.sparcraft.com\/fr\/produit\/ferrure-de-spi-double-o24-longueur-150-complete-pour-tete-de-mat-n-6-30016241505\/","name":"FERRURE DE SPI DOUBLE \u00d824 LONGUEUR 150 COMPLETE POUR TETE DE MAT N\u00b06 - Sparcraft","isPartOf":{"@id":"https:\/\/www.sparcraft.com\/fr\/#website"},"datePublished":"2025-03-20T11:47:17+00:00","dateModified":"2026-04-17T02:01:19+00:00","breadcrumb":{"@id":"https:\/\/www.sparcraft.com\/fr\/produit\/ferrure-de-spi-double-o24-longueur-150-complete-pour-tete-de-mat-n-6-30016241505\/#breadcrumb"},"inLanguage":"fr-FR","potentialAction":[{"@type":"ReadAction","target":["https:\/\/www.sparcraft.com\/fr\/produit\/ferrure-de-spi-double-o24-longueur-150-complete-pour-tete-de-mat-n-6-30016241505\/"]}]},{"@type":"BreadcrumbList","@id":"https:\/\/www.sparcraft.com\/fr\/produit\/ferrure-de-spi-double-o24-longueur-150-complete-pour-tete-de-mat-n-6-30016241505\/#breadcrumb","itemListElement":[{"@type":"ListItem","position":1,"name":"Boutique","item":"https:\/\/www.sparcraft.com\/fr\/boutique\/"},{"@type":"ListItem","position":2,"name":"FERRURE DE SPI DOUBLE \u00d824 LONGUEUR 150 COMPLETE POUR TETE DE MAT N\u00b06"}]},{"@type":"WebSite","@id":"https:\/\/www.sparcraft.com\/fr\/#website","url":"https:\/\/www.sparcraft.com\/fr\/","name":"Sparcraft","description":"Mast &amp; Rigging","potentialAction":[{"@type":"SearchAction","target":{"@type":"EntryPoint","urlTemplate":"https:\/\/www.sparcraft.com\/fr\/?s={search_term_string}"},"query-input":{"@type":"PropertyValueSpecification","valueRequired":true,"valueName":"search_term_string"}}],"inLanguage":"fr-FR"}]}},"_links":{"self":[{"href":"https:\/\/www.sparcraft.com\/fr\/wp-json\/wp\/v2\/product\/37550","targetHints":{"allow":["GET"]}}],"collection":[{"href":"https:\/\/www.sparcraft.com\/fr\/wp-json\/wp\/v2\/product"}],"about":[{"href":"https:\/\/www.sparcraft.com\/fr\/wp-json\/wp\/v2\/types\/product"}],"replies":[{"embeddable":true,"href":"https:\/\/www.sparcraft.com\/fr\/wp-json\/wp\/v2\/comments?post=37550"}],"wp:attachment":[{"href":"https:\/\/www.sparcraft.com\/fr\/wp-json\/wp\/v2\/media?parent=37550"}],"wp:term":[{"taxonomy":"product_brand","embeddable":true,"href":"https:\/\/www.sparcraft.com\/fr\/wp-json\/wp\/v2\/product_brand?post=37550"},{"taxonomy":"product_cat","embeddable":true,"href":"https:\/\/www.sparcraft.com\/fr\/wp-json\/wp\/v2\/product_cat?post=37550"},{"taxonomy":"product_tag","embeddable":true,"href":"https:\/\/www.sparcraft.com\/fr\/wp-json\/wp\/v2\/product_tag?post=37550"}],"curies":[{"name":"wp","href":"https:\/\/api.w.org\/{rel}","templated":true}]}}