{"id":37471,"date":"2025-03-18T11:27:04","date_gmt":"2025-03-18T10:27:04","guid":{"rendered":"https:\/\/www.sparcraft.com\/produit\/cardan-simple-10-ep3-inox-pour-tdm-n4-n3-41410101031\/"},"modified":"2026-04-18T04:03:02","modified_gmt":"2026-04-18T02:03:02","slug":"cardan-simple-o10-ep3-inox-pour-tdm-no4-no3-41410101031","status":"publish","type":"product","link":"https:\/\/www.sparcraft.com\/fr\/produit\/cardan-simple-o10-ep3-inox-pour-tdm-no4-no3-41410101031\/","title":{"rendered":"CARDAN SIMPLE \u00d810 EP3 INOX POUR TDM N\u00f84 &amp; N\u00f83"},"content":{"rendered":"<p>0<\/p>\n","protected":false},"excerpt":{"rendered":"<p>0<\/p>\n","protected":false},"featured_media":0,"comment_status":"open","ping_status":"closed","template":"","meta":[],"product_brand":[],"product_cat":[17],"product_tag":[],"class_list":{"0":"post-37471","1":"product","2":"type-product","3":"status-publish","5":"product_cat-product","7":"first","8":"instock","9":"taxable","10":"shipping-taxable","11":"purchasable","12":"product-type-simple"},"yoast_head":"<!-- This site is optimized with the Yoast SEO plugin v27.4 - https:\/\/yoast.com\/product\/yoast-seo-wordpress\/ -->\n<title>CARDAN SIMPLE \u00d810 EP3 INOX POUR TDM N\u00f84 &amp; N\u00f83 - Sparcraft<\/title>\n<meta name=\"robots\" content=\"index, follow, max-snippet:-1, max-image-preview:large, max-video-preview:-1\" \/>\n<link rel=\"canonical\" href=\"https:\/\/www.sparcraft.com\/fr\/produit\/cardan-simple-o10-ep3-inox-pour-tdm-no4-no3-41410101031\/\" \/>\n<meta property=\"og:locale\" content=\"fr_FR\" \/>\n<meta property=\"og:type\" content=\"article\" \/>\n<meta property=\"og:title\" content=\"CARDAN SIMPLE \u00d810 EP3 INOX POUR TDM N\u00f84 &amp; N\u00f83 - Sparcraft\" \/>\n<meta property=\"og:description\" content=\"0\" \/>\n<meta property=\"og:url\" content=\"https:\/\/www.sparcraft.com\/fr\/produit\/cardan-simple-o10-ep3-inox-pour-tdm-no4-no3-41410101031\/\" \/>\n<meta property=\"og:site_name\" content=\"Sparcraft\" \/>\n<meta property=\"article:modified_time\" content=\"2026-04-18T02:03:02+00:00\" \/>\n<meta name=\"twitter:card\" content=\"summary_large_image\" \/>\n<meta name=\"twitter:description\" content=\"0\" \/>\n<script type=\"application\/ld+json\" class=\"yoast-schema-graph\">{\"@context\":\"https:\\\/\\\/schema.org\",\"@graph\":[{\"@type\":\"WebPage\",\"@id\":\"https:\\\/\\\/www.sparcraft.com\\\/fr\\\/produit\\\/cardan-simple-o10-ep3-inox-pour-tdm-no4-no3-41410101031\\\/\",\"url\":\"https:\\\/\\\/www.sparcraft.com\\\/fr\\\/produit\\\/cardan-simple-o10-ep3-inox-pour-tdm-no4-no3-41410101031\\\/\",\"name\":\"CARDAN SIMPLE \u00d810 EP3 INOX POUR TDM N\u00f84 &amp; N\u00f83 - Sparcraft\",\"isPartOf\":{\"@id\":\"https:\\\/\\\/www.sparcraft.com\\\/fr\\\/#website\"},\"datePublished\":\"2025-03-18T10:27:04+00:00\",\"dateModified\":\"2026-04-18T02:03:02+00:00\",\"breadcrumb\":{\"@id\":\"https:\\\/\\\/www.sparcraft.com\\\/fr\\\/produit\\\/cardan-simple-o10-ep3-inox-pour-tdm-no4-no3-41410101031\\\/#breadcrumb\"},\"inLanguage\":\"fr-FR\",\"potentialAction\":[{\"@type\":\"ReadAction\",\"target\":[\"https:\\\/\\\/www.sparcraft.com\\\/fr\\\/produit\\\/cardan-simple-o10-ep3-inox-pour-tdm-no4-no3-41410101031\\\/\"]}]},{\"@type\":\"BreadcrumbList\",\"@id\":\"https:\\\/\\\/www.sparcraft.com\\\/fr\\\/produit\\\/cardan-simple-o10-ep3-inox-pour-tdm-no4-no3-41410101031\\\/#breadcrumb\",\"itemListElement\":[{\"@type\":\"ListItem\",\"position\":1,\"name\":\"Boutique\",\"item\":\"https:\\\/\\\/www.sparcraft.com\\\/fr\\\/boutique\\\/\"},{\"@type\":\"ListItem\",\"position\":2,\"name\":\"CARDAN SIMPLE \u00d810 EP3 INOX POUR TDM N\u00f84 &amp; N\u00f83\"}]},{\"@type\":\"WebSite\",\"@id\":\"https:\\\/\\\/www.sparcraft.com\\\/fr\\\/#website\",\"url\":\"https:\\\/\\\/www.sparcraft.com\\\/fr\\\/\",\"name\":\"Sparcraft\",\"description\":\"Mast &amp; Rigging\",\"potentialAction\":[{\"@type\":\"SearchAction\",\"target\":{\"@type\":\"EntryPoint\",\"urlTemplate\":\"https:\\\/\\\/www.sparcraft.com\\\/fr\\\/?s={search_term_string}\"},\"query-input\":{\"@type\":\"PropertyValueSpecification\",\"valueRequired\":true,\"valueName\":\"search_term_string\"}}],\"inLanguage\":\"fr-FR\"}]}<\/script>\n<!-- \/ Yoast SEO plugin. -->","yoast_head_json":{"title":"CARDAN SIMPLE \u00d810 EP3 INOX POUR TDM N\u00f84 &amp; N\u00f83 - Sparcraft","robots":{"index":"index","follow":"follow","max-snippet":"max-snippet:-1","max-image-preview":"max-image-preview:large","max-video-preview":"max-video-preview:-1"},"canonical":"https:\/\/www.sparcraft.com\/fr\/produit\/cardan-simple-o10-ep3-inox-pour-tdm-no4-no3-41410101031\/","og_locale":"fr_FR","og_type":"article","og_title":"CARDAN SIMPLE \u00d810 EP3 INOX POUR TDM N\u00f84 &amp; N\u00f83 - Sparcraft","og_url":"https:\/\/www.sparcraft.com\/fr\/produit\/cardan-simple-o10-ep3-inox-pour-tdm-no4-no3-41410101031\/","og_site_name":"Sparcraft","article_modified_time":"2026-04-18T02:03:02+00:00","twitter_card":"summary_large_image","schema":{"@context":"https:\/\/schema.org","@graph":[{"@type":"WebPage","@id":"https:\/\/www.sparcraft.com\/fr\/produit\/cardan-simple-o10-ep3-inox-pour-tdm-no4-no3-41410101031\/","url":"https:\/\/www.sparcraft.com\/fr\/produit\/cardan-simple-o10-ep3-inox-pour-tdm-no4-no3-41410101031\/","name":"CARDAN SIMPLE \u00d810 EP3 INOX POUR TDM N\u00f84 &amp; N\u00f83 - Sparcraft","isPartOf":{"@id":"https:\/\/www.sparcraft.com\/fr\/#website"},"datePublished":"2025-03-18T10:27:04+00:00","dateModified":"2026-04-18T02:03:02+00:00","breadcrumb":{"@id":"https:\/\/www.sparcraft.com\/fr\/produit\/cardan-simple-o10-ep3-inox-pour-tdm-no4-no3-41410101031\/#breadcrumb"},"inLanguage":"fr-FR","potentialAction":[{"@type":"ReadAction","target":["https:\/\/www.sparcraft.com\/fr\/produit\/cardan-simple-o10-ep3-inox-pour-tdm-no4-no3-41410101031\/"]}]},{"@type":"BreadcrumbList","@id":"https:\/\/www.sparcraft.com\/fr\/produit\/cardan-simple-o10-ep3-inox-pour-tdm-no4-no3-41410101031\/#breadcrumb","itemListElement":[{"@type":"ListItem","position":1,"name":"Boutique","item":"https:\/\/www.sparcraft.com\/fr\/boutique\/"},{"@type":"ListItem","position":2,"name":"CARDAN SIMPLE \u00d810 EP3 INOX POUR TDM N\u00f84 &amp; N\u00f83"}]},{"@type":"WebSite","@id":"https:\/\/www.sparcraft.com\/fr\/#website","url":"https:\/\/www.sparcraft.com\/fr\/","name":"Sparcraft","description":"Mast &amp; Rigging","potentialAction":[{"@type":"SearchAction","target":{"@type":"EntryPoint","urlTemplate":"https:\/\/www.sparcraft.com\/fr\/?s={search_term_string}"},"query-input":{"@type":"PropertyValueSpecification","valueRequired":true,"valueName":"search_term_string"}}],"inLanguage":"fr-FR"}]}},"_links":{"self":[{"href":"https:\/\/www.sparcraft.com\/fr\/wp-json\/wp\/v2\/product\/37471","targetHints":{"allow":["GET"]}}],"collection":[{"href":"https:\/\/www.sparcraft.com\/fr\/wp-json\/wp\/v2\/product"}],"about":[{"href":"https:\/\/www.sparcraft.com\/fr\/wp-json\/wp\/v2\/types\/product"}],"replies":[{"embeddable":true,"href":"https:\/\/www.sparcraft.com\/fr\/wp-json\/wp\/v2\/comments?post=37471"}],"wp:attachment":[{"href":"https:\/\/www.sparcraft.com\/fr\/wp-json\/wp\/v2\/media?parent=37471"}],"wp:term":[{"taxonomy":"product_brand","embeddable":true,"href":"https:\/\/www.sparcraft.com\/fr\/wp-json\/wp\/v2\/product_brand?post=37471"},{"taxonomy":"product_cat","embeddable":true,"href":"https:\/\/www.sparcraft.com\/fr\/wp-json\/wp\/v2\/product_cat?post=37471"},{"taxonomy":"product_tag","embeddable":true,"href":"https:\/\/www.sparcraft.com\/fr\/wp-json\/wp\/v2\/product_tag?post=37471"}],"curies":[{"name":"wp","href":"https:\/\/api.w.org\/{rel}","templated":true}]}}