{"id":37458,"date":"2025-03-18T11:26:42","date_gmt":"2025-03-18T10:26:42","guid":{"rendered":"https:\/\/www.sparcraft.com\/produit\/vit-de-mulet-s265-usi-complete-sans-cardan-axe-12-34511402615\/"},"modified":"2026-04-29T04:01:40","modified_gmt":"2026-04-29T02:01:40","slug":"vit-de-mulet-s265-usi-complete-sans-cardan-axe-o12-34511402615","status":"publish","type":"product","link":"https:\/\/www.sparcraft.com\/fr\/produit\/vit-de-mulet-s265-usi-complete-sans-cardan-axe-o12-34511402615\/","title":{"rendered":"VIT DE MULET S265 USI-COMPLETE SANS CARDAN AXE \u00d812"},"content":{"rendered":"<p>  <P>Vit de mulet compos\u00e9 de<\/P> <P>&#8211;&nbsp;1&nbsp;\u00e9crou frein&nbsp;code : <A href=\"http:\/\/www.sparcraft.fr\/sku\/28600512000\"><SPAN>28600512000<\/SPAN><\/A><\/P> <P>&#8211;&nbsp;5 vis TCHC&nbsp; A4 M6X16 code : <A href=\"http:\/\/www.sparcraft.fr\/sku\/28600606016\">28600606016<\/A><\/P> <P>&#8211;&nbsp;4 vis TCHC&nbsp; A4 M6X20 code : <A href=\"http:\/\/www.sparcraft.fr\/sku\/28600606020\">28600606020<\/A><\/P> <P>&#8211; 1&nbsp;rondelle inox \u00d8 6 mm&nbsp;code : <A href=\"http:\/\/www.sparcraft.fr\/sku\/28601006000\">28601006000<\/A><\/P> <P>&#8211; 1&nbsp;rondelle inox \u00d8 12 mm&nbsp;code : <A href=\"http:\/\/www.sparcraft.fr\/sku\/28601012000\">28601012000<\/A><\/P> <P>&#8211;&nbsp;9&nbsp;rondelles nylon&nbsp;plate \u00d8 6mm&nbsp;code : <A href=\"http:\/\/www.sparcraft.fr\/sku\/28602306012\">28602306012<\/A><\/P> <P>&#8211; 1&nbsp;rondelle nylon&nbsp;plate \u00d8 12,2mm&nbsp;code : <A href=\"http:\/\/www.sparcraft.fr\/sku\/28602312225\"><SPAN>28602312225<\/SPAN><\/A><\/P> <P>&#8211;&nbsp;1 anneau bris\u00e9 inox \u00d8 20 mm&nbsp;code : <A href=\"http:\/\/www.sparcraft.fr\/sku\/28809000020\">28809000020<\/A><\/P> <P>&#8211; 1&nbsp;vit de mulet&nbsp;code : <A href=\"http:\/\/www.sparcraft.fr\/sku\/34511402603\"><SPAN>34511402603<\/SPAN><\/A><\/P> <P>&#8211; 1 renfort tribord code : <A href=\"http:\/\/www.sparcraft.fr\/sku\/3451140261A\">3451140261A<\/A><\/P> <P>&#8211; 1 renfort&nbsp;babord code : <A href=\"http:\/\/www.sparcraft.fr\/sku\/3451140261C\">3451140261C<\/A><\/P> <P>&#8211; 1&nbsp;axe inox \u00e9paul\u00e9&nbsp;12 x&nbsp;85 mm&nbsp;code : <A href=\"http:\/\/www.sparcraft.fr\/sku\/40020212085\">40020212085<\/A><\/P> <P>&#8211; 2 bague delrin \u00e9paul\u00e9e&nbsp;code : <A href=\"http:\/\/www.sparcraft.fr\/sku\/40503016013\">40503016013<\/A><\/P> <P>&nbsp;<\/P><\/p>\n","protected":false},"excerpt":{"rendered":"<p>  <P>Vit de mulet sans cardan compatible avec l&#8217;embout \u00e0 friction avant F220 pour m\u00e2t standard &#8211; code : <A href=\"http:\/\/www.sparcraft.fr\/sku\/37001002205\"><SPAN>37001002205<\/SPAN><\/A>&nbsp;<\/P> <P>Pour profil : &nbsp;S260 S265E S365E<\/P> <P>Axe de&nbsp; 12 mm&nbsp;<\/P> <P>Avec hauteur de calage 53 mm<\/P> <P>Mati\u00e8re : alu ano noir<\/P><\/p>\n","protected":false},"featured_media":0,"comment_status":"open","ping_status":"closed","template":"","meta":[],"product_brand":[],"product_cat":[17],"product_tag":[],"class_list":{"0":"post-37458","1":"product","2":"type-product","3":"status-publish","5":"product_cat-product","7":"first","8":"instock","9":"taxable","10":"shipping-taxable","11":"purchasable","12":"product-type-simple"},"yoast_head":"<!-- This site is optimized with the Yoast SEO plugin v27.5 - https:\/\/yoast.com\/product\/yoast-seo-wordpress\/ -->\n<title>VIT DE MULET S265 USI-COMPLETE SANS CARDAN AXE \u00d812 - Sparcraft<\/title>\n<meta name=\"robots\" content=\"index, follow, max-snippet:-1, max-image-preview:large, max-video-preview:-1\" \/>\n<link rel=\"canonical\" href=\"https:\/\/www.sparcraft.com\/fr\/produit\/vit-de-mulet-s265-usi-complete-sans-cardan-axe-o12-34511402615\/\" \/>\n<meta property=\"og:locale\" content=\"fr_FR\" \/>\n<meta property=\"og:type\" content=\"article\" \/>\n<meta property=\"og:title\" content=\"VIT DE MULET S265 USI-COMPLETE SANS CARDAN AXE \u00d812 - Sparcraft\" \/>\n<meta property=\"og:description\" content=\"Vit de mulet sans cardan compatible avec l&#039;embout \u00e0 friction avant F220 pour m\u00e2t standard - code : 37001002205&nbsp; Pour profil : &nbsp;S260 S265E S365E Axe de&nbsp; 12 mm&nbsp; Avec hauteur de calage 53 mm Mati\u00e8re : alu ano noir\" \/>\n<meta property=\"og:url\" content=\"https:\/\/www.sparcraft.com\/fr\/produit\/vit-de-mulet-s265-usi-complete-sans-cardan-axe-o12-34511402615\/\" \/>\n<meta property=\"og:site_name\" content=\"Sparcraft\" \/>\n<meta property=\"article:modified_time\" content=\"2026-04-29T02:01:40+00:00\" \/>\n<meta name=\"twitter:card\" content=\"summary_large_image\" \/>\n<meta name=\"twitter:label1\" content=\"Dur\u00e9e de lecture estim\u00e9e\" \/>\n\t<meta name=\"twitter:data1\" content=\"1 minute\" \/>\n<script type=\"application\/ld+json\" class=\"yoast-schema-graph\">{\"@context\":\"https:\\\/\\\/schema.org\",\"@graph\":[{\"@type\":\"WebPage\",\"@id\":\"https:\\\/\\\/www.sparcraft.com\\\/fr\\\/produit\\\/vit-de-mulet-s265-usi-complete-sans-cardan-axe-o12-34511402615\\\/\",\"url\":\"https:\\\/\\\/www.sparcraft.com\\\/fr\\\/produit\\\/vit-de-mulet-s265-usi-complete-sans-cardan-axe-o12-34511402615\\\/\",\"name\":\"VIT DE MULET S265 USI-COMPLETE SANS CARDAN AXE \u00d812 - Sparcraft\",\"isPartOf\":{\"@id\":\"https:\\\/\\\/www.sparcraft.com\\\/fr\\\/#website\"},\"datePublished\":\"2025-03-18T10:26:42+00:00\",\"dateModified\":\"2026-04-29T02:01:40+00:00\",\"breadcrumb\":{\"@id\":\"https:\\\/\\\/www.sparcraft.com\\\/fr\\\/produit\\\/vit-de-mulet-s265-usi-complete-sans-cardan-axe-o12-34511402615\\\/#breadcrumb\"},\"inLanguage\":\"fr-FR\",\"potentialAction\":[{\"@type\":\"ReadAction\",\"target\":[\"https:\\\/\\\/www.sparcraft.com\\\/fr\\\/produit\\\/vit-de-mulet-s265-usi-complete-sans-cardan-axe-o12-34511402615\\\/\"]}]},{\"@type\":\"BreadcrumbList\",\"@id\":\"https:\\\/\\\/www.sparcraft.com\\\/fr\\\/produit\\\/vit-de-mulet-s265-usi-complete-sans-cardan-axe-o12-34511402615\\\/#breadcrumb\",\"itemListElement\":[{\"@type\":\"ListItem\",\"position\":1,\"name\":\"Boutique\",\"item\":\"https:\\\/\\\/www.sparcraft.com\\\/fr\\\/boutique\\\/\"},{\"@type\":\"ListItem\",\"position\":2,\"name\":\"VIT DE MULET S265 USI-COMPLETE SANS CARDAN AXE \u00d812\"}]},{\"@type\":\"WebSite\",\"@id\":\"https:\\\/\\\/www.sparcraft.com\\\/fr\\\/#website\",\"url\":\"https:\\\/\\\/www.sparcraft.com\\\/fr\\\/\",\"name\":\"Sparcraft\",\"description\":\"Mast &amp; Rigging\",\"potentialAction\":[{\"@type\":\"SearchAction\",\"target\":{\"@type\":\"EntryPoint\",\"urlTemplate\":\"https:\\\/\\\/www.sparcraft.com\\\/fr\\\/?s={search_term_string}\"},\"query-input\":{\"@type\":\"PropertyValueSpecification\",\"valueRequired\":true,\"valueName\":\"search_term_string\"}}],\"inLanguage\":\"fr-FR\"}]}<\/script>\n<!-- \/ Yoast SEO plugin. -->","yoast_head_json":{"title":"VIT DE MULET S265 USI-COMPLETE SANS CARDAN AXE \u00d812 - Sparcraft","robots":{"index":"index","follow":"follow","max-snippet":"max-snippet:-1","max-image-preview":"max-image-preview:large","max-video-preview":"max-video-preview:-1"},"canonical":"https:\/\/www.sparcraft.com\/fr\/produit\/vit-de-mulet-s265-usi-complete-sans-cardan-axe-o12-34511402615\/","og_locale":"fr_FR","og_type":"article","og_title":"VIT DE MULET S265 USI-COMPLETE SANS CARDAN AXE \u00d812 - Sparcraft","og_description":"Vit de mulet sans cardan compatible avec l'embout \u00e0 friction avant F220 pour m\u00e2t standard - code : 37001002205&nbsp; Pour profil : &nbsp;S260 S265E S365E Axe de&nbsp; 12 mm&nbsp; Avec hauteur de calage 53 mm Mati\u00e8re : alu ano noir","og_url":"https:\/\/www.sparcraft.com\/fr\/produit\/vit-de-mulet-s265-usi-complete-sans-cardan-axe-o12-34511402615\/","og_site_name":"Sparcraft","article_modified_time":"2026-04-29T02:01:40+00:00","twitter_card":"summary_large_image","twitter_misc":{"Dur\u00e9e de lecture estim\u00e9e":"1 minute"},"schema":{"@context":"https:\/\/schema.org","@graph":[{"@type":"WebPage","@id":"https:\/\/www.sparcraft.com\/fr\/produit\/vit-de-mulet-s265-usi-complete-sans-cardan-axe-o12-34511402615\/","url":"https:\/\/www.sparcraft.com\/fr\/produit\/vit-de-mulet-s265-usi-complete-sans-cardan-axe-o12-34511402615\/","name":"VIT DE MULET S265 USI-COMPLETE SANS CARDAN AXE \u00d812 - Sparcraft","isPartOf":{"@id":"https:\/\/www.sparcraft.com\/fr\/#website"},"datePublished":"2025-03-18T10:26:42+00:00","dateModified":"2026-04-29T02:01:40+00:00","breadcrumb":{"@id":"https:\/\/www.sparcraft.com\/fr\/produit\/vit-de-mulet-s265-usi-complete-sans-cardan-axe-o12-34511402615\/#breadcrumb"},"inLanguage":"fr-FR","potentialAction":[{"@type":"ReadAction","target":["https:\/\/www.sparcraft.com\/fr\/produit\/vit-de-mulet-s265-usi-complete-sans-cardan-axe-o12-34511402615\/"]}]},{"@type":"BreadcrumbList","@id":"https:\/\/www.sparcraft.com\/fr\/produit\/vit-de-mulet-s265-usi-complete-sans-cardan-axe-o12-34511402615\/#breadcrumb","itemListElement":[{"@type":"ListItem","position":1,"name":"Boutique","item":"https:\/\/www.sparcraft.com\/fr\/boutique\/"},{"@type":"ListItem","position":2,"name":"VIT DE MULET S265 USI-COMPLETE SANS CARDAN AXE \u00d812"}]},{"@type":"WebSite","@id":"https:\/\/www.sparcraft.com\/fr\/#website","url":"https:\/\/www.sparcraft.com\/fr\/","name":"Sparcraft","description":"Mast &amp; Rigging","potentialAction":[{"@type":"SearchAction","target":{"@type":"EntryPoint","urlTemplate":"https:\/\/www.sparcraft.com\/fr\/?s={search_term_string}"},"query-input":{"@type":"PropertyValueSpecification","valueRequired":true,"valueName":"search_term_string"}}],"inLanguage":"fr-FR"}]}},"_links":{"self":[{"href":"https:\/\/www.sparcraft.com\/fr\/wp-json\/wp\/v2\/product\/37458","targetHints":{"allow":["GET"]}}],"collection":[{"href":"https:\/\/www.sparcraft.com\/fr\/wp-json\/wp\/v2\/product"}],"about":[{"href":"https:\/\/www.sparcraft.com\/fr\/wp-json\/wp\/v2\/types\/product"}],"replies":[{"embeddable":true,"href":"https:\/\/www.sparcraft.com\/fr\/wp-json\/wp\/v2\/comments?post=37458"}],"wp:attachment":[{"href":"https:\/\/www.sparcraft.com\/fr\/wp-json\/wp\/v2\/media?parent=37458"}],"wp:term":[{"taxonomy":"product_brand","embeddable":true,"href":"https:\/\/www.sparcraft.com\/fr\/wp-json\/wp\/v2\/product_brand?post=37458"},{"taxonomy":"product_cat","embeddable":true,"href":"https:\/\/www.sparcraft.com\/fr\/wp-json\/wp\/v2\/product_cat?post=37458"},{"taxonomy":"product_tag","embeddable":true,"href":"https:\/\/www.sparcraft.com\/fr\/wp-json\/wp\/v2\/product_tag?post=37458"}],"curies":[{"name":"wp","href":"https:\/\/api.w.org\/{rel}","templated":true}]}}