{"id":37454,"date":"2025-03-18T11:26:37","date_gmt":"2025-03-18T10:26:37","guid":{"rendered":"https:\/\/www.sparcraft.com\/produit\/chape-6-cplt-pour-tdm-n-4-30024006025\/"},"modified":"2026-05-15T04:01:17","modified_gmt":"2026-05-15T02:01:17","slug":"chape-o6-complet-pour-tete-de-mat-n-4-30024006025","status":"publish","type":"product","link":"https:\/\/www.sparcraft.com\/fr\/produit\/chape-o6-complet-pour-tete-de-mat-n-4-30024006025\/","title":{"rendered":"CHAPE \u00d86 COMPLET POUR TETE DE MAT N\u00b04"},"content":{"rendered":"<p>  <P>les chapes sont adapt\u00e9es au profil de t\u00eate de m\u00e2t (n\u00b03 ou n\u00b04) et aux diametres des cables.<\/P><\/p>\n","protected":false},"excerpt":{"rendered":"<p>  <P>&#8211; Axe \u00d86mm<\/P> <P>&#8211; Cable \u00d83mm<\/P> <P>&#8211; Axe sup\u00e9rieur (L): 10&#215;40 <A href=\"http:\/\/www.sparcraft.fr\/sku\/40020210040\">40020210040<\/A><\/P> <P>&#8211; Cardan (M): \u00e9paisseur 2 <A href=\"http:\/\/www.sparcraft.fr\/sku\/41410100641\">41410100641<\/A><\/P> <P>&#8211; Goupilles fendues X2&nbsp;(N) &nbsp;\u00d82&#215;18 <A href=\"http:\/\/www.sparcraft.fr\/sku\/28803020180\">28803020180<\/A>&nbsp;&nbsp; \u00d83.2&#215;20&nbsp;<A href=\"http:\/\/www.sparcraft.fr\/sku\/28803032200\">28803032200<\/A><\/P> <P>&#8211; Axe inf\u00e9rieur (O) \u00d86&#215;24 <A href=\"http:\/\/www.sparcraft.fr\/sku\/40020206024\">40020206024<\/A><\/P><\/p>\n","protected":false},"featured_media":0,"comment_status":"open","ping_status":"closed","template":"","meta":[],"product_brand":[],"product_cat":[17],"product_tag":[],"class_list":{"0":"post-37454","1":"product","2":"type-product","3":"status-publish","5":"product_cat-product","7":"first","8":"instock","9":"taxable","10":"shipping-taxable","11":"purchasable","12":"product-type-simple"},"yoast_head":"<!-- This site is optimized with the Yoast SEO plugin v27.6 - https:\/\/yoast.com\/product\/yoast-seo-wordpress\/ -->\n<title>CHAPE \u00d86 COMPLET POUR TETE DE MAT N\u00b04 - Sparcraft<\/title>\n<meta name=\"robots\" content=\"index, follow, max-snippet:-1, max-image-preview:large, max-video-preview:-1\" \/>\n<link rel=\"canonical\" href=\"https:\/\/www.sparcraft.com\/fr\/produit\/chape-o6-complet-pour-tete-de-mat-n-4-30024006025\/\" \/>\n<meta property=\"og:locale\" content=\"fr_FR\" \/>\n<meta property=\"og:type\" content=\"article\" \/>\n<meta property=\"og:title\" content=\"CHAPE \u00d86 COMPLET POUR TETE DE MAT N\u00b04 - Sparcraft\" \/>\n<meta property=\"og:description\" content=\"- Axe \u00d86mm - Cable \u00d83mm - Axe sup\u00e9rieur (L): 10x40 40020210040 - Cardan (M): \u00e9paisseur 2 41410100641 - Goupilles fendues X2&nbsp;(N) &nbsp;\u00d82x18 28803020180&nbsp;&nbsp; \u00d83.2x20&nbsp;28803032200 - Axe inf\u00e9rieur (O) \u00d86x24 40020206024\" \/>\n<meta property=\"og:url\" content=\"https:\/\/www.sparcraft.com\/fr\/produit\/chape-o6-complet-pour-tete-de-mat-n-4-30024006025\/\" \/>\n<meta property=\"og:site_name\" content=\"Sparcraft\" \/>\n<meta property=\"article:modified_time\" content=\"2026-05-15T02:01:17+00:00\" \/>\n<meta name=\"twitter:card\" content=\"summary_large_image\" \/>\n<script type=\"application\/ld+json\" class=\"yoast-schema-graph\">{\"@context\":\"https:\\\/\\\/schema.org\",\"@graph\":[{\"@type\":\"WebPage\",\"@id\":\"https:\\\/\\\/www.sparcraft.com\\\/fr\\\/produit\\\/chape-o6-complet-pour-tete-de-mat-n-4-30024006025\\\/\",\"url\":\"https:\\\/\\\/www.sparcraft.com\\\/fr\\\/produit\\\/chape-o6-complet-pour-tete-de-mat-n-4-30024006025\\\/\",\"name\":\"CHAPE \u00d86 COMPLET POUR TETE DE MAT N\u00b04 - Sparcraft\",\"isPartOf\":{\"@id\":\"https:\\\/\\\/www.sparcraft.com\\\/fr\\\/#website\"},\"datePublished\":\"2025-03-18T10:26:37+00:00\",\"dateModified\":\"2026-05-15T02:01:17+00:00\",\"breadcrumb\":{\"@id\":\"https:\\\/\\\/www.sparcraft.com\\\/fr\\\/produit\\\/chape-o6-complet-pour-tete-de-mat-n-4-30024006025\\\/#breadcrumb\"},\"inLanguage\":\"fr-FR\",\"potentialAction\":[{\"@type\":\"ReadAction\",\"target\":[\"https:\\\/\\\/www.sparcraft.com\\\/fr\\\/produit\\\/chape-o6-complet-pour-tete-de-mat-n-4-30024006025\\\/\"]}]},{\"@type\":\"BreadcrumbList\",\"@id\":\"https:\\\/\\\/www.sparcraft.com\\\/fr\\\/produit\\\/chape-o6-complet-pour-tete-de-mat-n-4-30024006025\\\/#breadcrumb\",\"itemListElement\":[{\"@type\":\"ListItem\",\"position\":1,\"name\":\"Boutique\",\"item\":\"https:\\\/\\\/www.sparcraft.com\\\/fr\\\/boutique\\\/\"},{\"@type\":\"ListItem\",\"position\":2,\"name\":\"CHAPE \u00d86 COMPLET POUR TETE DE MAT N\u00b04\"}]},{\"@type\":\"WebSite\",\"@id\":\"https:\\\/\\\/www.sparcraft.com\\\/fr\\\/#website\",\"url\":\"https:\\\/\\\/www.sparcraft.com\\\/fr\\\/\",\"name\":\"Sparcraft\",\"description\":\"Mast &amp; Rigging\",\"potentialAction\":[{\"@type\":\"SearchAction\",\"target\":{\"@type\":\"EntryPoint\",\"urlTemplate\":\"https:\\\/\\\/www.sparcraft.com\\\/fr\\\/?s={search_term_string}\"},\"query-input\":{\"@type\":\"PropertyValueSpecification\",\"valueRequired\":true,\"valueName\":\"search_term_string\"}}],\"inLanguage\":\"fr-FR\"}]}<\/script>\n<!-- \/ Yoast SEO plugin. -->","yoast_head_json":{"title":"CHAPE \u00d86 COMPLET POUR TETE DE MAT N\u00b04 - Sparcraft","robots":{"index":"index","follow":"follow","max-snippet":"max-snippet:-1","max-image-preview":"max-image-preview:large","max-video-preview":"max-video-preview:-1"},"canonical":"https:\/\/www.sparcraft.com\/fr\/produit\/chape-o6-complet-pour-tete-de-mat-n-4-30024006025\/","og_locale":"fr_FR","og_type":"article","og_title":"CHAPE \u00d86 COMPLET POUR TETE DE MAT N\u00b04 - Sparcraft","og_description":"- Axe \u00d86mm - Cable \u00d83mm - Axe sup\u00e9rieur (L): 10x40 40020210040 - Cardan (M): \u00e9paisseur 2 41410100641 - Goupilles fendues X2&nbsp;(N) &nbsp;\u00d82x18 28803020180&nbsp;&nbsp; \u00d83.2x20&nbsp;28803032200 - Axe inf\u00e9rieur (O) \u00d86x24 40020206024","og_url":"https:\/\/www.sparcraft.com\/fr\/produit\/chape-o6-complet-pour-tete-de-mat-n-4-30024006025\/","og_site_name":"Sparcraft","article_modified_time":"2026-05-15T02:01:17+00:00","twitter_card":"summary_large_image","schema":{"@context":"https:\/\/schema.org","@graph":[{"@type":"WebPage","@id":"https:\/\/www.sparcraft.com\/fr\/produit\/chape-o6-complet-pour-tete-de-mat-n-4-30024006025\/","url":"https:\/\/www.sparcraft.com\/fr\/produit\/chape-o6-complet-pour-tete-de-mat-n-4-30024006025\/","name":"CHAPE \u00d86 COMPLET POUR TETE DE MAT N\u00b04 - Sparcraft","isPartOf":{"@id":"https:\/\/www.sparcraft.com\/fr\/#website"},"datePublished":"2025-03-18T10:26:37+00:00","dateModified":"2026-05-15T02:01:17+00:00","breadcrumb":{"@id":"https:\/\/www.sparcraft.com\/fr\/produit\/chape-o6-complet-pour-tete-de-mat-n-4-30024006025\/#breadcrumb"},"inLanguage":"fr-FR","potentialAction":[{"@type":"ReadAction","target":["https:\/\/www.sparcraft.com\/fr\/produit\/chape-o6-complet-pour-tete-de-mat-n-4-30024006025\/"]}]},{"@type":"BreadcrumbList","@id":"https:\/\/www.sparcraft.com\/fr\/produit\/chape-o6-complet-pour-tete-de-mat-n-4-30024006025\/#breadcrumb","itemListElement":[{"@type":"ListItem","position":1,"name":"Boutique","item":"https:\/\/www.sparcraft.com\/fr\/boutique\/"},{"@type":"ListItem","position":2,"name":"CHAPE \u00d86 COMPLET POUR TETE DE MAT N\u00b04"}]},{"@type":"WebSite","@id":"https:\/\/www.sparcraft.com\/fr\/#website","url":"https:\/\/www.sparcraft.com\/fr\/","name":"Sparcraft","description":"Mast &amp; Rigging","potentialAction":[{"@type":"SearchAction","target":{"@type":"EntryPoint","urlTemplate":"https:\/\/www.sparcraft.com\/fr\/?s={search_term_string}"},"query-input":{"@type":"PropertyValueSpecification","valueRequired":true,"valueName":"search_term_string"}}],"inLanguage":"fr-FR"}]}},"_links":{"self":[{"href":"https:\/\/www.sparcraft.com\/fr\/wp-json\/wp\/v2\/product\/37454","targetHints":{"allow":["GET"]}}],"collection":[{"href":"https:\/\/www.sparcraft.com\/fr\/wp-json\/wp\/v2\/product"}],"about":[{"href":"https:\/\/www.sparcraft.com\/fr\/wp-json\/wp\/v2\/types\/product"}],"replies":[{"embeddable":true,"href":"https:\/\/www.sparcraft.com\/fr\/wp-json\/wp\/v2\/comments?post=37454"}],"wp:attachment":[{"href":"https:\/\/www.sparcraft.com\/fr\/wp-json\/wp\/v2\/media?parent=37454"}],"wp:term":[{"taxonomy":"product_brand","embeddable":true,"href":"https:\/\/www.sparcraft.com\/fr\/wp-json\/wp\/v2\/product_brand?post=37454"},{"taxonomy":"product_cat","embeddable":true,"href":"https:\/\/www.sparcraft.com\/fr\/wp-json\/wp\/v2\/product_cat?post=37454"},{"taxonomy":"product_tag","embeddable":true,"href":"https:\/\/www.sparcraft.com\/fr\/wp-json\/wp\/v2\/product_tag?post=37454"}],"curies":[{"name":"wp","href":"https:\/\/api.w.org\/{rel}","templated":true}]}}