{"id":37375,"date":"2025-02-18T12:49:29","date_gmt":"2025-02-18T11:49:29","guid":{"rendered":"https:\/\/www.sparcraft.com\/produit\/embout-de-bome-arriere-complet-f550-pour-version-standard-37030005505\/"},"modified":"2026-04-16T04:02:51","modified_gmt":"2026-04-16T02:02:51","slug":"embout-de-bome-arriere-complet-f550-pour-version-standard-37030005505","status":"publish","type":"product","link":"https:\/\/www.sparcraft.com\/fr\/produit\/embout-de-bome-arriere-complet-f550-pour-version-standard-37030005505\/","title":{"rendered":"EMBOUT DE BOME ARRIERE  COMPLET F550 POUR VERSION STANDARD"},"content":{"rendered":"<p>  <P>embout de b\u00f4me compos\u00e9 de<\/P> <P>&#8211;&nbsp;3 rivets&nbsp;inox code : <A href=\"http:\/\/www.sparcraft.fr\/sku\/29004164180\"><SPAN>29004164180<\/SPAN><\/A><\/P> <P>&#8211;&nbsp;1 embout de b\u00f4me code : <A href=\"http:\/\/www.sparcraft.fr\/sku\/37030005503\">37030005503<\/A><\/P> <P>&#8211; 1 axe inox droit \u00d8&nbsp;10 x&nbsp;82 mm&nbsp;code : <A href=\"http:\/\/www.sparcraft.fr\/sku\/40207100832\"><SPAN>40207100832<\/SPAN><\/A><\/P> <P>&#8211;&nbsp;4 r\u00e9as delrin \u00d8&nbsp;50 x 14 mm&nbsp;code <A href=\"http:\/\/www.sparcraft.fr\/sku\/48530501415\"><SPAN>48530501415<\/SPAN><\/A><\/P><\/p>\n","protected":false},"excerpt":{"rendered":"<p>  <P>Embout de b\u00f4me arri\u00e8re complet version standard<\/P> <P><STRONG>Section de b\u00f4me<\/STRONG>&nbsp;: F550<\/P> <P><STRONG>Mati\u00e8re<\/STRONG> : aluminium<\/P><\/p>\n","protected":false},"featured_media":0,"comment_status":"open","ping_status":"closed","template":"","meta":[],"product_brand":[],"product_cat":[17],"product_tag":[],"class_list":{"0":"post-37375","1":"product","2":"type-product","3":"status-publish","5":"product_cat-product","7":"first","8":"instock","9":"taxable","10":"shipping-taxable","11":"purchasable","12":"product-type-simple"},"yoast_head":"<!-- This site is optimized with the Yoast SEO plugin v27.4 - https:\/\/yoast.com\/product\/yoast-seo-wordpress\/ -->\n<title>EMBOUT DE BOME ARRIERE COMPLET F550 POUR VERSION STANDARD - Sparcraft<\/title>\n<meta name=\"robots\" content=\"index, follow, max-snippet:-1, max-image-preview:large, max-video-preview:-1\" \/>\n<link rel=\"canonical\" href=\"https:\/\/www.sparcraft.com\/fr\/produit\/embout-de-bome-arriere-complet-f550-pour-version-standard-37030005505\/\" \/>\n<meta property=\"og:locale\" content=\"fr_FR\" \/>\n<meta property=\"og:type\" content=\"article\" \/>\n<meta property=\"og:title\" content=\"EMBOUT DE BOME ARRIERE COMPLET F550 POUR VERSION STANDARD - Sparcraft\" \/>\n<meta property=\"og:description\" content=\"Embout de b\u00f4me arri\u00e8re complet version standard Section de b\u00f4me&nbsp;: F550 Mati\u00e8re : aluminium\" \/>\n<meta property=\"og:url\" content=\"https:\/\/www.sparcraft.com\/fr\/produit\/embout-de-bome-arriere-complet-f550-pour-version-standard-37030005505\/\" \/>\n<meta property=\"og:site_name\" content=\"Sparcraft\" \/>\n<meta property=\"article:modified_time\" content=\"2026-04-16T02:02:51+00:00\" \/>\n<meta name=\"twitter:card\" content=\"summary_large_image\" \/>\n<script type=\"application\/ld+json\" class=\"yoast-schema-graph\">{\"@context\":\"https:\\\/\\\/schema.org\",\"@graph\":[{\"@type\":\"WebPage\",\"@id\":\"https:\\\/\\\/www.sparcraft.com\\\/fr\\\/produit\\\/embout-de-bome-arriere-complet-f550-pour-version-standard-37030005505\\\/\",\"url\":\"https:\\\/\\\/www.sparcraft.com\\\/fr\\\/produit\\\/embout-de-bome-arriere-complet-f550-pour-version-standard-37030005505\\\/\",\"name\":\"EMBOUT DE BOME ARRIERE COMPLET F550 POUR VERSION STANDARD - Sparcraft\",\"isPartOf\":{\"@id\":\"https:\\\/\\\/www.sparcraft.com\\\/fr\\\/#website\"},\"datePublished\":\"2025-02-18T11:49:29+00:00\",\"dateModified\":\"2026-04-16T02:02:51+00:00\",\"breadcrumb\":{\"@id\":\"https:\\\/\\\/www.sparcraft.com\\\/fr\\\/produit\\\/embout-de-bome-arriere-complet-f550-pour-version-standard-37030005505\\\/#breadcrumb\"},\"inLanguage\":\"fr-FR\",\"potentialAction\":[{\"@type\":\"ReadAction\",\"target\":[\"https:\\\/\\\/www.sparcraft.com\\\/fr\\\/produit\\\/embout-de-bome-arriere-complet-f550-pour-version-standard-37030005505\\\/\"]}]},{\"@type\":\"BreadcrumbList\",\"@id\":\"https:\\\/\\\/www.sparcraft.com\\\/fr\\\/produit\\\/embout-de-bome-arriere-complet-f550-pour-version-standard-37030005505\\\/#breadcrumb\",\"itemListElement\":[{\"@type\":\"ListItem\",\"position\":1,\"name\":\"Boutique\",\"item\":\"https:\\\/\\\/www.sparcraft.com\\\/fr\\\/boutique\\\/\"},{\"@type\":\"ListItem\",\"position\":2,\"name\":\"EMBOUT DE BOME ARRIERE COMPLET F550 POUR VERSION STANDARD\"}]},{\"@type\":\"WebSite\",\"@id\":\"https:\\\/\\\/www.sparcraft.com\\\/fr\\\/#website\",\"url\":\"https:\\\/\\\/www.sparcraft.com\\\/fr\\\/\",\"name\":\"Sparcraft\",\"description\":\"Mast &amp; Rigging\",\"potentialAction\":[{\"@type\":\"SearchAction\",\"target\":{\"@type\":\"EntryPoint\",\"urlTemplate\":\"https:\\\/\\\/www.sparcraft.com\\\/fr\\\/?s={search_term_string}\"},\"query-input\":{\"@type\":\"PropertyValueSpecification\",\"valueRequired\":true,\"valueName\":\"search_term_string\"}}],\"inLanguage\":\"fr-FR\"}]}<\/script>\n<!-- \/ Yoast SEO plugin. -->","yoast_head_json":{"title":"EMBOUT DE BOME ARRIERE COMPLET F550 POUR VERSION STANDARD - Sparcraft","robots":{"index":"index","follow":"follow","max-snippet":"max-snippet:-1","max-image-preview":"max-image-preview:large","max-video-preview":"max-video-preview:-1"},"canonical":"https:\/\/www.sparcraft.com\/fr\/produit\/embout-de-bome-arriere-complet-f550-pour-version-standard-37030005505\/","og_locale":"fr_FR","og_type":"article","og_title":"EMBOUT DE BOME ARRIERE COMPLET F550 POUR VERSION STANDARD - Sparcraft","og_description":"Embout de b\u00f4me arri\u00e8re complet version standard Section de b\u00f4me&nbsp;: F550 Mati\u00e8re : aluminium","og_url":"https:\/\/www.sparcraft.com\/fr\/produit\/embout-de-bome-arriere-complet-f550-pour-version-standard-37030005505\/","og_site_name":"Sparcraft","article_modified_time":"2026-04-16T02:02:51+00:00","twitter_card":"summary_large_image","schema":{"@context":"https:\/\/schema.org","@graph":[{"@type":"WebPage","@id":"https:\/\/www.sparcraft.com\/fr\/produit\/embout-de-bome-arriere-complet-f550-pour-version-standard-37030005505\/","url":"https:\/\/www.sparcraft.com\/fr\/produit\/embout-de-bome-arriere-complet-f550-pour-version-standard-37030005505\/","name":"EMBOUT DE BOME ARRIERE COMPLET F550 POUR VERSION STANDARD - Sparcraft","isPartOf":{"@id":"https:\/\/www.sparcraft.com\/fr\/#website"},"datePublished":"2025-02-18T11:49:29+00:00","dateModified":"2026-04-16T02:02:51+00:00","breadcrumb":{"@id":"https:\/\/www.sparcraft.com\/fr\/produit\/embout-de-bome-arriere-complet-f550-pour-version-standard-37030005505\/#breadcrumb"},"inLanguage":"fr-FR","potentialAction":[{"@type":"ReadAction","target":["https:\/\/www.sparcraft.com\/fr\/produit\/embout-de-bome-arriere-complet-f550-pour-version-standard-37030005505\/"]}]},{"@type":"BreadcrumbList","@id":"https:\/\/www.sparcraft.com\/fr\/produit\/embout-de-bome-arriere-complet-f550-pour-version-standard-37030005505\/#breadcrumb","itemListElement":[{"@type":"ListItem","position":1,"name":"Boutique","item":"https:\/\/www.sparcraft.com\/fr\/boutique\/"},{"@type":"ListItem","position":2,"name":"EMBOUT DE BOME ARRIERE COMPLET F550 POUR VERSION STANDARD"}]},{"@type":"WebSite","@id":"https:\/\/www.sparcraft.com\/fr\/#website","url":"https:\/\/www.sparcraft.com\/fr\/","name":"Sparcraft","description":"Mast &amp; Rigging","potentialAction":[{"@type":"SearchAction","target":{"@type":"EntryPoint","urlTemplate":"https:\/\/www.sparcraft.com\/fr\/?s={search_term_string}"},"query-input":{"@type":"PropertyValueSpecification","valueRequired":true,"valueName":"search_term_string"}}],"inLanguage":"fr-FR"}]}},"_links":{"self":[{"href":"https:\/\/www.sparcraft.com\/fr\/wp-json\/wp\/v2\/product\/37375","targetHints":{"allow":["GET"]}}],"collection":[{"href":"https:\/\/www.sparcraft.com\/fr\/wp-json\/wp\/v2\/product"}],"about":[{"href":"https:\/\/www.sparcraft.com\/fr\/wp-json\/wp\/v2\/types\/product"}],"replies":[{"embeddable":true,"href":"https:\/\/www.sparcraft.com\/fr\/wp-json\/wp\/v2\/comments?post=37375"}],"wp:attachment":[{"href":"https:\/\/www.sparcraft.com\/fr\/wp-json\/wp\/v2\/media?parent=37375"}],"wp:term":[{"taxonomy":"product_brand","embeddable":true,"href":"https:\/\/www.sparcraft.com\/fr\/wp-json\/wp\/v2\/product_brand?post=37375"},{"taxonomy":"product_cat","embeddable":true,"href":"https:\/\/www.sparcraft.com\/fr\/wp-json\/wp\/v2\/product_cat?post=37375"},{"taxonomy":"product_tag","embeddable":true,"href":"https:\/\/www.sparcraft.com\/fr\/wp-json\/wp\/v2\/product_tag?post=37375"}],"curies":[{"name":"wp","href":"https:\/\/api.w.org\/{rel}","templated":true}]}}