{"id":37355,"date":"2025-02-11T12:49:17","date_gmt":"2025-02-11T11:49:17","guid":{"rendered":"https:\/\/www.sparcraft.com\/produit\/embout-bome-avant-f3400-complet-pour-mat-enrouleur-37014134015\/"},"modified":"2026-04-15T04:02:46","modified_gmt":"2026-04-15T02:02:46","slug":"embout-bome-avant-f3400-complet-pour-mat-enrouleur-37014134015","status":"publish","type":"product","link":"https:\/\/www.sparcraft.com\/fr\/produit\/embout-bome-avant-f3400-complet-pour-mat-enrouleur-37014134015\/","title":{"rendered":"EMBOUT BOME AVANT F3400  COMPLET- POUR MAT ENROULEUR"},"content":{"rendered":"<p>  <P>embout de b\u00f4me compos\u00e9 de<\/P> <P>&#8211;&nbsp;2&nbsp;\u00e9crous freins&nbsp;code : <A href=\"http:\/\/www.sparcraft.fr\/sku\/28600516000\"><SPAN>28600516000<\/SPAN><\/A><\/P> <P>&#8211;&nbsp;2 rondelles&nbsp;inox \u00d8 16 mm&nbsp;code : <A href=\"http:\/\/www.sparcraft.fr\/sku\/28601016000\">28601016000<\/A><\/P> <P>&#8211;&nbsp;2 rondelles plate nylon \u00d8 16 mm&nbsp;\u00e9paisseur 3 mm&nbsp;code : <A href=\"http:\/\/www.sparcraft.fr\/sku\/28602316030\"><SPAN>28602316030<\/SPAN><\/A><\/P> <P>&#8211;&nbsp;1 embout de b\u00f4me&nbsp;code : <A href=\"http:\/\/www.sparcraft.fr\/sku\/37014134011\">37014134011<\/A><\/P> <P>&#8211;&nbsp;1 axe inox droit&nbsp;\u00d8&nbsp;18 x&nbsp;120 mm&nbsp;code : <A href=\"http:\/\/www.sparcraft.fr\/sku\/40020118120\">40020118120<\/A><\/P> <P>&#8211;&nbsp;1 axe inox&nbsp;fil\u00e9t\u00e9&nbsp;aux deux extr\u00e9mit\u00e9s&nbsp;\u00d8&nbsp;16 x&nbsp;129 mm&nbsp;code : <A href=\"http:\/\/www.sparcraft.fr\/sku\/40020516129\"><SPAN>40020516129<\/SPAN><\/A><\/P> <P>&#8211;&nbsp;1 cache axe grand mod\u00e8le: <A href=\"http:\/\/www.sparcraft.fr\/sku\/41201020205\"><SPAN>41201020205<\/SPAN><\/A><\/P> <P>&#8211;&nbsp;2 r\u00e9as delrin \u00d8&nbsp;90 x&nbsp;21 mm&nbsp;code <A href=\"http:\/\/www.sparcraft.fr\/sku\/48510902125\">48510902125<\/A><\/P><\/p>\n","protected":false},"excerpt":{"rendered":"<p>  <P>Embout de b\u00f4me avant complet<\/P> <P><STRONG>Section de b\u00f4me<\/STRONG>&nbsp;: F3400<\/P> <P><STRONG>Pour m\u00e2t enrouleur<\/STRONG><\/P> <P><STRONG>Mati\u00e8re<\/STRONG> : soud\u00e9<\/P><\/p>\n","protected":false},"featured_media":0,"comment_status":"open","ping_status":"closed","template":"","meta":[],"product_brand":[],"product_cat":[17],"product_tag":[],"class_list":{"0":"post-37355","1":"product","2":"type-product","3":"status-publish","5":"product_cat-product","7":"first","8":"instock","9":"taxable","10":"shipping-taxable","11":"purchasable","12":"product-type-simple"},"yoast_head":"<!-- This site is optimized with the Yoast SEO plugin v27.4 - https:\/\/yoast.com\/product\/yoast-seo-wordpress\/ -->\n<title>EMBOUT BOME AVANT F3400 COMPLET- POUR MAT ENROULEUR - Sparcraft<\/title>\n<meta name=\"robots\" content=\"index, follow, max-snippet:-1, max-image-preview:large, max-video-preview:-1\" \/>\n<link rel=\"canonical\" href=\"https:\/\/www.sparcraft.com\/fr\/produit\/embout-bome-avant-f3400-complet-pour-mat-enrouleur-37014134015\/\" \/>\n<meta property=\"og:locale\" content=\"fr_FR\" \/>\n<meta property=\"og:type\" content=\"article\" \/>\n<meta property=\"og:title\" content=\"EMBOUT BOME AVANT F3400 COMPLET- POUR MAT ENROULEUR - Sparcraft\" \/>\n<meta property=\"og:description\" content=\"Embout de b\u00f4me avant complet Section de b\u00f4me&nbsp;: F3400 Pour m\u00e2t enrouleur Mati\u00e8re : soud\u00e9\" \/>\n<meta property=\"og:url\" content=\"https:\/\/www.sparcraft.com\/fr\/produit\/embout-bome-avant-f3400-complet-pour-mat-enrouleur-37014134015\/\" \/>\n<meta property=\"og:site_name\" content=\"Sparcraft\" \/>\n<meta property=\"article:modified_time\" content=\"2026-04-15T02:02:46+00:00\" \/>\n<meta name=\"twitter:card\" content=\"summary_large_image\" \/>\n<script type=\"application\/ld+json\" class=\"yoast-schema-graph\">{\"@context\":\"https:\\\/\\\/schema.org\",\"@graph\":[{\"@type\":\"WebPage\",\"@id\":\"https:\\\/\\\/www.sparcraft.com\\\/fr\\\/produit\\\/embout-bome-avant-f3400-complet-pour-mat-enrouleur-37014134015\\\/\",\"url\":\"https:\\\/\\\/www.sparcraft.com\\\/fr\\\/produit\\\/embout-bome-avant-f3400-complet-pour-mat-enrouleur-37014134015\\\/\",\"name\":\"EMBOUT BOME AVANT F3400 COMPLET- POUR MAT ENROULEUR - Sparcraft\",\"isPartOf\":{\"@id\":\"https:\\\/\\\/www.sparcraft.com\\\/fr\\\/#website\"},\"datePublished\":\"2025-02-11T11:49:17+00:00\",\"dateModified\":\"2026-04-15T02:02:46+00:00\",\"breadcrumb\":{\"@id\":\"https:\\\/\\\/www.sparcraft.com\\\/fr\\\/produit\\\/embout-bome-avant-f3400-complet-pour-mat-enrouleur-37014134015\\\/#breadcrumb\"},\"inLanguage\":\"fr-FR\",\"potentialAction\":[{\"@type\":\"ReadAction\",\"target\":[\"https:\\\/\\\/www.sparcraft.com\\\/fr\\\/produit\\\/embout-bome-avant-f3400-complet-pour-mat-enrouleur-37014134015\\\/\"]}]},{\"@type\":\"BreadcrumbList\",\"@id\":\"https:\\\/\\\/www.sparcraft.com\\\/fr\\\/produit\\\/embout-bome-avant-f3400-complet-pour-mat-enrouleur-37014134015\\\/#breadcrumb\",\"itemListElement\":[{\"@type\":\"ListItem\",\"position\":1,\"name\":\"Boutique\",\"item\":\"https:\\\/\\\/www.sparcraft.com\\\/fr\\\/boutique\\\/\"},{\"@type\":\"ListItem\",\"position\":2,\"name\":\"EMBOUT BOME AVANT F3400 COMPLET- POUR MAT ENROULEUR\"}]},{\"@type\":\"WebSite\",\"@id\":\"https:\\\/\\\/www.sparcraft.com\\\/fr\\\/#website\",\"url\":\"https:\\\/\\\/www.sparcraft.com\\\/fr\\\/\",\"name\":\"Sparcraft\",\"description\":\"Mast &amp; Rigging\",\"potentialAction\":[{\"@type\":\"SearchAction\",\"target\":{\"@type\":\"EntryPoint\",\"urlTemplate\":\"https:\\\/\\\/www.sparcraft.com\\\/fr\\\/?s={search_term_string}\"},\"query-input\":{\"@type\":\"PropertyValueSpecification\",\"valueRequired\":true,\"valueName\":\"search_term_string\"}}],\"inLanguage\":\"fr-FR\"}]}<\/script>\n<!-- \/ Yoast SEO plugin. -->","yoast_head_json":{"title":"EMBOUT BOME AVANT F3400 COMPLET- POUR MAT ENROULEUR - Sparcraft","robots":{"index":"index","follow":"follow","max-snippet":"max-snippet:-1","max-image-preview":"max-image-preview:large","max-video-preview":"max-video-preview:-1"},"canonical":"https:\/\/www.sparcraft.com\/fr\/produit\/embout-bome-avant-f3400-complet-pour-mat-enrouleur-37014134015\/","og_locale":"fr_FR","og_type":"article","og_title":"EMBOUT BOME AVANT F3400 COMPLET- POUR MAT ENROULEUR - Sparcraft","og_description":"Embout de b\u00f4me avant complet Section de b\u00f4me&nbsp;: F3400 Pour m\u00e2t enrouleur Mati\u00e8re : soud\u00e9","og_url":"https:\/\/www.sparcraft.com\/fr\/produit\/embout-bome-avant-f3400-complet-pour-mat-enrouleur-37014134015\/","og_site_name":"Sparcraft","article_modified_time":"2026-04-15T02:02:46+00:00","twitter_card":"summary_large_image","schema":{"@context":"https:\/\/schema.org","@graph":[{"@type":"WebPage","@id":"https:\/\/www.sparcraft.com\/fr\/produit\/embout-bome-avant-f3400-complet-pour-mat-enrouleur-37014134015\/","url":"https:\/\/www.sparcraft.com\/fr\/produit\/embout-bome-avant-f3400-complet-pour-mat-enrouleur-37014134015\/","name":"EMBOUT BOME AVANT F3400 COMPLET- POUR MAT ENROULEUR - Sparcraft","isPartOf":{"@id":"https:\/\/www.sparcraft.com\/fr\/#website"},"datePublished":"2025-02-11T11:49:17+00:00","dateModified":"2026-04-15T02:02:46+00:00","breadcrumb":{"@id":"https:\/\/www.sparcraft.com\/fr\/produit\/embout-bome-avant-f3400-complet-pour-mat-enrouleur-37014134015\/#breadcrumb"},"inLanguage":"fr-FR","potentialAction":[{"@type":"ReadAction","target":["https:\/\/www.sparcraft.com\/fr\/produit\/embout-bome-avant-f3400-complet-pour-mat-enrouleur-37014134015\/"]}]},{"@type":"BreadcrumbList","@id":"https:\/\/www.sparcraft.com\/fr\/produit\/embout-bome-avant-f3400-complet-pour-mat-enrouleur-37014134015\/#breadcrumb","itemListElement":[{"@type":"ListItem","position":1,"name":"Boutique","item":"https:\/\/www.sparcraft.com\/fr\/boutique\/"},{"@type":"ListItem","position":2,"name":"EMBOUT BOME AVANT F3400 COMPLET- POUR MAT ENROULEUR"}]},{"@type":"WebSite","@id":"https:\/\/www.sparcraft.com\/fr\/#website","url":"https:\/\/www.sparcraft.com\/fr\/","name":"Sparcraft","description":"Mast &amp; Rigging","potentialAction":[{"@type":"SearchAction","target":{"@type":"EntryPoint","urlTemplate":"https:\/\/www.sparcraft.com\/fr\/?s={search_term_string}"},"query-input":{"@type":"PropertyValueSpecification","valueRequired":true,"valueName":"search_term_string"}}],"inLanguage":"fr-FR"}]}},"_links":{"self":[{"href":"https:\/\/www.sparcraft.com\/fr\/wp-json\/wp\/v2\/product\/37355","targetHints":{"allow":["GET"]}}],"collection":[{"href":"https:\/\/www.sparcraft.com\/fr\/wp-json\/wp\/v2\/product"}],"about":[{"href":"https:\/\/www.sparcraft.com\/fr\/wp-json\/wp\/v2\/types\/product"}],"replies":[{"embeddable":true,"href":"https:\/\/www.sparcraft.com\/fr\/wp-json\/wp\/v2\/comments?post=37355"}],"wp:attachment":[{"href":"https:\/\/www.sparcraft.com\/fr\/wp-json\/wp\/v2\/media?parent=37355"}],"wp:term":[{"taxonomy":"product_brand","embeddable":true,"href":"https:\/\/www.sparcraft.com\/fr\/wp-json\/wp\/v2\/product_brand?post=37355"},{"taxonomy":"product_cat","embeddable":true,"href":"https:\/\/www.sparcraft.com\/fr\/wp-json\/wp\/v2\/product_cat?post=37355"},{"taxonomy":"product_tag","embeddable":true,"href":"https:\/\/www.sparcraft.com\/fr\/wp-json\/wp\/v2\/product_tag?post=37355"}],"curies":[{"name":"wp","href":"https:\/\/api.w.org\/{rel}","templated":true}]}}