{"id":37353,"date":"2025-02-11T12:49:17","date_gmt":"2025-02-11T11:49:17","guid":{"rendered":"https:\/\/www.sparcraft.com\/produit\/embout-de-bome-a-friction-f220-pour-mat-standard-et-enrouleur-37001002205\/"},"modified":"2026-04-16T04:02:44","modified_gmt":"2026-04-16T02:02:44","slug":"embout-de-bome-a-friction-f220-pour-mat-standard-et-enrouleur-type-12-37001002205","status":"publish","type":"product","link":"https:\/\/www.sparcraft.com\/fr\/produit\/embout-de-bome-a-friction-f220-pour-mat-standard-et-enrouleur-type-12-37001002205\/","title":{"rendered":"EMBOUT DE BOME A FRICTION &#8211; F220 POUR MAT STANDARD ET ENROULEUR TYPE 12"},"content":{"rendered":"<p>  <P>embout de b\u00f4me \u00e0 friction&nbsp;compos\u00e9 de<\/P> <P>&#8211;&nbsp;2 rondelles plate nylon \u00d8 12,2 mm \u00e9paisseur 2 mm&nbsp;: <A href=\"http:\/\/www.sparcraft.fr\/sku\/28602312220\">28602312220<\/A><\/P> <P>&#8211;&nbsp;3 rivets \u00d8 4,8mm code : <A href=\"http:\/\/www.sparcraft.fr\/sku\/29004148165\">29004148165<\/A><\/P> <P>&#8211; 1&nbsp;cardan vit de mulet 12-14&nbsp;: <A href=\"http:\/\/www.sparcraft.fr\/sku\/345030140A3\">345030140A3<\/A><\/P> <P>&#8211;&nbsp;1 embout de b\u00f4me code : <A href=\"http:\/\/www.sparcraft.fr\/sku\/37001002201\">37001002201<\/A><\/P> <P>&#8211; 1 axe inox&nbsp;droit \u00d8&nbsp;14 x&nbsp;90 mm&nbsp;code : <A href=\"http:\/\/www.sparcraft.fr\/sku\/40020114090\">40020114090<\/A><\/P> <P>&nbsp;<\/P><\/p>\n","protected":false},"excerpt":{"rendered":"<p>  <P>Embout de b\u00f4me \u00e0 friction<\/P> <P>&#8211; \u00e9quivalent \u00e0 4 r\u00e9as &#8211; type 12<\/P> <P>&#8211; cardan avec&nbsp;hauteur de calage 48 mm<\/P> <P><STRONG>Mati\u00e8re <\/STRONG>: aluminium anodis\u00e9 dur noir<\/P> <P>&#8211;&nbsp;pour le m\u00e2t standard le vit de mulet associ\u00e9 est <A href=\"http:\/\/www.sparcraft.fr\/sku\/34511402605\">34511402605<\/A><\/P> <P>&#8211;&nbsp; pour le m\u00e2t&nbsp;enrouleur le vit de mulet associ\u00e9 est <A href=\"http:\/\/www.sparcraft.fr\/sku\/34511402615\">34511402615<\/A><\/P> <P>&nbsp;<\/P><\/p>\n","protected":false},"featured_media":0,"comment_status":"open","ping_status":"closed","template":"","meta":[],"product_brand":[],"product_cat":[17],"product_tag":[],"class_list":{"0":"post-37353","1":"product","2":"type-product","3":"status-publish","5":"product_cat-product","7":"first","8":"instock","9":"taxable","10":"shipping-taxable","11":"purchasable","12":"product-type-simple"},"yoast_head":"<!-- This site is optimized with the Yoast SEO plugin v27.4 - https:\/\/yoast.com\/product\/yoast-seo-wordpress\/ -->\n<title>EMBOUT DE BOME A FRICTION - F220 POUR MAT STANDARD ET ENROULEUR TYPE 12 - Sparcraft<\/title>\n<meta name=\"robots\" content=\"index, follow, max-snippet:-1, max-image-preview:large, max-video-preview:-1\" \/>\n<link rel=\"canonical\" href=\"https:\/\/www.sparcraft.com\/fr\/produit\/embout-de-bome-a-friction-f220-pour-mat-standard-et-enrouleur-type-12-37001002205\/\" \/>\n<meta property=\"og:locale\" content=\"fr_FR\" \/>\n<meta property=\"og:type\" content=\"article\" \/>\n<meta property=\"og:title\" content=\"EMBOUT DE BOME A FRICTION - F220 POUR MAT STANDARD ET ENROULEUR TYPE 12 - Sparcraft\" \/>\n<meta property=\"og:description\" content=\"Embout de b\u00f4me \u00e0 friction - \u00e9quivalent \u00e0 4 r\u00e9as - type 12 - cardan avec&nbsp;hauteur de calage 48 mm Mati\u00e8re : aluminium anodis\u00e9 dur noir -&nbsp;pour le m\u00e2t standard le vit de mulet associ\u00e9 est 34511402605 -&nbsp; pour le m\u00e2t&nbsp;enrouleur le vit de mulet associ\u00e9 est 34511402615 &nbsp;\" \/>\n<meta property=\"og:url\" content=\"https:\/\/www.sparcraft.com\/fr\/produit\/embout-de-bome-a-friction-f220-pour-mat-standard-et-enrouleur-type-12-37001002205\/\" \/>\n<meta property=\"og:site_name\" content=\"Sparcraft\" \/>\n<meta property=\"article:modified_time\" content=\"2026-04-16T02:02:44+00:00\" \/>\n<meta name=\"twitter:card\" content=\"summary_large_image\" \/>\n<script type=\"application\/ld+json\" class=\"yoast-schema-graph\">{\"@context\":\"https:\\\/\\\/schema.org\",\"@graph\":[{\"@type\":\"WebPage\",\"@id\":\"https:\\\/\\\/www.sparcraft.com\\\/fr\\\/produit\\\/embout-de-bome-a-friction-f220-pour-mat-standard-et-enrouleur-type-12-37001002205\\\/\",\"url\":\"https:\\\/\\\/www.sparcraft.com\\\/fr\\\/produit\\\/embout-de-bome-a-friction-f220-pour-mat-standard-et-enrouleur-type-12-37001002205\\\/\",\"name\":\"EMBOUT DE BOME A FRICTION - F220 POUR MAT STANDARD ET ENROULEUR TYPE 12 - Sparcraft\",\"isPartOf\":{\"@id\":\"https:\\\/\\\/www.sparcraft.com\\\/fr\\\/#website\"},\"datePublished\":\"2025-02-11T11:49:17+00:00\",\"dateModified\":\"2026-04-16T02:02:44+00:00\",\"breadcrumb\":{\"@id\":\"https:\\\/\\\/www.sparcraft.com\\\/fr\\\/produit\\\/embout-de-bome-a-friction-f220-pour-mat-standard-et-enrouleur-type-12-37001002205\\\/#breadcrumb\"},\"inLanguage\":\"fr-FR\",\"potentialAction\":[{\"@type\":\"ReadAction\",\"target\":[\"https:\\\/\\\/www.sparcraft.com\\\/fr\\\/produit\\\/embout-de-bome-a-friction-f220-pour-mat-standard-et-enrouleur-type-12-37001002205\\\/\"]}]},{\"@type\":\"BreadcrumbList\",\"@id\":\"https:\\\/\\\/www.sparcraft.com\\\/fr\\\/produit\\\/embout-de-bome-a-friction-f220-pour-mat-standard-et-enrouleur-type-12-37001002205\\\/#breadcrumb\",\"itemListElement\":[{\"@type\":\"ListItem\",\"position\":1,\"name\":\"Boutique\",\"item\":\"https:\\\/\\\/www.sparcraft.com\\\/fr\\\/boutique\\\/\"},{\"@type\":\"ListItem\",\"position\":2,\"name\":\"EMBOUT DE BOME A FRICTION &#8211; F220 POUR MAT STANDARD ET ENROULEUR TYPE 12\"}]},{\"@type\":\"WebSite\",\"@id\":\"https:\\\/\\\/www.sparcraft.com\\\/fr\\\/#website\",\"url\":\"https:\\\/\\\/www.sparcraft.com\\\/fr\\\/\",\"name\":\"Sparcraft\",\"description\":\"Mast &amp; Rigging\",\"potentialAction\":[{\"@type\":\"SearchAction\",\"target\":{\"@type\":\"EntryPoint\",\"urlTemplate\":\"https:\\\/\\\/www.sparcraft.com\\\/fr\\\/?s={search_term_string}\"},\"query-input\":{\"@type\":\"PropertyValueSpecification\",\"valueRequired\":true,\"valueName\":\"search_term_string\"}}],\"inLanguage\":\"fr-FR\"}]}<\/script>\n<!-- \/ Yoast SEO plugin. -->","yoast_head_json":{"title":"EMBOUT DE BOME A FRICTION - F220 POUR MAT STANDARD ET ENROULEUR TYPE 12 - Sparcraft","robots":{"index":"index","follow":"follow","max-snippet":"max-snippet:-1","max-image-preview":"max-image-preview:large","max-video-preview":"max-video-preview:-1"},"canonical":"https:\/\/www.sparcraft.com\/fr\/produit\/embout-de-bome-a-friction-f220-pour-mat-standard-et-enrouleur-type-12-37001002205\/","og_locale":"fr_FR","og_type":"article","og_title":"EMBOUT DE BOME A FRICTION - F220 POUR MAT STANDARD ET ENROULEUR TYPE 12 - Sparcraft","og_description":"Embout de b\u00f4me \u00e0 friction - \u00e9quivalent \u00e0 4 r\u00e9as - type 12 - cardan avec&nbsp;hauteur de calage 48 mm Mati\u00e8re : aluminium anodis\u00e9 dur noir -&nbsp;pour le m\u00e2t standard le vit de mulet associ\u00e9 est 34511402605 -&nbsp; pour le m\u00e2t&nbsp;enrouleur le vit de mulet associ\u00e9 est 34511402615 &nbsp;","og_url":"https:\/\/www.sparcraft.com\/fr\/produit\/embout-de-bome-a-friction-f220-pour-mat-standard-et-enrouleur-type-12-37001002205\/","og_site_name":"Sparcraft","article_modified_time":"2026-04-16T02:02:44+00:00","twitter_card":"summary_large_image","schema":{"@context":"https:\/\/schema.org","@graph":[{"@type":"WebPage","@id":"https:\/\/www.sparcraft.com\/fr\/produit\/embout-de-bome-a-friction-f220-pour-mat-standard-et-enrouleur-type-12-37001002205\/","url":"https:\/\/www.sparcraft.com\/fr\/produit\/embout-de-bome-a-friction-f220-pour-mat-standard-et-enrouleur-type-12-37001002205\/","name":"EMBOUT DE BOME A FRICTION - F220 POUR MAT STANDARD ET ENROULEUR TYPE 12 - Sparcraft","isPartOf":{"@id":"https:\/\/www.sparcraft.com\/fr\/#website"},"datePublished":"2025-02-11T11:49:17+00:00","dateModified":"2026-04-16T02:02:44+00:00","breadcrumb":{"@id":"https:\/\/www.sparcraft.com\/fr\/produit\/embout-de-bome-a-friction-f220-pour-mat-standard-et-enrouleur-type-12-37001002205\/#breadcrumb"},"inLanguage":"fr-FR","potentialAction":[{"@type":"ReadAction","target":["https:\/\/www.sparcraft.com\/fr\/produit\/embout-de-bome-a-friction-f220-pour-mat-standard-et-enrouleur-type-12-37001002205\/"]}]},{"@type":"BreadcrumbList","@id":"https:\/\/www.sparcraft.com\/fr\/produit\/embout-de-bome-a-friction-f220-pour-mat-standard-et-enrouleur-type-12-37001002205\/#breadcrumb","itemListElement":[{"@type":"ListItem","position":1,"name":"Boutique","item":"https:\/\/www.sparcraft.com\/fr\/boutique\/"},{"@type":"ListItem","position":2,"name":"EMBOUT DE BOME A FRICTION &#8211; F220 POUR MAT STANDARD ET ENROULEUR TYPE 12"}]},{"@type":"WebSite","@id":"https:\/\/www.sparcraft.com\/fr\/#website","url":"https:\/\/www.sparcraft.com\/fr\/","name":"Sparcraft","description":"Mast &amp; Rigging","potentialAction":[{"@type":"SearchAction","target":{"@type":"EntryPoint","urlTemplate":"https:\/\/www.sparcraft.com\/fr\/?s={search_term_string}"},"query-input":{"@type":"PropertyValueSpecification","valueRequired":true,"valueName":"search_term_string"}}],"inLanguage":"fr-FR"}]}},"_links":{"self":[{"href":"https:\/\/www.sparcraft.com\/fr\/wp-json\/wp\/v2\/product\/37353","targetHints":{"allow":["GET"]}}],"collection":[{"href":"https:\/\/www.sparcraft.com\/fr\/wp-json\/wp\/v2\/product"}],"about":[{"href":"https:\/\/www.sparcraft.com\/fr\/wp-json\/wp\/v2\/types\/product"}],"replies":[{"embeddable":true,"href":"https:\/\/www.sparcraft.com\/fr\/wp-json\/wp\/v2\/comments?post=37353"}],"wp:attachment":[{"href":"https:\/\/www.sparcraft.com\/fr\/wp-json\/wp\/v2\/media?parent=37353"}],"wp:term":[{"taxonomy":"product_brand","embeddable":true,"href":"https:\/\/www.sparcraft.com\/fr\/wp-json\/wp\/v2\/product_brand?post=37353"},{"taxonomy":"product_cat","embeddable":true,"href":"https:\/\/www.sparcraft.com\/fr\/wp-json\/wp\/v2\/product_cat?post=37353"},{"taxonomy":"product_tag","embeddable":true,"href":"https:\/\/www.sparcraft.com\/fr\/wp-json\/wp\/v2\/product_tag?post=37353"}],"curies":[{"name":"wp","href":"https:\/\/api.w.org\/{rel}","templated":true}]}}