{"id":37312,"date":"2025-01-30T12:49:19","date_gmt":"2025-01-30T11:49:19","guid":{"rendered":"https:\/\/www.sparcraft.com\/produit\/embout-bome-avant-f550-complet-4-cames-37010005505\/"},"modified":"2026-04-15T04:02:42","modified_gmt":"2026-04-15T02:02:42","slug":"embout-bome-avant-f550-complet-4-cames-37010005505","status":"publish","type":"product","link":"https:\/\/www.sparcraft.com\/fr\/produit\/embout-bome-avant-f550-complet-4-cames-37010005505\/","title":{"rendered":"EMBOUT BOME AVANT F550  COMPLET  + 4 CAMES"},"content":{"rendered":"<p>  <P>embout de b\u00f4me compos\u00e9 de<\/P> <P>&#8211;&nbsp;4 rondelles plates nylon \u00d8 12.2 &#8211; \u00e9paisseur 2.5mm code :<A href=\"http:\/\/www.sparcraft.fr\/sku\/28602312225\"><SPAN>28602312225<\/SPAN><\/A><\/P> <P>&#8211; 1 goupille fendue code : <A href=\"http:\/\/www.sparcraft.fr\/sku\/28803032200\"><SPAN>28803032200<\/SPAN><\/A><\/P> <P>&#8211;&nbsp;4 rivets alu code : <A href=\"http:\/\/www.sparcraft.fr\/sku\/29001248140\"><SPAN>29001248140<\/SPAN><\/A><\/P> <P>&#8211; 3 rivets code : <A href=\"http:\/\/www.sparcraft.fr\/sku\/29004164180\"><SPAN>29004164180<\/SPAN><\/A><\/P> <P>&#8211;&nbsp;1 embout de b\u00f4me code : <A href=\"http:\/\/www.sparcraft.fr\/sku\/37010005503\">37010005503<\/A><\/P> <P>&#8211; 1 axe inox&nbsp;\u00e9paul\u00e9 \u00d8&nbsp;12 x&nbsp;65 mm&nbsp;code : <A href=\"http:\/\/www.sparcraft.fr\/sku\/40020212065\">40020212065<\/A><\/P> <P>&#8211; 1 axe inox&nbsp;creux&nbsp;\u00d8 10&nbsp;x&nbsp;88 mm code : <A href=\"http:\/\/www.sparcraft.fr\/sku\/40020710090\"><SPAN>40020710090<\/SPAN><\/A><\/P> <P>&#8211; 1 axe inox&nbsp;creux&nbsp;\u00d8 10&nbsp;x&nbsp;96 mm code : <A href=\"http:\/\/www.sparcraft.fr\/sku\/440020710098\">40020710098<\/A><\/P> <P>&#8211;&nbsp;4&nbsp;cames moyen mod\u00e8le 14&nbsp;mm code : <A href=\"http:\/\/www.sparcraft.fr\/sku\/40731000140\">40731000140<\/A><\/P> <P>&#8211;&nbsp;4 r\u00e9as delrin \u00d8&nbsp;50 x 14 mm&nbsp;code <A href=\"http:\/\/www.sparcraft.fr\/sku\/48530501415\"><SPAN>48530501415<\/SPAN><\/A><\/P><\/p>\n","protected":false},"excerpt":{"rendered":"<p>  <P>Embout de b\u00f4me avant complet<\/P> <P><STRONG>Section de b\u00f4me<\/STRONG>&nbsp;: F550<\/P> <P><STRONG>Avec 4 cames<\/STRONG><\/P> <P><STRONG>Mati\u00e8re<\/STRONG> : aluminium<\/P><\/p>\n","protected":false},"featured_media":0,"comment_status":"open","ping_status":"closed","template":"","meta":[],"product_brand":[],"product_cat":[17],"product_tag":[],"class_list":{"0":"post-37312","1":"product","2":"type-product","3":"status-publish","5":"product_cat-product","7":"first","8":"instock","9":"taxable","10":"shipping-taxable","11":"purchasable","12":"product-type-simple"},"yoast_head":"<!-- This site is optimized with the Yoast SEO plugin v27.4 - https:\/\/yoast.com\/product\/yoast-seo-wordpress\/ -->\n<title>EMBOUT BOME AVANT F550 COMPLET + 4 CAMES - Sparcraft<\/title>\n<meta name=\"robots\" content=\"index, follow, max-snippet:-1, max-image-preview:large, max-video-preview:-1\" \/>\n<link rel=\"canonical\" href=\"https:\/\/www.sparcraft.com\/fr\/produit\/embout-bome-avant-f550-complet-4-cames-37010005505\/\" \/>\n<meta property=\"og:locale\" content=\"fr_FR\" \/>\n<meta property=\"og:type\" content=\"article\" \/>\n<meta property=\"og:title\" content=\"EMBOUT BOME AVANT F550 COMPLET + 4 CAMES - Sparcraft\" \/>\n<meta property=\"og:description\" content=\"Embout de b\u00f4me avant complet Section de b\u00f4me&nbsp;: F550 Avec 4 cames Mati\u00e8re : aluminium\" \/>\n<meta property=\"og:url\" content=\"https:\/\/www.sparcraft.com\/fr\/produit\/embout-bome-avant-f550-complet-4-cames-37010005505\/\" \/>\n<meta property=\"og:site_name\" content=\"Sparcraft\" \/>\n<meta property=\"article:modified_time\" content=\"2026-04-15T02:02:42+00:00\" \/>\n<meta name=\"twitter:card\" content=\"summary_large_image\" \/>\n<script type=\"application\/ld+json\" class=\"yoast-schema-graph\">{\"@context\":\"https:\\\/\\\/schema.org\",\"@graph\":[{\"@type\":\"WebPage\",\"@id\":\"https:\\\/\\\/www.sparcraft.com\\\/fr\\\/produit\\\/embout-bome-avant-f550-complet-4-cames-37010005505\\\/\",\"url\":\"https:\\\/\\\/www.sparcraft.com\\\/fr\\\/produit\\\/embout-bome-avant-f550-complet-4-cames-37010005505\\\/\",\"name\":\"EMBOUT BOME AVANT F550 COMPLET + 4 CAMES - Sparcraft\",\"isPartOf\":{\"@id\":\"https:\\\/\\\/www.sparcraft.com\\\/fr\\\/#website\"},\"datePublished\":\"2025-01-30T11:49:19+00:00\",\"dateModified\":\"2026-04-15T02:02:42+00:00\",\"breadcrumb\":{\"@id\":\"https:\\\/\\\/www.sparcraft.com\\\/fr\\\/produit\\\/embout-bome-avant-f550-complet-4-cames-37010005505\\\/#breadcrumb\"},\"inLanguage\":\"fr-FR\",\"potentialAction\":[{\"@type\":\"ReadAction\",\"target\":[\"https:\\\/\\\/www.sparcraft.com\\\/fr\\\/produit\\\/embout-bome-avant-f550-complet-4-cames-37010005505\\\/\"]}]},{\"@type\":\"BreadcrumbList\",\"@id\":\"https:\\\/\\\/www.sparcraft.com\\\/fr\\\/produit\\\/embout-bome-avant-f550-complet-4-cames-37010005505\\\/#breadcrumb\",\"itemListElement\":[{\"@type\":\"ListItem\",\"position\":1,\"name\":\"Boutique\",\"item\":\"https:\\\/\\\/www.sparcraft.com\\\/fr\\\/boutique\\\/\"},{\"@type\":\"ListItem\",\"position\":2,\"name\":\"EMBOUT BOME AVANT F550 COMPLET + 4 CAMES\"}]},{\"@type\":\"WebSite\",\"@id\":\"https:\\\/\\\/www.sparcraft.com\\\/fr\\\/#website\",\"url\":\"https:\\\/\\\/www.sparcraft.com\\\/fr\\\/\",\"name\":\"Sparcraft\",\"description\":\"Mast &amp; Rigging\",\"potentialAction\":[{\"@type\":\"SearchAction\",\"target\":{\"@type\":\"EntryPoint\",\"urlTemplate\":\"https:\\\/\\\/www.sparcraft.com\\\/fr\\\/?s={search_term_string}\"},\"query-input\":{\"@type\":\"PropertyValueSpecification\",\"valueRequired\":true,\"valueName\":\"search_term_string\"}}],\"inLanguage\":\"fr-FR\"}]}<\/script>\n<!-- \/ Yoast SEO plugin. -->","yoast_head_json":{"title":"EMBOUT BOME AVANT F550 COMPLET + 4 CAMES - Sparcraft","robots":{"index":"index","follow":"follow","max-snippet":"max-snippet:-1","max-image-preview":"max-image-preview:large","max-video-preview":"max-video-preview:-1"},"canonical":"https:\/\/www.sparcraft.com\/fr\/produit\/embout-bome-avant-f550-complet-4-cames-37010005505\/","og_locale":"fr_FR","og_type":"article","og_title":"EMBOUT BOME AVANT F550 COMPLET + 4 CAMES - Sparcraft","og_description":"Embout de b\u00f4me avant complet Section de b\u00f4me&nbsp;: F550 Avec 4 cames Mati\u00e8re : aluminium","og_url":"https:\/\/www.sparcraft.com\/fr\/produit\/embout-bome-avant-f550-complet-4-cames-37010005505\/","og_site_name":"Sparcraft","article_modified_time":"2026-04-15T02:02:42+00:00","twitter_card":"summary_large_image","schema":{"@context":"https:\/\/schema.org","@graph":[{"@type":"WebPage","@id":"https:\/\/www.sparcraft.com\/fr\/produit\/embout-bome-avant-f550-complet-4-cames-37010005505\/","url":"https:\/\/www.sparcraft.com\/fr\/produit\/embout-bome-avant-f550-complet-4-cames-37010005505\/","name":"EMBOUT BOME AVANT F550 COMPLET + 4 CAMES - Sparcraft","isPartOf":{"@id":"https:\/\/www.sparcraft.com\/fr\/#website"},"datePublished":"2025-01-30T11:49:19+00:00","dateModified":"2026-04-15T02:02:42+00:00","breadcrumb":{"@id":"https:\/\/www.sparcraft.com\/fr\/produit\/embout-bome-avant-f550-complet-4-cames-37010005505\/#breadcrumb"},"inLanguage":"fr-FR","potentialAction":[{"@type":"ReadAction","target":["https:\/\/www.sparcraft.com\/fr\/produit\/embout-bome-avant-f550-complet-4-cames-37010005505\/"]}]},{"@type":"BreadcrumbList","@id":"https:\/\/www.sparcraft.com\/fr\/produit\/embout-bome-avant-f550-complet-4-cames-37010005505\/#breadcrumb","itemListElement":[{"@type":"ListItem","position":1,"name":"Boutique","item":"https:\/\/www.sparcraft.com\/fr\/boutique\/"},{"@type":"ListItem","position":2,"name":"EMBOUT BOME AVANT F550 COMPLET + 4 CAMES"}]},{"@type":"WebSite","@id":"https:\/\/www.sparcraft.com\/fr\/#website","url":"https:\/\/www.sparcraft.com\/fr\/","name":"Sparcraft","description":"Mast &amp; Rigging","potentialAction":[{"@type":"SearchAction","target":{"@type":"EntryPoint","urlTemplate":"https:\/\/www.sparcraft.com\/fr\/?s={search_term_string}"},"query-input":{"@type":"PropertyValueSpecification","valueRequired":true,"valueName":"search_term_string"}}],"inLanguage":"fr-FR"}]}},"_links":{"self":[{"href":"https:\/\/www.sparcraft.com\/fr\/wp-json\/wp\/v2\/product\/37312","targetHints":{"allow":["GET"]}}],"collection":[{"href":"https:\/\/www.sparcraft.com\/fr\/wp-json\/wp\/v2\/product"}],"about":[{"href":"https:\/\/www.sparcraft.com\/fr\/wp-json\/wp\/v2\/types\/product"}],"replies":[{"embeddable":true,"href":"https:\/\/www.sparcraft.com\/fr\/wp-json\/wp\/v2\/comments?post=37312"}],"wp:attachment":[{"href":"https:\/\/www.sparcraft.com\/fr\/wp-json\/wp\/v2\/media?parent=37312"}],"wp:term":[{"taxonomy":"product_brand","embeddable":true,"href":"https:\/\/www.sparcraft.com\/fr\/wp-json\/wp\/v2\/product_brand?post=37312"},{"taxonomy":"product_cat","embeddable":true,"href":"https:\/\/www.sparcraft.com\/fr\/wp-json\/wp\/v2\/product_cat?post=37312"},{"taxonomy":"product_tag","embeddable":true,"href":"https:\/\/www.sparcraft.com\/fr\/wp-json\/wp\/v2\/product_tag?post=37312"}],"curies":[{"name":"wp","href":"https:\/\/api.w.org\/{rel}","templated":true}]}}