{"id":37256,"date":"2025-01-23T12:49:20","date_gmt":"2025-01-23T11:49:20","guid":{"rendered":"https:\/\/www.sparcraft.com\/produit\/embout-bome-avant-f60-complet-ris-continu-37010000606\/"},"modified":"2026-04-15T04:02:40","modified_gmt":"2026-04-15T02:02:40","slug":"embout-bome-avant-f60-complet-ris-continu-37010000606","status":"publish","type":"product","link":"https:\/\/www.sparcraft.com\/fr\/produit\/embout-bome-avant-f60-complet-ris-continu-37010000606\/","title":{"rendered":"EMBOUT BOME AVANT F60 COMPLET RIS CONTINU"},"content":{"rendered":"<p>  <P>embout de b\u00f4me compos\u00e9 de<\/P> <P>&#8211; 3 rivets inox code : <A href=\"http:\/\/www.sparcraft.fr\/sku\/29002248140\"><SPAN>29002248140<\/SPAN><\/A><\/P> <P>&#8211;&nbsp;1 embout de b\u00f4me code : <A href=\"http:\/\/www.sparcraft.fr\/sku\/37010000603\"><SPAN>37010000603<\/SPAN><\/A><\/P> <P>&#8211; 1 axe inox cannel\u00e9 \u00d8&nbsp;8 x&nbsp;66 mm&nbsp;code : <A href=\"http:\/\/www.sparcraft.fr\/sku\/40020608068\"><SPAN>40020608068<\/SPAN><\/A><\/P> <P>&#8211; 1 axe inox cannel\u00e9 \u00d8&nbsp;10 x&nbsp;59 mm&nbsp;code : <A href=\"http:\/\/www.sparcraft.fr\/sku\/40020610059\">40020610059<\/A><\/P> <P>&#8211; 2 cames petit mod\u00e8le \u00d8&nbsp;10 mm code : <A href=\"http:\/\/www.sparcraft.fr\/sku\/40731000100\">40731000100<\/A><\/P> <P>&#8211;&nbsp;4 r\u00e9as delrin \u00d8 25 x 10 mm&nbsp;code <A href=\"http:\/\/www.sparcraft.fr\/sku\/48510271015\"><SPAN>48510271015<\/SPAN><\/A><\/P><\/p>\n","protected":false},"excerpt":{"rendered":"<p>  <P>Embout de b\u00f4me avant complet<\/P> <P><STRONG>Section de b\u00f4me<\/STRONG>&nbsp;: F60<\/P> <P><STRONG>Ris continu<\/STRONG><\/P> <P>==&gt;&nbsp;2 r\u00e9as pour ris continu<\/P> <P>==&gt; 2 r\u00e9as et 2 cames&nbsp; pour ris standard<\/P> <P><STRONG>Mati\u00e8re<\/STRONG> : aluminium<\/P><\/p>\n","protected":false},"featured_media":0,"comment_status":"open","ping_status":"closed","template":"","meta":[],"product_brand":[],"product_cat":[17],"product_tag":[],"class_list":{"0":"post-37256","1":"product","2":"type-product","3":"status-publish","5":"product_cat-product","7":"first","8":"instock","9":"taxable","10":"shipping-taxable","11":"purchasable","12":"product-type-simple"},"yoast_head":"<!-- This site is optimized with the Yoast SEO plugin v27.4 - https:\/\/yoast.com\/product\/yoast-seo-wordpress\/ -->\n<title>EMBOUT BOME AVANT F60 COMPLET RIS CONTINU - Sparcraft<\/title>\n<meta name=\"robots\" content=\"index, follow, max-snippet:-1, max-image-preview:large, max-video-preview:-1\" \/>\n<link rel=\"canonical\" href=\"https:\/\/www.sparcraft.com\/fr\/produit\/embout-bome-avant-f60-complet-ris-continu-37010000606\/\" \/>\n<meta property=\"og:locale\" content=\"fr_FR\" \/>\n<meta property=\"og:type\" content=\"article\" \/>\n<meta property=\"og:title\" content=\"EMBOUT BOME AVANT F60 COMPLET RIS CONTINU - Sparcraft\" \/>\n<meta property=\"og:description\" content=\"Embout de b\u00f4me avant complet Section de b\u00f4me&nbsp;: F60 Ris continu ==&gt;&nbsp;2 r\u00e9as pour ris continu ==&gt; 2 r\u00e9as et 2 cames&nbsp; pour ris standard Mati\u00e8re : aluminium\" \/>\n<meta property=\"og:url\" content=\"https:\/\/www.sparcraft.com\/fr\/produit\/embout-bome-avant-f60-complet-ris-continu-37010000606\/\" \/>\n<meta property=\"og:site_name\" content=\"Sparcraft\" \/>\n<meta property=\"article:modified_time\" content=\"2026-04-15T02:02:40+00:00\" \/>\n<meta name=\"twitter:card\" content=\"summary_large_image\" \/>\n<script type=\"application\/ld+json\" class=\"yoast-schema-graph\">{\"@context\":\"https:\\\/\\\/schema.org\",\"@graph\":[{\"@type\":\"WebPage\",\"@id\":\"https:\\\/\\\/www.sparcraft.com\\\/fr\\\/produit\\\/embout-bome-avant-f60-complet-ris-continu-37010000606\\\/\",\"url\":\"https:\\\/\\\/www.sparcraft.com\\\/fr\\\/produit\\\/embout-bome-avant-f60-complet-ris-continu-37010000606\\\/\",\"name\":\"EMBOUT BOME AVANT F60 COMPLET RIS CONTINU - Sparcraft\",\"isPartOf\":{\"@id\":\"https:\\\/\\\/www.sparcraft.com\\\/fr\\\/#website\"},\"datePublished\":\"2025-01-23T11:49:20+00:00\",\"dateModified\":\"2026-04-15T02:02:40+00:00\",\"breadcrumb\":{\"@id\":\"https:\\\/\\\/www.sparcraft.com\\\/fr\\\/produit\\\/embout-bome-avant-f60-complet-ris-continu-37010000606\\\/#breadcrumb\"},\"inLanguage\":\"fr-FR\",\"potentialAction\":[{\"@type\":\"ReadAction\",\"target\":[\"https:\\\/\\\/www.sparcraft.com\\\/fr\\\/produit\\\/embout-bome-avant-f60-complet-ris-continu-37010000606\\\/\"]}]},{\"@type\":\"BreadcrumbList\",\"@id\":\"https:\\\/\\\/www.sparcraft.com\\\/fr\\\/produit\\\/embout-bome-avant-f60-complet-ris-continu-37010000606\\\/#breadcrumb\",\"itemListElement\":[{\"@type\":\"ListItem\",\"position\":1,\"name\":\"Boutique\",\"item\":\"https:\\\/\\\/www.sparcraft.com\\\/fr\\\/boutique\\\/\"},{\"@type\":\"ListItem\",\"position\":2,\"name\":\"EMBOUT BOME AVANT F60 COMPLET RIS CONTINU\"}]},{\"@type\":\"WebSite\",\"@id\":\"https:\\\/\\\/www.sparcraft.com\\\/fr\\\/#website\",\"url\":\"https:\\\/\\\/www.sparcraft.com\\\/fr\\\/\",\"name\":\"Sparcraft\",\"description\":\"Mast &amp; Rigging\",\"potentialAction\":[{\"@type\":\"SearchAction\",\"target\":{\"@type\":\"EntryPoint\",\"urlTemplate\":\"https:\\\/\\\/www.sparcraft.com\\\/fr\\\/?s={search_term_string}\"},\"query-input\":{\"@type\":\"PropertyValueSpecification\",\"valueRequired\":true,\"valueName\":\"search_term_string\"}}],\"inLanguage\":\"fr-FR\"}]}<\/script>\n<!-- \/ Yoast SEO plugin. -->","yoast_head_json":{"title":"EMBOUT BOME AVANT F60 COMPLET RIS CONTINU - Sparcraft","robots":{"index":"index","follow":"follow","max-snippet":"max-snippet:-1","max-image-preview":"max-image-preview:large","max-video-preview":"max-video-preview:-1"},"canonical":"https:\/\/www.sparcraft.com\/fr\/produit\/embout-bome-avant-f60-complet-ris-continu-37010000606\/","og_locale":"fr_FR","og_type":"article","og_title":"EMBOUT BOME AVANT F60 COMPLET RIS CONTINU - Sparcraft","og_description":"Embout de b\u00f4me avant complet Section de b\u00f4me&nbsp;: F60 Ris continu ==&gt;&nbsp;2 r\u00e9as pour ris continu ==&gt; 2 r\u00e9as et 2 cames&nbsp; pour ris standard Mati\u00e8re : aluminium","og_url":"https:\/\/www.sparcraft.com\/fr\/produit\/embout-bome-avant-f60-complet-ris-continu-37010000606\/","og_site_name":"Sparcraft","article_modified_time":"2026-04-15T02:02:40+00:00","twitter_card":"summary_large_image","schema":{"@context":"https:\/\/schema.org","@graph":[{"@type":"WebPage","@id":"https:\/\/www.sparcraft.com\/fr\/produit\/embout-bome-avant-f60-complet-ris-continu-37010000606\/","url":"https:\/\/www.sparcraft.com\/fr\/produit\/embout-bome-avant-f60-complet-ris-continu-37010000606\/","name":"EMBOUT BOME AVANT F60 COMPLET RIS CONTINU - Sparcraft","isPartOf":{"@id":"https:\/\/www.sparcraft.com\/fr\/#website"},"datePublished":"2025-01-23T11:49:20+00:00","dateModified":"2026-04-15T02:02:40+00:00","breadcrumb":{"@id":"https:\/\/www.sparcraft.com\/fr\/produit\/embout-bome-avant-f60-complet-ris-continu-37010000606\/#breadcrumb"},"inLanguage":"fr-FR","potentialAction":[{"@type":"ReadAction","target":["https:\/\/www.sparcraft.com\/fr\/produit\/embout-bome-avant-f60-complet-ris-continu-37010000606\/"]}]},{"@type":"BreadcrumbList","@id":"https:\/\/www.sparcraft.com\/fr\/produit\/embout-bome-avant-f60-complet-ris-continu-37010000606\/#breadcrumb","itemListElement":[{"@type":"ListItem","position":1,"name":"Boutique","item":"https:\/\/www.sparcraft.com\/fr\/boutique\/"},{"@type":"ListItem","position":2,"name":"EMBOUT BOME AVANT F60 COMPLET RIS CONTINU"}]},{"@type":"WebSite","@id":"https:\/\/www.sparcraft.com\/fr\/#website","url":"https:\/\/www.sparcraft.com\/fr\/","name":"Sparcraft","description":"Mast &amp; Rigging","potentialAction":[{"@type":"SearchAction","target":{"@type":"EntryPoint","urlTemplate":"https:\/\/www.sparcraft.com\/fr\/?s={search_term_string}"},"query-input":{"@type":"PropertyValueSpecification","valueRequired":true,"valueName":"search_term_string"}}],"inLanguage":"fr-FR"}]}},"_links":{"self":[{"href":"https:\/\/www.sparcraft.com\/fr\/wp-json\/wp\/v2\/product\/37256","targetHints":{"allow":["GET"]}}],"collection":[{"href":"https:\/\/www.sparcraft.com\/fr\/wp-json\/wp\/v2\/product"}],"about":[{"href":"https:\/\/www.sparcraft.com\/fr\/wp-json\/wp\/v2\/types\/product"}],"replies":[{"embeddable":true,"href":"https:\/\/www.sparcraft.com\/fr\/wp-json\/wp\/v2\/comments?post=37256"}],"wp:attachment":[{"href":"https:\/\/www.sparcraft.com\/fr\/wp-json\/wp\/v2\/media?parent=37256"}],"wp:term":[{"taxonomy":"product_brand","embeddable":true,"href":"https:\/\/www.sparcraft.com\/fr\/wp-json\/wp\/v2\/product_brand?post=37256"},{"taxonomy":"product_cat","embeddable":true,"href":"https:\/\/www.sparcraft.com\/fr\/wp-json\/wp\/v2\/product_cat?post=37256"},{"taxonomy":"product_tag","embeddable":true,"href":"https:\/\/www.sparcraft.com\/fr\/wp-json\/wp\/v2\/product_tag?post=37256"}],"curies":[{"name":"wp","href":"https:\/\/api.w.org\/{rel}","templated":true}]}}