{"id":36602,"date":"2024-12-10T12:48:53","date_gmt":"2024-12-10T11:48:53","guid":{"rendered":"https:\/\/www.sparcraft.com\/produit\/axe-inox-vit-mulet-epaule-o16x166-poli-40022016160\/"},"modified":"2026-04-16T04:03:17","modified_gmt":"2026-04-16T02:03:17","slug":"axe-inox-vit-mulet-epaule-o16x166-poli-40022016160","status":"publish","type":"product","link":"https:\/\/www.sparcraft.com\/fr\/produit\/axe-inox-vit-mulet-epaule-o16x166-poli-40022016160\/","title":{"rendered":"AXE INOX VIT MULET EPAULE  \u00d816X166 POLI"},"content":{"rendered":"<p> &nbsp;<\/p>\n","protected":false},"excerpt":{"rendered":"<p>  <P>Axe vit de mulet \u00e9paul\u00e9<\/P> <P>Diam\u00e8tre <STRONG>\u00d8 16 mm<\/STRONG><\/P> <P><STRONG>Longueur : 166 mm<\/STRONG><\/P> <P>Mati\u00e8re :<STRONG> inox<\/STRONG><\/P><\/p>\n","protected":false},"featured_media":0,"comment_status":"open","ping_status":"closed","template":"","meta":[],"product_brand":[],"product_cat":[17],"product_tag":[],"class_list":{"0":"post-36602","1":"product","2":"type-product","3":"status-publish","5":"product_cat-product","7":"first","8":"instock","9":"taxable","10":"shipping-taxable","11":"purchasable","12":"product-type-simple"},"yoast_head":"<!-- This site is optimized with the Yoast SEO plugin v27.4 - https:\/\/yoast.com\/product\/yoast-seo-wordpress\/ -->\n<title>AXE INOX VIT MULET EPAULE \u00d816X166 POLI - Sparcraft<\/title>\n<meta name=\"robots\" content=\"index, follow, max-snippet:-1, max-image-preview:large, max-video-preview:-1\" \/>\n<link rel=\"canonical\" href=\"https:\/\/www.sparcraft.com\/fr\/produit\/axe-inox-vit-mulet-epaule-o16x166-poli-40022016160\/\" \/>\n<meta property=\"og:locale\" content=\"fr_FR\" \/>\n<meta property=\"og:type\" content=\"article\" \/>\n<meta property=\"og:title\" content=\"AXE INOX VIT MULET EPAULE \u00d816X166 POLI - Sparcraft\" \/>\n<meta property=\"og:description\" content=\"Axe vit de mulet \u00e9paul\u00e9 Diam\u00e8tre \u00d8 16 mm Longueur : 166 mm Mati\u00e8re : inox\" \/>\n<meta property=\"og:url\" content=\"https:\/\/www.sparcraft.com\/fr\/produit\/axe-inox-vit-mulet-epaule-o16x166-poli-40022016160\/\" \/>\n<meta property=\"og:site_name\" content=\"Sparcraft\" \/>\n<meta property=\"article:modified_time\" content=\"2026-04-16T02:03:17+00:00\" \/>\n<meta name=\"twitter:card\" content=\"summary_large_image\" \/>\n<script type=\"application\/ld+json\" class=\"yoast-schema-graph\">{\"@context\":\"https:\\\/\\\/schema.org\",\"@graph\":[{\"@type\":\"WebPage\",\"@id\":\"https:\\\/\\\/www.sparcraft.com\\\/fr\\\/produit\\\/axe-inox-vit-mulet-epaule-o16x166-poli-40022016160\\\/\",\"url\":\"https:\\\/\\\/www.sparcraft.com\\\/fr\\\/produit\\\/axe-inox-vit-mulet-epaule-o16x166-poli-40022016160\\\/\",\"name\":\"AXE INOX VIT MULET EPAULE \u00d816X166 POLI - Sparcraft\",\"isPartOf\":{\"@id\":\"https:\\\/\\\/www.sparcraft.com\\\/fr\\\/#website\"},\"datePublished\":\"2024-12-10T11:48:53+00:00\",\"dateModified\":\"2026-04-16T02:03:17+00:00\",\"breadcrumb\":{\"@id\":\"https:\\\/\\\/www.sparcraft.com\\\/fr\\\/produit\\\/axe-inox-vit-mulet-epaule-o16x166-poli-40022016160\\\/#breadcrumb\"},\"inLanguage\":\"fr-FR\",\"potentialAction\":[{\"@type\":\"ReadAction\",\"target\":[\"https:\\\/\\\/www.sparcraft.com\\\/fr\\\/produit\\\/axe-inox-vit-mulet-epaule-o16x166-poli-40022016160\\\/\"]}]},{\"@type\":\"BreadcrumbList\",\"@id\":\"https:\\\/\\\/www.sparcraft.com\\\/fr\\\/produit\\\/axe-inox-vit-mulet-epaule-o16x166-poli-40022016160\\\/#breadcrumb\",\"itemListElement\":[{\"@type\":\"ListItem\",\"position\":1,\"name\":\"Boutique\",\"item\":\"https:\\\/\\\/www.sparcraft.com\\\/fr\\\/boutique\\\/\"},{\"@type\":\"ListItem\",\"position\":2,\"name\":\"AXE INOX VIT MULET EPAULE \u00d816X166 POLI\"}]},{\"@type\":\"WebSite\",\"@id\":\"https:\\\/\\\/www.sparcraft.com\\\/fr\\\/#website\",\"url\":\"https:\\\/\\\/www.sparcraft.com\\\/fr\\\/\",\"name\":\"Sparcraft\",\"description\":\"Mast &amp; Rigging\",\"potentialAction\":[{\"@type\":\"SearchAction\",\"target\":{\"@type\":\"EntryPoint\",\"urlTemplate\":\"https:\\\/\\\/www.sparcraft.com\\\/fr\\\/?s={search_term_string}\"},\"query-input\":{\"@type\":\"PropertyValueSpecification\",\"valueRequired\":true,\"valueName\":\"search_term_string\"}}],\"inLanguage\":\"fr-FR\"}]}<\/script>\n<!-- \/ Yoast SEO plugin. -->","yoast_head_json":{"title":"AXE INOX VIT MULET EPAULE \u00d816X166 POLI - Sparcraft","robots":{"index":"index","follow":"follow","max-snippet":"max-snippet:-1","max-image-preview":"max-image-preview:large","max-video-preview":"max-video-preview:-1"},"canonical":"https:\/\/www.sparcraft.com\/fr\/produit\/axe-inox-vit-mulet-epaule-o16x166-poli-40022016160\/","og_locale":"fr_FR","og_type":"article","og_title":"AXE INOX VIT MULET EPAULE \u00d816X166 POLI - Sparcraft","og_description":"Axe vit de mulet \u00e9paul\u00e9 Diam\u00e8tre \u00d8 16 mm Longueur : 166 mm Mati\u00e8re : inox","og_url":"https:\/\/www.sparcraft.com\/fr\/produit\/axe-inox-vit-mulet-epaule-o16x166-poli-40022016160\/","og_site_name":"Sparcraft","article_modified_time":"2026-04-16T02:03:17+00:00","twitter_card":"summary_large_image","schema":{"@context":"https:\/\/schema.org","@graph":[{"@type":"WebPage","@id":"https:\/\/www.sparcraft.com\/fr\/produit\/axe-inox-vit-mulet-epaule-o16x166-poli-40022016160\/","url":"https:\/\/www.sparcraft.com\/fr\/produit\/axe-inox-vit-mulet-epaule-o16x166-poli-40022016160\/","name":"AXE INOX VIT MULET EPAULE \u00d816X166 POLI - Sparcraft","isPartOf":{"@id":"https:\/\/www.sparcraft.com\/fr\/#website"},"datePublished":"2024-12-10T11:48:53+00:00","dateModified":"2026-04-16T02:03:17+00:00","breadcrumb":{"@id":"https:\/\/www.sparcraft.com\/fr\/produit\/axe-inox-vit-mulet-epaule-o16x166-poli-40022016160\/#breadcrumb"},"inLanguage":"fr-FR","potentialAction":[{"@type":"ReadAction","target":["https:\/\/www.sparcraft.com\/fr\/produit\/axe-inox-vit-mulet-epaule-o16x166-poli-40022016160\/"]}]},{"@type":"BreadcrumbList","@id":"https:\/\/www.sparcraft.com\/fr\/produit\/axe-inox-vit-mulet-epaule-o16x166-poli-40022016160\/#breadcrumb","itemListElement":[{"@type":"ListItem","position":1,"name":"Boutique","item":"https:\/\/www.sparcraft.com\/fr\/boutique\/"},{"@type":"ListItem","position":2,"name":"AXE INOX VIT MULET EPAULE \u00d816X166 POLI"}]},{"@type":"WebSite","@id":"https:\/\/www.sparcraft.com\/fr\/#website","url":"https:\/\/www.sparcraft.com\/fr\/","name":"Sparcraft","description":"Mast &amp; Rigging","potentialAction":[{"@type":"SearchAction","target":{"@type":"EntryPoint","urlTemplate":"https:\/\/www.sparcraft.com\/fr\/?s={search_term_string}"},"query-input":{"@type":"PropertyValueSpecification","valueRequired":true,"valueName":"search_term_string"}}],"inLanguage":"fr-FR"}]}},"_links":{"self":[{"href":"https:\/\/www.sparcraft.com\/fr\/wp-json\/wp\/v2\/product\/36602","targetHints":{"allow":["GET"]}}],"collection":[{"href":"https:\/\/www.sparcraft.com\/fr\/wp-json\/wp\/v2\/product"}],"about":[{"href":"https:\/\/www.sparcraft.com\/fr\/wp-json\/wp\/v2\/types\/product"}],"replies":[{"embeddable":true,"href":"https:\/\/www.sparcraft.com\/fr\/wp-json\/wp\/v2\/comments?post=36602"}],"wp:attachment":[{"href":"https:\/\/www.sparcraft.com\/fr\/wp-json\/wp\/v2\/media?parent=36602"}],"wp:term":[{"taxonomy":"product_brand","embeddable":true,"href":"https:\/\/www.sparcraft.com\/fr\/wp-json\/wp\/v2\/product_brand?post=36602"},{"taxonomy":"product_cat","embeddable":true,"href":"https:\/\/www.sparcraft.com\/fr\/wp-json\/wp\/v2\/product_cat?post=36602"},{"taxonomy":"product_tag","embeddable":true,"href":"https:\/\/www.sparcraft.com\/fr\/wp-json\/wp\/v2\/product_tag?post=36602"}],"curies":[{"name":"wp","href":"https:\/\/api.w.org\/{rel}","templated":true}]}}