{"id":36434,"date":"2024-11-14T12:47:28","date_gmt":"2024-11-14T11:47:28","guid":{"rendered":"https:\/\/www.sparcraft.com\/produit\/vit-de-mulet-s137-s330-complet-sans-crocs-de-ris-3451177oc17\/"},"modified":"2026-04-17T04:01:53","modified_gmt":"2026-04-17T02:01:53","slug":"vit-de-mulet-s137-s330-complet-sans-crocs-de-ris-3451177oc17","status":"publish","type":"product","link":"https:\/\/www.sparcraft.com\/fr\/produit\/vit-de-mulet-s137-s330-complet-sans-crocs-de-ris-3451177oc17\/","title":{"rendered":"VIT DE MULET S137-S330 COMPLET SANS CROCS DE RIS"},"content":{"rendered":"<p>  <P><A href=\"http:\/\/www.sparcraft.com\/ftpsparcraft\/Photos\/Bomes\/VDM\/Bome_VDM_reperes.jpg\">\u00e9clat\u00e9 pi\u00e8ces<\/A> :<\/P> <P>(1) &#8211; 1 ferrure&nbsp;notre r\u00e9f\u00e9rence :&nbsp;<A href=\"http:\/\/www.sparcraft.fr\/sku\/34515543093\" target=\"_blank\"><SPAN>34515543093<\/SPAN><\/A><\/P> <P>(2) &#8211; 1 cardan notre r\u00e9f\u00e9rence :&nbsp;<A href=\"http:\/\/www.sparcraft.fr\/sku\/34575544100\" target=\"_blank\">34575544100<\/A><\/P> <P>(3) &#8211; 1 axe&nbsp;notre r\u00e9f\u00e9rence :&nbsp;<A href=\"http:\/\/www.sparcraft.fr\/sku\/40020212085\" target=\"_blank\">40020212085<\/A><\/P> <P>(4) &#8211; 1&nbsp;manille notre r\u00e9f\u00e9rence :&nbsp;<A href=\"http:\/\/www.sparcraft.fr\/sku\/46001151006\" target=\"_blank\"><SPAN>46001151006<\/SPAN><\/A><\/P><\/p>\n","protected":false},"excerpt":{"rendered":"<p>  <P>Vit de mulet ris continu<\/P> <P><U><STRONG>L&rsquo;axe de vit de mulet est fourni sans crocs de ris<\/STRONG><\/U><\/P> <P>Mati\u00e8re : <STRONG>platine aluminium \/ cardan plastique<\/STRONG><\/P> <P>Diam\u00e8tre axe vertical&nbsp;:<STRONG> \u00d8 12 mm<\/STRONG><\/P> <P>Diam\u00e8tre&nbsp;manille : <STRONG>\u00d8&nbsp;6 mm<\/STRONG><\/P> <P>Pour sections de m\u00e2ts : <STRONG>S137 \u00e0 S330<\/STRONG><\/P> <P>Pour sections de b\u00f4mes : <STRONG>F36 \u00e0 F125<\/STRONG><\/P><\/p>\n","protected":false},"featured_media":0,"comment_status":"open","ping_status":"closed","template":"","meta":[],"product_brand":[],"product_cat":[17],"product_tag":[],"class_list":{"0":"post-36434","1":"product","2":"type-product","3":"status-publish","5":"product_cat-product","7":"first","8":"instock","9":"taxable","10":"shipping-taxable","11":"purchasable","12":"product-type-simple"},"yoast_head":"<!-- This site is optimized with the Yoast SEO plugin v27.4 - https:\/\/yoast.com\/product\/yoast-seo-wordpress\/ -->\n<title>VIT DE MULET S137-S330 COMPLET SANS CROCS DE RIS - Sparcraft<\/title>\n<meta name=\"robots\" content=\"index, follow, max-snippet:-1, max-image-preview:large, max-video-preview:-1\" \/>\n<link rel=\"canonical\" href=\"https:\/\/www.sparcraft.com\/fr\/produit\/vit-de-mulet-s137-s330-complet-sans-crocs-de-ris-3451177oc17\/\" \/>\n<meta property=\"og:locale\" content=\"fr_FR\" \/>\n<meta property=\"og:type\" content=\"article\" \/>\n<meta property=\"og:title\" content=\"VIT DE MULET S137-S330 COMPLET SANS CROCS DE RIS - Sparcraft\" \/>\n<meta property=\"og:description\" content=\"Vit de mulet ris continu L&#039;axe de vit de mulet est fourni sans crocs de ris Mati\u00e8re : platine aluminium \/ cardan plastique Diam\u00e8tre axe vertical&nbsp;: \u00d8 12 mm Diam\u00e8tre&nbsp;manille : \u00d8&nbsp;6 mm Pour sections de m\u00e2ts : S137 \u00e0 S330 Pour sections de b\u00f4mes : F36 \u00e0 F125\" \/>\n<meta property=\"og:url\" content=\"https:\/\/www.sparcraft.com\/fr\/produit\/vit-de-mulet-s137-s330-complet-sans-crocs-de-ris-3451177oc17\/\" \/>\n<meta property=\"og:site_name\" content=\"Sparcraft\" \/>\n<meta property=\"article:modified_time\" content=\"2026-04-17T02:01:53+00:00\" \/>\n<meta name=\"twitter:card\" content=\"summary_large_image\" \/>\n<script type=\"application\/ld+json\" class=\"yoast-schema-graph\">{\"@context\":\"https:\\\/\\\/schema.org\",\"@graph\":[{\"@type\":\"WebPage\",\"@id\":\"https:\\\/\\\/www.sparcraft.com\\\/fr\\\/produit\\\/vit-de-mulet-s137-s330-complet-sans-crocs-de-ris-3451177oc17\\\/\",\"url\":\"https:\\\/\\\/www.sparcraft.com\\\/fr\\\/produit\\\/vit-de-mulet-s137-s330-complet-sans-crocs-de-ris-3451177oc17\\\/\",\"name\":\"VIT DE MULET S137-S330 COMPLET SANS CROCS DE RIS - Sparcraft\",\"isPartOf\":{\"@id\":\"https:\\\/\\\/www.sparcraft.com\\\/fr\\\/#website\"},\"datePublished\":\"2024-11-14T11:47:28+00:00\",\"dateModified\":\"2026-04-17T02:01:53+00:00\",\"breadcrumb\":{\"@id\":\"https:\\\/\\\/www.sparcraft.com\\\/fr\\\/produit\\\/vit-de-mulet-s137-s330-complet-sans-crocs-de-ris-3451177oc17\\\/#breadcrumb\"},\"inLanguage\":\"fr-FR\",\"potentialAction\":[{\"@type\":\"ReadAction\",\"target\":[\"https:\\\/\\\/www.sparcraft.com\\\/fr\\\/produit\\\/vit-de-mulet-s137-s330-complet-sans-crocs-de-ris-3451177oc17\\\/\"]}]},{\"@type\":\"BreadcrumbList\",\"@id\":\"https:\\\/\\\/www.sparcraft.com\\\/fr\\\/produit\\\/vit-de-mulet-s137-s330-complet-sans-crocs-de-ris-3451177oc17\\\/#breadcrumb\",\"itemListElement\":[{\"@type\":\"ListItem\",\"position\":1,\"name\":\"Boutique\",\"item\":\"https:\\\/\\\/www.sparcraft.com\\\/fr\\\/boutique\\\/\"},{\"@type\":\"ListItem\",\"position\":2,\"name\":\"VIT DE MULET S137-S330 COMPLET SANS CROCS DE RIS\"}]},{\"@type\":\"WebSite\",\"@id\":\"https:\\\/\\\/www.sparcraft.com\\\/fr\\\/#website\",\"url\":\"https:\\\/\\\/www.sparcraft.com\\\/fr\\\/\",\"name\":\"Sparcraft\",\"description\":\"Mast &amp; Rigging\",\"potentialAction\":[{\"@type\":\"SearchAction\",\"target\":{\"@type\":\"EntryPoint\",\"urlTemplate\":\"https:\\\/\\\/www.sparcraft.com\\\/fr\\\/?s={search_term_string}\"},\"query-input\":{\"@type\":\"PropertyValueSpecification\",\"valueRequired\":true,\"valueName\":\"search_term_string\"}}],\"inLanguage\":\"fr-FR\"}]}<\/script>\n<!-- \/ Yoast SEO plugin. -->","yoast_head_json":{"title":"VIT DE MULET S137-S330 COMPLET SANS CROCS DE RIS - Sparcraft","robots":{"index":"index","follow":"follow","max-snippet":"max-snippet:-1","max-image-preview":"max-image-preview:large","max-video-preview":"max-video-preview:-1"},"canonical":"https:\/\/www.sparcraft.com\/fr\/produit\/vit-de-mulet-s137-s330-complet-sans-crocs-de-ris-3451177oc17\/","og_locale":"fr_FR","og_type":"article","og_title":"VIT DE MULET S137-S330 COMPLET SANS CROCS DE RIS - Sparcraft","og_description":"Vit de mulet ris continu L'axe de vit de mulet est fourni sans crocs de ris Mati\u00e8re : platine aluminium \/ cardan plastique Diam\u00e8tre axe vertical&nbsp;: \u00d8 12 mm Diam\u00e8tre&nbsp;manille : \u00d8&nbsp;6 mm Pour sections de m\u00e2ts : S137 \u00e0 S330 Pour sections de b\u00f4mes : F36 \u00e0 F125","og_url":"https:\/\/www.sparcraft.com\/fr\/produit\/vit-de-mulet-s137-s330-complet-sans-crocs-de-ris-3451177oc17\/","og_site_name":"Sparcraft","article_modified_time":"2026-04-17T02:01:53+00:00","twitter_card":"summary_large_image","schema":{"@context":"https:\/\/schema.org","@graph":[{"@type":"WebPage","@id":"https:\/\/www.sparcraft.com\/fr\/produit\/vit-de-mulet-s137-s330-complet-sans-crocs-de-ris-3451177oc17\/","url":"https:\/\/www.sparcraft.com\/fr\/produit\/vit-de-mulet-s137-s330-complet-sans-crocs-de-ris-3451177oc17\/","name":"VIT DE MULET S137-S330 COMPLET SANS CROCS DE RIS - Sparcraft","isPartOf":{"@id":"https:\/\/www.sparcraft.com\/fr\/#website"},"datePublished":"2024-11-14T11:47:28+00:00","dateModified":"2026-04-17T02:01:53+00:00","breadcrumb":{"@id":"https:\/\/www.sparcraft.com\/fr\/produit\/vit-de-mulet-s137-s330-complet-sans-crocs-de-ris-3451177oc17\/#breadcrumb"},"inLanguage":"fr-FR","potentialAction":[{"@type":"ReadAction","target":["https:\/\/www.sparcraft.com\/fr\/produit\/vit-de-mulet-s137-s330-complet-sans-crocs-de-ris-3451177oc17\/"]}]},{"@type":"BreadcrumbList","@id":"https:\/\/www.sparcraft.com\/fr\/produit\/vit-de-mulet-s137-s330-complet-sans-crocs-de-ris-3451177oc17\/#breadcrumb","itemListElement":[{"@type":"ListItem","position":1,"name":"Boutique","item":"https:\/\/www.sparcraft.com\/fr\/boutique\/"},{"@type":"ListItem","position":2,"name":"VIT DE MULET S137-S330 COMPLET SANS CROCS DE RIS"}]},{"@type":"WebSite","@id":"https:\/\/www.sparcraft.com\/fr\/#website","url":"https:\/\/www.sparcraft.com\/fr\/","name":"Sparcraft","description":"Mast &amp; Rigging","potentialAction":[{"@type":"SearchAction","target":{"@type":"EntryPoint","urlTemplate":"https:\/\/www.sparcraft.com\/fr\/?s={search_term_string}"},"query-input":{"@type":"PropertyValueSpecification","valueRequired":true,"valueName":"search_term_string"}}],"inLanguage":"fr-FR"}]}},"_links":{"self":[{"href":"https:\/\/www.sparcraft.com\/fr\/wp-json\/wp\/v2\/product\/36434","targetHints":{"allow":["GET"]}}],"collection":[{"href":"https:\/\/www.sparcraft.com\/fr\/wp-json\/wp\/v2\/product"}],"about":[{"href":"https:\/\/www.sparcraft.com\/fr\/wp-json\/wp\/v2\/types\/product"}],"replies":[{"embeddable":true,"href":"https:\/\/www.sparcraft.com\/fr\/wp-json\/wp\/v2\/comments?post=36434"}],"wp:attachment":[{"href":"https:\/\/www.sparcraft.com\/fr\/wp-json\/wp\/v2\/media?parent=36434"}],"wp:term":[{"taxonomy":"product_brand","embeddable":true,"href":"https:\/\/www.sparcraft.com\/fr\/wp-json\/wp\/v2\/product_brand?post=36434"},{"taxonomy":"product_cat","embeddable":true,"href":"https:\/\/www.sparcraft.com\/fr\/wp-json\/wp\/v2\/product_cat?post=36434"},{"taxonomy":"product_tag","embeddable":true,"href":"https:\/\/www.sparcraft.com\/fr\/wp-json\/wp\/v2\/product_tag?post=36434"}],"curies":[{"name":"wp","href":"https:\/\/api.w.org\/{rel}","templated":true}]}}