{"id":36353,"date":"2024-10-22T12:48:27","date_gmt":"2024-10-22T10:48:27","guid":{"rendered":"https:\/\/www.sparcraft.com\/produit\/embout-pour-tangon-a-piston-o80-90-ano-complet-38001000805\/"},"modified":"2024-10-31T00:43:32","modified_gmt":"2024-10-30T23:43:32","slug":"embout-pour-tangon-a-piston-o80-90-ano-complet-38001000805","status":"publish","type":"product","link":"https:\/\/www.sparcraft.com\/fr\/produit\/embout-pour-tangon-a-piston-o80-90-ano-complet-38001000805\/","title":{"rendered":"EMBOUT POUR TANGON A. PISTON . \u00d880-90 ANO COMPLET"},"content":{"rendered":"<p>  <P><U><STRONG>TANGON ALUMINIUM<\/STRONG><\/U><\/P> <P>&#8211; Compatible avec les tubes de \u00d8&nbsp;80mm x 2mm&nbsp;( l&#8217;embout est mont\u00e9 directement dans le tube)<\/P> <P>&#8211; Compatible avec les tubes de \u00d8&nbsp;90mm x 3mm&nbsp;en utilisant la bague d&rsquo;adaptation suivante <a href=\"https:\/\/www.sparcraft.fr\/sku\/40513090060\" target=\"_blank\" rel=\"noopener\">40513090060<\/A><\/P> <P><U><STRONG>TANGON CARBONE<\/STRONG><\/U><\/P> <P>&#8211; Compatible avec les tubes de \u00d8&nbsp;80mm x 2mm&nbsp;( l&#8217;embout est mont\u00e9 directement dans le tube)<\/P> <P>&#8211; Compatible avec les tubes de \u00d8&nbsp;90mm x 3mm&nbsp;en utilisant la bague d&rsquo;adaptation suivante <a href=\"https:\/\/www.sparcraft.fr\/sku\/39I00001A00\" target=\"_blank\" rel=\"noopener\">39I00001A00<\/A><\/P> <P>&#8211; Compatible avec les tubes de \u00d8&nbsp;100mm x 3mm&nbsp;en utilisant la bague d&rsquo;adaptation suivante <a href=\"https:\/\/www.sparcraft.fr\/sku\/39I00001A00\" target=\"_blank\" rel=\"noopener\"><SPAN>39I00001A00<\/SPAN><\/A><\/P> <P>&nbsp;<\/P><\/p>\n","protected":false},"excerpt":{"rendered":"<p>  <P>&#8211; Embouts avec m\u00e9canisme en inox.<\/P> <P>&#8211; Embouts \u00e0&nbsp;piston simple pour tubes de tangon diam\u00e8tre de \u00d8&nbsp;80* \u00e0 \u00d8 100 (*n\u00e9cessite une bague d&rsquo;adaptation)<\/P> <P>&#8211; Corps en composite<\/P> <P>&#8211; Commande manuelle<\/P> <P>&#8211; Pour des bateaux de&nbsp;33 \u00e0 43 pieds (valeur indicative)<\/P><\/p>\n","protected":false},"featured_media":0,"comment_status":"open","ping_status":"closed","template":"","meta":[],"product_brand":[],"product_cat":[17],"product_tag":[],"class_list":{"0":"post-36353","1":"product","2":"type-product","3":"status-publish","5":"product_cat-product","7":"first","8":"instock","9":"taxable","10":"shipping-taxable","11":"purchasable","12":"product-type-simple"},"yoast_head":"<!-- This site is optimized with the Yoast SEO plugin v27.4 - https:\/\/yoast.com\/product\/yoast-seo-wordpress\/ -->\n<title>EMBOUT POUR TANGON A. PISTON . \u00d880-90 ANO COMPLET - Sparcraft<\/title>\n<meta name=\"robots\" content=\"index, follow, max-snippet:-1, max-image-preview:large, max-video-preview:-1\" \/>\n<link rel=\"canonical\" href=\"https:\/\/www.sparcraft.com\/fr\/produit\/embout-pour-tangon-a-piston-o80-90-ano-complet-38001000805\/\" \/>\n<meta property=\"og:locale\" content=\"fr_FR\" \/>\n<meta property=\"og:type\" content=\"article\" \/>\n<meta property=\"og:title\" content=\"EMBOUT POUR TANGON A. PISTON . \u00d880-90 ANO COMPLET - Sparcraft\" \/>\n<meta property=\"og:description\" content=\"- Embouts avec m\u00e9canisme en inox. - Embouts \u00e0&nbsp;piston simple pour tubes de tangon diam\u00e8tre de \u00d8&nbsp;80* \u00e0 \u00d8 100 (*n\u00e9cessite une bague d&#039;adaptation) - Corps en composite - Commande manuelle - Pour des bateaux de&nbsp;33 \u00e0 43 pieds (valeur indicative)\" \/>\n<meta property=\"og:url\" content=\"https:\/\/www.sparcraft.com\/fr\/produit\/embout-pour-tangon-a-piston-o80-90-ano-complet-38001000805\/\" \/>\n<meta property=\"og:site_name\" content=\"Sparcraft\" \/>\n<meta property=\"article:modified_time\" content=\"2024-10-30T23:43:32+00:00\" \/>\n<meta name=\"twitter:card\" content=\"summary_large_image\" \/>\n<script type=\"application\/ld+json\" class=\"yoast-schema-graph\">{\"@context\":\"https:\\\/\\\/schema.org\",\"@graph\":[{\"@type\":\"WebPage\",\"@id\":\"https:\\\/\\\/www.sparcraft.com\\\/fr\\\/produit\\\/embout-pour-tangon-a-piston-o80-90-ano-complet-38001000805\\\/\",\"url\":\"https:\\\/\\\/www.sparcraft.com\\\/fr\\\/produit\\\/embout-pour-tangon-a-piston-o80-90-ano-complet-38001000805\\\/\",\"name\":\"EMBOUT POUR TANGON A. PISTON . \u00d880-90 ANO COMPLET - Sparcraft\",\"isPartOf\":{\"@id\":\"https:\\\/\\\/www.sparcraft.com\\\/fr\\\/#website\"},\"datePublished\":\"2024-10-22T10:48:27+00:00\",\"dateModified\":\"2024-10-30T23:43:32+00:00\",\"breadcrumb\":{\"@id\":\"https:\\\/\\\/www.sparcraft.com\\\/fr\\\/produit\\\/embout-pour-tangon-a-piston-o80-90-ano-complet-38001000805\\\/#breadcrumb\"},\"inLanguage\":\"fr-FR\",\"potentialAction\":[{\"@type\":\"ReadAction\",\"target\":[\"https:\\\/\\\/www.sparcraft.com\\\/fr\\\/produit\\\/embout-pour-tangon-a-piston-o80-90-ano-complet-38001000805\\\/\"]}]},{\"@type\":\"BreadcrumbList\",\"@id\":\"https:\\\/\\\/www.sparcraft.com\\\/fr\\\/produit\\\/embout-pour-tangon-a-piston-o80-90-ano-complet-38001000805\\\/#breadcrumb\",\"itemListElement\":[{\"@type\":\"ListItem\",\"position\":1,\"name\":\"Boutique\",\"item\":\"https:\\\/\\\/www.sparcraft.com\\\/fr\\\/boutique\\\/\"},{\"@type\":\"ListItem\",\"position\":2,\"name\":\"EMBOUT POUR TANGON A. PISTON . \u00d880-90 ANO COMPLET\"}]},{\"@type\":\"WebSite\",\"@id\":\"https:\\\/\\\/www.sparcraft.com\\\/fr\\\/#website\",\"url\":\"https:\\\/\\\/www.sparcraft.com\\\/fr\\\/\",\"name\":\"Sparcraft\",\"description\":\"Mast &amp; Rigging\",\"potentialAction\":[{\"@type\":\"SearchAction\",\"target\":{\"@type\":\"EntryPoint\",\"urlTemplate\":\"https:\\\/\\\/www.sparcraft.com\\\/fr\\\/?s={search_term_string}\"},\"query-input\":{\"@type\":\"PropertyValueSpecification\",\"valueRequired\":true,\"valueName\":\"search_term_string\"}}],\"inLanguage\":\"fr-FR\"}]}<\/script>\n<!-- \/ Yoast SEO plugin. -->","yoast_head_json":{"title":"EMBOUT POUR TANGON A. PISTON . \u00d880-90 ANO COMPLET - Sparcraft","robots":{"index":"index","follow":"follow","max-snippet":"max-snippet:-1","max-image-preview":"max-image-preview:large","max-video-preview":"max-video-preview:-1"},"canonical":"https:\/\/www.sparcraft.com\/fr\/produit\/embout-pour-tangon-a-piston-o80-90-ano-complet-38001000805\/","og_locale":"fr_FR","og_type":"article","og_title":"EMBOUT POUR TANGON A. PISTON . \u00d880-90 ANO COMPLET - Sparcraft","og_description":"- Embouts avec m\u00e9canisme en inox. - Embouts \u00e0&nbsp;piston simple pour tubes de tangon diam\u00e8tre de \u00d8&nbsp;80* \u00e0 \u00d8 100 (*n\u00e9cessite une bague d'adaptation) - Corps en composite - Commande manuelle - Pour des bateaux de&nbsp;33 \u00e0 43 pieds (valeur indicative)","og_url":"https:\/\/www.sparcraft.com\/fr\/produit\/embout-pour-tangon-a-piston-o80-90-ano-complet-38001000805\/","og_site_name":"Sparcraft","article_modified_time":"2024-10-30T23:43:32+00:00","twitter_card":"summary_large_image","schema":{"@context":"https:\/\/schema.org","@graph":[{"@type":"WebPage","@id":"https:\/\/www.sparcraft.com\/fr\/produit\/embout-pour-tangon-a-piston-o80-90-ano-complet-38001000805\/","url":"https:\/\/www.sparcraft.com\/fr\/produit\/embout-pour-tangon-a-piston-o80-90-ano-complet-38001000805\/","name":"EMBOUT POUR TANGON A. PISTON . \u00d880-90 ANO COMPLET - Sparcraft","isPartOf":{"@id":"https:\/\/www.sparcraft.com\/fr\/#website"},"datePublished":"2024-10-22T10:48:27+00:00","dateModified":"2024-10-30T23:43:32+00:00","breadcrumb":{"@id":"https:\/\/www.sparcraft.com\/fr\/produit\/embout-pour-tangon-a-piston-o80-90-ano-complet-38001000805\/#breadcrumb"},"inLanguage":"fr-FR","potentialAction":[{"@type":"ReadAction","target":["https:\/\/www.sparcraft.com\/fr\/produit\/embout-pour-tangon-a-piston-o80-90-ano-complet-38001000805\/"]}]},{"@type":"BreadcrumbList","@id":"https:\/\/www.sparcraft.com\/fr\/produit\/embout-pour-tangon-a-piston-o80-90-ano-complet-38001000805\/#breadcrumb","itemListElement":[{"@type":"ListItem","position":1,"name":"Boutique","item":"https:\/\/www.sparcraft.com\/fr\/boutique\/"},{"@type":"ListItem","position":2,"name":"EMBOUT POUR TANGON A. PISTON . \u00d880-90 ANO COMPLET"}]},{"@type":"WebSite","@id":"https:\/\/www.sparcraft.com\/fr\/#website","url":"https:\/\/www.sparcraft.com\/fr\/","name":"Sparcraft","description":"Mast &amp; Rigging","potentialAction":[{"@type":"SearchAction","target":{"@type":"EntryPoint","urlTemplate":"https:\/\/www.sparcraft.com\/fr\/?s={search_term_string}"},"query-input":{"@type":"PropertyValueSpecification","valueRequired":true,"valueName":"search_term_string"}}],"inLanguage":"fr-FR"}]}},"_links":{"self":[{"href":"https:\/\/www.sparcraft.com\/fr\/wp-json\/wp\/v2\/product\/36353","targetHints":{"allow":["GET"]}}],"collection":[{"href":"https:\/\/www.sparcraft.com\/fr\/wp-json\/wp\/v2\/product"}],"about":[{"href":"https:\/\/www.sparcraft.com\/fr\/wp-json\/wp\/v2\/types\/product"}],"replies":[{"embeddable":true,"href":"https:\/\/www.sparcraft.com\/fr\/wp-json\/wp\/v2\/comments?post=36353"}],"wp:attachment":[{"href":"https:\/\/www.sparcraft.com\/fr\/wp-json\/wp\/v2\/media?parent=36353"}],"wp:term":[{"taxonomy":"product_brand","embeddable":true,"href":"https:\/\/www.sparcraft.com\/fr\/wp-json\/wp\/v2\/product_brand?post=36353"},{"taxonomy":"product_cat","embeddable":true,"href":"https:\/\/www.sparcraft.com\/fr\/wp-json\/wp\/v2\/product_cat?post=36353"},{"taxonomy":"product_tag","embeddable":true,"href":"https:\/\/www.sparcraft.com\/fr\/wp-json\/wp\/v2\/product_tag?post=36353"}],"curies":[{"name":"wp","href":"https:\/\/api.w.org\/{rel}","templated":true}]}}