{"id":36328,"date":"2024-10-08T12:45:41","date_gmt":"2024-10-08T10:45:41","guid":{"rendered":"https:\/\/www.sparcraft.com\/produit\/tete-de-mat-enrouleur-n-3-boulonnee-complete-pour-greement-fractionne-non-retreint-s560e-30003b00115\/"},"modified":"2026-04-16T04:00:39","modified_gmt":"2026-04-16T02:00:39","slug":"tete-de-mat-enrouleur-n-3-boulonnee-complete-pour-greement-fractionne-non-retreint-s560e-30003b00115","status":"publish","type":"product","link":"https:\/\/www.sparcraft.com\/fr\/produit\/tete-de-mat-enrouleur-n-3-boulonnee-complete-pour-greement-fractionne-non-retreint-s560e-30003b00115\/","title":{"rendered":"TETE DE MAT ENROULEUR N\u00b03 BOULONNEE COMPLETE &#8211; POUR GREEMENT FRACTIONNE NON RETREINT S560E"},"content":{"rendered":"<p>  <P>Pr\u00e9vu pour 4 drisses (Grand voile, balancine de b\u00f4me et deux spi)<\/P> <P>Version t\u00eate de m\u00e2t boulonn\u00e9e sur certains profils.<\/P> <P>Compos\u00e9 de : <A href=\"https:\/\/www.sparcraft.com\/ftpsparcraft\/Photos\/TDM\/TDM_Enroul_fractionne_NR_Boul.jpg\" target=\"_blank\"><SPAN>\u00e9clat\u00e9 produit<\/SPAN><\/A><\/P> <UL> <LI>A : 1 corps &#8211;&nbsp;r\u00e9f\u00e9rence <A href=\"http:\/\/www.sparcraft.fr\/sku\/30003B01152\">30003B01152<\/A><\/LI> <LI>B : 1 cloison&nbsp;&#8211; r\u00e9f\u00e9rence <A href=\"http:\/\/www.sparcraft.fr\/sku\/30003153955\">30003153955<\/A><\/LI> <LI>KIT COMPOSANT C+D+E+F- r\u00e9f\u00e9rence <A href=\"http:\/\/www.sparcraft.fr\/sku\/30003B07110\"><SPAN>30003B07110<\/SPAN><\/A> <UL> <LI>C :&nbsp;2 r\u00e9as &#8211; r\u00e9f\u00e9rence <A href=\"http:\/\/www.sparcraft.fr\/sku\/48685151200\"><SPAN>48685151200<\/SPAN><\/A><\/LI> <LI>C :&nbsp;4 r\u00e9as &#8211; r\u00e9f\u00e9rence <A href=\"http:\/\/www.sparcraft.fr\/sku\/48660151200\"><SPAN>48660151200<\/SPAN><\/A><\/LI> <LI>C :&nbsp;1 r\u00e9a &#8211; r\u00e9f\u00e9rence <A href=\"http:\/\/www.sparcraft.fr\/sku\/48510401516\"><SPAN>48510401516<\/SPAN><\/A><\/LI> <LI>D :&nbsp;1 axe droit &#8211; r\u00e9f\u00e9rence <A href=\"http:\/\/www.sparcraft.fr\/sku\/40020212052\"><SPAN>40020212052<\/SPAN><\/A><\/LI> <LI>E :&nbsp;2 axes \u00e9paul\u00e9 &#8211; r\u00e9f\u00e9rence <A href=\"http:\/\/www.sparcraft.fr\/sku\/40020112060\"><SPAN>40020112060<\/SPAN><\/A><\/LI> <LI>E :&nbsp;1 axe \u00e9paul\u00e9 &#8211; r\u00e9f\u00e9rence <A href=\"http:\/\/www.sparcraft.fr\/sku\/40020112105\"><SPAN>40020112105<\/SPAN><\/A><\/LI> <LI>F :&nbsp;1 goupille &#8211; r\u00e9f\u00e9rence <A href=\"http:\/\/www.sparcraft.fr\/sku\/28803032200\"><SPAN>28803032200<\/SPAN><\/A><\/LI><\/UL><\/LI> <LI>KIT&nbsp;ASSEMBLAGE G+H+I+J+K- r\u00e9f\u00e9rence <A href=\"http:\/\/www.sparcraft.fr\/sku\/30003B02000\"><SPAN>30003B02000<\/SPAN><\/A> <UL> <LI>G :&nbsp;2&nbsp;plots&nbsp;&#8211; r\u00e9f\u00e9rence <A href=\"http:\/\/www.sparcraft.fr\/sku\/30003B03014\"><SPAN>30003B03014<\/SPAN><\/A><\/LI> <LI>H&nbsp;:&nbsp;2 vis&nbsp;&#8211; r\u00e9f\u00e9rence <A href=\"http:\/\/www.sparcraft.fr\/sku\/28600110070\"><SPAN>28600110070<\/SPAN><\/A><\/LI> <LI>I : 2 rivets &#8211; r\u00e9f\u00e9rence <A href=\"http:\/\/www.sparcraft.fr\/sku\/29002248140\"><SPAN>29002248140<\/SPAN><\/A><\/LI> <LI>J : 2 rondelles &#8211; r\u00e9f\u00e9rence <A href=\"http:\/\/www.sparcraft.fr\/sku\/28601010000\"><SPAN>28601010000<\/SPAN><\/A><\/LI> <LI>K : 2 \u00e9crous freins&nbsp;&#8211; r\u00e9f\u00e9rence <A href=\"http:\/\/www.sparcraft.fr\/sku\/28600508000\"><SPAN>28600510000<\/SPAN><\/A><\/LI><\/UL><\/LI><\/UL><\/p>\n","protected":false},"excerpt":{"rendered":"<p>  <P>T\u00eate de m\u00e2t enrouleur&nbsp;boulonn\u00e9e&nbsp;pour gr\u00e9ement fractionn\u00e9 non r\u00e9treint<\/P> <P>Section : <STRONG>n\u00b03<\/STRONG><\/P> <P>Profil : <STRONG>S560E<\/STRONG><\/P> <P>Longueur :<STRONG>&nbsp;405 mm<\/STRONG><\/P> <P>Mat\u00e9riau : alu anodis\u00e9<\/P> <P>\u00d8 axe chape usuel (non inclus <A href=\"https:\/\/www.sparcraft.com\/fr\/mats-sparcraft\/mats-classiques-sections-s\/tetes-mat-sections-s\/#tab-id-3\" target=\"_blank\"><SPAN>voir d\u00e9tail<\/SPAN><\/A>)&nbsp;<STRONG>: \u00d8&nbsp;12,16 mm <\/STRONG><\/P> <P>Dimensions en&nbsp;mm <STRONG>(<A href=\"https:\/\/www.sparcraft.com\/ftpsparcraft\/Photos\/TDM\/TDM_Enroul_EnTete_NR_Dim_30003B20085_2.jpg\"><SPAN>dimensions<\/SPAN><\/A>) : <STRONG>G=240 H=86&nbsp;T=450&nbsp;U=91<\/STRONG><\/STRONG><\/P><\/p>\n","protected":false},"featured_media":0,"comment_status":"open","ping_status":"closed","template":"","meta":[],"product_brand":[],"product_cat":[17],"product_tag":[],"class_list":{"0":"post-36328","1":"product","2":"type-product","3":"status-publish","5":"product_cat-product","7":"first","8":"instock","9":"taxable","10":"shipping-taxable","11":"purchasable","12":"product-type-simple"},"yoast_head":"<!-- This site is optimized with the Yoast SEO plugin v27.4 - https:\/\/yoast.com\/product\/yoast-seo-wordpress\/ -->\n<title>TETE DE MAT ENROULEUR N\u00b03 BOULONNEE COMPLETE - POUR GREEMENT FRACTIONNE NON RETREINT S560E - Sparcraft<\/title>\n<meta name=\"robots\" content=\"index, follow, max-snippet:-1, max-image-preview:large, max-video-preview:-1\" \/>\n<link rel=\"canonical\" href=\"https:\/\/www.sparcraft.com\/fr\/produit\/tete-de-mat-enrouleur-n-3-boulonnee-complete-pour-greement-fractionne-non-retreint-s560e-30003b00115\/\" \/>\n<meta property=\"og:locale\" content=\"fr_FR\" \/>\n<meta property=\"og:type\" content=\"article\" \/>\n<meta property=\"og:title\" content=\"TETE DE MAT ENROULEUR N\u00b03 BOULONNEE COMPLETE - POUR GREEMENT FRACTIONNE NON RETREINT S560E - Sparcraft\" \/>\n<meta property=\"og:description\" content=\"T\u00eate de m\u00e2t enrouleur&nbsp;boulonn\u00e9e&nbsp;pour gr\u00e9ement fractionn\u00e9 non r\u00e9treint Section : n\u00b03 Profil : S560E Longueur :&nbsp;405 mm Mat\u00e9riau : alu anodis\u00e9 \u00d8 axe chape usuel (non inclus voir d\u00e9tail)&nbsp;: \u00d8&nbsp;12,16 mm Dimensions en&nbsp;mm (dimensions) : G=240 H=86&nbsp;T=450&nbsp;U=91\" \/>\n<meta property=\"og:url\" content=\"https:\/\/www.sparcraft.com\/fr\/produit\/tete-de-mat-enrouleur-n-3-boulonnee-complete-pour-greement-fractionne-non-retreint-s560e-30003b00115\/\" \/>\n<meta property=\"og:site_name\" content=\"Sparcraft\" \/>\n<meta property=\"article:modified_time\" content=\"2026-04-16T02:00:39+00:00\" \/>\n<meta name=\"twitter:card\" content=\"summary_large_image\" \/>\n<meta name=\"twitter:label1\" content=\"Dur\u00e9e de lecture estim\u00e9e\" \/>\n\t<meta name=\"twitter:data1\" content=\"1 minute\" \/>\n<script type=\"application\/ld+json\" class=\"yoast-schema-graph\">{\"@context\":\"https:\\\/\\\/schema.org\",\"@graph\":[{\"@type\":\"WebPage\",\"@id\":\"https:\\\/\\\/www.sparcraft.com\\\/fr\\\/produit\\\/tete-de-mat-enrouleur-n-3-boulonnee-complete-pour-greement-fractionne-non-retreint-s560e-30003b00115\\\/\",\"url\":\"https:\\\/\\\/www.sparcraft.com\\\/fr\\\/produit\\\/tete-de-mat-enrouleur-n-3-boulonnee-complete-pour-greement-fractionne-non-retreint-s560e-30003b00115\\\/\",\"name\":\"TETE DE MAT ENROULEUR N\u00b03 BOULONNEE COMPLETE - POUR GREEMENT FRACTIONNE NON RETREINT S560E - Sparcraft\",\"isPartOf\":{\"@id\":\"https:\\\/\\\/www.sparcraft.com\\\/fr\\\/#website\"},\"datePublished\":\"2024-10-08T10:45:41+00:00\",\"dateModified\":\"2026-04-16T02:00:39+00:00\",\"breadcrumb\":{\"@id\":\"https:\\\/\\\/www.sparcraft.com\\\/fr\\\/produit\\\/tete-de-mat-enrouleur-n-3-boulonnee-complete-pour-greement-fractionne-non-retreint-s560e-30003b00115\\\/#breadcrumb\"},\"inLanguage\":\"fr-FR\",\"potentialAction\":[{\"@type\":\"ReadAction\",\"target\":[\"https:\\\/\\\/www.sparcraft.com\\\/fr\\\/produit\\\/tete-de-mat-enrouleur-n-3-boulonnee-complete-pour-greement-fractionne-non-retreint-s560e-30003b00115\\\/\"]}]},{\"@type\":\"BreadcrumbList\",\"@id\":\"https:\\\/\\\/www.sparcraft.com\\\/fr\\\/produit\\\/tete-de-mat-enrouleur-n-3-boulonnee-complete-pour-greement-fractionne-non-retreint-s560e-30003b00115\\\/#breadcrumb\",\"itemListElement\":[{\"@type\":\"ListItem\",\"position\":1,\"name\":\"Boutique\",\"item\":\"https:\\\/\\\/www.sparcraft.com\\\/fr\\\/boutique\\\/\"},{\"@type\":\"ListItem\",\"position\":2,\"name\":\"TETE DE MAT ENROULEUR N\u00b03 BOULONNEE COMPLETE &#8211; POUR GREEMENT FRACTIONNE NON RETREINT S560E\"}]},{\"@type\":\"WebSite\",\"@id\":\"https:\\\/\\\/www.sparcraft.com\\\/fr\\\/#website\",\"url\":\"https:\\\/\\\/www.sparcraft.com\\\/fr\\\/\",\"name\":\"Sparcraft\",\"description\":\"Mast &amp; Rigging\",\"potentialAction\":[{\"@type\":\"SearchAction\",\"target\":{\"@type\":\"EntryPoint\",\"urlTemplate\":\"https:\\\/\\\/www.sparcraft.com\\\/fr\\\/?s={search_term_string}\"},\"query-input\":{\"@type\":\"PropertyValueSpecification\",\"valueRequired\":true,\"valueName\":\"search_term_string\"}}],\"inLanguage\":\"fr-FR\"}]}<\/script>\n<!-- \/ Yoast SEO plugin. -->","yoast_head_json":{"title":"TETE DE MAT ENROULEUR N\u00b03 BOULONNEE COMPLETE - POUR GREEMENT FRACTIONNE NON RETREINT S560E - Sparcraft","robots":{"index":"index","follow":"follow","max-snippet":"max-snippet:-1","max-image-preview":"max-image-preview:large","max-video-preview":"max-video-preview:-1"},"canonical":"https:\/\/www.sparcraft.com\/fr\/produit\/tete-de-mat-enrouleur-n-3-boulonnee-complete-pour-greement-fractionne-non-retreint-s560e-30003b00115\/","og_locale":"fr_FR","og_type":"article","og_title":"TETE DE MAT ENROULEUR N\u00b03 BOULONNEE COMPLETE - POUR GREEMENT FRACTIONNE NON RETREINT S560E - Sparcraft","og_description":"T\u00eate de m\u00e2t enrouleur&nbsp;boulonn\u00e9e&nbsp;pour gr\u00e9ement fractionn\u00e9 non r\u00e9treint Section : n\u00b03 Profil : S560E Longueur :&nbsp;405 mm Mat\u00e9riau : alu anodis\u00e9 \u00d8 axe chape usuel (non inclus voir d\u00e9tail)&nbsp;: \u00d8&nbsp;12,16 mm Dimensions en&nbsp;mm (dimensions) : G=240 H=86&nbsp;T=450&nbsp;U=91","og_url":"https:\/\/www.sparcraft.com\/fr\/produit\/tete-de-mat-enrouleur-n-3-boulonnee-complete-pour-greement-fractionne-non-retreint-s560e-30003b00115\/","og_site_name":"Sparcraft","article_modified_time":"2026-04-16T02:00:39+00:00","twitter_card":"summary_large_image","twitter_misc":{"Dur\u00e9e de lecture estim\u00e9e":"1 minute"},"schema":{"@context":"https:\/\/schema.org","@graph":[{"@type":"WebPage","@id":"https:\/\/www.sparcraft.com\/fr\/produit\/tete-de-mat-enrouleur-n-3-boulonnee-complete-pour-greement-fractionne-non-retreint-s560e-30003b00115\/","url":"https:\/\/www.sparcraft.com\/fr\/produit\/tete-de-mat-enrouleur-n-3-boulonnee-complete-pour-greement-fractionne-non-retreint-s560e-30003b00115\/","name":"TETE DE MAT ENROULEUR N\u00b03 BOULONNEE COMPLETE - POUR GREEMENT FRACTIONNE NON RETREINT S560E - Sparcraft","isPartOf":{"@id":"https:\/\/www.sparcraft.com\/fr\/#website"},"datePublished":"2024-10-08T10:45:41+00:00","dateModified":"2026-04-16T02:00:39+00:00","breadcrumb":{"@id":"https:\/\/www.sparcraft.com\/fr\/produit\/tete-de-mat-enrouleur-n-3-boulonnee-complete-pour-greement-fractionne-non-retreint-s560e-30003b00115\/#breadcrumb"},"inLanguage":"fr-FR","potentialAction":[{"@type":"ReadAction","target":["https:\/\/www.sparcraft.com\/fr\/produit\/tete-de-mat-enrouleur-n-3-boulonnee-complete-pour-greement-fractionne-non-retreint-s560e-30003b00115\/"]}]},{"@type":"BreadcrumbList","@id":"https:\/\/www.sparcraft.com\/fr\/produit\/tete-de-mat-enrouleur-n-3-boulonnee-complete-pour-greement-fractionne-non-retreint-s560e-30003b00115\/#breadcrumb","itemListElement":[{"@type":"ListItem","position":1,"name":"Boutique","item":"https:\/\/www.sparcraft.com\/fr\/boutique\/"},{"@type":"ListItem","position":2,"name":"TETE DE MAT ENROULEUR N\u00b03 BOULONNEE COMPLETE &#8211; POUR GREEMENT FRACTIONNE NON RETREINT S560E"}]},{"@type":"WebSite","@id":"https:\/\/www.sparcraft.com\/fr\/#website","url":"https:\/\/www.sparcraft.com\/fr\/","name":"Sparcraft","description":"Mast &amp; Rigging","potentialAction":[{"@type":"SearchAction","target":{"@type":"EntryPoint","urlTemplate":"https:\/\/www.sparcraft.com\/fr\/?s={search_term_string}"},"query-input":{"@type":"PropertyValueSpecification","valueRequired":true,"valueName":"search_term_string"}}],"inLanguage":"fr-FR"}]}},"_links":{"self":[{"href":"https:\/\/www.sparcraft.com\/fr\/wp-json\/wp\/v2\/product\/36328","targetHints":{"allow":["GET"]}}],"collection":[{"href":"https:\/\/www.sparcraft.com\/fr\/wp-json\/wp\/v2\/product"}],"about":[{"href":"https:\/\/www.sparcraft.com\/fr\/wp-json\/wp\/v2\/types\/product"}],"replies":[{"embeddable":true,"href":"https:\/\/www.sparcraft.com\/fr\/wp-json\/wp\/v2\/comments?post=36328"}],"wp:attachment":[{"href":"https:\/\/www.sparcraft.com\/fr\/wp-json\/wp\/v2\/media?parent=36328"}],"wp:term":[{"taxonomy":"product_brand","embeddable":true,"href":"https:\/\/www.sparcraft.com\/fr\/wp-json\/wp\/v2\/product_brand?post=36328"},{"taxonomy":"product_cat","embeddable":true,"href":"https:\/\/www.sparcraft.com\/fr\/wp-json\/wp\/v2\/product_cat?post=36328"},{"taxonomy":"product_tag","embeddable":true,"href":"https:\/\/www.sparcraft.com\/fr\/wp-json\/wp\/v2\/product_tag?post=36328"}],"curies":[{"name":"wp","href":"https:\/\/api.w.org\/{rel}","templated":true}]}}