{"id":36136,"date":"2024-08-06T12:46:14","date_gmt":"2024-08-06T10:46:14","guid":{"rendered":"https:\/\/www.sparcraft.com\/produit\/tete-de-mat-n-3-soudee-complete-pour-greement-fractionne-non-retreint-s1210-30006034305\/"},"modified":"2026-04-16T04:01:12","modified_gmt":"2026-04-16T02:01:12","slug":"tete-de-mat-n-3-soudee-complete-pour-greement-fractionne-retreint-s1210-30006034305","status":"publish","type":"product","link":"https:\/\/www.sparcraft.com\/fr\/produit\/tete-de-mat-n-3-soudee-complete-pour-greement-fractionne-retreint-s1210-30006034305\/","title":{"rendered":"TETE DE MAT N\u00b03 SOUDEE COMPLETE &#8211; POUR GREEMENT FRACTIONNE RETREINT S1210"},"content":{"rendered":"<p>  <P>Pr\u00e9vu pour 4 drisses (Grand voile, balancine de b\u00f4me et deux spi)<\/P> <P>Version t\u00eate de m\u00e2t boulonn\u00e9e sur certains profils.<\/P> <P>Option :&nbsp;ferrure ext\u00e9rieure de spi&nbsp;double &#8211; notre r\u00e9f\u00e9rence <A href=\"http:\/\/www.sparcraft.fr\/sku\/30016241505\"><SPAN>30016241505<\/SPAN><\/A>&nbsp;ou double renforc\u00e9e &#8211; notre r\u00e9f\u00e9rence <A href=\"http:\/\/www.sparcraft.fr\/sku\/30017141325\"><SPAN>30017141325<\/SPAN><\/A><\/P> <P>Compos\u00e9 de : <A href=\"https:\/\/www.sparcraft.com\/ftpsparcraft\/Photos\/TDM\/%20TDM_fractionne_ret_30006034305.jpg\" target=\"_blank\"><SPAN>\u00e9clat\u00e9 produit<\/SPAN><\/A><\/P> <UL> <LI>A + B : 1 corps + 1 cloison int\u00e9gr\u00e9&nbsp;&#8211;&nbsp;r\u00e9f\u00e9rence <A href=\"http:\/\/www.sparcraft.fr\/sku\/30006034302\">30006034302<\/A><\/LI> <LI>C :&nbsp;4 r\u00e9as &#8211; r\u00e9f\u00e9rence <A href=\"http:\/\/www.sparcraft.fr\/sku\/48511102125\"><SPAN>48511102125<\/SPAN><\/A><\/LI> <LI>D : 1 axe&nbsp;droit &#8211; r\u00e9f\u00e9rence <A href=\"http:\/\/www.sparcraft.fr\/sku\/40020118080\">40020118080<\/A><\/LI> <LI>E : 1 axe&nbsp;\u00e9paul\u00e9 &#8211; r\u00e9f\u00e9rence <A href=\"http:\/\/www.sparcraft.fr\/sku\/40020218078\"><SPAN>40020218078<\/SPAN><\/A><\/LI> <LI>F : 1 goupille &#8211; r\u00e9f\u00e9rence <A href=\"http:\/\/www.sparcraft.fr\/sku\/28803040400\"><SPAN>28803040400<\/SPAN><\/A><\/LI> <LI>G&nbsp;: 1&nbsp;cache axe&nbsp;&#8211; r\u00e9f\u00e9rence <A href=\"http:\/\/www.sparcraft.fr\/sku\/41201020205\"><SPAN>41201020205<\/SPAN><\/A><\/LI> <LI>J : 1 rondelle &#8211; r\u00e9f\u00e9rence <A href=\"http:\/\/www.sparcraft.fr\/sku\/28601018000\"><SPAN>28601018000<\/SPAN><\/A><\/LI> <LI>Axe de mouflage&nbsp;: option&nbsp;&#8211; nous consulter<\/LI><\/UL><\/p>\n","protected":false},"excerpt":{"rendered":"<p>  <P>T\u00eate de m\u00e2t soud\u00e9e fractionn\u00e9 r\u00e9treint<\/P> <P>Section&nbsp;: <STRONG>n\u00b06<\/STRONG><\/P> <P>Profil&nbsp;: <STRONG>S1210<\/STRONG><\/P> <P>Longueur :<STRONG>&nbsp;430mm<\/STRONG><\/P> <P>Mat\u00e9riau : <STRONG>alu brut<\/STRONG><\/P> <P>\u00d8&nbsp;axe chape usuel&nbsp;(non inclus <A href=\"https:\/\/www.sparcraft.com\/fr\/mats-sparcraft\/mats-classiques-sections-s\/tetes-mat-sections-s\/#tab-id-3\" target=\"_blank\"><SPAN>voir d\u00e9tail<\/SPAN><\/A>)&nbsp;<STRONG>: \u00d8&nbsp;12,16, 18&nbsp;mm<\/STRONG><\/P> <P>Dimensions&nbsp;en&nbsp;mm (<A href=\"https:\/\/www.sparcraft.com\/ftpsparcraft\/Photos\/TDM\/TDM_fractionne_ret_Dim.png\"><SPAN>dimensions<\/SPAN><\/A>): <STRONG>G=285 H=38&nbsp; T=400 U=101<\/STRONG><\/P> <P>Longueur r\u00e9treint&nbsp;usuel&nbsp;*&nbsp;:<STRONG>&nbsp;2250 mm<\/STRONG><\/P> <P><EM><SPAN><SPAN><SPAN>*valeurs indicatives. Le bureau d&rsquo;\u00e9tudes Sparcraft peut modifier ces donn\u00e9es selon configurations.<\/SPAN><\/SPAN><\/SPAN><\/EM><\/P><\/p>\n","protected":false},"featured_media":0,"comment_status":"open","ping_status":"closed","template":"","meta":[],"product_brand":[],"product_cat":[17],"product_tag":[],"class_list":{"0":"post-36136","1":"product","2":"type-product","3":"status-publish","5":"product_cat-product","7":"first","8":"instock","9":"taxable","10":"shipping-taxable","11":"purchasable","12":"product-type-simple"},"yoast_head":"<!-- This site is optimized with the Yoast SEO plugin v27.4 - https:\/\/yoast.com\/product\/yoast-seo-wordpress\/ -->\n<title>TETE DE MAT N\u00b03 SOUDEE COMPLETE - POUR GREEMENT FRACTIONNE RETREINT S1210 - Sparcraft<\/title>\n<meta name=\"robots\" content=\"index, follow, max-snippet:-1, max-image-preview:large, max-video-preview:-1\" \/>\n<link rel=\"canonical\" href=\"https:\/\/www.sparcraft.com\/fr\/produit\/tete-de-mat-n-3-soudee-complete-pour-greement-fractionne-retreint-s1210-30006034305\/\" \/>\n<meta property=\"og:locale\" content=\"fr_FR\" \/>\n<meta property=\"og:type\" content=\"article\" \/>\n<meta property=\"og:title\" content=\"TETE DE MAT N\u00b03 SOUDEE COMPLETE - POUR GREEMENT FRACTIONNE RETREINT S1210 - Sparcraft\" \/>\n<meta property=\"og:description\" content=\"T\u00eate de m\u00e2t soud\u00e9e fractionn\u00e9 r\u00e9treint Section&nbsp;: n\u00b06 Profil&nbsp;: S1210 Longueur :&nbsp;430mm Mat\u00e9riau : alu brut \u00d8&nbsp;axe chape usuel&nbsp;(non inclus voir d\u00e9tail)&nbsp;: \u00d8&nbsp;12,16, 18&nbsp;mm Dimensions&nbsp;en&nbsp;mm (dimensions): G=285 H=38&nbsp; T=400 U=101 Longueur r\u00e9treint&nbsp;usuel&nbsp;*&nbsp;:&nbsp;2250 mm *valeurs indicatives. Le bureau d&#039;\u00e9tudes Sparcraft peut modifier ces donn\u00e9es selon configurations.\" \/>\n<meta property=\"og:url\" content=\"https:\/\/www.sparcraft.com\/fr\/produit\/tete-de-mat-n-3-soudee-complete-pour-greement-fractionne-retreint-s1210-30006034305\/\" \/>\n<meta property=\"og:site_name\" content=\"Sparcraft\" \/>\n<meta property=\"article:modified_time\" content=\"2026-04-16T02:01:12+00:00\" \/>\n<meta name=\"twitter:card\" content=\"summary_large_image\" \/>\n<meta name=\"twitter:label1\" content=\"Dur\u00e9e de lecture estim\u00e9e\" \/>\n\t<meta name=\"twitter:data1\" content=\"1 minute\" \/>\n<script type=\"application\/ld+json\" class=\"yoast-schema-graph\">{\"@context\":\"https:\\\/\\\/schema.org\",\"@graph\":[{\"@type\":\"WebPage\",\"@id\":\"https:\\\/\\\/www.sparcraft.com\\\/fr\\\/produit\\\/tete-de-mat-n-3-soudee-complete-pour-greement-fractionne-retreint-s1210-30006034305\\\/\",\"url\":\"https:\\\/\\\/www.sparcraft.com\\\/fr\\\/produit\\\/tete-de-mat-n-3-soudee-complete-pour-greement-fractionne-retreint-s1210-30006034305\\\/\",\"name\":\"TETE DE MAT N\u00b03 SOUDEE COMPLETE - POUR GREEMENT FRACTIONNE RETREINT S1210 - Sparcraft\",\"isPartOf\":{\"@id\":\"https:\\\/\\\/www.sparcraft.com\\\/fr\\\/#website\"},\"datePublished\":\"2024-08-06T10:46:14+00:00\",\"dateModified\":\"2026-04-16T02:01:12+00:00\",\"breadcrumb\":{\"@id\":\"https:\\\/\\\/www.sparcraft.com\\\/fr\\\/produit\\\/tete-de-mat-n-3-soudee-complete-pour-greement-fractionne-retreint-s1210-30006034305\\\/#breadcrumb\"},\"inLanguage\":\"fr-FR\",\"potentialAction\":[{\"@type\":\"ReadAction\",\"target\":[\"https:\\\/\\\/www.sparcraft.com\\\/fr\\\/produit\\\/tete-de-mat-n-3-soudee-complete-pour-greement-fractionne-retreint-s1210-30006034305\\\/\"]}]},{\"@type\":\"BreadcrumbList\",\"@id\":\"https:\\\/\\\/www.sparcraft.com\\\/fr\\\/produit\\\/tete-de-mat-n-3-soudee-complete-pour-greement-fractionne-retreint-s1210-30006034305\\\/#breadcrumb\",\"itemListElement\":[{\"@type\":\"ListItem\",\"position\":1,\"name\":\"Boutique\",\"item\":\"https:\\\/\\\/www.sparcraft.com\\\/fr\\\/boutique\\\/\"},{\"@type\":\"ListItem\",\"position\":2,\"name\":\"TETE DE MAT N\u00b03 SOUDEE COMPLETE &#8211; POUR GREEMENT FRACTIONNE RETREINT S1210\"}]},{\"@type\":\"WebSite\",\"@id\":\"https:\\\/\\\/www.sparcraft.com\\\/fr\\\/#website\",\"url\":\"https:\\\/\\\/www.sparcraft.com\\\/fr\\\/\",\"name\":\"Sparcraft\",\"description\":\"Mast &amp; Rigging\",\"potentialAction\":[{\"@type\":\"SearchAction\",\"target\":{\"@type\":\"EntryPoint\",\"urlTemplate\":\"https:\\\/\\\/www.sparcraft.com\\\/fr\\\/?s={search_term_string}\"},\"query-input\":{\"@type\":\"PropertyValueSpecification\",\"valueRequired\":true,\"valueName\":\"search_term_string\"}}],\"inLanguage\":\"fr-FR\"}]}<\/script>\n<!-- \/ Yoast SEO plugin. -->","yoast_head_json":{"title":"TETE DE MAT N\u00b03 SOUDEE COMPLETE - POUR GREEMENT FRACTIONNE RETREINT S1210 - Sparcraft","robots":{"index":"index","follow":"follow","max-snippet":"max-snippet:-1","max-image-preview":"max-image-preview:large","max-video-preview":"max-video-preview:-1"},"canonical":"https:\/\/www.sparcraft.com\/fr\/produit\/tete-de-mat-n-3-soudee-complete-pour-greement-fractionne-retreint-s1210-30006034305\/","og_locale":"fr_FR","og_type":"article","og_title":"TETE DE MAT N\u00b03 SOUDEE COMPLETE - POUR GREEMENT FRACTIONNE RETREINT S1210 - Sparcraft","og_description":"T\u00eate de m\u00e2t soud\u00e9e fractionn\u00e9 r\u00e9treint Section&nbsp;: n\u00b06 Profil&nbsp;: S1210 Longueur :&nbsp;430mm Mat\u00e9riau : alu brut \u00d8&nbsp;axe chape usuel&nbsp;(non inclus voir d\u00e9tail)&nbsp;: \u00d8&nbsp;12,16, 18&nbsp;mm Dimensions&nbsp;en&nbsp;mm (dimensions): G=285 H=38&nbsp; T=400 U=101 Longueur r\u00e9treint&nbsp;usuel&nbsp;*&nbsp;:&nbsp;2250 mm *valeurs indicatives. Le bureau d'\u00e9tudes Sparcraft peut modifier ces donn\u00e9es selon configurations.","og_url":"https:\/\/www.sparcraft.com\/fr\/produit\/tete-de-mat-n-3-soudee-complete-pour-greement-fractionne-retreint-s1210-30006034305\/","og_site_name":"Sparcraft","article_modified_time":"2026-04-16T02:01:12+00:00","twitter_card":"summary_large_image","twitter_misc":{"Dur\u00e9e de lecture estim\u00e9e":"1 minute"},"schema":{"@context":"https:\/\/schema.org","@graph":[{"@type":"WebPage","@id":"https:\/\/www.sparcraft.com\/fr\/produit\/tete-de-mat-n-3-soudee-complete-pour-greement-fractionne-retreint-s1210-30006034305\/","url":"https:\/\/www.sparcraft.com\/fr\/produit\/tete-de-mat-n-3-soudee-complete-pour-greement-fractionne-retreint-s1210-30006034305\/","name":"TETE DE MAT N\u00b03 SOUDEE COMPLETE - POUR GREEMENT FRACTIONNE RETREINT S1210 - Sparcraft","isPartOf":{"@id":"https:\/\/www.sparcraft.com\/fr\/#website"},"datePublished":"2024-08-06T10:46:14+00:00","dateModified":"2026-04-16T02:01:12+00:00","breadcrumb":{"@id":"https:\/\/www.sparcraft.com\/fr\/produit\/tete-de-mat-n-3-soudee-complete-pour-greement-fractionne-retreint-s1210-30006034305\/#breadcrumb"},"inLanguage":"fr-FR","potentialAction":[{"@type":"ReadAction","target":["https:\/\/www.sparcraft.com\/fr\/produit\/tete-de-mat-n-3-soudee-complete-pour-greement-fractionne-retreint-s1210-30006034305\/"]}]},{"@type":"BreadcrumbList","@id":"https:\/\/www.sparcraft.com\/fr\/produit\/tete-de-mat-n-3-soudee-complete-pour-greement-fractionne-retreint-s1210-30006034305\/#breadcrumb","itemListElement":[{"@type":"ListItem","position":1,"name":"Boutique","item":"https:\/\/www.sparcraft.com\/fr\/boutique\/"},{"@type":"ListItem","position":2,"name":"TETE DE MAT N\u00b03 SOUDEE COMPLETE &#8211; POUR GREEMENT FRACTIONNE RETREINT S1210"}]},{"@type":"WebSite","@id":"https:\/\/www.sparcraft.com\/fr\/#website","url":"https:\/\/www.sparcraft.com\/fr\/","name":"Sparcraft","description":"Mast &amp; Rigging","potentialAction":[{"@type":"SearchAction","target":{"@type":"EntryPoint","urlTemplate":"https:\/\/www.sparcraft.com\/fr\/?s={search_term_string}"},"query-input":{"@type":"PropertyValueSpecification","valueRequired":true,"valueName":"search_term_string"}}],"inLanguage":"fr-FR"}]}},"_links":{"self":[{"href":"https:\/\/www.sparcraft.com\/fr\/wp-json\/wp\/v2\/product\/36136","targetHints":{"allow":["GET"]}}],"collection":[{"href":"https:\/\/www.sparcraft.com\/fr\/wp-json\/wp\/v2\/product"}],"about":[{"href":"https:\/\/www.sparcraft.com\/fr\/wp-json\/wp\/v2\/types\/product"}],"replies":[{"embeddable":true,"href":"https:\/\/www.sparcraft.com\/fr\/wp-json\/wp\/v2\/comments?post=36136"}],"wp:attachment":[{"href":"https:\/\/www.sparcraft.com\/fr\/wp-json\/wp\/v2\/media?parent=36136"}],"wp:term":[{"taxonomy":"product_brand","embeddable":true,"href":"https:\/\/www.sparcraft.com\/fr\/wp-json\/wp\/v2\/product_brand?post=36136"},{"taxonomy":"product_cat","embeddable":true,"href":"https:\/\/www.sparcraft.com\/fr\/wp-json\/wp\/v2\/product_cat?post=36136"},{"taxonomy":"product_tag","embeddable":true,"href":"https:\/\/www.sparcraft.com\/fr\/wp-json\/wp\/v2\/product_tag?post=36136"}],"curies":[{"name":"wp","href":"https:\/\/api.w.org\/{rel}","templated":true}]}}