{"id":35952,"date":"2024-07-09T12:49:28","date_gmt":"2024-07-09T10:49:28","guid":{"rendered":"https:\/\/www.sparcraft.com\/produit\/coquille-pour-cable-o4-71-2x33-r1954040000\/"},"modified":"2026-04-16T04:04:14","modified_gmt":"2026-04-16T02:04:14","slug":"coquille-pour-cable-o4-71-2x33-r1954040000","status":"publish","type":"product","link":"https:\/\/www.sparcraft.com\/fr\/produit\/coquille-pour-cable-o4-71-2x33-r1954040000\/","title":{"rendered":"COQUILLE POUR CABLE \u00d84 71.2X33"},"content":{"rendered":"<p>  <P><SPAN><SPAN><SPAN>&#8211; Les coquilles sont utilis\u00e9es pour la fixation des galhaubans, interm\u00e9diaires et bas-haubans.&nbsp;<\/SPAN><\/SPAN><\/SPAN><\/P> <P><SPAN><SPAN><SPAN>&#8211; S\u00e9curiser le montage avec l&rsquo;utilisation d&rsquo;un rivet mont\u00e9 sur la paroi du m\u00e2t.<\/SPAN><\/SPAN><\/SPAN><\/P> <P><SPAN><SPAN><SPAN>&#8211;&nbsp;R\u00e9f\u00e9rence entaille <A href=\"http:\/\/www.sparcraft.fr\/sku\/31001000040\"><SPAN>31001000040<\/SPAN><\/A> &#8211; <A href=\"https:\/\/www.sparcraft.com\/ftpsparcraft\/Documents_Techniques\/NT_dim_defonces_coquilles_20230623.pdf\" target=\"_blank\"><SPAN>voir les dimensions d&rsquo;entaille<\/SPAN><\/A><\/SPAN><\/SPAN><\/SPAN><\/P><\/p>\n","protected":false},"excerpt":{"rendered":"<p>  <P><SPAN><SPAN><SPAN>Coquille pour c\u00e2ble <\/SPAN><\/SPAN><\/SPAN><\/P> <P><SPAN><SPAN><SPAN>Diam\u00e8tre du c\u00e2ble&nbsp;: <\/SPAN><\/SPAN><\/SPAN><STRONG><SPAN><SPAN><SPAN>\u00d8&nbsp;4 mm <\/SPAN><\/SPAN><\/SPAN><\/STRONG><\/P> <P><SPAN><SPAN>Dimensions (L x i)* :&nbsp;<STRONG>71.2<\/STRONG><\/SPAN><\/SPAN><STRONG><SPAN><SPAN>&nbsp;x&nbsp;33mm<\/SPAN><\/SPAN><\/STRONG><\/P> <P><SPAN><SPAN><SPAN>*compatibles avec les entailles des anciennes coquilles<\/SPAN><\/SPAN><\/SPAN><\/P> <P><SPAN>Mat\u00e9riau : inox poli<\/SPAN><\/P><\/p>\n","protected":false},"featured_media":0,"comment_status":"open","ping_status":"closed","template":"","meta":[],"product_brand":[],"product_cat":[17],"product_tag":[],"class_list":{"0":"post-35952","1":"product","2":"type-product","3":"status-publish","5":"product_cat-product","7":"first","8":"instock","9":"taxable","10":"shipping-taxable","11":"purchasable","12":"product-type-simple"},"yoast_head":"<!-- This site is optimized with the Yoast SEO plugin v27.4 - https:\/\/yoast.com\/product\/yoast-seo-wordpress\/ -->\n<title>COQUILLE POUR CABLE \u00d84 71.2X33 - Sparcraft<\/title>\n<meta name=\"robots\" content=\"index, follow, max-snippet:-1, max-image-preview:large, max-video-preview:-1\" \/>\n<link rel=\"canonical\" href=\"https:\/\/www.sparcraft.com\/fr\/produit\/coquille-pour-cable-o4-71-2x33-r1954040000\/\" \/>\n<meta property=\"og:locale\" content=\"fr_FR\" \/>\n<meta property=\"og:type\" content=\"article\" \/>\n<meta property=\"og:title\" content=\"COQUILLE POUR CABLE \u00d84 71.2X33 - Sparcraft\" \/>\n<meta property=\"og:description\" content=\"Coquille pour c\u00e2ble Diam\u00e8tre du c\u00e2ble&nbsp;: \u00d8&nbsp;4 mm Dimensions (L x i)* :&nbsp;71.2&nbsp;x&nbsp;33mm *compatibles avec les entailles des anciennes coquilles Mat\u00e9riau : inox poli\" \/>\n<meta property=\"og:url\" content=\"https:\/\/www.sparcraft.com\/fr\/produit\/coquille-pour-cable-o4-71-2x33-r1954040000\/\" \/>\n<meta property=\"og:site_name\" content=\"Sparcraft\" \/>\n<meta property=\"article:modified_time\" content=\"2026-04-16T02:04:14+00:00\" \/>\n<meta name=\"twitter:card\" content=\"summary_large_image\" \/>\n<script type=\"application\/ld+json\" class=\"yoast-schema-graph\">{\"@context\":\"https:\\\/\\\/schema.org\",\"@graph\":[{\"@type\":\"WebPage\",\"@id\":\"https:\\\/\\\/www.sparcraft.com\\\/fr\\\/produit\\\/coquille-pour-cable-o4-71-2x33-r1954040000\\\/\",\"url\":\"https:\\\/\\\/www.sparcraft.com\\\/fr\\\/produit\\\/coquille-pour-cable-o4-71-2x33-r1954040000\\\/\",\"name\":\"COQUILLE POUR CABLE \u00d84 71.2X33 - Sparcraft\",\"isPartOf\":{\"@id\":\"https:\\\/\\\/www.sparcraft.com\\\/fr\\\/#website\"},\"datePublished\":\"2024-07-09T10:49:28+00:00\",\"dateModified\":\"2026-04-16T02:04:14+00:00\",\"breadcrumb\":{\"@id\":\"https:\\\/\\\/www.sparcraft.com\\\/fr\\\/produit\\\/coquille-pour-cable-o4-71-2x33-r1954040000\\\/#breadcrumb\"},\"inLanguage\":\"fr-FR\",\"potentialAction\":[{\"@type\":\"ReadAction\",\"target\":[\"https:\\\/\\\/www.sparcraft.com\\\/fr\\\/produit\\\/coquille-pour-cable-o4-71-2x33-r1954040000\\\/\"]}]},{\"@type\":\"BreadcrumbList\",\"@id\":\"https:\\\/\\\/www.sparcraft.com\\\/fr\\\/produit\\\/coquille-pour-cable-o4-71-2x33-r1954040000\\\/#breadcrumb\",\"itemListElement\":[{\"@type\":\"ListItem\",\"position\":1,\"name\":\"Boutique\",\"item\":\"https:\\\/\\\/www.sparcraft.com\\\/fr\\\/boutique\\\/\"},{\"@type\":\"ListItem\",\"position\":2,\"name\":\"COQUILLE POUR CABLE \u00d84 71.2X33\"}]},{\"@type\":\"WebSite\",\"@id\":\"https:\\\/\\\/www.sparcraft.com\\\/fr\\\/#website\",\"url\":\"https:\\\/\\\/www.sparcraft.com\\\/fr\\\/\",\"name\":\"Sparcraft\",\"description\":\"Mast &amp; Rigging\",\"potentialAction\":[{\"@type\":\"SearchAction\",\"target\":{\"@type\":\"EntryPoint\",\"urlTemplate\":\"https:\\\/\\\/www.sparcraft.com\\\/fr\\\/?s={search_term_string}\"},\"query-input\":{\"@type\":\"PropertyValueSpecification\",\"valueRequired\":true,\"valueName\":\"search_term_string\"}}],\"inLanguage\":\"fr-FR\"}]}<\/script>\n<!-- \/ Yoast SEO plugin. -->","yoast_head_json":{"title":"COQUILLE POUR CABLE \u00d84 71.2X33 - Sparcraft","robots":{"index":"index","follow":"follow","max-snippet":"max-snippet:-1","max-image-preview":"max-image-preview:large","max-video-preview":"max-video-preview:-1"},"canonical":"https:\/\/www.sparcraft.com\/fr\/produit\/coquille-pour-cable-o4-71-2x33-r1954040000\/","og_locale":"fr_FR","og_type":"article","og_title":"COQUILLE POUR CABLE \u00d84 71.2X33 - Sparcraft","og_description":"Coquille pour c\u00e2ble Diam\u00e8tre du c\u00e2ble&nbsp;: \u00d8&nbsp;4 mm Dimensions (L x i)* :&nbsp;71.2&nbsp;x&nbsp;33mm *compatibles avec les entailles des anciennes coquilles Mat\u00e9riau : inox poli","og_url":"https:\/\/www.sparcraft.com\/fr\/produit\/coquille-pour-cable-o4-71-2x33-r1954040000\/","og_site_name":"Sparcraft","article_modified_time":"2026-04-16T02:04:14+00:00","twitter_card":"summary_large_image","schema":{"@context":"https:\/\/schema.org","@graph":[{"@type":"WebPage","@id":"https:\/\/www.sparcraft.com\/fr\/produit\/coquille-pour-cable-o4-71-2x33-r1954040000\/","url":"https:\/\/www.sparcraft.com\/fr\/produit\/coquille-pour-cable-o4-71-2x33-r1954040000\/","name":"COQUILLE POUR CABLE \u00d84 71.2X33 - Sparcraft","isPartOf":{"@id":"https:\/\/www.sparcraft.com\/fr\/#website"},"datePublished":"2024-07-09T10:49:28+00:00","dateModified":"2026-04-16T02:04:14+00:00","breadcrumb":{"@id":"https:\/\/www.sparcraft.com\/fr\/produit\/coquille-pour-cable-o4-71-2x33-r1954040000\/#breadcrumb"},"inLanguage":"fr-FR","potentialAction":[{"@type":"ReadAction","target":["https:\/\/www.sparcraft.com\/fr\/produit\/coquille-pour-cable-o4-71-2x33-r1954040000\/"]}]},{"@type":"BreadcrumbList","@id":"https:\/\/www.sparcraft.com\/fr\/produit\/coquille-pour-cable-o4-71-2x33-r1954040000\/#breadcrumb","itemListElement":[{"@type":"ListItem","position":1,"name":"Boutique","item":"https:\/\/www.sparcraft.com\/fr\/boutique\/"},{"@type":"ListItem","position":2,"name":"COQUILLE POUR CABLE \u00d84 71.2X33"}]},{"@type":"WebSite","@id":"https:\/\/www.sparcraft.com\/fr\/#website","url":"https:\/\/www.sparcraft.com\/fr\/","name":"Sparcraft","description":"Mast &amp; Rigging","potentialAction":[{"@type":"SearchAction","target":{"@type":"EntryPoint","urlTemplate":"https:\/\/www.sparcraft.com\/fr\/?s={search_term_string}"},"query-input":{"@type":"PropertyValueSpecification","valueRequired":true,"valueName":"search_term_string"}}],"inLanguage":"fr-FR"}]}},"_links":{"self":[{"href":"https:\/\/www.sparcraft.com\/fr\/wp-json\/wp\/v2\/product\/35952","targetHints":{"allow":["GET"]}}],"collection":[{"href":"https:\/\/www.sparcraft.com\/fr\/wp-json\/wp\/v2\/product"}],"about":[{"href":"https:\/\/www.sparcraft.com\/fr\/wp-json\/wp\/v2\/types\/product"}],"replies":[{"embeddable":true,"href":"https:\/\/www.sparcraft.com\/fr\/wp-json\/wp\/v2\/comments?post=35952"}],"wp:attachment":[{"href":"https:\/\/www.sparcraft.com\/fr\/wp-json\/wp\/v2\/media?parent=35952"}],"wp:term":[{"taxonomy":"product_brand","embeddable":true,"href":"https:\/\/www.sparcraft.com\/fr\/wp-json\/wp\/v2\/product_brand?post=35952"},{"taxonomy":"product_cat","embeddable":true,"href":"https:\/\/www.sparcraft.com\/fr\/wp-json\/wp\/v2\/product_cat?post=35952"},{"taxonomy":"product_tag","embeddable":true,"href":"https:\/\/www.sparcraft.com\/fr\/wp-json\/wp\/v2\/product_tag?post=35952"}],"curies":[{"name":"wp","href":"https:\/\/api.w.org\/{rel}","templated":true}]}}