{"id":35813,"date":"2024-06-24T12:46:48","date_gmt":"2024-06-24T10:46:48","guid":{"rendered":"https:\/\/www.sparcraft.com\/produit\/ferrure-h-bas-o14-gousset-ep6-semelle-ep3-5-cpt-vis-m8-35241406046\/"},"modified":"2026-04-18T04:01:55","modified_gmt":"2026-04-18T02:01:55","slug":"ferrure-de-hale-bas-pour-bome-racing-r249-390-complet-35241406046","status":"publish","type":"product","link":"https:\/\/www.sparcraft.com\/fr\/produit\/ferrure-de-hale-bas-pour-bome-racing-r249-390-complet-35241406046\/","title":{"rendered":"FERRURE DE HALE-BAS POUR BOME RACING R249 -390 COMPLET"},"content":{"rendered":"<p>  <P>Livr\u00e9 avec&nbsp;<\/P> <P>&#8211;&nbsp;6 vis TBHC M8x 25 mmcode : <A href=\"http:\/\/www.sparcraft.fr\/sku\/28604008025\">28604008025<\/A>&nbsp;<\/P> <P>&#8211;&nbsp;1 ferrure code : <A href=\"http:\/\/www.sparcraft.fr\/sku\/35241406045\">35241406045<\/A>&nbsp;<\/P><\/p>\n","protected":false},"excerpt":{"rendered":"<p>  <P>Pour&nbsp;grand mod\u00e8les de hale-bas&nbsp;performance&nbsp;et oc\u00e9an&nbsp;taille 3 et 4<\/P> <P>Halebas \u00e0 v\u00e9rins de \u00d8&nbsp;14 mm \u00e9paisseur&nbsp;6 mm<\/P> <P>Pour section de b\u00f4me : RACING R249 -390<\/P> <P>Mati\u00e8re : aluminium<\/P><\/p>\n","protected":false},"featured_media":0,"comment_status":"open","ping_status":"closed","template":"","meta":[],"product_brand":[],"product_cat":[17],"product_tag":[],"class_list":{"0":"post-35813","1":"product","2":"type-product","3":"status-publish","5":"product_cat-product","7":"first","8":"instock","9":"taxable","10":"shipping-taxable","11":"purchasable","12":"product-type-simple"},"yoast_head":"<!-- This site is optimized with the Yoast SEO plugin v27.4 - https:\/\/yoast.com\/product\/yoast-seo-wordpress\/ -->\n<title>FERRURE DE HALE-BAS POUR BOME RACING R249 -390 COMPLET - Sparcraft<\/title>\n<meta name=\"robots\" content=\"index, follow, max-snippet:-1, max-image-preview:large, max-video-preview:-1\" \/>\n<link rel=\"canonical\" href=\"https:\/\/www.sparcraft.com\/fr\/produit\/ferrure-de-hale-bas-pour-bome-racing-r249-390-complet-35241406046\/\" \/>\n<meta property=\"og:locale\" content=\"fr_FR\" \/>\n<meta property=\"og:type\" content=\"article\" \/>\n<meta property=\"og:title\" content=\"FERRURE DE HALE-BAS POUR BOME RACING R249 -390 COMPLET - Sparcraft\" \/>\n<meta property=\"og:description\" content=\"Pour&nbsp;grand mod\u00e8les de hale-bas&nbsp;performance&nbsp;et oc\u00e9an&nbsp;taille 3 et 4 Halebas \u00e0 v\u00e9rins de \u00d8&nbsp;14 mm \u00e9paisseur&nbsp;6 mm Pour section de b\u00f4me : RACING R249 -390 Mati\u00e8re : aluminium\" \/>\n<meta property=\"og:url\" content=\"https:\/\/www.sparcraft.com\/fr\/produit\/ferrure-de-hale-bas-pour-bome-racing-r249-390-complet-35241406046\/\" \/>\n<meta property=\"og:site_name\" content=\"Sparcraft\" \/>\n<meta property=\"article:modified_time\" content=\"2026-04-18T02:01:55+00:00\" \/>\n<meta name=\"twitter:card\" content=\"summary_large_image\" \/>\n<script type=\"application\/ld+json\" class=\"yoast-schema-graph\">{\"@context\":\"https:\\\/\\\/schema.org\",\"@graph\":[{\"@type\":\"WebPage\",\"@id\":\"https:\\\/\\\/www.sparcraft.com\\\/fr\\\/produit\\\/ferrure-de-hale-bas-pour-bome-racing-r249-390-complet-35241406046\\\/\",\"url\":\"https:\\\/\\\/www.sparcraft.com\\\/fr\\\/produit\\\/ferrure-de-hale-bas-pour-bome-racing-r249-390-complet-35241406046\\\/\",\"name\":\"FERRURE DE HALE-BAS POUR BOME RACING R249 -390 COMPLET - Sparcraft\",\"isPartOf\":{\"@id\":\"https:\\\/\\\/www.sparcraft.com\\\/fr\\\/#website\"},\"datePublished\":\"2024-06-24T10:46:48+00:00\",\"dateModified\":\"2026-04-18T02:01:55+00:00\",\"breadcrumb\":{\"@id\":\"https:\\\/\\\/www.sparcraft.com\\\/fr\\\/produit\\\/ferrure-de-hale-bas-pour-bome-racing-r249-390-complet-35241406046\\\/#breadcrumb\"},\"inLanguage\":\"fr-FR\",\"potentialAction\":[{\"@type\":\"ReadAction\",\"target\":[\"https:\\\/\\\/www.sparcraft.com\\\/fr\\\/produit\\\/ferrure-de-hale-bas-pour-bome-racing-r249-390-complet-35241406046\\\/\"]}]},{\"@type\":\"BreadcrumbList\",\"@id\":\"https:\\\/\\\/www.sparcraft.com\\\/fr\\\/produit\\\/ferrure-de-hale-bas-pour-bome-racing-r249-390-complet-35241406046\\\/#breadcrumb\",\"itemListElement\":[{\"@type\":\"ListItem\",\"position\":1,\"name\":\"Boutique\",\"item\":\"https:\\\/\\\/www.sparcraft.com\\\/fr\\\/boutique\\\/\"},{\"@type\":\"ListItem\",\"position\":2,\"name\":\"FERRURE DE HALE-BAS POUR BOME RACING R249 -390 COMPLET\"}]},{\"@type\":\"WebSite\",\"@id\":\"https:\\\/\\\/www.sparcraft.com\\\/fr\\\/#website\",\"url\":\"https:\\\/\\\/www.sparcraft.com\\\/fr\\\/\",\"name\":\"Sparcraft\",\"description\":\"Mast &amp; Rigging\",\"potentialAction\":[{\"@type\":\"SearchAction\",\"target\":{\"@type\":\"EntryPoint\",\"urlTemplate\":\"https:\\\/\\\/www.sparcraft.com\\\/fr\\\/?s={search_term_string}\"},\"query-input\":{\"@type\":\"PropertyValueSpecification\",\"valueRequired\":true,\"valueName\":\"search_term_string\"}}],\"inLanguage\":\"fr-FR\"}]}<\/script>\n<!-- \/ Yoast SEO plugin. -->","yoast_head_json":{"title":"FERRURE DE HALE-BAS POUR BOME RACING R249 -390 COMPLET - Sparcraft","robots":{"index":"index","follow":"follow","max-snippet":"max-snippet:-1","max-image-preview":"max-image-preview:large","max-video-preview":"max-video-preview:-1"},"canonical":"https:\/\/www.sparcraft.com\/fr\/produit\/ferrure-de-hale-bas-pour-bome-racing-r249-390-complet-35241406046\/","og_locale":"fr_FR","og_type":"article","og_title":"FERRURE DE HALE-BAS POUR BOME RACING R249 -390 COMPLET - Sparcraft","og_description":"Pour&nbsp;grand mod\u00e8les de hale-bas&nbsp;performance&nbsp;et oc\u00e9an&nbsp;taille 3 et 4 Halebas \u00e0 v\u00e9rins de \u00d8&nbsp;14 mm \u00e9paisseur&nbsp;6 mm Pour section de b\u00f4me : RACING R249 -390 Mati\u00e8re : aluminium","og_url":"https:\/\/www.sparcraft.com\/fr\/produit\/ferrure-de-hale-bas-pour-bome-racing-r249-390-complet-35241406046\/","og_site_name":"Sparcraft","article_modified_time":"2026-04-18T02:01:55+00:00","twitter_card":"summary_large_image","schema":{"@context":"https:\/\/schema.org","@graph":[{"@type":"WebPage","@id":"https:\/\/www.sparcraft.com\/fr\/produit\/ferrure-de-hale-bas-pour-bome-racing-r249-390-complet-35241406046\/","url":"https:\/\/www.sparcraft.com\/fr\/produit\/ferrure-de-hale-bas-pour-bome-racing-r249-390-complet-35241406046\/","name":"FERRURE DE HALE-BAS POUR BOME RACING R249 -390 COMPLET - Sparcraft","isPartOf":{"@id":"https:\/\/www.sparcraft.com\/fr\/#website"},"datePublished":"2024-06-24T10:46:48+00:00","dateModified":"2026-04-18T02:01:55+00:00","breadcrumb":{"@id":"https:\/\/www.sparcraft.com\/fr\/produit\/ferrure-de-hale-bas-pour-bome-racing-r249-390-complet-35241406046\/#breadcrumb"},"inLanguage":"fr-FR","potentialAction":[{"@type":"ReadAction","target":["https:\/\/www.sparcraft.com\/fr\/produit\/ferrure-de-hale-bas-pour-bome-racing-r249-390-complet-35241406046\/"]}]},{"@type":"BreadcrumbList","@id":"https:\/\/www.sparcraft.com\/fr\/produit\/ferrure-de-hale-bas-pour-bome-racing-r249-390-complet-35241406046\/#breadcrumb","itemListElement":[{"@type":"ListItem","position":1,"name":"Boutique","item":"https:\/\/www.sparcraft.com\/fr\/boutique\/"},{"@type":"ListItem","position":2,"name":"FERRURE DE HALE-BAS POUR BOME RACING R249 -390 COMPLET"}]},{"@type":"WebSite","@id":"https:\/\/www.sparcraft.com\/fr\/#website","url":"https:\/\/www.sparcraft.com\/fr\/","name":"Sparcraft","description":"Mast &amp; Rigging","potentialAction":[{"@type":"SearchAction","target":{"@type":"EntryPoint","urlTemplate":"https:\/\/www.sparcraft.com\/fr\/?s={search_term_string}"},"query-input":{"@type":"PropertyValueSpecification","valueRequired":true,"valueName":"search_term_string"}}],"inLanguage":"fr-FR"}]}},"_links":{"self":[{"href":"https:\/\/www.sparcraft.com\/fr\/wp-json\/wp\/v2\/product\/35813","targetHints":{"allow":["GET"]}}],"collection":[{"href":"https:\/\/www.sparcraft.com\/fr\/wp-json\/wp\/v2\/product"}],"about":[{"href":"https:\/\/www.sparcraft.com\/fr\/wp-json\/wp\/v2\/types\/product"}],"replies":[{"embeddable":true,"href":"https:\/\/www.sparcraft.com\/fr\/wp-json\/wp\/v2\/comments?post=35813"}],"wp:attachment":[{"href":"https:\/\/www.sparcraft.com\/fr\/wp-json\/wp\/v2\/media?parent=35813"}],"wp:term":[{"taxonomy":"product_brand","embeddable":true,"href":"https:\/\/www.sparcraft.com\/fr\/wp-json\/wp\/v2\/product_brand?post=35813"},{"taxonomy":"product_cat","embeddable":true,"href":"https:\/\/www.sparcraft.com\/fr\/wp-json\/wp\/v2\/product_cat?post=35813"},{"taxonomy":"product_tag","embeddable":true,"href":"https:\/\/www.sparcraft.com\/fr\/wp-json\/wp\/v2\/product_tag?post=35813"}],"curies":[{"name":"wp","href":"https:\/\/api.w.org\/{rel}","templated":true}]}}