{"id":35256,"date":"2023-10-25T00:40:50","date_gmt":"2023-10-24T22:40:50","guid":{"rendered":"https:\/\/www.sparcraft.com\/produit\/kit-assemblage-tete-de-mat-n-4-fractionne-non-retreint-boulonne-s67-s260-30004b02015\/"},"modified":"2026-04-15T04:01:02","modified_gmt":"2026-04-15T02:01:02","slug":"kit-assemblage-tete-de-mat-n-4-fractionne-non-retreint-boulonne-s67-s260-30004b02015","status":"publish","type":"product","link":"https:\/\/www.sparcraft.com\/fr\/produit\/kit-assemblage-tete-de-mat-n-4-fractionne-non-retreint-boulonne-s67-s260-30004b02015\/","title":{"rendered":"KIT ASSEMBLAGE TETE DE MAT N\u00b04 FRACTIONNE NON RETREINT BOULONNE S67 &#8211; S260"},"content":{"rendered":"<p>  <P>Compos\u00e9 de : <A class=\"lightbox-added\" href=\"http:\/\/www.sparcraft.com\/ftpsparcraft\/Photos\/TDM\/TDM_entete_nonretreint_30003B20075.jpg\" rel=\"noopener\" target=\"_blank\"><SPAN>\u00e9clat\u00e9 produit<\/SPAN><\/A>&nbsp;&nbsp; <A class=\"lightbox-added\" href=\"http:\/\/www.sparcraft.com\/ftpsparcraft\/Photos\/TDM\/TDM_fractionne_NR_boul.png\" rel=\"noopener\" target=\"_blank\"><SPAN>\u00e9clat\u00e9 produit<\/SPAN><\/A><\/P> <UL> <LI>G&nbsp;:&nbsp;2&nbsp;plots&nbsp;&#8211; r\u00e9f\u00e9rence <A href=\"http:\/\/www.sparcraft.fr\/sku\/30003B03014\">30003B03014<\/A><\/LI> <LI>H&nbsp;:&nbsp;2 vis&nbsp;&#8211; r\u00e9f\u00e9rence <A href=\"http:\/\/www.sparcraft.fr\/sku\/28600110070\">28600110070<\/A><\/LI> <LI>I&nbsp;:&nbsp;2&nbsp;rivets&nbsp;&#8211; r\u00e9f\u00e9rence <A href=\"http:\/\/www.sparcraft.fr\/sku\/29002248140\">29002248140<\/A><\/LI> <LI>J&nbsp;:&nbsp;2&nbsp;rondelles&nbsp;&#8211; r\u00e9f\u00e9rence <A href=\"http:\/\/www.sparcraft.fr\/sku\/28601010000\">28601010000<\/A><\/LI> <LI>K : 2 \u00e9crous frein &#8211; r\u00e9f\u00e9rence <A href=\"http:\/\/www.sparcraft.fr\/sku\/28600510000\">28600510000<\/A><\/LI><\/UL><\/p>\n","protected":false},"excerpt":{"rendered":"<p>  <P>Kit assemblage pour t\u00eate de m\u00e2t gr\u00e9ement&nbsp;fractionn\u00e9<STRONG> n\u00b04<\/STRONG>&nbsp;&#8211; non r\u00e9treint&nbsp; boulonn\u00e9 <A href=\"http:\/\/www.sparcraft.fr\/sku\/30004B00005\">30004B00005<\/A>&nbsp;&nbsp; <A href=\"http:\/\/www.sparcraft.fr\/sku\/30004B00045\">30004B00045<\/A>&nbsp;&nbsp;<\/P> <P>Section : <STRONG>S67 &#8211; S260<\/STRONG><\/P><\/p>\n","protected":false},"featured_media":0,"comment_status":"open","ping_status":"closed","template":"","meta":[],"product_brand":[],"product_cat":[17],"product_tag":[],"class_list":{"0":"post-35256","1":"product","2":"type-product","3":"status-publish","5":"product_cat-product","7":"first","8":"instock","9":"taxable","10":"shipping-taxable","11":"purchasable","12":"product-type-simple"},"yoast_head":"<!-- This site is optimized with the Yoast SEO plugin v27.4 - https:\/\/yoast.com\/product\/yoast-seo-wordpress\/ -->\n<title>KIT ASSEMBLAGE TETE DE MAT N\u00b04 FRACTIONNE NON RETREINT BOULONNE S67 - S260 - Sparcraft<\/title>\n<meta name=\"robots\" content=\"index, follow, max-snippet:-1, max-image-preview:large, max-video-preview:-1\" \/>\n<link rel=\"canonical\" href=\"https:\/\/www.sparcraft.com\/fr\/produit\/kit-assemblage-tete-de-mat-n-4-fractionne-non-retreint-boulonne-s67-s260-30004b02015\/\" \/>\n<meta property=\"og:locale\" content=\"fr_FR\" \/>\n<meta property=\"og:type\" content=\"article\" \/>\n<meta property=\"og:title\" content=\"KIT ASSEMBLAGE TETE DE MAT N\u00b04 FRACTIONNE NON RETREINT BOULONNE S67 - S260 - Sparcraft\" \/>\n<meta property=\"og:description\" content=\"Kit assemblage pour t\u00eate de m\u00e2t gr\u00e9ement&nbsp;fractionn\u00e9 n\u00b04&nbsp;- non r\u00e9treint&nbsp; boulonn\u00e9 30004B00005&nbsp;&nbsp; 30004B00045&nbsp;&nbsp; Section : S67 - S260\" \/>\n<meta property=\"og:url\" content=\"https:\/\/www.sparcraft.com\/fr\/produit\/kit-assemblage-tete-de-mat-n-4-fractionne-non-retreint-boulonne-s67-s260-30004b02015\/\" \/>\n<meta property=\"og:site_name\" content=\"Sparcraft\" \/>\n<meta property=\"article:modified_time\" content=\"2026-04-15T02:01:02+00:00\" \/>\n<meta name=\"twitter:card\" content=\"summary_large_image\" \/>\n<script type=\"application\/ld+json\" class=\"yoast-schema-graph\">{\"@context\":\"https:\\\/\\\/schema.org\",\"@graph\":[{\"@type\":\"WebPage\",\"@id\":\"https:\\\/\\\/www.sparcraft.com\\\/fr\\\/produit\\\/kit-assemblage-tete-de-mat-n-4-fractionne-non-retreint-boulonne-s67-s260-30004b02015\\\/\",\"url\":\"https:\\\/\\\/www.sparcraft.com\\\/fr\\\/produit\\\/kit-assemblage-tete-de-mat-n-4-fractionne-non-retreint-boulonne-s67-s260-30004b02015\\\/\",\"name\":\"KIT ASSEMBLAGE TETE DE MAT N\u00b04 FRACTIONNE NON RETREINT BOULONNE S67 - S260 - Sparcraft\",\"isPartOf\":{\"@id\":\"https:\\\/\\\/www.sparcraft.com\\\/fr\\\/#website\"},\"datePublished\":\"2023-10-24T22:40:50+00:00\",\"dateModified\":\"2026-04-15T02:01:02+00:00\",\"breadcrumb\":{\"@id\":\"https:\\\/\\\/www.sparcraft.com\\\/fr\\\/produit\\\/kit-assemblage-tete-de-mat-n-4-fractionne-non-retreint-boulonne-s67-s260-30004b02015\\\/#breadcrumb\"},\"inLanguage\":\"fr-FR\",\"potentialAction\":[{\"@type\":\"ReadAction\",\"target\":[\"https:\\\/\\\/www.sparcraft.com\\\/fr\\\/produit\\\/kit-assemblage-tete-de-mat-n-4-fractionne-non-retreint-boulonne-s67-s260-30004b02015\\\/\"]}]},{\"@type\":\"BreadcrumbList\",\"@id\":\"https:\\\/\\\/www.sparcraft.com\\\/fr\\\/produit\\\/kit-assemblage-tete-de-mat-n-4-fractionne-non-retreint-boulonne-s67-s260-30004b02015\\\/#breadcrumb\",\"itemListElement\":[{\"@type\":\"ListItem\",\"position\":1,\"name\":\"Boutique\",\"item\":\"https:\\\/\\\/www.sparcraft.com\\\/fr\\\/boutique\\\/\"},{\"@type\":\"ListItem\",\"position\":2,\"name\":\"KIT ASSEMBLAGE TETE DE MAT N\u00b04 FRACTIONNE NON RETREINT BOULONNE S67 &#8211; S260\"}]},{\"@type\":\"WebSite\",\"@id\":\"https:\\\/\\\/www.sparcraft.com\\\/fr\\\/#website\",\"url\":\"https:\\\/\\\/www.sparcraft.com\\\/fr\\\/\",\"name\":\"Sparcraft\",\"description\":\"Mast &amp; Rigging\",\"potentialAction\":[{\"@type\":\"SearchAction\",\"target\":{\"@type\":\"EntryPoint\",\"urlTemplate\":\"https:\\\/\\\/www.sparcraft.com\\\/fr\\\/?s={search_term_string}\"},\"query-input\":{\"@type\":\"PropertyValueSpecification\",\"valueRequired\":true,\"valueName\":\"search_term_string\"}}],\"inLanguage\":\"fr-FR\"}]}<\/script>\n<!-- \/ Yoast SEO plugin. -->","yoast_head_json":{"title":"KIT ASSEMBLAGE TETE DE MAT N\u00b04 FRACTIONNE NON RETREINT BOULONNE S67 - S260 - Sparcraft","robots":{"index":"index","follow":"follow","max-snippet":"max-snippet:-1","max-image-preview":"max-image-preview:large","max-video-preview":"max-video-preview:-1"},"canonical":"https:\/\/www.sparcraft.com\/fr\/produit\/kit-assemblage-tete-de-mat-n-4-fractionne-non-retreint-boulonne-s67-s260-30004b02015\/","og_locale":"fr_FR","og_type":"article","og_title":"KIT ASSEMBLAGE TETE DE MAT N\u00b04 FRACTIONNE NON RETREINT BOULONNE S67 - S260 - Sparcraft","og_description":"Kit assemblage pour t\u00eate de m\u00e2t gr\u00e9ement&nbsp;fractionn\u00e9 n\u00b04&nbsp;- non r\u00e9treint&nbsp; boulonn\u00e9 30004B00005&nbsp;&nbsp; 30004B00045&nbsp;&nbsp; Section : S67 - S260","og_url":"https:\/\/www.sparcraft.com\/fr\/produit\/kit-assemblage-tete-de-mat-n-4-fractionne-non-retreint-boulonne-s67-s260-30004b02015\/","og_site_name":"Sparcraft","article_modified_time":"2026-04-15T02:01:02+00:00","twitter_card":"summary_large_image","schema":{"@context":"https:\/\/schema.org","@graph":[{"@type":"WebPage","@id":"https:\/\/www.sparcraft.com\/fr\/produit\/kit-assemblage-tete-de-mat-n-4-fractionne-non-retreint-boulonne-s67-s260-30004b02015\/","url":"https:\/\/www.sparcraft.com\/fr\/produit\/kit-assemblage-tete-de-mat-n-4-fractionne-non-retreint-boulonne-s67-s260-30004b02015\/","name":"KIT ASSEMBLAGE TETE DE MAT N\u00b04 FRACTIONNE NON RETREINT BOULONNE S67 - S260 - Sparcraft","isPartOf":{"@id":"https:\/\/www.sparcraft.com\/fr\/#website"},"datePublished":"2023-10-24T22:40:50+00:00","dateModified":"2026-04-15T02:01:02+00:00","breadcrumb":{"@id":"https:\/\/www.sparcraft.com\/fr\/produit\/kit-assemblage-tete-de-mat-n-4-fractionne-non-retreint-boulonne-s67-s260-30004b02015\/#breadcrumb"},"inLanguage":"fr-FR","potentialAction":[{"@type":"ReadAction","target":["https:\/\/www.sparcraft.com\/fr\/produit\/kit-assemblage-tete-de-mat-n-4-fractionne-non-retreint-boulonne-s67-s260-30004b02015\/"]}]},{"@type":"BreadcrumbList","@id":"https:\/\/www.sparcraft.com\/fr\/produit\/kit-assemblage-tete-de-mat-n-4-fractionne-non-retreint-boulonne-s67-s260-30004b02015\/#breadcrumb","itemListElement":[{"@type":"ListItem","position":1,"name":"Boutique","item":"https:\/\/www.sparcraft.com\/fr\/boutique\/"},{"@type":"ListItem","position":2,"name":"KIT ASSEMBLAGE TETE DE MAT N\u00b04 FRACTIONNE NON RETREINT BOULONNE S67 &#8211; S260"}]},{"@type":"WebSite","@id":"https:\/\/www.sparcraft.com\/fr\/#website","url":"https:\/\/www.sparcraft.com\/fr\/","name":"Sparcraft","description":"Mast &amp; Rigging","potentialAction":[{"@type":"SearchAction","target":{"@type":"EntryPoint","urlTemplate":"https:\/\/www.sparcraft.com\/fr\/?s={search_term_string}"},"query-input":{"@type":"PropertyValueSpecification","valueRequired":true,"valueName":"search_term_string"}}],"inLanguage":"fr-FR"}]}},"_links":{"self":[{"href":"https:\/\/www.sparcraft.com\/fr\/wp-json\/wp\/v2\/product\/35256","targetHints":{"allow":["GET"]}}],"collection":[{"href":"https:\/\/www.sparcraft.com\/fr\/wp-json\/wp\/v2\/product"}],"about":[{"href":"https:\/\/www.sparcraft.com\/fr\/wp-json\/wp\/v2\/types\/product"}],"replies":[{"embeddable":true,"href":"https:\/\/www.sparcraft.com\/fr\/wp-json\/wp\/v2\/comments?post=35256"}],"wp:attachment":[{"href":"https:\/\/www.sparcraft.com\/fr\/wp-json\/wp\/v2\/media?parent=35256"}],"wp:term":[{"taxonomy":"product_brand","embeddable":true,"href":"https:\/\/www.sparcraft.com\/fr\/wp-json\/wp\/v2\/product_brand?post=35256"},{"taxonomy":"product_cat","embeddable":true,"href":"https:\/\/www.sparcraft.com\/fr\/wp-json\/wp\/v2\/product_cat?post=35256"},{"taxonomy":"product_tag","embeddable":true,"href":"https:\/\/www.sparcraft.com\/fr\/wp-json\/wp\/v2\/product_tag?post=35256"}],"curies":[{"name":"wp","href":"https:\/\/api.w.org\/{rel}","templated":true}]}}