{"id":35255,"date":"2023-10-25T00:40:50","date_gmt":"2023-10-24T22:40:50","guid":{"rendered":"https:\/\/www.sparcraft.com\/produit\/cloison-de-tete-de-mat-n-4-pour-greement-fractionne-non-retreint-soude-s80-30004152973\/"},"modified":"2026-04-15T04:00:59","modified_gmt":"2026-04-15T02:00:59","slug":"cloison-de-tete-de-mat-n-4-pour-greement-fractionne-non-retreint-soude-s80-30004152973","status":"publish","type":"product","link":"https:\/\/www.sparcraft.com\/fr\/produit\/cloison-de-tete-de-mat-n-4-pour-greement-fractionne-non-retreint-soude-s80-30004152973\/","title":{"rendered":"CLOISON DE TETE DE MAT N\u00b04 POUR GREEMENT FRACTIONNE &#8211; NON RETREINT SOUDE S80"},"content":{"rendered":"<p>  <P>Lien vers la version compl\u00e8te t\u00eate de m\u00e2t&nbsp;: <A href=\"http:\/\/www.sparcraft.fr\/sku\/30004052975\" target=\"_blank\">30004052975<\/A><\/P><\/p>\n","protected":false},"excerpt":{"rendered":"<p>  <P>Cloison&nbsp;t\u00eate de m\u00e2t <STRONG>n\u00b04&nbsp;soud\u00e9<\/STRONG><STRONG> <\/STRONG>&#8211; pour gr\u00e9ement&nbsp;fractionn\u00e9 non&nbsp;r\u00e9treint<\/P> <P>Section :&nbsp;<STRONG>S80<\/STRONG><\/P> <P>Mat\u00e9riau : alu anodis\u00e9<\/P><\/p>\n","protected":false},"featured_media":0,"comment_status":"open","ping_status":"closed","template":"","meta":[],"product_brand":[],"product_cat":[17],"product_tag":[],"class_list":{"0":"post-35255","1":"product","2":"type-product","3":"status-publish","5":"product_cat-product","7":"first","8":"instock","9":"taxable","10":"shipping-taxable","11":"purchasable","12":"product-type-simple"},"yoast_head":"<!-- This site is optimized with the Yoast SEO plugin v27.4 - https:\/\/yoast.com\/product\/yoast-seo-wordpress\/ -->\n<title>CLOISON DE TETE DE MAT N\u00b04 POUR GREEMENT FRACTIONNE - NON RETREINT SOUDE S80 - Sparcraft<\/title>\n<meta name=\"robots\" content=\"index, follow, max-snippet:-1, max-image-preview:large, max-video-preview:-1\" \/>\n<link rel=\"canonical\" href=\"https:\/\/www.sparcraft.com\/fr\/produit\/cloison-de-tete-de-mat-n-4-pour-greement-fractionne-non-retreint-soude-s80-30004152973\/\" \/>\n<meta property=\"og:locale\" content=\"fr_FR\" \/>\n<meta property=\"og:type\" content=\"article\" \/>\n<meta property=\"og:title\" content=\"CLOISON DE TETE DE MAT N\u00b04 POUR GREEMENT FRACTIONNE - NON RETREINT SOUDE S80 - Sparcraft\" \/>\n<meta property=\"og:description\" content=\"Cloison&nbsp;t\u00eate de m\u00e2t n\u00b04&nbsp;soud\u00e9 - pour gr\u00e9ement&nbsp;fractionn\u00e9 non&nbsp;r\u00e9treint Section :&nbsp;S80 Mat\u00e9riau : alu anodis\u00e9\" \/>\n<meta property=\"og:url\" content=\"https:\/\/www.sparcraft.com\/fr\/produit\/cloison-de-tete-de-mat-n-4-pour-greement-fractionne-non-retreint-soude-s80-30004152973\/\" \/>\n<meta property=\"og:site_name\" content=\"Sparcraft\" \/>\n<meta property=\"article:modified_time\" content=\"2026-04-15T02:00:59+00:00\" \/>\n<meta name=\"twitter:card\" content=\"summary_large_image\" \/>\n<script type=\"application\/ld+json\" class=\"yoast-schema-graph\">{\"@context\":\"https:\\\/\\\/schema.org\",\"@graph\":[{\"@type\":\"WebPage\",\"@id\":\"https:\\\/\\\/www.sparcraft.com\\\/fr\\\/produit\\\/cloison-de-tete-de-mat-n-4-pour-greement-fractionne-non-retreint-soude-s80-30004152973\\\/\",\"url\":\"https:\\\/\\\/www.sparcraft.com\\\/fr\\\/produit\\\/cloison-de-tete-de-mat-n-4-pour-greement-fractionne-non-retreint-soude-s80-30004152973\\\/\",\"name\":\"CLOISON DE TETE DE MAT N\u00b04 POUR GREEMENT FRACTIONNE - NON RETREINT SOUDE S80 - Sparcraft\",\"isPartOf\":{\"@id\":\"https:\\\/\\\/www.sparcraft.com\\\/fr\\\/#website\"},\"datePublished\":\"2023-10-24T22:40:50+00:00\",\"dateModified\":\"2026-04-15T02:00:59+00:00\",\"breadcrumb\":{\"@id\":\"https:\\\/\\\/www.sparcraft.com\\\/fr\\\/produit\\\/cloison-de-tete-de-mat-n-4-pour-greement-fractionne-non-retreint-soude-s80-30004152973\\\/#breadcrumb\"},\"inLanguage\":\"fr-FR\",\"potentialAction\":[{\"@type\":\"ReadAction\",\"target\":[\"https:\\\/\\\/www.sparcraft.com\\\/fr\\\/produit\\\/cloison-de-tete-de-mat-n-4-pour-greement-fractionne-non-retreint-soude-s80-30004152973\\\/\"]}]},{\"@type\":\"BreadcrumbList\",\"@id\":\"https:\\\/\\\/www.sparcraft.com\\\/fr\\\/produit\\\/cloison-de-tete-de-mat-n-4-pour-greement-fractionne-non-retreint-soude-s80-30004152973\\\/#breadcrumb\",\"itemListElement\":[{\"@type\":\"ListItem\",\"position\":1,\"name\":\"Boutique\",\"item\":\"https:\\\/\\\/www.sparcraft.com\\\/fr\\\/boutique\\\/\"},{\"@type\":\"ListItem\",\"position\":2,\"name\":\"CLOISON DE TETE DE MAT N\u00b04 POUR GREEMENT FRACTIONNE &#8211; NON RETREINT SOUDE S80\"}]},{\"@type\":\"WebSite\",\"@id\":\"https:\\\/\\\/www.sparcraft.com\\\/fr\\\/#website\",\"url\":\"https:\\\/\\\/www.sparcraft.com\\\/fr\\\/\",\"name\":\"Sparcraft\",\"description\":\"Mast &amp; Rigging\",\"potentialAction\":[{\"@type\":\"SearchAction\",\"target\":{\"@type\":\"EntryPoint\",\"urlTemplate\":\"https:\\\/\\\/www.sparcraft.com\\\/fr\\\/?s={search_term_string}\"},\"query-input\":{\"@type\":\"PropertyValueSpecification\",\"valueRequired\":true,\"valueName\":\"search_term_string\"}}],\"inLanguage\":\"fr-FR\"}]}<\/script>\n<!-- \/ Yoast SEO plugin. -->","yoast_head_json":{"title":"CLOISON DE TETE DE MAT N\u00b04 POUR GREEMENT FRACTIONNE - NON RETREINT SOUDE S80 - Sparcraft","robots":{"index":"index","follow":"follow","max-snippet":"max-snippet:-1","max-image-preview":"max-image-preview:large","max-video-preview":"max-video-preview:-1"},"canonical":"https:\/\/www.sparcraft.com\/fr\/produit\/cloison-de-tete-de-mat-n-4-pour-greement-fractionne-non-retreint-soude-s80-30004152973\/","og_locale":"fr_FR","og_type":"article","og_title":"CLOISON DE TETE DE MAT N\u00b04 POUR GREEMENT FRACTIONNE - NON RETREINT SOUDE S80 - Sparcraft","og_description":"Cloison&nbsp;t\u00eate de m\u00e2t n\u00b04&nbsp;soud\u00e9 - pour gr\u00e9ement&nbsp;fractionn\u00e9 non&nbsp;r\u00e9treint Section :&nbsp;S80 Mat\u00e9riau : alu anodis\u00e9","og_url":"https:\/\/www.sparcraft.com\/fr\/produit\/cloison-de-tete-de-mat-n-4-pour-greement-fractionne-non-retreint-soude-s80-30004152973\/","og_site_name":"Sparcraft","article_modified_time":"2026-04-15T02:00:59+00:00","twitter_card":"summary_large_image","schema":{"@context":"https:\/\/schema.org","@graph":[{"@type":"WebPage","@id":"https:\/\/www.sparcraft.com\/fr\/produit\/cloison-de-tete-de-mat-n-4-pour-greement-fractionne-non-retreint-soude-s80-30004152973\/","url":"https:\/\/www.sparcraft.com\/fr\/produit\/cloison-de-tete-de-mat-n-4-pour-greement-fractionne-non-retreint-soude-s80-30004152973\/","name":"CLOISON DE TETE DE MAT N\u00b04 POUR GREEMENT FRACTIONNE - NON RETREINT SOUDE S80 - Sparcraft","isPartOf":{"@id":"https:\/\/www.sparcraft.com\/fr\/#website"},"datePublished":"2023-10-24T22:40:50+00:00","dateModified":"2026-04-15T02:00:59+00:00","breadcrumb":{"@id":"https:\/\/www.sparcraft.com\/fr\/produit\/cloison-de-tete-de-mat-n-4-pour-greement-fractionne-non-retreint-soude-s80-30004152973\/#breadcrumb"},"inLanguage":"fr-FR","potentialAction":[{"@type":"ReadAction","target":["https:\/\/www.sparcraft.com\/fr\/produit\/cloison-de-tete-de-mat-n-4-pour-greement-fractionne-non-retreint-soude-s80-30004152973\/"]}]},{"@type":"BreadcrumbList","@id":"https:\/\/www.sparcraft.com\/fr\/produit\/cloison-de-tete-de-mat-n-4-pour-greement-fractionne-non-retreint-soude-s80-30004152973\/#breadcrumb","itemListElement":[{"@type":"ListItem","position":1,"name":"Boutique","item":"https:\/\/www.sparcraft.com\/fr\/boutique\/"},{"@type":"ListItem","position":2,"name":"CLOISON DE TETE DE MAT N\u00b04 POUR GREEMENT FRACTIONNE &#8211; NON RETREINT SOUDE S80"}]},{"@type":"WebSite","@id":"https:\/\/www.sparcraft.com\/fr\/#website","url":"https:\/\/www.sparcraft.com\/fr\/","name":"Sparcraft","description":"Mast &amp; Rigging","potentialAction":[{"@type":"SearchAction","target":{"@type":"EntryPoint","urlTemplate":"https:\/\/www.sparcraft.com\/fr\/?s={search_term_string}"},"query-input":{"@type":"PropertyValueSpecification","valueRequired":true,"valueName":"search_term_string"}}],"inLanguage":"fr-FR"}]}},"_links":{"self":[{"href":"https:\/\/www.sparcraft.com\/fr\/wp-json\/wp\/v2\/product\/35255","targetHints":{"allow":["GET"]}}],"collection":[{"href":"https:\/\/www.sparcraft.com\/fr\/wp-json\/wp\/v2\/product"}],"about":[{"href":"https:\/\/www.sparcraft.com\/fr\/wp-json\/wp\/v2\/types\/product"}],"replies":[{"embeddable":true,"href":"https:\/\/www.sparcraft.com\/fr\/wp-json\/wp\/v2\/comments?post=35255"}],"wp:attachment":[{"href":"https:\/\/www.sparcraft.com\/fr\/wp-json\/wp\/v2\/media?parent=35255"}],"wp:term":[{"taxonomy":"product_brand","embeddable":true,"href":"https:\/\/www.sparcraft.com\/fr\/wp-json\/wp\/v2\/product_brand?post=35255"},{"taxonomy":"product_cat","embeddable":true,"href":"https:\/\/www.sparcraft.com\/fr\/wp-json\/wp\/v2\/product_cat?post=35255"},{"taxonomy":"product_tag","embeddable":true,"href":"https:\/\/www.sparcraft.com\/fr\/wp-json\/wp\/v2\/product_tag?post=35255"}],"curies":[{"name":"wp","href":"https:\/\/api.w.org\/{rel}","templated":true}]}}