{"id":35199,"date":"2023-10-16T12:45:44","date_gmt":"2023-10-16T10:45:44","guid":{"rendered":"https:\/\/www.sparcraft.com\/produit\/tete-de-mat-n-6-soudees-complete-pour-greement-fractionne-non-retreint-s1395-30006055215\/"},"modified":"2026-04-16T04:01:15","modified_gmt":"2026-04-16T02:01:15","slug":"tete-de-mat-n-6-soudees-complete-pour-greement-fractionne-non-retreint-s1395-30006055215","status":"publish","type":"product","link":"https:\/\/www.sparcraft.com\/fr\/produit\/tete-de-mat-n-6-soudees-complete-pour-greement-fractionne-non-retreint-s1395-30006055215\/","title":{"rendered":"TETE DE MAT N\u00b06 SOUDEES COMPLETE &#8211; POUR GREEMENT FRACTIONNE NON RETREINT S1395"},"content":{"rendered":"<p>  <P>Pr\u00e9vu pour 4 drisses (Grand voile, balancine de b\u00f4me et deux spi)<\/P> <P>Version t\u00eate de m\u00e2t boulonn\u00e9e sur certains profils.<\/P> <P>Ces t\u00eates de m\u00e2t Sparcraft sont soud\u00e9es au profil avant anodisation.<\/P> <P>Compos\u00e9 de : <A href=\"https:\/\/www.sparcraft.com\/ftpsparcraft\/Photos\/TDM\/TDM_fractionne_NR_soude_1.png\" target=\"_blank\"><SPAN>\u00e9clat\u00e9 produit<\/SPAN><\/A><\/P> <UL> <LI>A + B&nbsp;: 1 corps&nbsp;+ 1 cloison int\u00e9gr\u00e9e &#8211;&nbsp;r\u00e9f\u00e9rence <A href=\"http:\/\/www.sparcraft.fr\/sku\/30006055212\">30006055212<\/A><\/LI> <LI>C :&nbsp;4 r\u00e9as &#8211; r\u00e9f\u00e9rence <A href=\"http:\/\/www.sparcraft.fr\/sku\/48511102125\"><SPAN>48511102125<\/SPAN><\/A><\/LI> <LI>D&nbsp;:&nbsp;1&nbsp;axe droit&nbsp;&#8211; r\u00e9f\u00e9rence <A href=\"http:\/\/www.sparcraft.fr\/sku\/40020118095\">40020118095<\/A><\/LI> <LI>E : 1 axe \u00e9paul\u00e9 &#8211; r\u00e9f\u00e9rence <A href=\"http:\/\/www.sparcraft.fr\/sku\/40020218078\"><SPAN>40020218078<\/SPAN><\/A><\/LI> <LI>F : 1 goupille &#8211; r\u00e9f\u00e9rence <A href=\"http:\/\/www.sparcraft.fr\/sku\/28803040400\"><SPAN>28803040400<\/SPAN><\/A><\/LI> <LI>G&nbsp;: 1&nbsp;cache axe &#8211; r\u00e9f\u00e9rence <A href=\"http:\/\/www.sparcraft.fr\/sku\/41201020205\">41201020205<\/A><\/LI> <LI>J&nbsp;: 1&nbsp;rondelle&nbsp;&#8211; r\u00e9f\u00e9rence <A href=\"http:\/\/www.sparcraft.fr\/sku\/28601018000\"><SPAN>28601018000<\/SPAN><\/A><\/LI> <LI>Axe de mouflage &#8211; nous consulter<\/LI><\/UL><\/p>\n","protected":false},"excerpt":{"rendered":"<p>  <P>T\u00eate de m\u00e2t&nbsp;soud\u00e9e pour gr\u00e9ement fractionn\u00e9 non r\u00e9treint<\/P> <P>Section : <STRONG>n\u00b06<\/STRONG><\/P> <P>Profil : <STRONG>S1395<\/STRONG><\/P> <P>Longueur :<STRONG>&nbsp;521 mm<\/STRONG><\/P> <P>Mat\u00e9riau : alu brut<\/P> <P>\u00d8 axe chape usuel (non inclus <A href=\"https:\/\/www.sparcraft.com\/fr\/mats-sparcraft\/mats-classiques-sections-s\/tetes-mat-sections-s\/#tab-id-3\" target=\"_blank\"><SPAN>voir d\u00e9tail<\/SPAN><\/A>)&nbsp;<STRONG>: \u00d8&nbsp;16 mini&nbsp;mm<\/STRONG><\/P> <P>Dimensions en&nbsp;mm (<A href=\"https:\/\/www.sparcraft.com\/ftpsparcraft\/Photos\/TDM\/TDM_fractionne_NR_dim_3.png\"><SPAN>dimensions<\/SPAN><\/A>) : <STRONG>E=300 F=38&nbsp;&nbsp;T=400&nbsp; U=115<\/STRONG><\/P><\/p>\n","protected":false},"featured_media":0,"comment_status":"open","ping_status":"closed","template":"","meta":[],"product_brand":[],"product_cat":[17],"product_tag":[],"class_list":{"0":"post-35199","1":"product","2":"type-product","3":"status-publish","5":"product_cat-product","7":"first","8":"instock","9":"taxable","10":"shipping-taxable","11":"purchasable","12":"product-type-simple"},"yoast_head":"<!-- This site is optimized with the Yoast SEO plugin v27.4 - https:\/\/yoast.com\/product\/yoast-seo-wordpress\/ -->\n<title>TETE DE MAT N\u00b06 SOUDEES COMPLETE - POUR GREEMENT FRACTIONNE NON RETREINT S1395 - Sparcraft<\/title>\n<meta name=\"robots\" content=\"index, follow, max-snippet:-1, max-image-preview:large, max-video-preview:-1\" \/>\n<link rel=\"canonical\" href=\"https:\/\/www.sparcraft.com\/fr\/produit\/tete-de-mat-n-6-soudees-complete-pour-greement-fractionne-non-retreint-s1395-30006055215\/\" \/>\n<meta property=\"og:locale\" content=\"fr_FR\" \/>\n<meta property=\"og:type\" content=\"article\" \/>\n<meta property=\"og:title\" content=\"TETE DE MAT N\u00b06 SOUDEES COMPLETE - POUR GREEMENT FRACTIONNE NON RETREINT S1395 - Sparcraft\" \/>\n<meta property=\"og:description\" content=\"T\u00eate de m\u00e2t&nbsp;soud\u00e9e pour gr\u00e9ement fractionn\u00e9 non r\u00e9treint Section : n\u00b06 Profil : S1395 Longueur :&nbsp;521 mm Mat\u00e9riau : alu brut \u00d8 axe chape usuel (non inclus voir d\u00e9tail)&nbsp;: \u00d8&nbsp;16 mini&nbsp;mm Dimensions en&nbsp;mm (dimensions) : E=300 F=38&nbsp;&nbsp;T=400&nbsp; U=115\" \/>\n<meta property=\"og:url\" content=\"https:\/\/www.sparcraft.com\/fr\/produit\/tete-de-mat-n-6-soudees-complete-pour-greement-fractionne-non-retreint-s1395-30006055215\/\" \/>\n<meta property=\"og:site_name\" content=\"Sparcraft\" \/>\n<meta property=\"article:modified_time\" content=\"2026-04-16T02:01:15+00:00\" \/>\n<meta name=\"twitter:card\" content=\"summary_large_image\" \/>\n<meta name=\"twitter:label1\" content=\"Dur\u00e9e de lecture estim\u00e9e\" \/>\n\t<meta name=\"twitter:data1\" content=\"1 minute\" \/>\n<script type=\"application\/ld+json\" class=\"yoast-schema-graph\">{\"@context\":\"https:\\\/\\\/schema.org\",\"@graph\":[{\"@type\":\"WebPage\",\"@id\":\"https:\\\/\\\/www.sparcraft.com\\\/fr\\\/produit\\\/tete-de-mat-n-6-soudees-complete-pour-greement-fractionne-non-retreint-s1395-30006055215\\\/\",\"url\":\"https:\\\/\\\/www.sparcraft.com\\\/fr\\\/produit\\\/tete-de-mat-n-6-soudees-complete-pour-greement-fractionne-non-retreint-s1395-30006055215\\\/\",\"name\":\"TETE DE MAT N\u00b06 SOUDEES COMPLETE - POUR GREEMENT FRACTIONNE NON RETREINT S1395 - Sparcraft\",\"isPartOf\":{\"@id\":\"https:\\\/\\\/www.sparcraft.com\\\/fr\\\/#website\"},\"datePublished\":\"2023-10-16T10:45:44+00:00\",\"dateModified\":\"2026-04-16T02:01:15+00:00\",\"breadcrumb\":{\"@id\":\"https:\\\/\\\/www.sparcraft.com\\\/fr\\\/produit\\\/tete-de-mat-n-6-soudees-complete-pour-greement-fractionne-non-retreint-s1395-30006055215\\\/#breadcrumb\"},\"inLanguage\":\"fr-FR\",\"potentialAction\":[{\"@type\":\"ReadAction\",\"target\":[\"https:\\\/\\\/www.sparcraft.com\\\/fr\\\/produit\\\/tete-de-mat-n-6-soudees-complete-pour-greement-fractionne-non-retreint-s1395-30006055215\\\/\"]}]},{\"@type\":\"BreadcrumbList\",\"@id\":\"https:\\\/\\\/www.sparcraft.com\\\/fr\\\/produit\\\/tete-de-mat-n-6-soudees-complete-pour-greement-fractionne-non-retreint-s1395-30006055215\\\/#breadcrumb\",\"itemListElement\":[{\"@type\":\"ListItem\",\"position\":1,\"name\":\"Boutique\",\"item\":\"https:\\\/\\\/www.sparcraft.com\\\/fr\\\/boutique\\\/\"},{\"@type\":\"ListItem\",\"position\":2,\"name\":\"TETE DE MAT N\u00b06 SOUDEES COMPLETE &#8211; POUR GREEMENT FRACTIONNE NON RETREINT S1395\"}]},{\"@type\":\"WebSite\",\"@id\":\"https:\\\/\\\/www.sparcraft.com\\\/fr\\\/#website\",\"url\":\"https:\\\/\\\/www.sparcraft.com\\\/fr\\\/\",\"name\":\"Sparcraft\",\"description\":\"Mast &amp; Rigging\",\"potentialAction\":[{\"@type\":\"SearchAction\",\"target\":{\"@type\":\"EntryPoint\",\"urlTemplate\":\"https:\\\/\\\/www.sparcraft.com\\\/fr\\\/?s={search_term_string}\"},\"query-input\":{\"@type\":\"PropertyValueSpecification\",\"valueRequired\":true,\"valueName\":\"search_term_string\"}}],\"inLanguage\":\"fr-FR\"}]}<\/script>\n<!-- \/ Yoast SEO plugin. -->","yoast_head_json":{"title":"TETE DE MAT N\u00b06 SOUDEES COMPLETE - POUR GREEMENT FRACTIONNE NON RETREINT S1395 - Sparcraft","robots":{"index":"index","follow":"follow","max-snippet":"max-snippet:-1","max-image-preview":"max-image-preview:large","max-video-preview":"max-video-preview:-1"},"canonical":"https:\/\/www.sparcraft.com\/fr\/produit\/tete-de-mat-n-6-soudees-complete-pour-greement-fractionne-non-retreint-s1395-30006055215\/","og_locale":"fr_FR","og_type":"article","og_title":"TETE DE MAT N\u00b06 SOUDEES COMPLETE - POUR GREEMENT FRACTIONNE NON RETREINT S1395 - Sparcraft","og_description":"T\u00eate de m\u00e2t&nbsp;soud\u00e9e pour gr\u00e9ement fractionn\u00e9 non r\u00e9treint Section : n\u00b06 Profil : S1395 Longueur :&nbsp;521 mm Mat\u00e9riau : alu brut \u00d8 axe chape usuel (non inclus voir d\u00e9tail)&nbsp;: \u00d8&nbsp;16 mini&nbsp;mm Dimensions en&nbsp;mm (dimensions) : E=300 F=38&nbsp;&nbsp;T=400&nbsp; U=115","og_url":"https:\/\/www.sparcraft.com\/fr\/produit\/tete-de-mat-n-6-soudees-complete-pour-greement-fractionne-non-retreint-s1395-30006055215\/","og_site_name":"Sparcraft","article_modified_time":"2026-04-16T02:01:15+00:00","twitter_card":"summary_large_image","twitter_misc":{"Dur\u00e9e de lecture estim\u00e9e":"1 minute"},"schema":{"@context":"https:\/\/schema.org","@graph":[{"@type":"WebPage","@id":"https:\/\/www.sparcraft.com\/fr\/produit\/tete-de-mat-n-6-soudees-complete-pour-greement-fractionne-non-retreint-s1395-30006055215\/","url":"https:\/\/www.sparcraft.com\/fr\/produit\/tete-de-mat-n-6-soudees-complete-pour-greement-fractionne-non-retreint-s1395-30006055215\/","name":"TETE DE MAT N\u00b06 SOUDEES COMPLETE - POUR GREEMENT FRACTIONNE NON RETREINT S1395 - Sparcraft","isPartOf":{"@id":"https:\/\/www.sparcraft.com\/fr\/#website"},"datePublished":"2023-10-16T10:45:44+00:00","dateModified":"2026-04-16T02:01:15+00:00","breadcrumb":{"@id":"https:\/\/www.sparcraft.com\/fr\/produit\/tete-de-mat-n-6-soudees-complete-pour-greement-fractionne-non-retreint-s1395-30006055215\/#breadcrumb"},"inLanguage":"fr-FR","potentialAction":[{"@type":"ReadAction","target":["https:\/\/www.sparcraft.com\/fr\/produit\/tete-de-mat-n-6-soudees-complete-pour-greement-fractionne-non-retreint-s1395-30006055215\/"]}]},{"@type":"BreadcrumbList","@id":"https:\/\/www.sparcraft.com\/fr\/produit\/tete-de-mat-n-6-soudees-complete-pour-greement-fractionne-non-retreint-s1395-30006055215\/#breadcrumb","itemListElement":[{"@type":"ListItem","position":1,"name":"Boutique","item":"https:\/\/www.sparcraft.com\/fr\/boutique\/"},{"@type":"ListItem","position":2,"name":"TETE DE MAT N\u00b06 SOUDEES COMPLETE &#8211; POUR GREEMENT FRACTIONNE NON RETREINT S1395"}]},{"@type":"WebSite","@id":"https:\/\/www.sparcraft.com\/fr\/#website","url":"https:\/\/www.sparcraft.com\/fr\/","name":"Sparcraft","description":"Mast &amp; Rigging","potentialAction":[{"@type":"SearchAction","target":{"@type":"EntryPoint","urlTemplate":"https:\/\/www.sparcraft.com\/fr\/?s={search_term_string}"},"query-input":{"@type":"PropertyValueSpecification","valueRequired":true,"valueName":"search_term_string"}}],"inLanguage":"fr-FR"}]}},"_links":{"self":[{"href":"https:\/\/www.sparcraft.com\/fr\/wp-json\/wp\/v2\/product\/35199","targetHints":{"allow":["GET"]}}],"collection":[{"href":"https:\/\/www.sparcraft.com\/fr\/wp-json\/wp\/v2\/product"}],"about":[{"href":"https:\/\/www.sparcraft.com\/fr\/wp-json\/wp\/v2\/types\/product"}],"replies":[{"embeddable":true,"href":"https:\/\/www.sparcraft.com\/fr\/wp-json\/wp\/v2\/comments?post=35199"}],"wp:attachment":[{"href":"https:\/\/www.sparcraft.com\/fr\/wp-json\/wp\/v2\/media?parent=35199"}],"wp:term":[{"taxonomy":"product_brand","embeddable":true,"href":"https:\/\/www.sparcraft.com\/fr\/wp-json\/wp\/v2\/product_brand?post=35199"},{"taxonomy":"product_cat","embeddable":true,"href":"https:\/\/www.sparcraft.com\/fr\/wp-json\/wp\/v2\/product_cat?post=35199"},{"taxonomy":"product_tag","embeddable":true,"href":"https:\/\/www.sparcraft.com\/fr\/wp-json\/wp\/v2\/product_tag?post=35199"}],"curies":[{"name":"wp","href":"https:\/\/api.w.org\/{rel}","templated":true}]}}