{"id":35068,"date":"2023-09-26T00:40:46","date_gmt":"2023-09-25T22:40:46","guid":{"rendered":"https:\/\/www.sparcraft.com\/produit\/tete-de-mat-n-4-soudees-complete-pour-greement-fractionne-non-retreint-s35-30004032065\/"},"modified":"2026-04-15T04:00:53","modified_gmt":"2026-04-15T02:00:53","slug":"tete-de-mat-n-4-soudees-complete-pour-greement-fractionne-non-retreint-s35-30004032065","status":"publish","type":"product","link":"https:\/\/www.sparcraft.com\/fr\/produit\/tete-de-mat-n-4-soudees-complete-pour-greement-fractionne-non-retreint-s35-30004032065\/","title":{"rendered":"TETE DE MAT N\u00b04 SOUDEES COMPLETE &#8211; POUR GREEMENT FRACTIONNE NON RETREINT S35"},"content":{"rendered":"<p>  <P>Pr\u00e9vu pour 4 drisses (Grand voile, balancine de b\u00f4me et deux spi)<\/P> <P>Version t\u00eate de m\u00e2t boulonn\u00e9e sur certains profils.<\/P> <P>Ces t\u00eates de m\u00e2t Sparcraft sont soud\u00e9es au profil avant anodisation.<\/P> <P>Compos\u00e9 de : <A href=\"https:\/\/www.sparcraft.com\/ftpsparcraft\/Photos\/TDM\/TDM_fractionne_NR_soude_1.png\" target=\"_blank\"><SPAN>\u00e9clat\u00e9 produit<\/SPAN><\/A><\/P> <UL> <LI>A : 1 corps &#8211;&nbsp;r\u00e9f\u00e9rence <A href=\"http:\/\/www.sparcraft.fr\/sku\/30004032062\">30004032062<\/A><\/LI> <LI>B : 1 cloison&nbsp;&#8211; r\u00e9f\u00e9rence <A href=\"http:\/\/www.sparcraft.fr\/sku\/30004112065\">30004112065<\/A><\/LI> <LI>C :&nbsp;2 r\u00e9as &#8211; r\u00e9f\u00e9rence <A href=\"http:\/\/www.sparcraft.fr\/sku\/48510481215\"><SPAN>48510481215<\/SPAN><\/A><\/LI> <LI>E : 1 axe \u00e9paul\u00e9 &#8211; r\u00e9f\u00e9rence <A href=\"http:\/\/www.sparcraft.fr\/sku\/40020210040\"><SPAN>40020210040<\/SPAN><\/A><\/LI> <LI>F : 1 goupille &#8211; r\u00e9f\u00e9rence <A href=\"http:\/\/www.sparcraft.fr\/sku\/28803032200\"><SPAN>28803032200<\/SPAN><\/A><\/LI><\/UL><\/p>\n","protected":false},"excerpt":{"rendered":"<p>  <P>T\u00eate de m\u00e2t&nbsp;soud\u00e9e pour gr\u00e9ement fractionn\u00e9 non r\u00e9treint<\/P> <P>Section : <STRONG>n\u00b04<\/STRONG><\/P> <P>Profil : <STRONG>S35<\/STRONG><\/P> <P>Longueur :<STRONG>&nbsp;206 mm<\/STRONG><\/P> <P>Mat\u00e9riau : alu brut<\/P> <P>\u00d8 axe chape usuel (non inclus <A href=\"https:\/\/www.sparcraft.com\/fr\/mats-sparcraft\/mats-classiques-sections-s\/tetes-mat-sections-s\/#tab-id-3\" target=\"_blank\"><SPAN>voir d\u00e9tail<\/SPAN><\/A>)&nbsp;<STRONG>: \u00d8&nbsp;6,8 mm<\/STRONG><\/P> <P>Dimensions en&nbsp;mm (<A href=\"https:\/\/www.sparcraft.com\/ftpsparcraft\/Photos\/TDM\/TDM_fractionne_NR_dim_3.png\"><SPAN>dimensions<\/SPAN><\/A>) : <STRONG>G=140 H=53&nbsp;&nbsp;T=206&nbsp; U=42<\/STRONG><\/P><\/p>\n","protected":false},"featured_media":0,"comment_status":"open","ping_status":"closed","template":"","meta":[],"product_brand":[],"product_cat":[17],"product_tag":[],"class_list":{"0":"post-35068","1":"product","2":"type-product","3":"status-publish","5":"product_cat-product","7":"first","8":"instock","9":"taxable","10":"shipping-taxable","11":"purchasable","12":"product-type-simple"},"yoast_head":"<!-- This site is optimized with the Yoast SEO plugin v27.4 - https:\/\/yoast.com\/product\/yoast-seo-wordpress\/ -->\n<title>TETE DE MAT N\u00b04 SOUDEES COMPLETE - POUR GREEMENT FRACTIONNE NON RETREINT S35 - Sparcraft<\/title>\n<meta name=\"robots\" content=\"index, follow, max-snippet:-1, max-image-preview:large, max-video-preview:-1\" \/>\n<link rel=\"canonical\" href=\"https:\/\/www.sparcraft.com\/fr\/produit\/tete-de-mat-n-4-soudees-complete-pour-greement-fractionne-non-retreint-s35-30004032065\/\" \/>\n<meta property=\"og:locale\" content=\"fr_FR\" \/>\n<meta property=\"og:type\" content=\"article\" \/>\n<meta property=\"og:title\" content=\"TETE DE MAT N\u00b04 SOUDEES COMPLETE - POUR GREEMENT FRACTIONNE NON RETREINT S35 - Sparcraft\" \/>\n<meta property=\"og:description\" content=\"T\u00eate de m\u00e2t&nbsp;soud\u00e9e pour gr\u00e9ement fractionn\u00e9 non r\u00e9treint Section : n\u00b04 Profil : S35 Longueur :&nbsp;206 mm Mat\u00e9riau : alu brut \u00d8 axe chape usuel (non inclus voir d\u00e9tail)&nbsp;: \u00d8&nbsp;6,8 mm Dimensions en&nbsp;mm (dimensions) : G=140 H=53&nbsp;&nbsp;T=206&nbsp; U=42\" \/>\n<meta property=\"og:url\" content=\"https:\/\/www.sparcraft.com\/fr\/produit\/tete-de-mat-n-4-soudees-complete-pour-greement-fractionne-non-retreint-s35-30004032065\/\" \/>\n<meta property=\"og:site_name\" content=\"Sparcraft\" \/>\n<meta property=\"article:modified_time\" content=\"2026-04-15T02:00:53+00:00\" \/>\n<meta name=\"twitter:card\" content=\"summary_large_image\" \/>\n<script type=\"application\/ld+json\" class=\"yoast-schema-graph\">{\"@context\":\"https:\\\/\\\/schema.org\",\"@graph\":[{\"@type\":\"WebPage\",\"@id\":\"https:\\\/\\\/www.sparcraft.com\\\/fr\\\/produit\\\/tete-de-mat-n-4-soudees-complete-pour-greement-fractionne-non-retreint-s35-30004032065\\\/\",\"url\":\"https:\\\/\\\/www.sparcraft.com\\\/fr\\\/produit\\\/tete-de-mat-n-4-soudees-complete-pour-greement-fractionne-non-retreint-s35-30004032065\\\/\",\"name\":\"TETE DE MAT N\u00b04 SOUDEES COMPLETE - POUR GREEMENT FRACTIONNE NON RETREINT S35 - Sparcraft\",\"isPartOf\":{\"@id\":\"https:\\\/\\\/www.sparcraft.com\\\/fr\\\/#website\"},\"datePublished\":\"2023-09-25T22:40:46+00:00\",\"dateModified\":\"2026-04-15T02:00:53+00:00\",\"breadcrumb\":{\"@id\":\"https:\\\/\\\/www.sparcraft.com\\\/fr\\\/produit\\\/tete-de-mat-n-4-soudees-complete-pour-greement-fractionne-non-retreint-s35-30004032065\\\/#breadcrumb\"},\"inLanguage\":\"fr-FR\",\"potentialAction\":[{\"@type\":\"ReadAction\",\"target\":[\"https:\\\/\\\/www.sparcraft.com\\\/fr\\\/produit\\\/tete-de-mat-n-4-soudees-complete-pour-greement-fractionne-non-retreint-s35-30004032065\\\/\"]}]},{\"@type\":\"BreadcrumbList\",\"@id\":\"https:\\\/\\\/www.sparcraft.com\\\/fr\\\/produit\\\/tete-de-mat-n-4-soudees-complete-pour-greement-fractionne-non-retreint-s35-30004032065\\\/#breadcrumb\",\"itemListElement\":[{\"@type\":\"ListItem\",\"position\":1,\"name\":\"Boutique\",\"item\":\"https:\\\/\\\/www.sparcraft.com\\\/fr\\\/boutique\\\/\"},{\"@type\":\"ListItem\",\"position\":2,\"name\":\"TETE DE MAT N\u00b04 SOUDEES COMPLETE &#8211; POUR GREEMENT FRACTIONNE NON RETREINT S35\"}]},{\"@type\":\"WebSite\",\"@id\":\"https:\\\/\\\/www.sparcraft.com\\\/fr\\\/#website\",\"url\":\"https:\\\/\\\/www.sparcraft.com\\\/fr\\\/\",\"name\":\"Sparcraft\",\"description\":\"Mast &amp; Rigging\",\"potentialAction\":[{\"@type\":\"SearchAction\",\"target\":{\"@type\":\"EntryPoint\",\"urlTemplate\":\"https:\\\/\\\/www.sparcraft.com\\\/fr\\\/?s={search_term_string}\"},\"query-input\":{\"@type\":\"PropertyValueSpecification\",\"valueRequired\":true,\"valueName\":\"search_term_string\"}}],\"inLanguage\":\"fr-FR\"}]}<\/script>\n<!-- \/ Yoast SEO plugin. -->","yoast_head_json":{"title":"TETE DE MAT N\u00b04 SOUDEES COMPLETE - POUR GREEMENT FRACTIONNE NON RETREINT S35 - Sparcraft","robots":{"index":"index","follow":"follow","max-snippet":"max-snippet:-1","max-image-preview":"max-image-preview:large","max-video-preview":"max-video-preview:-1"},"canonical":"https:\/\/www.sparcraft.com\/fr\/produit\/tete-de-mat-n-4-soudees-complete-pour-greement-fractionne-non-retreint-s35-30004032065\/","og_locale":"fr_FR","og_type":"article","og_title":"TETE DE MAT N\u00b04 SOUDEES COMPLETE - POUR GREEMENT FRACTIONNE NON RETREINT S35 - Sparcraft","og_description":"T\u00eate de m\u00e2t&nbsp;soud\u00e9e pour gr\u00e9ement fractionn\u00e9 non r\u00e9treint Section : n\u00b04 Profil : S35 Longueur :&nbsp;206 mm Mat\u00e9riau : alu brut \u00d8 axe chape usuel (non inclus voir d\u00e9tail)&nbsp;: \u00d8&nbsp;6,8 mm Dimensions en&nbsp;mm (dimensions) : G=140 H=53&nbsp;&nbsp;T=206&nbsp; U=42","og_url":"https:\/\/www.sparcraft.com\/fr\/produit\/tete-de-mat-n-4-soudees-complete-pour-greement-fractionne-non-retreint-s35-30004032065\/","og_site_name":"Sparcraft","article_modified_time":"2026-04-15T02:00:53+00:00","twitter_card":"summary_large_image","schema":{"@context":"https:\/\/schema.org","@graph":[{"@type":"WebPage","@id":"https:\/\/www.sparcraft.com\/fr\/produit\/tete-de-mat-n-4-soudees-complete-pour-greement-fractionne-non-retreint-s35-30004032065\/","url":"https:\/\/www.sparcraft.com\/fr\/produit\/tete-de-mat-n-4-soudees-complete-pour-greement-fractionne-non-retreint-s35-30004032065\/","name":"TETE DE MAT N\u00b04 SOUDEES COMPLETE - POUR GREEMENT FRACTIONNE NON RETREINT S35 - Sparcraft","isPartOf":{"@id":"https:\/\/www.sparcraft.com\/fr\/#website"},"datePublished":"2023-09-25T22:40:46+00:00","dateModified":"2026-04-15T02:00:53+00:00","breadcrumb":{"@id":"https:\/\/www.sparcraft.com\/fr\/produit\/tete-de-mat-n-4-soudees-complete-pour-greement-fractionne-non-retreint-s35-30004032065\/#breadcrumb"},"inLanguage":"fr-FR","potentialAction":[{"@type":"ReadAction","target":["https:\/\/www.sparcraft.com\/fr\/produit\/tete-de-mat-n-4-soudees-complete-pour-greement-fractionne-non-retreint-s35-30004032065\/"]}]},{"@type":"BreadcrumbList","@id":"https:\/\/www.sparcraft.com\/fr\/produit\/tete-de-mat-n-4-soudees-complete-pour-greement-fractionne-non-retreint-s35-30004032065\/#breadcrumb","itemListElement":[{"@type":"ListItem","position":1,"name":"Boutique","item":"https:\/\/www.sparcraft.com\/fr\/boutique\/"},{"@type":"ListItem","position":2,"name":"TETE DE MAT N\u00b04 SOUDEES COMPLETE &#8211; POUR GREEMENT FRACTIONNE NON RETREINT S35"}]},{"@type":"WebSite","@id":"https:\/\/www.sparcraft.com\/fr\/#website","url":"https:\/\/www.sparcraft.com\/fr\/","name":"Sparcraft","description":"Mast &amp; Rigging","potentialAction":[{"@type":"SearchAction","target":{"@type":"EntryPoint","urlTemplate":"https:\/\/www.sparcraft.com\/fr\/?s={search_term_string}"},"query-input":{"@type":"PropertyValueSpecification","valueRequired":true,"valueName":"search_term_string"}}],"inLanguage":"fr-FR"}]}},"_links":{"self":[{"href":"https:\/\/www.sparcraft.com\/fr\/wp-json\/wp\/v2\/product\/35068","targetHints":{"allow":["GET"]}}],"collection":[{"href":"https:\/\/www.sparcraft.com\/fr\/wp-json\/wp\/v2\/product"}],"about":[{"href":"https:\/\/www.sparcraft.com\/fr\/wp-json\/wp\/v2\/types\/product"}],"replies":[{"embeddable":true,"href":"https:\/\/www.sparcraft.com\/fr\/wp-json\/wp\/v2\/comments?post=35068"}],"wp:attachment":[{"href":"https:\/\/www.sparcraft.com\/fr\/wp-json\/wp\/v2\/media?parent=35068"}],"wp:term":[{"taxonomy":"product_brand","embeddable":true,"href":"https:\/\/www.sparcraft.com\/fr\/wp-json\/wp\/v2\/product_brand?post=35068"},{"taxonomy":"product_cat","embeddable":true,"href":"https:\/\/www.sparcraft.com\/fr\/wp-json\/wp\/v2\/product_cat?post=35068"},{"taxonomy":"product_tag","embeddable":true,"href":"https:\/\/www.sparcraft.com\/fr\/wp-json\/wp\/v2\/product_tag?post=35068"}],"curies":[{"name":"wp","href":"https:\/\/api.w.org\/{rel}","templated":true}]}}