{"id":34980,"date":"2023-09-21T00:40:46","date_gmt":"2023-09-20T22:40:46","guid":{"rendered":"https:\/\/www.sparcraft.com\/produit\/corps-tete-de-mat-n-6-pour-greement-en-tete-soudee-retreint-s1210-30006015482\/"},"modified":"2026-04-15T04:01:05","modified_gmt":"2026-04-15T02:01:05","slug":"corps-tete-de-mat-n-6-pour-greement-en-tete-soudee-retreint-s1210-30006015482","status":"publish","type":"product","link":"https:\/\/www.sparcraft.com\/fr\/produit\/corps-tete-de-mat-n-6-pour-greement-en-tete-soudee-retreint-s1210-30006015482\/","title":{"rendered":"CORPS TETE DE MAT N\u00b06  POUR GREEMENT EN TETE SOUDEE &#8211; RETREINT &#8211; S1210"},"content":{"rendered":"<p>  <P>Lien vers la version compl\u00e8te t\u00eate de m\u00e2t&nbsp;: <A href=\"http:\/\/www.sparcraft.fr\/sku\/30006015485\" target=\"_blank\">30006015485<\/A><\/P><\/p>\n","protected":false},"excerpt":{"rendered":"<p>  <P>Corps t\u00eate de m\u00e2t <STRONG>n\u00b06&nbsp;<\/STRONG>soud\u00e9e<STRONG> <\/STRONG>&#8211; pour gr\u00e9ement en t\u00eate r\u00e9treint<\/P> <P>Ces t\u00eates de m\u00e2t Sparcraft sont soud\u00e9es au profil avant anodisation.<\/P> <P>Section :<STRONG> S1210<\/STRONG><\/P> <P>Longueur :<STRONG>&nbsp;528 mm<\/STRONG><\/P> <P>Mat\u00e9riau : alu brut<\/P><\/p>\n","protected":false},"featured_media":0,"comment_status":"open","ping_status":"closed","template":"","meta":[],"product_brand":[],"product_cat":[17],"product_tag":[],"class_list":{"0":"post-34980","1":"product","2":"type-product","3":"status-publish","5":"product_cat-product","7":"first","8":"instock","9":"taxable","10":"shipping-taxable","11":"purchasable","12":"product-type-simple"},"yoast_head":"<!-- This site is optimized with the Yoast SEO plugin v27.4 - https:\/\/yoast.com\/product\/yoast-seo-wordpress\/ -->\n<title>CORPS TETE DE MAT N\u00b06 POUR GREEMENT EN TETE SOUDEE - RETREINT - S1210 - Sparcraft<\/title>\n<meta name=\"robots\" content=\"index, follow, max-snippet:-1, max-image-preview:large, max-video-preview:-1\" \/>\n<link rel=\"canonical\" href=\"https:\/\/www.sparcraft.com\/fr\/produit\/corps-tete-de-mat-n-6-pour-greement-en-tete-soudee-retreint-s1210-30006015482\/\" \/>\n<meta property=\"og:locale\" content=\"fr_FR\" \/>\n<meta property=\"og:type\" content=\"article\" \/>\n<meta property=\"og:title\" content=\"CORPS TETE DE MAT N\u00b06 POUR GREEMENT EN TETE SOUDEE - RETREINT - S1210 - Sparcraft\" \/>\n<meta property=\"og:description\" content=\"Corps t\u00eate de m\u00e2t n\u00b06&nbsp;soud\u00e9e - pour gr\u00e9ement en t\u00eate r\u00e9treint Ces t\u00eates de m\u00e2t Sparcraft sont soud\u00e9es au profil avant anodisation. Section : S1210 Longueur :&nbsp;528 mm Mat\u00e9riau : alu brut\" \/>\n<meta property=\"og:url\" content=\"https:\/\/www.sparcraft.com\/fr\/produit\/corps-tete-de-mat-n-6-pour-greement-en-tete-soudee-retreint-s1210-30006015482\/\" \/>\n<meta property=\"og:site_name\" content=\"Sparcraft\" \/>\n<meta property=\"article:modified_time\" content=\"2026-04-15T02:01:05+00:00\" \/>\n<meta name=\"twitter:card\" content=\"summary_large_image\" \/>\n<script type=\"application\/ld+json\" class=\"yoast-schema-graph\">{\"@context\":\"https:\\\/\\\/schema.org\",\"@graph\":[{\"@type\":\"WebPage\",\"@id\":\"https:\\\/\\\/www.sparcraft.com\\\/fr\\\/produit\\\/corps-tete-de-mat-n-6-pour-greement-en-tete-soudee-retreint-s1210-30006015482\\\/\",\"url\":\"https:\\\/\\\/www.sparcraft.com\\\/fr\\\/produit\\\/corps-tete-de-mat-n-6-pour-greement-en-tete-soudee-retreint-s1210-30006015482\\\/\",\"name\":\"CORPS TETE DE MAT N\u00b06 POUR GREEMENT EN TETE SOUDEE - RETREINT - S1210 - Sparcraft\",\"isPartOf\":{\"@id\":\"https:\\\/\\\/www.sparcraft.com\\\/fr\\\/#website\"},\"datePublished\":\"2023-09-20T22:40:46+00:00\",\"dateModified\":\"2026-04-15T02:01:05+00:00\",\"breadcrumb\":{\"@id\":\"https:\\\/\\\/www.sparcraft.com\\\/fr\\\/produit\\\/corps-tete-de-mat-n-6-pour-greement-en-tete-soudee-retreint-s1210-30006015482\\\/#breadcrumb\"},\"inLanguage\":\"fr-FR\",\"potentialAction\":[{\"@type\":\"ReadAction\",\"target\":[\"https:\\\/\\\/www.sparcraft.com\\\/fr\\\/produit\\\/corps-tete-de-mat-n-6-pour-greement-en-tete-soudee-retreint-s1210-30006015482\\\/\"]}]},{\"@type\":\"BreadcrumbList\",\"@id\":\"https:\\\/\\\/www.sparcraft.com\\\/fr\\\/produit\\\/corps-tete-de-mat-n-6-pour-greement-en-tete-soudee-retreint-s1210-30006015482\\\/#breadcrumb\",\"itemListElement\":[{\"@type\":\"ListItem\",\"position\":1,\"name\":\"Boutique\",\"item\":\"https:\\\/\\\/www.sparcraft.com\\\/fr\\\/boutique\\\/\"},{\"@type\":\"ListItem\",\"position\":2,\"name\":\"CORPS TETE DE MAT N\u00b06 POUR GREEMENT EN TETE SOUDEE &#8211; RETREINT &#8211; S1210\"}]},{\"@type\":\"WebSite\",\"@id\":\"https:\\\/\\\/www.sparcraft.com\\\/fr\\\/#website\",\"url\":\"https:\\\/\\\/www.sparcraft.com\\\/fr\\\/\",\"name\":\"Sparcraft\",\"description\":\"Mast &amp; Rigging\",\"potentialAction\":[{\"@type\":\"SearchAction\",\"target\":{\"@type\":\"EntryPoint\",\"urlTemplate\":\"https:\\\/\\\/www.sparcraft.com\\\/fr\\\/?s={search_term_string}\"},\"query-input\":{\"@type\":\"PropertyValueSpecification\",\"valueRequired\":true,\"valueName\":\"search_term_string\"}}],\"inLanguage\":\"fr-FR\"}]}<\/script>\n<!-- \/ Yoast SEO plugin. -->","yoast_head_json":{"title":"CORPS TETE DE MAT N\u00b06 POUR GREEMENT EN TETE SOUDEE - RETREINT - S1210 - Sparcraft","robots":{"index":"index","follow":"follow","max-snippet":"max-snippet:-1","max-image-preview":"max-image-preview:large","max-video-preview":"max-video-preview:-1"},"canonical":"https:\/\/www.sparcraft.com\/fr\/produit\/corps-tete-de-mat-n-6-pour-greement-en-tete-soudee-retreint-s1210-30006015482\/","og_locale":"fr_FR","og_type":"article","og_title":"CORPS TETE DE MAT N\u00b06 POUR GREEMENT EN TETE SOUDEE - RETREINT - S1210 - Sparcraft","og_description":"Corps t\u00eate de m\u00e2t n\u00b06&nbsp;soud\u00e9e - pour gr\u00e9ement en t\u00eate r\u00e9treint Ces t\u00eates de m\u00e2t Sparcraft sont soud\u00e9es au profil avant anodisation. Section : S1210 Longueur :&nbsp;528 mm Mat\u00e9riau : alu brut","og_url":"https:\/\/www.sparcraft.com\/fr\/produit\/corps-tete-de-mat-n-6-pour-greement-en-tete-soudee-retreint-s1210-30006015482\/","og_site_name":"Sparcraft","article_modified_time":"2026-04-15T02:01:05+00:00","twitter_card":"summary_large_image","schema":{"@context":"https:\/\/schema.org","@graph":[{"@type":"WebPage","@id":"https:\/\/www.sparcraft.com\/fr\/produit\/corps-tete-de-mat-n-6-pour-greement-en-tete-soudee-retreint-s1210-30006015482\/","url":"https:\/\/www.sparcraft.com\/fr\/produit\/corps-tete-de-mat-n-6-pour-greement-en-tete-soudee-retreint-s1210-30006015482\/","name":"CORPS TETE DE MAT N\u00b06 POUR GREEMENT EN TETE SOUDEE - RETREINT - S1210 - Sparcraft","isPartOf":{"@id":"https:\/\/www.sparcraft.com\/fr\/#website"},"datePublished":"2023-09-20T22:40:46+00:00","dateModified":"2026-04-15T02:01:05+00:00","breadcrumb":{"@id":"https:\/\/www.sparcraft.com\/fr\/produit\/corps-tete-de-mat-n-6-pour-greement-en-tete-soudee-retreint-s1210-30006015482\/#breadcrumb"},"inLanguage":"fr-FR","potentialAction":[{"@type":"ReadAction","target":["https:\/\/www.sparcraft.com\/fr\/produit\/corps-tete-de-mat-n-6-pour-greement-en-tete-soudee-retreint-s1210-30006015482\/"]}]},{"@type":"BreadcrumbList","@id":"https:\/\/www.sparcraft.com\/fr\/produit\/corps-tete-de-mat-n-6-pour-greement-en-tete-soudee-retreint-s1210-30006015482\/#breadcrumb","itemListElement":[{"@type":"ListItem","position":1,"name":"Boutique","item":"https:\/\/www.sparcraft.com\/fr\/boutique\/"},{"@type":"ListItem","position":2,"name":"CORPS TETE DE MAT N\u00b06 POUR GREEMENT EN TETE SOUDEE &#8211; RETREINT &#8211; S1210"}]},{"@type":"WebSite","@id":"https:\/\/www.sparcraft.com\/fr\/#website","url":"https:\/\/www.sparcraft.com\/fr\/","name":"Sparcraft","description":"Mast &amp; Rigging","potentialAction":[{"@type":"SearchAction","target":{"@type":"EntryPoint","urlTemplate":"https:\/\/www.sparcraft.com\/fr\/?s={search_term_string}"},"query-input":{"@type":"PropertyValueSpecification","valueRequired":true,"valueName":"search_term_string"}}],"inLanguage":"fr-FR"}]}},"_links":{"self":[{"href":"https:\/\/www.sparcraft.com\/fr\/wp-json\/wp\/v2\/product\/34980","targetHints":{"allow":["GET"]}}],"collection":[{"href":"https:\/\/www.sparcraft.com\/fr\/wp-json\/wp\/v2\/product"}],"about":[{"href":"https:\/\/www.sparcraft.com\/fr\/wp-json\/wp\/v2\/types\/product"}],"replies":[{"embeddable":true,"href":"https:\/\/www.sparcraft.com\/fr\/wp-json\/wp\/v2\/comments?post=34980"}],"wp:attachment":[{"href":"https:\/\/www.sparcraft.com\/fr\/wp-json\/wp\/v2\/media?parent=34980"}],"wp:term":[{"taxonomy":"product_brand","embeddable":true,"href":"https:\/\/www.sparcraft.com\/fr\/wp-json\/wp\/v2\/product_brand?post=34980"},{"taxonomy":"product_cat","embeddable":true,"href":"https:\/\/www.sparcraft.com\/fr\/wp-json\/wp\/v2\/product_cat?post=34980"},{"taxonomy":"product_tag","embeddable":true,"href":"https:\/\/www.sparcraft.com\/fr\/wp-json\/wp\/v2\/product_tag?post=34980"}],"curies":[{"name":"wp","href":"https:\/\/api.w.org\/{rel}","templated":true}]}}