{"id":34913,"date":"2023-09-19T00:40:13","date_gmt":"2023-09-18T22:40:13","guid":{"rendered":"https:\/\/www.sparcraft.com\/produit\/tete-de-mat-n-3-soudee-complete-pour-greement-en-tete-retreint-s622-30003034195\/"},"modified":"2026-04-15T04:00:29","modified_gmt":"2026-04-15T02:00:29","slug":"tete-de-mat-n-3-soudee-complete-pour-greement-en-tete-retreint-s622-30003034195","status":"publish","type":"product","link":"https:\/\/www.sparcraft.com\/fr\/produit\/tete-de-mat-n-3-soudee-complete-pour-greement-en-tete-retreint-s622-30003034195\/","title":{"rendered":"TETE DE MAT N\u00b03 SOUDEE COMPLETE &#8211; POUR GREEMENT EN TETE RETREINT S622"},"content":{"rendered":"<p>  <P>Pr\u00e9vu pour 4 drisses ( Grand Voile, balancine de b\u00f4me&nbsp;et deux g\u00e9nois)<\/P> <P>Option :&nbsp;ferrure ext\u00e9rieure de spi&nbsp;double &#8211; notre r\u00e9f\u00e9rence <A href=\"http:\/\/www.sparcraft.fr\/sku\/30016120945\"><SPAN>30016120945<\/SPAN><\/A>&nbsp;<\/P> <P>Deux entailles sont r\u00e9alis\u00e9es dans la partie sup\u00e9rieure du m\u00e2t avec une virgule laissant la face arri\u00e8re droite. Le r\u00e9treint permet de limiter le poids dans les hauts et de baisser le centre de gravit\u00e9. Il aide \u00e0 un meilleur contr\u00f4le du cintre longitudinal du m\u00e2t et ajoute une touche esth\u00e9tique non n\u00e9gligeable.<\/P> <P>Le r\u00e9treint standard est non poli.<\/P> <P>Ces t\u00eates de m\u00e2t Sparcraft sont soud\u00e9es au profil avant anodisation.<\/P> <P>Compos\u00e9 de : <A href=\"https:\/\/www.sparcraft.com\/ftpsparcraft\/Photos\/TDM\/TDM_EnTete_R_soude_30006015285.jpg\" target=\"_blank\"><SPAN>\u00e9clat\u00e9 produit<\/SPAN><\/A><\/P> <UL> <LI>A : 1 corps &#8211;&nbsp;r\u00e9f\u00e9rence <A href=\"http:\/\/www.sparcraft.fr\/sku\/30003034192\">30003034192<\/A><\/LI> <LI>B : 1 cloison&nbsp;&#8211; r\u00e9f\u00e9rence <A href=\"http:\/\/www.sparcraft.fr\/sku\/30003133913\">30003133913<\/A><\/LI> <LI>C : 4 r\u00e9as &#8211; r\u00e9f\u00e9rence <A href=\"http:\/\/www.sparcraft.fr\/sku\/48510801525\">48510801525<\/A><\/LI> <LI>D : 1 axe droit &#8211; r\u00e9f\u00e9rence <A href=\"http:\/\/www.sparcraft.fr\/sku\/40020112065\"><SPAN>40020112065<\/SPAN><\/A><\/LI> <LI>E : 1 axe \u00e9paul\u00e9 &#8211; r\u00e9f\u00e9rence <A href=\"http:\/\/www.sparcraft.fr\/sku\/40020212052\"><SPAN>40020212052<\/SPAN><\/A><\/LI> <LI>F : 1 goupille &#8211; r\u00e9f\u00e9rence <A href=\"http:\/\/www.sparcraft.fr\/sku\/28803032200\"><SPAN>28803032200<\/SPAN><\/A><\/LI> <LI>G :&nbsp;1 cache axe&nbsp;&#8211; r\u00e9f\u00e9rence <A href=\"http:\/\/www.sparcraft.fr\/sku\/41201020105\"><SPAN>41201020105<\/SPAN><\/A><\/LI> <LI>Axe&nbsp;mouflage : nous consulter<\/LI><\/UL><\/p>\n","protected":false},"excerpt":{"rendered":"<p>  <P>T\u00eate de m\u00e2t&nbsp;soud\u00e9e gr\u00e9ement en t\u00eate r\u00e9treint<\/P> <P>Section : <STRONG>n\u00b03<\/STRONG><\/P> <P>Profil : <STRONG>S622<\/STRONG><\/P> <P>Longueur :<STRONG>&nbsp;419 mm<\/STRONG><\/P> <P>Mat\u00e9riau : alu brut<\/P> <P>\u00d8 axe chape usuel (non inclus <A href=\"https:\/\/www.sparcraft.com\/fr\/mats-sparcraft\/mats-classiques-sections-s\/tetes-mat-sections-s\/#tab-id-3\" target=\"_blank\"><SPAN>voir d\u00e9tail<\/SPAN><\/A>)&nbsp;<STRONG>: \u00d8&nbsp;12,16 mm&nbsp;<\/STRONG><\/P> <P>Dimensions en&nbsp;mm <STRONG>(<A href=\"https:\/\/www.sparcraft.com\/ftpsparcraft\/Photos\/TDM\/TDM_EnTete_R_soude_30004012215_2.jpg\"><SPAN>dimensions<\/SPAN><\/A>) : G=235 H=82&nbsp; J=165&nbsp; K=82&nbsp;&nbsp;T=340&nbsp; U=90<\/STRONG><\/P> <P>Longueur r\u00e9treint usuel* :<STRONG>&nbsp;2 000<\/STRONG><STRONG>&nbsp;mm<\/STRONG><\/P> <P><EM><SPAN><SPAN><SPAN>*valeurs indicatives. Le bureau d&rsquo;\u00e9tudes Sparcraft peut modifier ces donn\u00e9es selon configuration.<\/SPAN><\/SPAN><\/SPAN><\/EM><\/P><\/p>\n","protected":false},"featured_media":0,"comment_status":"open","ping_status":"closed","template":"","meta":[],"product_brand":[],"product_cat":[17],"product_tag":[],"class_list":{"0":"post-34913","1":"product","2":"type-product","3":"status-publish","5":"product_cat-product","7":"first","8":"instock","9":"taxable","10":"shipping-taxable","11":"purchasable","12":"product-type-simple"},"yoast_head":"<!-- This site is optimized with the Yoast SEO plugin v27.4 - https:\/\/yoast.com\/product\/yoast-seo-wordpress\/ -->\n<title>TETE DE MAT N\u00b03 SOUDEE COMPLETE - POUR GREEMENT EN TETE RETREINT S622 - Sparcraft<\/title>\n<meta name=\"robots\" content=\"index, follow, max-snippet:-1, max-image-preview:large, max-video-preview:-1\" \/>\n<link rel=\"canonical\" href=\"https:\/\/www.sparcraft.com\/fr\/produit\/tete-de-mat-n-3-soudee-complete-pour-greement-en-tete-retreint-s622-30003034195\/\" \/>\n<meta property=\"og:locale\" content=\"fr_FR\" \/>\n<meta property=\"og:type\" content=\"article\" \/>\n<meta property=\"og:title\" content=\"TETE DE MAT N\u00b03 SOUDEE COMPLETE - POUR GREEMENT EN TETE RETREINT S622 - Sparcraft\" \/>\n<meta property=\"og:description\" content=\"T\u00eate de m\u00e2t&nbsp;soud\u00e9e gr\u00e9ement en t\u00eate r\u00e9treint Section : n\u00b03 Profil : S622 Longueur :&nbsp;419 mm Mat\u00e9riau : alu brut \u00d8 axe chape usuel (non inclus voir d\u00e9tail)&nbsp;: \u00d8&nbsp;12,16 mm&nbsp; Dimensions en&nbsp;mm (dimensions) : G=235 H=82&nbsp; J=165&nbsp; K=82&nbsp;&nbsp;T=340&nbsp; U=90 Longueur r\u00e9treint usuel* :&nbsp;2 000&nbsp;mm *valeurs indicatives. Le bureau d&#039;\u00e9tudes Sparcraft peut modifier ces donn\u00e9es selon configuration.\" \/>\n<meta property=\"og:url\" content=\"https:\/\/www.sparcraft.com\/fr\/produit\/tete-de-mat-n-3-soudee-complete-pour-greement-en-tete-retreint-s622-30003034195\/\" \/>\n<meta property=\"og:site_name\" content=\"Sparcraft\" \/>\n<meta property=\"article:modified_time\" content=\"2026-04-15T02:00:29+00:00\" \/>\n<meta name=\"twitter:card\" content=\"summary_large_image\" \/>\n<meta name=\"twitter:label1\" content=\"Dur\u00e9e de lecture estim\u00e9e\" \/>\n\t<meta name=\"twitter:data1\" content=\"1 minute\" \/>\n<script type=\"application\/ld+json\" class=\"yoast-schema-graph\">{\"@context\":\"https:\\\/\\\/schema.org\",\"@graph\":[{\"@type\":\"WebPage\",\"@id\":\"https:\\\/\\\/www.sparcraft.com\\\/fr\\\/produit\\\/tete-de-mat-n-3-soudee-complete-pour-greement-en-tete-retreint-s622-30003034195\\\/\",\"url\":\"https:\\\/\\\/www.sparcraft.com\\\/fr\\\/produit\\\/tete-de-mat-n-3-soudee-complete-pour-greement-en-tete-retreint-s622-30003034195\\\/\",\"name\":\"TETE DE MAT N\u00b03 SOUDEE COMPLETE - POUR GREEMENT EN TETE RETREINT S622 - Sparcraft\",\"isPartOf\":{\"@id\":\"https:\\\/\\\/www.sparcraft.com\\\/fr\\\/#website\"},\"datePublished\":\"2023-09-18T22:40:13+00:00\",\"dateModified\":\"2026-04-15T02:00:29+00:00\",\"breadcrumb\":{\"@id\":\"https:\\\/\\\/www.sparcraft.com\\\/fr\\\/produit\\\/tete-de-mat-n-3-soudee-complete-pour-greement-en-tete-retreint-s622-30003034195\\\/#breadcrumb\"},\"inLanguage\":\"fr-FR\",\"potentialAction\":[{\"@type\":\"ReadAction\",\"target\":[\"https:\\\/\\\/www.sparcraft.com\\\/fr\\\/produit\\\/tete-de-mat-n-3-soudee-complete-pour-greement-en-tete-retreint-s622-30003034195\\\/\"]}]},{\"@type\":\"BreadcrumbList\",\"@id\":\"https:\\\/\\\/www.sparcraft.com\\\/fr\\\/produit\\\/tete-de-mat-n-3-soudee-complete-pour-greement-en-tete-retreint-s622-30003034195\\\/#breadcrumb\",\"itemListElement\":[{\"@type\":\"ListItem\",\"position\":1,\"name\":\"Boutique\",\"item\":\"https:\\\/\\\/www.sparcraft.com\\\/fr\\\/boutique\\\/\"},{\"@type\":\"ListItem\",\"position\":2,\"name\":\"TETE DE MAT N\u00b03 SOUDEE COMPLETE &#8211; POUR GREEMENT EN TETE RETREINT S622\"}]},{\"@type\":\"WebSite\",\"@id\":\"https:\\\/\\\/www.sparcraft.com\\\/fr\\\/#website\",\"url\":\"https:\\\/\\\/www.sparcraft.com\\\/fr\\\/\",\"name\":\"Sparcraft\",\"description\":\"Mast &amp; Rigging\",\"potentialAction\":[{\"@type\":\"SearchAction\",\"target\":{\"@type\":\"EntryPoint\",\"urlTemplate\":\"https:\\\/\\\/www.sparcraft.com\\\/fr\\\/?s={search_term_string}\"},\"query-input\":{\"@type\":\"PropertyValueSpecification\",\"valueRequired\":true,\"valueName\":\"search_term_string\"}}],\"inLanguage\":\"fr-FR\"}]}<\/script>\n<!-- \/ Yoast SEO plugin. -->","yoast_head_json":{"title":"TETE DE MAT N\u00b03 SOUDEE COMPLETE - POUR GREEMENT EN TETE RETREINT S622 - Sparcraft","robots":{"index":"index","follow":"follow","max-snippet":"max-snippet:-1","max-image-preview":"max-image-preview:large","max-video-preview":"max-video-preview:-1"},"canonical":"https:\/\/www.sparcraft.com\/fr\/produit\/tete-de-mat-n-3-soudee-complete-pour-greement-en-tete-retreint-s622-30003034195\/","og_locale":"fr_FR","og_type":"article","og_title":"TETE DE MAT N\u00b03 SOUDEE COMPLETE - POUR GREEMENT EN TETE RETREINT S622 - Sparcraft","og_description":"T\u00eate de m\u00e2t&nbsp;soud\u00e9e gr\u00e9ement en t\u00eate r\u00e9treint Section : n\u00b03 Profil : S622 Longueur :&nbsp;419 mm Mat\u00e9riau : alu brut \u00d8 axe chape usuel (non inclus voir d\u00e9tail)&nbsp;: \u00d8&nbsp;12,16 mm&nbsp; Dimensions en&nbsp;mm (dimensions) : G=235 H=82&nbsp; J=165&nbsp; K=82&nbsp;&nbsp;T=340&nbsp; U=90 Longueur r\u00e9treint usuel* :&nbsp;2 000&nbsp;mm *valeurs indicatives. Le bureau d'\u00e9tudes Sparcraft peut modifier ces donn\u00e9es selon configuration.","og_url":"https:\/\/www.sparcraft.com\/fr\/produit\/tete-de-mat-n-3-soudee-complete-pour-greement-en-tete-retreint-s622-30003034195\/","og_site_name":"Sparcraft","article_modified_time":"2026-04-15T02:00:29+00:00","twitter_card":"summary_large_image","twitter_misc":{"Dur\u00e9e de lecture estim\u00e9e":"1 minute"},"schema":{"@context":"https:\/\/schema.org","@graph":[{"@type":"WebPage","@id":"https:\/\/www.sparcraft.com\/fr\/produit\/tete-de-mat-n-3-soudee-complete-pour-greement-en-tete-retreint-s622-30003034195\/","url":"https:\/\/www.sparcraft.com\/fr\/produit\/tete-de-mat-n-3-soudee-complete-pour-greement-en-tete-retreint-s622-30003034195\/","name":"TETE DE MAT N\u00b03 SOUDEE COMPLETE - POUR GREEMENT EN TETE RETREINT S622 - Sparcraft","isPartOf":{"@id":"https:\/\/www.sparcraft.com\/fr\/#website"},"datePublished":"2023-09-18T22:40:13+00:00","dateModified":"2026-04-15T02:00:29+00:00","breadcrumb":{"@id":"https:\/\/www.sparcraft.com\/fr\/produit\/tete-de-mat-n-3-soudee-complete-pour-greement-en-tete-retreint-s622-30003034195\/#breadcrumb"},"inLanguage":"fr-FR","potentialAction":[{"@type":"ReadAction","target":["https:\/\/www.sparcraft.com\/fr\/produit\/tete-de-mat-n-3-soudee-complete-pour-greement-en-tete-retreint-s622-30003034195\/"]}]},{"@type":"BreadcrumbList","@id":"https:\/\/www.sparcraft.com\/fr\/produit\/tete-de-mat-n-3-soudee-complete-pour-greement-en-tete-retreint-s622-30003034195\/#breadcrumb","itemListElement":[{"@type":"ListItem","position":1,"name":"Boutique","item":"https:\/\/www.sparcraft.com\/fr\/boutique\/"},{"@type":"ListItem","position":2,"name":"TETE DE MAT N\u00b03 SOUDEE COMPLETE &#8211; POUR GREEMENT EN TETE RETREINT S622"}]},{"@type":"WebSite","@id":"https:\/\/www.sparcraft.com\/fr\/#website","url":"https:\/\/www.sparcraft.com\/fr\/","name":"Sparcraft","description":"Mast &amp; Rigging","potentialAction":[{"@type":"SearchAction","target":{"@type":"EntryPoint","urlTemplate":"https:\/\/www.sparcraft.com\/fr\/?s={search_term_string}"},"query-input":{"@type":"PropertyValueSpecification","valueRequired":true,"valueName":"search_term_string"}}],"inLanguage":"fr-FR"}]}},"_links":{"self":[{"href":"https:\/\/www.sparcraft.com\/fr\/wp-json\/wp\/v2\/product\/34913","targetHints":{"allow":["GET"]}}],"collection":[{"href":"https:\/\/www.sparcraft.com\/fr\/wp-json\/wp\/v2\/product"}],"about":[{"href":"https:\/\/www.sparcraft.com\/fr\/wp-json\/wp\/v2\/types\/product"}],"replies":[{"embeddable":true,"href":"https:\/\/www.sparcraft.com\/fr\/wp-json\/wp\/v2\/comments?post=34913"}],"wp:attachment":[{"href":"https:\/\/www.sparcraft.com\/fr\/wp-json\/wp\/v2\/media?parent=34913"}],"wp:term":[{"taxonomy":"product_brand","embeddable":true,"href":"https:\/\/www.sparcraft.com\/fr\/wp-json\/wp\/v2\/product_brand?post=34913"},{"taxonomy":"product_cat","embeddable":true,"href":"https:\/\/www.sparcraft.com\/fr\/wp-json\/wp\/v2\/product_cat?post=34913"},{"taxonomy":"product_tag","embeddable":true,"href":"https:\/\/www.sparcraft.com\/fr\/wp-json\/wp\/v2\/product_tag?post=34913"}],"curies":[{"name":"wp","href":"https:\/\/api.w.org\/{rel}","templated":true}]}}