{"id":34823,"date":"2023-09-06T12:45:46","date_gmt":"2023-09-06T10:45:46","guid":{"rendered":"https:\/\/www.sparcraft.com\/produit\/plot-accroche-pour-tetes-de-mat-n-6-s1210-s1540-s2100-30006210014\/"},"modified":"2026-04-18T04:01:10","modified_gmt":"2026-04-18T02:01:10","slug":"plot-accroche-pour-tetes-de-mat-n-6-s1210-s1540-s2100-30006210014","status":"publish","type":"product","link":"https:\/\/www.sparcraft.com\/fr\/produit\/plot-accroche-pour-tetes-de-mat-n-6-s1210-s1540-s2100-30006210014\/","title":{"rendered":"PLOT ACCROCHE POUR TETES DE MAT N\u00b06 &#8211; S1210 &#8211; S1540 &#8211; S2100"},"content":{"rendered":"<p>  <P>Plot utilis\u00e9 pour la fixation de t\u00eates de m\u00e2t n\u00b06 boulonn\u00e9es<\/P> <P>2 plots par t\u00eate de m\u00e2t<\/P><\/p>\n","protected":false},"excerpt":{"rendered":"<p>  <P>Dimensions:<STRONG>&nbsp;78 x&nbsp;44 mm<\/STRONG><\/P> <P>N\u00e9cessite une entaille oblong de dimensions&nbsp;<STRONG>46 x 41 mm<\/STRONG><\/P> <P>S&rsquo;utilise avec un \u00e9crou frein M14 &#8211; notre r\u00e9f\u00e9rence <A href=\"http:\/\/www.sparcraft.fr\/sku\/28600514000\">28600514000<\/A><\/P> <P>Section : <STRONG>S1210 &#8211; S1540 &#8211; S2100<\/STRONG><\/P><\/p>\n","protected":false},"featured_media":0,"comment_status":"open","ping_status":"closed","template":"","meta":[],"product_brand":[],"product_cat":[17],"product_tag":[],"class_list":{"0":"post-34823","1":"product","2":"type-product","3":"status-publish","5":"product_cat-product","7":"first","8":"instock","9":"taxable","10":"shipping-taxable","11":"purchasable","12":"product-type-simple"},"yoast_head":"<!-- This site is optimized with the Yoast SEO plugin v27.4 - https:\/\/yoast.com\/product\/yoast-seo-wordpress\/ -->\n<title>PLOT ACCROCHE POUR TETES DE MAT N\u00b06 - S1210 - S1540 - S2100 - Sparcraft<\/title>\n<meta name=\"robots\" content=\"index, follow, max-snippet:-1, max-image-preview:large, max-video-preview:-1\" \/>\n<link rel=\"canonical\" href=\"https:\/\/www.sparcraft.com\/fr\/produit\/plot-accroche-pour-tetes-de-mat-n-6-s1210-s1540-s2100-30006210014\/\" \/>\n<meta property=\"og:locale\" content=\"fr_FR\" \/>\n<meta property=\"og:type\" content=\"article\" \/>\n<meta property=\"og:title\" content=\"PLOT ACCROCHE POUR TETES DE MAT N\u00b06 - S1210 - S1540 - S2100 - Sparcraft\" \/>\n<meta property=\"og:description\" content=\"Dimensions:&nbsp;78 x&nbsp;44 mm N\u00e9cessite une entaille oblong de dimensions&nbsp;46 x 41 mm S&#039;utilise avec un \u00e9crou frein M14 - notre r\u00e9f\u00e9rence 28600514000 Section : S1210 - S1540 - S2100\" \/>\n<meta property=\"og:url\" content=\"https:\/\/www.sparcraft.com\/fr\/produit\/plot-accroche-pour-tetes-de-mat-n-6-s1210-s1540-s2100-30006210014\/\" \/>\n<meta property=\"og:site_name\" content=\"Sparcraft\" \/>\n<meta property=\"article:modified_time\" content=\"2026-04-18T02:01:10+00:00\" \/>\n<meta name=\"twitter:card\" content=\"summary_large_image\" \/>\n<script type=\"application\/ld+json\" class=\"yoast-schema-graph\">{\"@context\":\"https:\\\/\\\/schema.org\",\"@graph\":[{\"@type\":\"WebPage\",\"@id\":\"https:\\\/\\\/www.sparcraft.com\\\/fr\\\/produit\\\/plot-accroche-pour-tetes-de-mat-n-6-s1210-s1540-s2100-30006210014\\\/\",\"url\":\"https:\\\/\\\/www.sparcraft.com\\\/fr\\\/produit\\\/plot-accroche-pour-tetes-de-mat-n-6-s1210-s1540-s2100-30006210014\\\/\",\"name\":\"PLOT ACCROCHE POUR TETES DE MAT N\u00b06 - S1210 - S1540 - S2100 - Sparcraft\",\"isPartOf\":{\"@id\":\"https:\\\/\\\/www.sparcraft.com\\\/fr\\\/#website\"},\"datePublished\":\"2023-09-06T10:45:46+00:00\",\"dateModified\":\"2026-04-18T02:01:10+00:00\",\"breadcrumb\":{\"@id\":\"https:\\\/\\\/www.sparcraft.com\\\/fr\\\/produit\\\/plot-accroche-pour-tetes-de-mat-n-6-s1210-s1540-s2100-30006210014\\\/#breadcrumb\"},\"inLanguage\":\"fr-FR\",\"potentialAction\":[{\"@type\":\"ReadAction\",\"target\":[\"https:\\\/\\\/www.sparcraft.com\\\/fr\\\/produit\\\/plot-accroche-pour-tetes-de-mat-n-6-s1210-s1540-s2100-30006210014\\\/\"]}]},{\"@type\":\"BreadcrumbList\",\"@id\":\"https:\\\/\\\/www.sparcraft.com\\\/fr\\\/produit\\\/plot-accroche-pour-tetes-de-mat-n-6-s1210-s1540-s2100-30006210014\\\/#breadcrumb\",\"itemListElement\":[{\"@type\":\"ListItem\",\"position\":1,\"name\":\"Boutique\",\"item\":\"https:\\\/\\\/www.sparcraft.com\\\/fr\\\/boutique\\\/\"},{\"@type\":\"ListItem\",\"position\":2,\"name\":\"PLOT ACCROCHE POUR TETES DE MAT N\u00b06 &#8211; S1210 &#8211; S1540 &#8211; S2100\"}]},{\"@type\":\"WebSite\",\"@id\":\"https:\\\/\\\/www.sparcraft.com\\\/fr\\\/#website\",\"url\":\"https:\\\/\\\/www.sparcraft.com\\\/fr\\\/\",\"name\":\"Sparcraft\",\"description\":\"Mast &amp; Rigging\",\"potentialAction\":[{\"@type\":\"SearchAction\",\"target\":{\"@type\":\"EntryPoint\",\"urlTemplate\":\"https:\\\/\\\/www.sparcraft.com\\\/fr\\\/?s={search_term_string}\"},\"query-input\":{\"@type\":\"PropertyValueSpecification\",\"valueRequired\":true,\"valueName\":\"search_term_string\"}}],\"inLanguage\":\"fr-FR\"}]}<\/script>\n<!-- \/ Yoast SEO plugin. -->","yoast_head_json":{"title":"PLOT ACCROCHE POUR TETES DE MAT N\u00b06 - S1210 - S1540 - S2100 - Sparcraft","robots":{"index":"index","follow":"follow","max-snippet":"max-snippet:-1","max-image-preview":"max-image-preview:large","max-video-preview":"max-video-preview:-1"},"canonical":"https:\/\/www.sparcraft.com\/fr\/produit\/plot-accroche-pour-tetes-de-mat-n-6-s1210-s1540-s2100-30006210014\/","og_locale":"fr_FR","og_type":"article","og_title":"PLOT ACCROCHE POUR TETES DE MAT N\u00b06 - S1210 - S1540 - S2100 - Sparcraft","og_description":"Dimensions:&nbsp;78 x&nbsp;44 mm N\u00e9cessite une entaille oblong de dimensions&nbsp;46 x 41 mm S'utilise avec un \u00e9crou frein M14 - notre r\u00e9f\u00e9rence 28600514000 Section : S1210 - S1540 - S2100","og_url":"https:\/\/www.sparcraft.com\/fr\/produit\/plot-accroche-pour-tetes-de-mat-n-6-s1210-s1540-s2100-30006210014\/","og_site_name":"Sparcraft","article_modified_time":"2026-04-18T02:01:10+00:00","twitter_card":"summary_large_image","schema":{"@context":"https:\/\/schema.org","@graph":[{"@type":"WebPage","@id":"https:\/\/www.sparcraft.com\/fr\/produit\/plot-accroche-pour-tetes-de-mat-n-6-s1210-s1540-s2100-30006210014\/","url":"https:\/\/www.sparcraft.com\/fr\/produit\/plot-accroche-pour-tetes-de-mat-n-6-s1210-s1540-s2100-30006210014\/","name":"PLOT ACCROCHE POUR TETES DE MAT N\u00b06 - S1210 - S1540 - S2100 - Sparcraft","isPartOf":{"@id":"https:\/\/www.sparcraft.com\/fr\/#website"},"datePublished":"2023-09-06T10:45:46+00:00","dateModified":"2026-04-18T02:01:10+00:00","breadcrumb":{"@id":"https:\/\/www.sparcraft.com\/fr\/produit\/plot-accroche-pour-tetes-de-mat-n-6-s1210-s1540-s2100-30006210014\/#breadcrumb"},"inLanguage":"fr-FR","potentialAction":[{"@type":"ReadAction","target":["https:\/\/www.sparcraft.com\/fr\/produit\/plot-accroche-pour-tetes-de-mat-n-6-s1210-s1540-s2100-30006210014\/"]}]},{"@type":"BreadcrumbList","@id":"https:\/\/www.sparcraft.com\/fr\/produit\/plot-accroche-pour-tetes-de-mat-n-6-s1210-s1540-s2100-30006210014\/#breadcrumb","itemListElement":[{"@type":"ListItem","position":1,"name":"Boutique","item":"https:\/\/www.sparcraft.com\/fr\/boutique\/"},{"@type":"ListItem","position":2,"name":"PLOT ACCROCHE POUR TETES DE MAT N\u00b06 &#8211; S1210 &#8211; S1540 &#8211; S2100"}]},{"@type":"WebSite","@id":"https:\/\/www.sparcraft.com\/fr\/#website","url":"https:\/\/www.sparcraft.com\/fr\/","name":"Sparcraft","description":"Mast &amp; Rigging","potentialAction":[{"@type":"SearchAction","target":{"@type":"EntryPoint","urlTemplate":"https:\/\/www.sparcraft.com\/fr\/?s={search_term_string}"},"query-input":{"@type":"PropertyValueSpecification","valueRequired":true,"valueName":"search_term_string"}}],"inLanguage":"fr-FR"}]}},"_links":{"self":[{"href":"https:\/\/www.sparcraft.com\/fr\/wp-json\/wp\/v2\/product\/34823","targetHints":{"allow":["GET"]}}],"collection":[{"href":"https:\/\/www.sparcraft.com\/fr\/wp-json\/wp\/v2\/product"}],"about":[{"href":"https:\/\/www.sparcraft.com\/fr\/wp-json\/wp\/v2\/types\/product"}],"replies":[{"embeddable":true,"href":"https:\/\/www.sparcraft.com\/fr\/wp-json\/wp\/v2\/comments?post=34823"}],"wp:attachment":[{"href":"https:\/\/www.sparcraft.com\/fr\/wp-json\/wp\/v2\/media?parent=34823"}],"wp:term":[{"taxonomy":"product_brand","embeddable":true,"href":"https:\/\/www.sparcraft.com\/fr\/wp-json\/wp\/v2\/product_brand?post=34823"},{"taxonomy":"product_cat","embeddable":true,"href":"https:\/\/www.sparcraft.com\/fr\/wp-json\/wp\/v2\/product_cat?post=34823"},{"taxonomy":"product_tag","embeddable":true,"href":"https:\/\/www.sparcraft.com\/fr\/wp-json\/wp\/v2\/product_tag?post=34823"}],"curies":[{"name":"wp","href":"https:\/\/api.w.org\/{rel}","templated":true}]}}