{"id":34774,"date":"2023-09-04T12:45:15","date_gmt":"2023-09-04T10:45:15","guid":{"rendered":"https:\/\/www.sparcraft.com\/produit\/tete-de-mat-n-6-soudee-complete-pour-greement-en-tete-non-retreint-s1395-30006016085\/"},"modified":"2026-04-16T04:01:11","modified_gmt":"2026-04-16T02:01:11","slug":"tete-de-mat-n-6-soudee-complete-pour-greement-en-tete-non-retreint-s1395-30006016085","status":"publish","type":"product","link":"https:\/\/www.sparcraft.com\/fr\/produit\/tete-de-mat-n-6-soudee-complete-pour-greement-en-tete-non-retreint-s1395-30006016085\/","title":{"rendered":"TETE DE MAT N\u00b06 SOUDEE COMPLETE POUR GREEMENT EN TETE NON RETREINT S1395"},"content":{"rendered":"<p>  <P>Pr\u00e9vu pour 4 drisses ( Grand Voile, balancine de b\u00f4me&nbsp;et deux g\u00e9nois)<\/P> <P>Option :&nbsp;ferrure ext\u00e9rieure de spi double&nbsp;&#8211; notre r\u00e9f\u00e9rence <A href=\"http:\/\/www.sparcraft.fr\/sku\/30016241504\"><SPAN>30016241504<\/SPAN><\/A>&nbsp; ou renforc\u00e9e double &#8211; notre r\u00e9f\u00e9rence <A href=\"http:\/\/www.sparcraft.fr\/sku\/30017141324\"><SPAN>30017141324<\/SPAN><\/A><\/P> <P>Ces t\u00eates de m\u00e2t Sparcraft sont soud\u00e9es&nbsp;au profil avant anodisation.<\/P> <P>Compos\u00e9 de : <A href=\"http:\/\/www.sparcraft.com\/ftpsparcraft\/Photos\/TDM\/TDM_EnTete_NR_soude_30004022335.jpg\" target=\"_blank\"><SPAN>\u00e9clat\u00e9 produit<\/SPAN><\/A><\/P> <UL> <LI>A : 1 corps + cloison int\u00e9gr\u00e9e&nbsp;&#8211;&nbsp;r\u00e9f\u00e9rence <A href=\"http:\/\/www.sparcraft.fr\/sku\/30006016082\">30006016082<\/A><\/LI> <LI>C : 4 r\u00e9as &#8211; r\u00e9f\u00e9rence <A href=\"http:\/\/www.sparcraft.fr\/sku\/48511102125\"><SPAN>48511102125<\/SPAN><\/A><\/LI> <LI>D : 1 axe droit &#8211; r\u00e9f\u00e9rence <A href=\"http:\/\/www.sparcraft.fr\/sku\/40020118095\">40020118095<\/A><\/LI> <LI>E : 1 axe \u00e9paul\u00e9 &#8211; r\u00e9f\u00e9rence <A href=\"http:\/\/www.sparcraft.fr\/sku\/40020218078\"><SPAN>40020218078<\/SPAN><\/A><\/LI> <LI>F : 1 goupille &#8211; r\u00e9f\u00e9rence <A href=\"http:\/\/www.sparcraft.fr\/sku\/28803040400\"><SPAN>28803040400<\/SPAN><\/A><\/LI> <LI>G&nbsp;:&nbsp;1 cache axe &nbsp;&#8211; r\u00e9f\u00e9rence <A href=\"http:\/\/www.sparcraft.fr\/sku\/41201020205\"><SPAN>41201020205<\/SPAN><\/A><\/LI> <LI>J&nbsp;:&nbsp;1 rondelle&nbsp;&nbsp;&#8211; r\u00e9f\u00e9rence <A href=\"http:\/\/www.sparcraft.fr\/sku\/28601018000\"><SPAN>28601018000<\/SPAN><\/A><\/LI> <LI>Axe mouflage : nous consulter<\/LI><\/UL><\/p>\n","protected":false},"excerpt":{"rendered":"<p>  <P>T\u00eate de m\u00e2t&nbsp;soud\u00e9e gr\u00e9ement en t\u00eate non r\u00e9treint<\/P> <P>Section : <STRONG>n\u00b06<\/STRONG><\/P> <P>Profil : <STRONG>S1395<\/STRONG><\/P> <P>Longueur :<STRONG>&nbsp;608 mm<\/STRONG><\/P> <P>Mat\u00e9riau : alu brut<\/P> <P>\u00d8 axe chape usuel (non inclus <A href=\"https:\/\/www.sparcraft.com\/fr\/mats-sparcraft\/mats-classiques-sections-s\/tetes-mat-sections-s\/#tab-id-3\" target=\"_blank\"><SPAN>voir d\u00e9tail<\/SPAN><\/A>)&nbsp;<STRONG>: \u00d8 16 mini mm<\/STRONG><\/P> <P>Dimensions en&nbsp;mm (<A href=\"https:\/\/www.sparcraft.com\/ftpsparcraft\/Photos\/TDM\/TDM_entete_NR_Dim_30004022585_2.jpg\"><SPAN>dimensions)<\/SPAN><\/A>&nbsp;: <STRONG>E=300&nbsp; F=38&nbsp; A=238&nbsp; B=38&nbsp; T=400&nbsp; U=115<\/STRONG><\/P><\/p>\n","protected":false},"featured_media":0,"comment_status":"open","ping_status":"closed","template":"","meta":[],"product_brand":[],"product_cat":[17],"product_tag":[],"class_list":{"0":"post-34774","1":"product","2":"type-product","3":"status-publish","5":"product_cat-product","7":"first","8":"instock","9":"taxable","10":"shipping-taxable","11":"purchasable","12":"product-type-simple"},"yoast_head":"<!-- This site is optimized with the Yoast SEO plugin v27.4 - https:\/\/yoast.com\/product\/yoast-seo-wordpress\/ -->\n<title>TETE DE MAT N\u00b06 SOUDEE COMPLETE POUR GREEMENT EN TETE NON RETREINT S1395 - Sparcraft<\/title>\n<meta name=\"robots\" content=\"index, follow, max-snippet:-1, max-image-preview:large, max-video-preview:-1\" \/>\n<link rel=\"canonical\" href=\"https:\/\/www.sparcraft.com\/fr\/produit\/tete-de-mat-n-6-soudee-complete-pour-greement-en-tete-non-retreint-s1395-30006016085\/\" \/>\n<meta property=\"og:locale\" content=\"fr_FR\" \/>\n<meta property=\"og:type\" content=\"article\" \/>\n<meta property=\"og:title\" content=\"TETE DE MAT N\u00b06 SOUDEE COMPLETE POUR GREEMENT EN TETE NON RETREINT S1395 - Sparcraft\" \/>\n<meta property=\"og:description\" content=\"T\u00eate de m\u00e2t&nbsp;soud\u00e9e gr\u00e9ement en t\u00eate non r\u00e9treint Section : n\u00b06 Profil : S1395 Longueur :&nbsp;608 mm Mat\u00e9riau : alu brut \u00d8 axe chape usuel (non inclus voir d\u00e9tail)&nbsp;: \u00d8 16 mini mm Dimensions en&nbsp;mm (dimensions)&nbsp;: E=300&nbsp; F=38&nbsp; A=238&nbsp; B=38&nbsp; T=400&nbsp; U=115\" \/>\n<meta property=\"og:url\" content=\"https:\/\/www.sparcraft.com\/fr\/produit\/tete-de-mat-n-6-soudee-complete-pour-greement-en-tete-non-retreint-s1395-30006016085\/\" \/>\n<meta property=\"og:site_name\" content=\"Sparcraft\" \/>\n<meta property=\"article:modified_time\" content=\"2026-04-16T02:01:11+00:00\" \/>\n<meta name=\"twitter:card\" content=\"summary_large_image\" \/>\n<meta name=\"twitter:label1\" content=\"Dur\u00e9e de lecture estim\u00e9e\" \/>\n\t<meta name=\"twitter:data1\" content=\"1 minute\" \/>\n<script type=\"application\/ld+json\" class=\"yoast-schema-graph\">{\"@context\":\"https:\\\/\\\/schema.org\",\"@graph\":[{\"@type\":\"WebPage\",\"@id\":\"https:\\\/\\\/www.sparcraft.com\\\/fr\\\/produit\\\/tete-de-mat-n-6-soudee-complete-pour-greement-en-tete-non-retreint-s1395-30006016085\\\/\",\"url\":\"https:\\\/\\\/www.sparcraft.com\\\/fr\\\/produit\\\/tete-de-mat-n-6-soudee-complete-pour-greement-en-tete-non-retreint-s1395-30006016085\\\/\",\"name\":\"TETE DE MAT N\u00b06 SOUDEE COMPLETE POUR GREEMENT EN TETE NON RETREINT S1395 - Sparcraft\",\"isPartOf\":{\"@id\":\"https:\\\/\\\/www.sparcraft.com\\\/fr\\\/#website\"},\"datePublished\":\"2023-09-04T10:45:15+00:00\",\"dateModified\":\"2026-04-16T02:01:11+00:00\",\"breadcrumb\":{\"@id\":\"https:\\\/\\\/www.sparcraft.com\\\/fr\\\/produit\\\/tete-de-mat-n-6-soudee-complete-pour-greement-en-tete-non-retreint-s1395-30006016085\\\/#breadcrumb\"},\"inLanguage\":\"fr-FR\",\"potentialAction\":[{\"@type\":\"ReadAction\",\"target\":[\"https:\\\/\\\/www.sparcraft.com\\\/fr\\\/produit\\\/tete-de-mat-n-6-soudee-complete-pour-greement-en-tete-non-retreint-s1395-30006016085\\\/\"]}]},{\"@type\":\"BreadcrumbList\",\"@id\":\"https:\\\/\\\/www.sparcraft.com\\\/fr\\\/produit\\\/tete-de-mat-n-6-soudee-complete-pour-greement-en-tete-non-retreint-s1395-30006016085\\\/#breadcrumb\",\"itemListElement\":[{\"@type\":\"ListItem\",\"position\":1,\"name\":\"Boutique\",\"item\":\"https:\\\/\\\/www.sparcraft.com\\\/fr\\\/boutique\\\/\"},{\"@type\":\"ListItem\",\"position\":2,\"name\":\"TETE DE MAT N\u00b06 SOUDEE COMPLETE POUR GREEMENT EN TETE NON RETREINT S1395\"}]},{\"@type\":\"WebSite\",\"@id\":\"https:\\\/\\\/www.sparcraft.com\\\/fr\\\/#website\",\"url\":\"https:\\\/\\\/www.sparcraft.com\\\/fr\\\/\",\"name\":\"Sparcraft\",\"description\":\"Mast &amp; Rigging\",\"potentialAction\":[{\"@type\":\"SearchAction\",\"target\":{\"@type\":\"EntryPoint\",\"urlTemplate\":\"https:\\\/\\\/www.sparcraft.com\\\/fr\\\/?s={search_term_string}\"},\"query-input\":{\"@type\":\"PropertyValueSpecification\",\"valueRequired\":true,\"valueName\":\"search_term_string\"}}],\"inLanguage\":\"fr-FR\"}]}<\/script>\n<!-- \/ Yoast SEO plugin. -->","yoast_head_json":{"title":"TETE DE MAT N\u00b06 SOUDEE COMPLETE POUR GREEMENT EN TETE NON RETREINT S1395 - Sparcraft","robots":{"index":"index","follow":"follow","max-snippet":"max-snippet:-1","max-image-preview":"max-image-preview:large","max-video-preview":"max-video-preview:-1"},"canonical":"https:\/\/www.sparcraft.com\/fr\/produit\/tete-de-mat-n-6-soudee-complete-pour-greement-en-tete-non-retreint-s1395-30006016085\/","og_locale":"fr_FR","og_type":"article","og_title":"TETE DE MAT N\u00b06 SOUDEE COMPLETE POUR GREEMENT EN TETE NON RETREINT S1395 - Sparcraft","og_description":"T\u00eate de m\u00e2t&nbsp;soud\u00e9e gr\u00e9ement en t\u00eate non r\u00e9treint Section : n\u00b06 Profil : S1395 Longueur :&nbsp;608 mm Mat\u00e9riau : alu brut \u00d8 axe chape usuel (non inclus voir d\u00e9tail)&nbsp;: \u00d8 16 mini mm Dimensions en&nbsp;mm (dimensions)&nbsp;: E=300&nbsp; F=38&nbsp; A=238&nbsp; B=38&nbsp; T=400&nbsp; U=115","og_url":"https:\/\/www.sparcraft.com\/fr\/produit\/tete-de-mat-n-6-soudee-complete-pour-greement-en-tete-non-retreint-s1395-30006016085\/","og_site_name":"Sparcraft","article_modified_time":"2026-04-16T02:01:11+00:00","twitter_card":"summary_large_image","twitter_misc":{"Dur\u00e9e de lecture estim\u00e9e":"1 minute"},"schema":{"@context":"https:\/\/schema.org","@graph":[{"@type":"WebPage","@id":"https:\/\/www.sparcraft.com\/fr\/produit\/tete-de-mat-n-6-soudee-complete-pour-greement-en-tete-non-retreint-s1395-30006016085\/","url":"https:\/\/www.sparcraft.com\/fr\/produit\/tete-de-mat-n-6-soudee-complete-pour-greement-en-tete-non-retreint-s1395-30006016085\/","name":"TETE DE MAT N\u00b06 SOUDEE COMPLETE POUR GREEMENT EN TETE NON RETREINT S1395 - Sparcraft","isPartOf":{"@id":"https:\/\/www.sparcraft.com\/fr\/#website"},"datePublished":"2023-09-04T10:45:15+00:00","dateModified":"2026-04-16T02:01:11+00:00","breadcrumb":{"@id":"https:\/\/www.sparcraft.com\/fr\/produit\/tete-de-mat-n-6-soudee-complete-pour-greement-en-tete-non-retreint-s1395-30006016085\/#breadcrumb"},"inLanguage":"fr-FR","potentialAction":[{"@type":"ReadAction","target":["https:\/\/www.sparcraft.com\/fr\/produit\/tete-de-mat-n-6-soudee-complete-pour-greement-en-tete-non-retreint-s1395-30006016085\/"]}]},{"@type":"BreadcrumbList","@id":"https:\/\/www.sparcraft.com\/fr\/produit\/tete-de-mat-n-6-soudee-complete-pour-greement-en-tete-non-retreint-s1395-30006016085\/#breadcrumb","itemListElement":[{"@type":"ListItem","position":1,"name":"Boutique","item":"https:\/\/www.sparcraft.com\/fr\/boutique\/"},{"@type":"ListItem","position":2,"name":"TETE DE MAT N\u00b06 SOUDEE COMPLETE POUR GREEMENT EN TETE NON RETREINT S1395"}]},{"@type":"WebSite","@id":"https:\/\/www.sparcraft.com\/fr\/#website","url":"https:\/\/www.sparcraft.com\/fr\/","name":"Sparcraft","description":"Mast &amp; Rigging","potentialAction":[{"@type":"SearchAction","target":{"@type":"EntryPoint","urlTemplate":"https:\/\/www.sparcraft.com\/fr\/?s={search_term_string}"},"query-input":{"@type":"PropertyValueSpecification","valueRequired":true,"valueName":"search_term_string"}}],"inLanguage":"fr-FR"}]}},"_links":{"self":[{"href":"https:\/\/www.sparcraft.com\/fr\/wp-json\/wp\/v2\/product\/34774","targetHints":{"allow":["GET"]}}],"collection":[{"href":"https:\/\/www.sparcraft.com\/fr\/wp-json\/wp\/v2\/product"}],"about":[{"href":"https:\/\/www.sparcraft.com\/fr\/wp-json\/wp\/v2\/types\/product"}],"replies":[{"embeddable":true,"href":"https:\/\/www.sparcraft.com\/fr\/wp-json\/wp\/v2\/comments?post=34774"}],"wp:attachment":[{"href":"https:\/\/www.sparcraft.com\/fr\/wp-json\/wp\/v2\/media?parent=34774"}],"wp:term":[{"taxonomy":"product_brand","embeddable":true,"href":"https:\/\/www.sparcraft.com\/fr\/wp-json\/wp\/v2\/product_brand?post=34774"},{"taxonomy":"product_cat","embeddable":true,"href":"https:\/\/www.sparcraft.com\/fr\/wp-json\/wp\/v2\/product_cat?post=34774"},{"taxonomy":"product_tag","embeddable":true,"href":"https:\/\/www.sparcraft.com\/fr\/wp-json\/wp\/v2\/product_tag?post=34774"}],"curies":[{"name":"wp","href":"https:\/\/api.w.org\/{rel}","templated":true}]}}