{"id":34659,"date":"2023-07-20T00:40:09","date_gmt":"2023-07-19T22:40:09","guid":{"rendered":"https:\/\/www.sparcraft.com\/produit\/tete-de-mat-n-3-boulonnee-complet-s510-30003b20105\/"},"modified":"2026-04-17T04:00:44","modified_gmt":"2026-04-17T02:00:44","slug":"tete-de-mat-n-3-boulonnee-complete-greement-en-tete-non-retreint-s510-30003b20105","status":"publish","type":"product","link":"https:\/\/www.sparcraft.com\/fr\/produit\/tete-de-mat-n-3-boulonnee-complete-greement-en-tete-non-retreint-s510-30003b20105\/","title":{"rendered":"TETE DE MAT N\u00b03 BOULONNEE COMPLETE GREEMENT EN TETE NON RETREINT  S510"},"content":{"rendered":"<p>  <P>Pr\u00e9vu pour 4 drisses ( Grand Voile, balancine de b\u00f4me&nbsp;et deux g\u00e9nois)<\/P> <P>Option :&nbsp;ferrure ext\u00e9rieure de spi double &#8211; notre r\u00e9f\u00e9rence <A href=\"http:\/\/www.sparcraft.fr\/sku\/30016120945\"><SPAN>30016120945<\/SPAN><\/A>&nbsp;<\/P> <P>Compos\u00e9 de : <A href=\"http:\/\/www.sparcraft.com\/ftpsparcraft\/Photos\/TDM\/TDM_entete_nonretreint_30003B20075.jpg\" target=\"_blank\"><SPAN>\u00e9clat\u00e9 produit<\/SPAN><\/A><\/P> <UL> <LI>A : 1 corps &#8211;&nbsp;r\u00e9f\u00e9rence <A href=\"http:\/\/www.sparcraft.fr\/sku\/30003B21102\">30003B21102<\/A><\/LI> <LI>B : 1 cloison&nbsp;&#8211; r\u00e9f\u00e9rence <A href=\"http:\/\/www.sparcraft.fr\/sku\/30003122403\">30003122403<\/A><\/LI> <LI>Kit&nbsp;C+D+E+F &#8211; r\u00e9f\u00e9rence <A href=\"http:\/\/www.sparcraft.fr\/sku\/30003B07100\">30003B07100<\/A> <UL> <LI>C : 4 r\u00e9as &#8211; r\u00e9f\u00e9rence <A href=\"http:\/\/www.sparcraft.fr\/sku\/48685151200\"><SPAN>48685151200<\/SPAN><\/A><\/LI> <LI>D : 1 axe droit &#8211; r\u00e9f\u00e9rence <A href=\"http:\/\/www.sparcraft.fr\/sku\/40020112056\">40020112056<\/A><\/LI> <LI>E : 1 axe \u00e9paul\u00e9 &#8211; r\u00e9f\u00e9rence <A href=\"http:\/\/www.sparcraft.fr\/sku\/40020212052\"><SPAN>40020212052<\/SPAN><\/A><\/LI> <LI>F : 1 goupille &#8211; r\u00e9f\u00e9rence <A href=\"http:\/\/www.sparcraft.fr\/sku\/28803032200\"><SPAN>28803032200<\/SPAN><\/A><\/LI><\/UL><\/LI> <LI>Kit G+H+I+J+K- r\u00e9f\u00e9rence <A href=\"http:\/\/www.sparcraft.fr\/sku\/30003B02000\"><SPAN>30003B02000<\/SPAN><\/A> <UL> <LI>G : 2 plots &#8211; r\u00e9f\u00e9rence <A href=\"http:\/\/www.sparcraft.fr\/sku\/30003B03014\"><SPAN>30003B03014<\/SPAN><\/A><\/LI> <LI>H : 2 vis &#8211; r\u00e9f\u00e9rence <A href=\"http:\/\/www.sparcraft.fr\/sku\/28600110070\"><SPAN>28600110070<\/SPAN><\/A><\/LI> <LI>I : 2 rivets &#8211; r\u00e9f\u00e9rence <A href=\"http:\/\/www.sparcraft.fr\/sku\/29002248140\"><SPAN>29002248140<\/SPAN><\/A><\/LI> <LI>J : 2 rondelles &#8211; r\u00e9f\u00e9rence <A href=\"http:\/\/www.sparcraft.fr\/sku\/28601010000\"><SPAN>28601010000<\/SPAN><\/A><\/LI> <LI>K : 2 \u00e9crous frein &#8211; r\u00e9f\u00e9rence <A href=\"http:\/\/www.sparcraft.fr\/sku\/28600510000\"><SPAN>28600510000<\/SPAN><\/A><\/LI><\/UL><\/LI><\/UL><\/p>\n","protected":false},"excerpt":{"rendered":"<p>  <P>T\u00eate de m\u00e2t boulonn\u00e9e gr\u00e9ement en t\u00eate non r\u00e9treint<\/P> <P>Section : <STRONG>n\u00b03<\/STRONG><\/P> <P>Profil : <STRONG>S510<\/STRONG><\/P> <P>Longueur :<STRONG>&nbsp;435 mm<\/STRONG><\/P> <P>Mat\u00e9riau : alu anodis\u00e9<\/P> <P>\u00d8 axe chape usuel (non inclus <A href=\"https:\/\/www.sparcraft.com\/fr\/mats-sparcraft\/mats-classiques-sections-s\/tetes-mat-sections-s\/#tab-id-3\" target=\"_blank\"><SPAN>voir d\u00e9tail<\/SPAN><\/A>)&nbsp;<STRONG>: \u00d8 12, 16&nbsp;mm<\/STRONG><\/P> <P>Dimensions en&nbsp;mm&nbsp;(<A href=\"https:\/\/www.sparcraft.com\/ftpsparcraft\/Photos\/TDM\/TDM_entete_NR_Dim_30004022585_2.jpg\"><SPAN>dimensions)<\/SPAN><\/A> : <STRONG>G=215&nbsp; H=86&nbsp; J=204&nbsp; K=84&nbsp; T=320&nbsp; U=81<\/STRONG><\/P> <P>&nbsp;<\/P><\/p>\n","protected":false},"featured_media":0,"comment_status":"open","ping_status":"closed","template":"","meta":[],"product_brand":[],"product_cat":[17],"product_tag":[],"class_list":{"0":"post-34659","1":"product","2":"type-product","3":"status-publish","5":"product_cat-product","7":"first","8":"instock","9":"taxable","10":"shipping-taxable","11":"purchasable","12":"product-type-simple"},"yoast_head":"<!-- This site is optimized with the Yoast SEO plugin v27.4 - https:\/\/yoast.com\/product\/yoast-seo-wordpress\/ -->\n<title>TETE DE MAT N\u00b03 BOULONNEE COMPLETE GREEMENT EN TETE NON RETREINT S510 - Sparcraft<\/title>\n<meta name=\"robots\" content=\"index, follow, max-snippet:-1, max-image-preview:large, max-video-preview:-1\" \/>\n<link rel=\"canonical\" href=\"https:\/\/www.sparcraft.com\/fr\/produit\/tete-de-mat-n-3-boulonnee-complete-greement-en-tete-non-retreint-s510-30003b20105\/\" \/>\n<meta property=\"og:locale\" content=\"fr_FR\" \/>\n<meta property=\"og:type\" content=\"article\" \/>\n<meta property=\"og:title\" content=\"TETE DE MAT N\u00b03 BOULONNEE COMPLETE GREEMENT EN TETE NON RETREINT S510 - Sparcraft\" \/>\n<meta property=\"og:description\" content=\"T\u00eate de m\u00e2t boulonn\u00e9e gr\u00e9ement en t\u00eate non r\u00e9treint Section : n\u00b03 Profil : S510 Longueur :&nbsp;435 mm Mat\u00e9riau : alu anodis\u00e9 \u00d8 axe chape usuel (non inclus voir d\u00e9tail)&nbsp;: \u00d8 12, 16&nbsp;mm Dimensions en&nbsp;mm&nbsp;(dimensions) : G=215&nbsp; H=86&nbsp; J=204&nbsp; K=84&nbsp; T=320&nbsp; U=81 &nbsp;\" \/>\n<meta property=\"og:url\" content=\"https:\/\/www.sparcraft.com\/fr\/produit\/tete-de-mat-n-3-boulonnee-complete-greement-en-tete-non-retreint-s510-30003b20105\/\" \/>\n<meta property=\"og:site_name\" content=\"Sparcraft\" \/>\n<meta property=\"article:modified_time\" content=\"2026-04-17T02:00:44+00:00\" \/>\n<meta name=\"twitter:card\" content=\"summary_large_image\" \/>\n<meta name=\"twitter:label1\" content=\"Dur\u00e9e de lecture estim\u00e9e\" \/>\n\t<meta name=\"twitter:data1\" content=\"1 minute\" \/>\n<script type=\"application\/ld+json\" class=\"yoast-schema-graph\">{\"@context\":\"https:\\\/\\\/schema.org\",\"@graph\":[{\"@type\":\"WebPage\",\"@id\":\"https:\\\/\\\/www.sparcraft.com\\\/fr\\\/produit\\\/tete-de-mat-n-3-boulonnee-complete-greement-en-tete-non-retreint-s510-30003b20105\\\/\",\"url\":\"https:\\\/\\\/www.sparcraft.com\\\/fr\\\/produit\\\/tete-de-mat-n-3-boulonnee-complete-greement-en-tete-non-retreint-s510-30003b20105\\\/\",\"name\":\"TETE DE MAT N\u00b03 BOULONNEE COMPLETE GREEMENT EN TETE NON RETREINT S510 - Sparcraft\",\"isPartOf\":{\"@id\":\"https:\\\/\\\/www.sparcraft.com\\\/fr\\\/#website\"},\"datePublished\":\"2023-07-19T22:40:09+00:00\",\"dateModified\":\"2026-04-17T02:00:44+00:00\",\"breadcrumb\":{\"@id\":\"https:\\\/\\\/www.sparcraft.com\\\/fr\\\/produit\\\/tete-de-mat-n-3-boulonnee-complete-greement-en-tete-non-retreint-s510-30003b20105\\\/#breadcrumb\"},\"inLanguage\":\"fr-FR\",\"potentialAction\":[{\"@type\":\"ReadAction\",\"target\":[\"https:\\\/\\\/www.sparcraft.com\\\/fr\\\/produit\\\/tete-de-mat-n-3-boulonnee-complete-greement-en-tete-non-retreint-s510-30003b20105\\\/\"]}]},{\"@type\":\"BreadcrumbList\",\"@id\":\"https:\\\/\\\/www.sparcraft.com\\\/fr\\\/produit\\\/tete-de-mat-n-3-boulonnee-complete-greement-en-tete-non-retreint-s510-30003b20105\\\/#breadcrumb\",\"itemListElement\":[{\"@type\":\"ListItem\",\"position\":1,\"name\":\"Boutique\",\"item\":\"https:\\\/\\\/www.sparcraft.com\\\/fr\\\/boutique\\\/\"},{\"@type\":\"ListItem\",\"position\":2,\"name\":\"TETE DE MAT N\u00b03 BOULONNEE COMPLETE GREEMENT EN TETE NON RETREINT S510\"}]},{\"@type\":\"WebSite\",\"@id\":\"https:\\\/\\\/www.sparcraft.com\\\/fr\\\/#website\",\"url\":\"https:\\\/\\\/www.sparcraft.com\\\/fr\\\/\",\"name\":\"Sparcraft\",\"description\":\"Mast &amp; Rigging\",\"potentialAction\":[{\"@type\":\"SearchAction\",\"target\":{\"@type\":\"EntryPoint\",\"urlTemplate\":\"https:\\\/\\\/www.sparcraft.com\\\/fr\\\/?s={search_term_string}\"},\"query-input\":{\"@type\":\"PropertyValueSpecification\",\"valueRequired\":true,\"valueName\":\"search_term_string\"}}],\"inLanguage\":\"fr-FR\"}]}<\/script>\n<!-- \/ Yoast SEO plugin. -->","yoast_head_json":{"title":"TETE DE MAT N\u00b03 BOULONNEE COMPLETE GREEMENT EN TETE NON RETREINT S510 - Sparcraft","robots":{"index":"index","follow":"follow","max-snippet":"max-snippet:-1","max-image-preview":"max-image-preview:large","max-video-preview":"max-video-preview:-1"},"canonical":"https:\/\/www.sparcraft.com\/fr\/produit\/tete-de-mat-n-3-boulonnee-complete-greement-en-tete-non-retreint-s510-30003b20105\/","og_locale":"fr_FR","og_type":"article","og_title":"TETE DE MAT N\u00b03 BOULONNEE COMPLETE GREEMENT EN TETE NON RETREINT S510 - Sparcraft","og_description":"T\u00eate de m\u00e2t boulonn\u00e9e gr\u00e9ement en t\u00eate non r\u00e9treint Section : n\u00b03 Profil : S510 Longueur :&nbsp;435 mm Mat\u00e9riau : alu anodis\u00e9 \u00d8 axe chape usuel (non inclus voir d\u00e9tail)&nbsp;: \u00d8 12, 16&nbsp;mm Dimensions en&nbsp;mm&nbsp;(dimensions) : G=215&nbsp; H=86&nbsp; J=204&nbsp; K=84&nbsp; T=320&nbsp; U=81 &nbsp;","og_url":"https:\/\/www.sparcraft.com\/fr\/produit\/tete-de-mat-n-3-boulonnee-complete-greement-en-tete-non-retreint-s510-30003b20105\/","og_site_name":"Sparcraft","article_modified_time":"2026-04-17T02:00:44+00:00","twitter_card":"summary_large_image","twitter_misc":{"Dur\u00e9e de lecture estim\u00e9e":"1 minute"},"schema":{"@context":"https:\/\/schema.org","@graph":[{"@type":"WebPage","@id":"https:\/\/www.sparcraft.com\/fr\/produit\/tete-de-mat-n-3-boulonnee-complete-greement-en-tete-non-retreint-s510-30003b20105\/","url":"https:\/\/www.sparcraft.com\/fr\/produit\/tete-de-mat-n-3-boulonnee-complete-greement-en-tete-non-retreint-s510-30003b20105\/","name":"TETE DE MAT N\u00b03 BOULONNEE COMPLETE GREEMENT EN TETE NON RETREINT S510 - Sparcraft","isPartOf":{"@id":"https:\/\/www.sparcraft.com\/fr\/#website"},"datePublished":"2023-07-19T22:40:09+00:00","dateModified":"2026-04-17T02:00:44+00:00","breadcrumb":{"@id":"https:\/\/www.sparcraft.com\/fr\/produit\/tete-de-mat-n-3-boulonnee-complete-greement-en-tete-non-retreint-s510-30003b20105\/#breadcrumb"},"inLanguage":"fr-FR","potentialAction":[{"@type":"ReadAction","target":["https:\/\/www.sparcraft.com\/fr\/produit\/tete-de-mat-n-3-boulonnee-complete-greement-en-tete-non-retreint-s510-30003b20105\/"]}]},{"@type":"BreadcrumbList","@id":"https:\/\/www.sparcraft.com\/fr\/produit\/tete-de-mat-n-3-boulonnee-complete-greement-en-tete-non-retreint-s510-30003b20105\/#breadcrumb","itemListElement":[{"@type":"ListItem","position":1,"name":"Boutique","item":"https:\/\/www.sparcraft.com\/fr\/boutique\/"},{"@type":"ListItem","position":2,"name":"TETE DE MAT N\u00b03 BOULONNEE COMPLETE GREEMENT EN TETE NON RETREINT S510"}]},{"@type":"WebSite","@id":"https:\/\/www.sparcraft.com\/fr\/#website","url":"https:\/\/www.sparcraft.com\/fr\/","name":"Sparcraft","description":"Mast &amp; Rigging","potentialAction":[{"@type":"SearchAction","target":{"@type":"EntryPoint","urlTemplate":"https:\/\/www.sparcraft.com\/fr\/?s={search_term_string}"},"query-input":{"@type":"PropertyValueSpecification","valueRequired":true,"valueName":"search_term_string"}}],"inLanguage":"fr-FR"}]}},"_links":{"self":[{"href":"https:\/\/www.sparcraft.com\/fr\/wp-json\/wp\/v2\/product\/34659","targetHints":{"allow":["GET"]}}],"collection":[{"href":"https:\/\/www.sparcraft.com\/fr\/wp-json\/wp\/v2\/product"}],"about":[{"href":"https:\/\/www.sparcraft.com\/fr\/wp-json\/wp\/v2\/types\/product"}],"replies":[{"embeddable":true,"href":"https:\/\/www.sparcraft.com\/fr\/wp-json\/wp\/v2\/comments?post=34659"}],"wp:attachment":[{"href":"https:\/\/www.sparcraft.com\/fr\/wp-json\/wp\/v2\/media?parent=34659"}],"wp:term":[{"taxonomy":"product_brand","embeddable":true,"href":"https:\/\/www.sparcraft.com\/fr\/wp-json\/wp\/v2\/product_brand?post=34659"},{"taxonomy":"product_cat","embeddable":true,"href":"https:\/\/www.sparcraft.com\/fr\/wp-json\/wp\/v2\/product_cat?post=34659"},{"taxonomy":"product_tag","embeddable":true,"href":"https:\/\/www.sparcraft.com\/fr\/wp-json\/wp\/v2\/product_tag?post=34659"}],"curies":[{"name":"wp","href":"https:\/\/api.w.org\/{rel}","templated":true}]}}