{"id":34635,"date":"2023-07-11T12:45:51","date_gmt":"2023-07-11T10:45:51","guid":{"rendered":"https:\/\/www.sparcraft.com\/?post_type=product&#038;p=34635"},"modified":"2026-04-15T04:01:54","modified_gmt":"2026-04-15T02:01:54","slug":"sortie-drisse-inox-o24-complet-s3410-s3800e-a-s7800-s7150e-34003140285","status":"publish","type":"product","link":"https:\/\/www.sparcraft.com\/fr\/produit\/sortie-drisse-inox-o24-complet-s3410-s3800e-a-s7800-s7150e-34003140285\/","title":{"rendered":"SORTIE DRISSE INOX \u00d824 COMPLET &#8211; S3410 &#8211; S3800E  A S7800 &#8211; S7150E"},"content":{"rendered":"<p>  <P>Attention en cas d&rsquo;utilisation sortie de drisse sur m\u00e2t peint et sur profil de m\u00e2t d&rsquo;\u00e9paisseur sup\u00e9rieur \u00e0 5 mm : nous consulter.<\/P> <P>Ensemble compos\u00e9 d&rsquo;une sortie de drisse seule &#8211; notre r\u00e9f\u00e9rence <A href=\"http:\/\/www.sparcraft.fr\/sku\/34003140284\" target=\"_blank\">34003140284<\/A>&nbsp;et d&rsquo;un rivet &#8211; notre r\u00e9f\u00e9rence <A href=\"http:\/\/www.sparcraft.fr\/sku\/29004164180\" target=\"_blank\">29004164180<\/A><\/P><\/p>\n","protected":false},"excerpt":{"rendered":"<p>  <P>Sortie de Drisse version compl\u00e8te<\/P> <P>Mod\u00e8le : <STRONG>\u00d8&nbsp;24 mm<\/STRONG><\/P> <P>\u00d8 max drisse : <STRONG>\u00d8&nbsp;18 mm<\/STRONG><\/P> <P>Dimensions sortie (A&nbsp;x D&nbsp;x E)&nbsp;: <STRONG>190 x&nbsp;40 x&nbsp;24 mm<\/STRONG><\/P> <P>Dimensions de la d\u00e9coupe (G x H):&nbsp;<STRONG>155<STRONG> <\/STRONG>x&nbsp;29 mm<\/STRONG><\/P> <P>Rivet inclus<\/P> <P>Dimension rivet :&nbsp;<STRONG>4.8 x 18 mm<\/STRONG><\/P> <P>Profils de m\u00e2t : <STRONG>S3410 &#8211; S3800E \u00e0&nbsp;S7800- S7150E<\/STRONG><\/P> <P>Mat\u00e9riau : inox<\/P><\/p>\n","protected":false},"featured_media":0,"comment_status":"open","ping_status":"closed","template":"","meta":[],"product_brand":[],"product_cat":[17],"product_tag":[],"class_list":{"0":"post-34635","1":"product","2":"type-product","3":"status-publish","5":"product_cat-product","7":"first","8":"instock","9":"taxable","10":"shipping-taxable","11":"purchasable","12":"product-type-simple"},"yoast_head":"<!-- This site is optimized with the Yoast SEO plugin v27.4 - https:\/\/yoast.com\/product\/yoast-seo-wordpress\/ -->\n<title>SORTIE DRISSE INOX \u00d824 COMPLET - S3410 - S3800E A S7800 - S7150E - Sparcraft<\/title>\n<meta name=\"robots\" content=\"index, follow, max-snippet:-1, max-image-preview:large, max-video-preview:-1\" \/>\n<link rel=\"canonical\" href=\"https:\/\/www.sparcraft.com\/fr\/produit\/sortie-drisse-inox-o24-complet-s3410-s3800e-a-s7800-s7150e-34003140285\/\" \/>\n<meta property=\"og:locale\" content=\"fr_FR\" \/>\n<meta property=\"og:type\" content=\"article\" \/>\n<meta property=\"og:title\" content=\"SORTIE DRISSE INOX \u00d824 COMPLET - S3410 - S3800E A S7800 - S7150E - Sparcraft\" \/>\n<meta property=\"og:description\" content=\"Sortie de Drisse version compl\u00e8te Mod\u00e8le : \u00d8&nbsp;24 mm \u00d8 max drisse : \u00d8&nbsp;18 mm Dimensions sortie (A&nbsp;x D&nbsp;x E)&nbsp;: 190 x&nbsp;40 x&nbsp;24 mm Dimensions de la d\u00e9coupe (G x H):&nbsp;155 x&nbsp;29 mm Rivet inclus Dimension rivet :&nbsp;4.8 x 18 mm Profils de m\u00e2t : S3410 - S3800E \u00e0&nbsp;S7800- S7150E Mat\u00e9riau : inox\" \/>\n<meta property=\"og:url\" content=\"https:\/\/www.sparcraft.com\/fr\/produit\/sortie-drisse-inox-o24-complet-s3410-s3800e-a-s7800-s7150e-34003140285\/\" \/>\n<meta property=\"og:site_name\" content=\"Sparcraft\" \/>\n<meta property=\"article:modified_time\" content=\"2026-04-15T02:01:54+00:00\" \/>\n<meta name=\"twitter:card\" content=\"summary_large_image\" \/>\n<script type=\"application\/ld+json\" class=\"yoast-schema-graph\">{\"@context\":\"https:\\\/\\\/schema.org\",\"@graph\":[{\"@type\":\"WebPage\",\"@id\":\"https:\\\/\\\/www.sparcraft.com\\\/fr\\\/produit\\\/sortie-drisse-inox-o24-complet-s3410-s3800e-a-s7800-s7150e-34003140285\\\/\",\"url\":\"https:\\\/\\\/www.sparcraft.com\\\/fr\\\/produit\\\/sortie-drisse-inox-o24-complet-s3410-s3800e-a-s7800-s7150e-34003140285\\\/\",\"name\":\"SORTIE DRISSE INOX \u00d824 COMPLET - S3410 - S3800E A S7800 - S7150E - Sparcraft\",\"isPartOf\":{\"@id\":\"https:\\\/\\\/www.sparcraft.com\\\/fr\\\/#website\"},\"datePublished\":\"2023-07-11T10:45:51+00:00\",\"dateModified\":\"2026-04-15T02:01:54+00:00\",\"breadcrumb\":{\"@id\":\"https:\\\/\\\/www.sparcraft.com\\\/fr\\\/produit\\\/sortie-drisse-inox-o24-complet-s3410-s3800e-a-s7800-s7150e-34003140285\\\/#breadcrumb\"},\"inLanguage\":\"fr-FR\",\"potentialAction\":[{\"@type\":\"ReadAction\",\"target\":[\"https:\\\/\\\/www.sparcraft.com\\\/fr\\\/produit\\\/sortie-drisse-inox-o24-complet-s3410-s3800e-a-s7800-s7150e-34003140285\\\/\"]}]},{\"@type\":\"BreadcrumbList\",\"@id\":\"https:\\\/\\\/www.sparcraft.com\\\/fr\\\/produit\\\/sortie-drisse-inox-o24-complet-s3410-s3800e-a-s7800-s7150e-34003140285\\\/#breadcrumb\",\"itemListElement\":[{\"@type\":\"ListItem\",\"position\":1,\"name\":\"Boutique\",\"item\":\"https:\\\/\\\/www.sparcraft.com\\\/fr\\\/boutique\\\/\"},{\"@type\":\"ListItem\",\"position\":2,\"name\":\"SORTIE DRISSE INOX \u00d824 COMPLET &#8211; S3410 &#8211; S3800E A S7800 &#8211; S7150E\"}]},{\"@type\":\"WebSite\",\"@id\":\"https:\\\/\\\/www.sparcraft.com\\\/fr\\\/#website\",\"url\":\"https:\\\/\\\/www.sparcraft.com\\\/fr\\\/\",\"name\":\"Sparcraft\",\"description\":\"Mast &amp; Rigging\",\"potentialAction\":[{\"@type\":\"SearchAction\",\"target\":{\"@type\":\"EntryPoint\",\"urlTemplate\":\"https:\\\/\\\/www.sparcraft.com\\\/fr\\\/?s={search_term_string}\"},\"query-input\":{\"@type\":\"PropertyValueSpecification\",\"valueRequired\":true,\"valueName\":\"search_term_string\"}}],\"inLanguage\":\"fr-FR\"}]}<\/script>\n<!-- \/ Yoast SEO plugin. -->","yoast_head_json":{"title":"SORTIE DRISSE INOX \u00d824 COMPLET - S3410 - S3800E A S7800 - S7150E - Sparcraft","robots":{"index":"index","follow":"follow","max-snippet":"max-snippet:-1","max-image-preview":"max-image-preview:large","max-video-preview":"max-video-preview:-1"},"canonical":"https:\/\/www.sparcraft.com\/fr\/produit\/sortie-drisse-inox-o24-complet-s3410-s3800e-a-s7800-s7150e-34003140285\/","og_locale":"fr_FR","og_type":"article","og_title":"SORTIE DRISSE INOX \u00d824 COMPLET - S3410 - S3800E A S7800 - S7150E - Sparcraft","og_description":"Sortie de Drisse version compl\u00e8te Mod\u00e8le : \u00d8&nbsp;24 mm \u00d8 max drisse : \u00d8&nbsp;18 mm Dimensions sortie (A&nbsp;x D&nbsp;x E)&nbsp;: 190 x&nbsp;40 x&nbsp;24 mm Dimensions de la d\u00e9coupe (G x H):&nbsp;155 x&nbsp;29 mm Rivet inclus Dimension rivet :&nbsp;4.8 x 18 mm Profils de m\u00e2t : S3410 - S3800E \u00e0&nbsp;S7800- S7150E Mat\u00e9riau : inox","og_url":"https:\/\/www.sparcraft.com\/fr\/produit\/sortie-drisse-inox-o24-complet-s3410-s3800e-a-s7800-s7150e-34003140285\/","og_site_name":"Sparcraft","article_modified_time":"2026-04-15T02:01:54+00:00","twitter_card":"summary_large_image","schema":{"@context":"https:\/\/schema.org","@graph":[{"@type":"WebPage","@id":"https:\/\/www.sparcraft.com\/fr\/produit\/sortie-drisse-inox-o24-complet-s3410-s3800e-a-s7800-s7150e-34003140285\/","url":"https:\/\/www.sparcraft.com\/fr\/produit\/sortie-drisse-inox-o24-complet-s3410-s3800e-a-s7800-s7150e-34003140285\/","name":"SORTIE DRISSE INOX \u00d824 COMPLET - S3410 - S3800E A S7800 - S7150E - Sparcraft","isPartOf":{"@id":"https:\/\/www.sparcraft.com\/fr\/#website"},"datePublished":"2023-07-11T10:45:51+00:00","dateModified":"2026-04-15T02:01:54+00:00","breadcrumb":{"@id":"https:\/\/www.sparcraft.com\/fr\/produit\/sortie-drisse-inox-o24-complet-s3410-s3800e-a-s7800-s7150e-34003140285\/#breadcrumb"},"inLanguage":"fr-FR","potentialAction":[{"@type":"ReadAction","target":["https:\/\/www.sparcraft.com\/fr\/produit\/sortie-drisse-inox-o24-complet-s3410-s3800e-a-s7800-s7150e-34003140285\/"]}]},{"@type":"BreadcrumbList","@id":"https:\/\/www.sparcraft.com\/fr\/produit\/sortie-drisse-inox-o24-complet-s3410-s3800e-a-s7800-s7150e-34003140285\/#breadcrumb","itemListElement":[{"@type":"ListItem","position":1,"name":"Boutique","item":"https:\/\/www.sparcraft.com\/fr\/boutique\/"},{"@type":"ListItem","position":2,"name":"SORTIE DRISSE INOX \u00d824 COMPLET &#8211; S3410 &#8211; S3800E A S7800 &#8211; S7150E"}]},{"@type":"WebSite","@id":"https:\/\/www.sparcraft.com\/fr\/#website","url":"https:\/\/www.sparcraft.com\/fr\/","name":"Sparcraft","description":"Mast &amp; Rigging","potentialAction":[{"@type":"SearchAction","target":{"@type":"EntryPoint","urlTemplate":"https:\/\/www.sparcraft.com\/fr\/?s={search_term_string}"},"query-input":{"@type":"PropertyValueSpecification","valueRequired":true,"valueName":"search_term_string"}}],"inLanguage":"fr-FR"}]}},"_links":{"self":[{"href":"https:\/\/www.sparcraft.com\/fr\/wp-json\/wp\/v2\/product\/34635","targetHints":{"allow":["GET"]}}],"collection":[{"href":"https:\/\/www.sparcraft.com\/fr\/wp-json\/wp\/v2\/product"}],"about":[{"href":"https:\/\/www.sparcraft.com\/fr\/wp-json\/wp\/v2\/types\/product"}],"replies":[{"embeddable":true,"href":"https:\/\/www.sparcraft.com\/fr\/wp-json\/wp\/v2\/comments?post=34635"}],"wp:attachment":[{"href":"https:\/\/www.sparcraft.com\/fr\/wp-json\/wp\/v2\/media?parent=34635"}],"wp:term":[{"taxonomy":"product_brand","embeddable":true,"href":"https:\/\/www.sparcraft.com\/fr\/wp-json\/wp\/v2\/product_brand?post=34635"},{"taxonomy":"product_cat","embeddable":true,"href":"https:\/\/www.sparcraft.com\/fr\/wp-json\/wp\/v2\/product_cat?post=34635"},{"taxonomy":"product_tag","embeddable":true,"href":"https:\/\/www.sparcraft.com\/fr\/wp-json\/wp\/v2\/product_tag?post=34635"}],"curies":[{"name":"wp","href":"https:\/\/api.w.org\/{rel}","templated":true}]}}