{"id":34523,"date":"2023-07-04T12:47:59","date_gmt":"2023-07-04T10:47:59","guid":{"rendered":"https:\/\/www.sparcraft.com\/produit\/rea-delrin-o40x10-injecte-48530401015\/"},"modified":"2026-04-15T04:03:34","modified_gmt":"2026-04-15T02:03:34","slug":"rea-delrin-o40x10-injecte-48530401015","status":"publish","type":"product","link":"https:\/\/www.sparcraft.com\/fr\/produit\/rea-delrin-o40x10-injecte-48530401015\/","title":{"rendered":"REA DELRIN \u00d840X10 INJECTE"},"content":{"rendered":"<p>  <P>Les r\u00e9as ont \u00e9t\u00e9 choisis apr\u00e8s une s\u00e9rie de tests logiciels, chimiques et m\u00e9caniques afin de garantir leur long\u00e9vit\u00e9.<\/P><\/p>\n","protected":false},"excerpt":{"rendered":"<p>  <P>Dimensions ( Ax B x \u00d8C ) :&nbsp;<STRONG>40 x 10 x 8 mm<\/STRONG><\/P> <P><A href=\"https:\/\/www.sparcraft.com\/wp-content\/uploads\/2022\/03\/Boite_reas_sparcraft_2022.pdf\" target=\"_blank\"><SPAN>En savoir plus<\/SPAN><\/A><\/P> <P>\u00d8 max conseill\u00e9 drisse : <STRONG>6 mm<\/STRONG><\/P> <P>Mat\u00e9riau : Delrin inject\u00e9<\/P> <P>Couleur : Noir<\/P><\/p>\n","protected":false},"featured_media":0,"comment_status":"open","ping_status":"closed","template":"","meta":[],"product_brand":[],"product_cat":[17],"product_tag":[],"class_list":{"0":"post-34523","1":"product","2":"type-product","3":"status-publish","5":"product_cat-product","7":"first","8":"instock","9":"taxable","10":"shipping-taxable","11":"purchasable","12":"product-type-simple"},"yoast_head":"<!-- This site is optimized with the Yoast SEO plugin v27.4 - https:\/\/yoast.com\/product\/yoast-seo-wordpress\/ -->\n<title>REA DELRIN \u00d840X10 INJECTE - Sparcraft<\/title>\n<meta name=\"robots\" content=\"index, follow, max-snippet:-1, max-image-preview:large, max-video-preview:-1\" \/>\n<link rel=\"canonical\" href=\"https:\/\/www.sparcraft.com\/fr\/produit\/rea-delrin-o40x10-injecte-48530401015\/\" \/>\n<meta property=\"og:locale\" content=\"fr_FR\" \/>\n<meta property=\"og:type\" content=\"article\" \/>\n<meta property=\"og:title\" content=\"REA DELRIN \u00d840X10 INJECTE - Sparcraft\" \/>\n<meta property=\"og:description\" content=\"Dimensions ( Ax B x \u00d8C ) :&nbsp;40 x 10 x 8 mm En savoir plus \u00d8 max conseill\u00e9 drisse : 6 mm Mat\u00e9riau : Delrin inject\u00e9 Couleur : Noir\" \/>\n<meta property=\"og:url\" content=\"https:\/\/www.sparcraft.com\/fr\/produit\/rea-delrin-o40x10-injecte-48530401015\/\" \/>\n<meta property=\"og:site_name\" content=\"Sparcraft\" \/>\n<meta property=\"article:modified_time\" content=\"2026-04-15T02:03:34+00:00\" \/>\n<meta name=\"twitter:card\" content=\"summary_large_image\" \/>\n<script type=\"application\/ld+json\" class=\"yoast-schema-graph\">{\"@context\":\"https:\\\/\\\/schema.org\",\"@graph\":[{\"@type\":\"WebPage\",\"@id\":\"https:\\\/\\\/www.sparcraft.com\\\/fr\\\/produit\\\/rea-delrin-o40x10-injecte-48530401015\\\/\",\"url\":\"https:\\\/\\\/www.sparcraft.com\\\/fr\\\/produit\\\/rea-delrin-o40x10-injecte-48530401015\\\/\",\"name\":\"REA DELRIN \u00d840X10 INJECTE - Sparcraft\",\"isPartOf\":{\"@id\":\"https:\\\/\\\/www.sparcraft.com\\\/fr\\\/#website\"},\"datePublished\":\"2023-07-04T10:47:59+00:00\",\"dateModified\":\"2026-04-15T02:03:34+00:00\",\"breadcrumb\":{\"@id\":\"https:\\\/\\\/www.sparcraft.com\\\/fr\\\/produit\\\/rea-delrin-o40x10-injecte-48530401015\\\/#breadcrumb\"},\"inLanguage\":\"fr-FR\",\"potentialAction\":[{\"@type\":\"ReadAction\",\"target\":[\"https:\\\/\\\/www.sparcraft.com\\\/fr\\\/produit\\\/rea-delrin-o40x10-injecte-48530401015\\\/\"]}]},{\"@type\":\"BreadcrumbList\",\"@id\":\"https:\\\/\\\/www.sparcraft.com\\\/fr\\\/produit\\\/rea-delrin-o40x10-injecte-48530401015\\\/#breadcrumb\",\"itemListElement\":[{\"@type\":\"ListItem\",\"position\":1,\"name\":\"Boutique\",\"item\":\"https:\\\/\\\/www.sparcraft.com\\\/fr\\\/boutique\\\/\"},{\"@type\":\"ListItem\",\"position\":2,\"name\":\"REA DELRIN \u00d840X10 INJECTE\"}]},{\"@type\":\"WebSite\",\"@id\":\"https:\\\/\\\/www.sparcraft.com\\\/fr\\\/#website\",\"url\":\"https:\\\/\\\/www.sparcraft.com\\\/fr\\\/\",\"name\":\"Sparcraft\",\"description\":\"Mast &amp; Rigging\",\"potentialAction\":[{\"@type\":\"SearchAction\",\"target\":{\"@type\":\"EntryPoint\",\"urlTemplate\":\"https:\\\/\\\/www.sparcraft.com\\\/fr\\\/?s={search_term_string}\"},\"query-input\":{\"@type\":\"PropertyValueSpecification\",\"valueRequired\":true,\"valueName\":\"search_term_string\"}}],\"inLanguage\":\"fr-FR\"}]}<\/script>\n<!-- \/ Yoast SEO plugin. -->","yoast_head_json":{"title":"REA DELRIN \u00d840X10 INJECTE - Sparcraft","robots":{"index":"index","follow":"follow","max-snippet":"max-snippet:-1","max-image-preview":"max-image-preview:large","max-video-preview":"max-video-preview:-1"},"canonical":"https:\/\/www.sparcraft.com\/fr\/produit\/rea-delrin-o40x10-injecte-48530401015\/","og_locale":"fr_FR","og_type":"article","og_title":"REA DELRIN \u00d840X10 INJECTE - Sparcraft","og_description":"Dimensions ( Ax B x \u00d8C ) :&nbsp;40 x 10 x 8 mm En savoir plus \u00d8 max conseill\u00e9 drisse : 6 mm Mat\u00e9riau : Delrin inject\u00e9 Couleur : Noir","og_url":"https:\/\/www.sparcraft.com\/fr\/produit\/rea-delrin-o40x10-injecte-48530401015\/","og_site_name":"Sparcraft","article_modified_time":"2026-04-15T02:03:34+00:00","twitter_card":"summary_large_image","schema":{"@context":"https:\/\/schema.org","@graph":[{"@type":"WebPage","@id":"https:\/\/www.sparcraft.com\/fr\/produit\/rea-delrin-o40x10-injecte-48530401015\/","url":"https:\/\/www.sparcraft.com\/fr\/produit\/rea-delrin-o40x10-injecte-48530401015\/","name":"REA DELRIN \u00d840X10 INJECTE - Sparcraft","isPartOf":{"@id":"https:\/\/www.sparcraft.com\/fr\/#website"},"datePublished":"2023-07-04T10:47:59+00:00","dateModified":"2026-04-15T02:03:34+00:00","breadcrumb":{"@id":"https:\/\/www.sparcraft.com\/fr\/produit\/rea-delrin-o40x10-injecte-48530401015\/#breadcrumb"},"inLanguage":"fr-FR","potentialAction":[{"@type":"ReadAction","target":["https:\/\/www.sparcraft.com\/fr\/produit\/rea-delrin-o40x10-injecte-48530401015\/"]}]},{"@type":"BreadcrumbList","@id":"https:\/\/www.sparcraft.com\/fr\/produit\/rea-delrin-o40x10-injecte-48530401015\/#breadcrumb","itemListElement":[{"@type":"ListItem","position":1,"name":"Boutique","item":"https:\/\/www.sparcraft.com\/fr\/boutique\/"},{"@type":"ListItem","position":2,"name":"REA DELRIN \u00d840X10 INJECTE"}]},{"@type":"WebSite","@id":"https:\/\/www.sparcraft.com\/fr\/#website","url":"https:\/\/www.sparcraft.com\/fr\/","name":"Sparcraft","description":"Mast &amp; Rigging","potentialAction":[{"@type":"SearchAction","target":{"@type":"EntryPoint","urlTemplate":"https:\/\/www.sparcraft.com\/fr\/?s={search_term_string}"},"query-input":{"@type":"PropertyValueSpecification","valueRequired":true,"valueName":"search_term_string"}}],"inLanguage":"fr-FR"}]}},"_links":{"self":[{"href":"https:\/\/www.sparcraft.com\/fr\/wp-json\/wp\/v2\/product\/34523","targetHints":{"allow":["GET"]}}],"collection":[{"href":"https:\/\/www.sparcraft.com\/fr\/wp-json\/wp\/v2\/product"}],"about":[{"href":"https:\/\/www.sparcraft.com\/fr\/wp-json\/wp\/v2\/types\/product"}],"replies":[{"embeddable":true,"href":"https:\/\/www.sparcraft.com\/fr\/wp-json\/wp\/v2\/comments?post=34523"}],"wp:attachment":[{"href":"https:\/\/www.sparcraft.com\/fr\/wp-json\/wp\/v2\/media?parent=34523"}],"wp:term":[{"taxonomy":"product_brand","embeddable":true,"href":"https:\/\/www.sparcraft.com\/fr\/wp-json\/wp\/v2\/product_brand?post=34523"},{"taxonomy":"product_cat","embeddable":true,"href":"https:\/\/www.sparcraft.com\/fr\/wp-json\/wp\/v2\/product_cat?post=34523"},{"taxonomy":"product_tag","embeddable":true,"href":"https:\/\/www.sparcraft.com\/fr\/wp-json\/wp\/v2\/product_tag?post=34523"}],"curies":[{"name":"wp","href":"https:\/\/api.w.org\/{rel}","templated":true}]}}