{"id":34507,"date":"2023-06-29T12:47:53","date_gmt":"2023-06-29T10:47:53","guid":{"rendered":"https:\/\/www.sparcraft.com\/produit\/filoir-version-xxl-vis-et-support-43220000055\/"},"modified":"2026-04-16T04:03:26","modified_gmt":"2026-04-16T02:03:26","slug":"filoir-version-xxl-vis-et-support-43220000055","status":"publish","type":"product","link":"https:\/\/www.sparcraft.com\/fr\/produit\/filoir-version-xxl-vis-et-support-43220000055\/","title":{"rendered":"FILOIR VERSION XXL + VIS ET SUPPORT"},"content":{"rendered":"<p>  <P>&#8211; Spinnaker (spi spectacles)<\/P> <P>&#8211; Gennaker<\/P> <P>&#8211; Single line reefing<\/P> <P>&#8211; Mainsheet system<\/P><\/p>\n","protected":false},"excerpt":{"rendered":"<p>  <P>Filoir avec support &#8211; mod\u00e8le XXL<\/P> <P>Pour section : S3410&nbsp;&#8211; S3800E &#8211; S4600&nbsp;&#8211; S7150E&nbsp;&#8211; S7800<\/P> <P>Diam\u00e8tre&nbsp;int\u00e9rieur&nbsp;: <STRONG>\u00d8 26 mm<\/STRONG><\/P> <P>Diam\u00e8tre cordage : <STRONG>\u00d8&nbsp;18-20-22-24 mm<\/STRONG><\/P> <P>Mat\u00e9riau :&nbsp;inox poli<\/P> <P>Avec<STRONG> 6 vis TBHC M8x30<\/STRONG><\/P><\/p>\n","protected":false},"featured_media":0,"comment_status":"open","ping_status":"closed","template":"","meta":[],"product_brand":[],"product_cat":[17],"product_tag":[],"class_list":{"0":"post-34507","1":"product","2":"type-product","3":"status-publish","5":"product_cat-product","7":"first","8":"instock","9":"taxable","10":"shipping-taxable","11":"purchasable","12":"product-type-simple"},"yoast_head":"<!-- This site is optimized with the Yoast SEO plugin v27.4 - https:\/\/yoast.com\/product\/yoast-seo-wordpress\/ -->\n<title>FILOIR VERSION XXL + VIS ET SUPPORT - Sparcraft<\/title>\n<meta name=\"robots\" content=\"index, follow, max-snippet:-1, max-image-preview:large, max-video-preview:-1\" \/>\n<link rel=\"canonical\" href=\"https:\/\/www.sparcraft.com\/fr\/produit\/filoir-version-xxl-vis-et-support-43220000055\/\" \/>\n<meta property=\"og:locale\" content=\"fr_FR\" \/>\n<meta property=\"og:type\" content=\"article\" \/>\n<meta property=\"og:title\" content=\"FILOIR VERSION XXL + VIS ET SUPPORT - Sparcraft\" \/>\n<meta property=\"og:description\" content=\"Filoir avec support - mod\u00e8le XXL Pour section : S3410&nbsp;- S3800E - S4600&nbsp;- S7150E&nbsp;- S7800 Diam\u00e8tre&nbsp;int\u00e9rieur&nbsp;: \u00d8 26 mm Diam\u00e8tre cordage : \u00d8&nbsp;18-20-22-24 mm Mat\u00e9riau :&nbsp;inox poli Avec 6 vis TBHC M8x30\" \/>\n<meta property=\"og:url\" content=\"https:\/\/www.sparcraft.com\/fr\/produit\/filoir-version-xxl-vis-et-support-43220000055\/\" \/>\n<meta property=\"og:site_name\" content=\"Sparcraft\" \/>\n<meta property=\"article:modified_time\" content=\"2026-04-16T02:03:26+00:00\" \/>\n<meta name=\"twitter:card\" content=\"summary_large_image\" \/>\n<script type=\"application\/ld+json\" class=\"yoast-schema-graph\">{\"@context\":\"https:\\\/\\\/schema.org\",\"@graph\":[{\"@type\":\"WebPage\",\"@id\":\"https:\\\/\\\/www.sparcraft.com\\\/fr\\\/produit\\\/filoir-version-xxl-vis-et-support-43220000055\\\/\",\"url\":\"https:\\\/\\\/www.sparcraft.com\\\/fr\\\/produit\\\/filoir-version-xxl-vis-et-support-43220000055\\\/\",\"name\":\"FILOIR VERSION XXL + VIS ET SUPPORT - Sparcraft\",\"isPartOf\":{\"@id\":\"https:\\\/\\\/www.sparcraft.com\\\/fr\\\/#website\"},\"datePublished\":\"2023-06-29T10:47:53+00:00\",\"dateModified\":\"2026-04-16T02:03:26+00:00\",\"breadcrumb\":{\"@id\":\"https:\\\/\\\/www.sparcraft.com\\\/fr\\\/produit\\\/filoir-version-xxl-vis-et-support-43220000055\\\/#breadcrumb\"},\"inLanguage\":\"fr-FR\",\"potentialAction\":[{\"@type\":\"ReadAction\",\"target\":[\"https:\\\/\\\/www.sparcraft.com\\\/fr\\\/produit\\\/filoir-version-xxl-vis-et-support-43220000055\\\/\"]}]},{\"@type\":\"BreadcrumbList\",\"@id\":\"https:\\\/\\\/www.sparcraft.com\\\/fr\\\/produit\\\/filoir-version-xxl-vis-et-support-43220000055\\\/#breadcrumb\",\"itemListElement\":[{\"@type\":\"ListItem\",\"position\":1,\"name\":\"Boutique\",\"item\":\"https:\\\/\\\/www.sparcraft.com\\\/fr\\\/boutique\\\/\"},{\"@type\":\"ListItem\",\"position\":2,\"name\":\"FILOIR VERSION XXL + VIS ET SUPPORT\"}]},{\"@type\":\"WebSite\",\"@id\":\"https:\\\/\\\/www.sparcraft.com\\\/fr\\\/#website\",\"url\":\"https:\\\/\\\/www.sparcraft.com\\\/fr\\\/\",\"name\":\"Sparcraft\",\"description\":\"Mast &amp; Rigging\",\"potentialAction\":[{\"@type\":\"SearchAction\",\"target\":{\"@type\":\"EntryPoint\",\"urlTemplate\":\"https:\\\/\\\/www.sparcraft.com\\\/fr\\\/?s={search_term_string}\"},\"query-input\":{\"@type\":\"PropertyValueSpecification\",\"valueRequired\":true,\"valueName\":\"search_term_string\"}}],\"inLanguage\":\"fr-FR\"}]}<\/script>\n<!-- \/ Yoast SEO plugin. -->","yoast_head_json":{"title":"FILOIR VERSION XXL + VIS ET SUPPORT - Sparcraft","robots":{"index":"index","follow":"follow","max-snippet":"max-snippet:-1","max-image-preview":"max-image-preview:large","max-video-preview":"max-video-preview:-1"},"canonical":"https:\/\/www.sparcraft.com\/fr\/produit\/filoir-version-xxl-vis-et-support-43220000055\/","og_locale":"fr_FR","og_type":"article","og_title":"FILOIR VERSION XXL + VIS ET SUPPORT - Sparcraft","og_description":"Filoir avec support - mod\u00e8le XXL Pour section : S3410&nbsp;- S3800E - S4600&nbsp;- S7150E&nbsp;- S7800 Diam\u00e8tre&nbsp;int\u00e9rieur&nbsp;: \u00d8 26 mm Diam\u00e8tre cordage : \u00d8&nbsp;18-20-22-24 mm Mat\u00e9riau :&nbsp;inox poli Avec 6 vis TBHC M8x30","og_url":"https:\/\/www.sparcraft.com\/fr\/produit\/filoir-version-xxl-vis-et-support-43220000055\/","og_site_name":"Sparcraft","article_modified_time":"2026-04-16T02:03:26+00:00","twitter_card":"summary_large_image","schema":{"@context":"https:\/\/schema.org","@graph":[{"@type":"WebPage","@id":"https:\/\/www.sparcraft.com\/fr\/produit\/filoir-version-xxl-vis-et-support-43220000055\/","url":"https:\/\/www.sparcraft.com\/fr\/produit\/filoir-version-xxl-vis-et-support-43220000055\/","name":"FILOIR VERSION XXL + VIS ET SUPPORT - Sparcraft","isPartOf":{"@id":"https:\/\/www.sparcraft.com\/fr\/#website"},"datePublished":"2023-06-29T10:47:53+00:00","dateModified":"2026-04-16T02:03:26+00:00","breadcrumb":{"@id":"https:\/\/www.sparcraft.com\/fr\/produit\/filoir-version-xxl-vis-et-support-43220000055\/#breadcrumb"},"inLanguage":"fr-FR","potentialAction":[{"@type":"ReadAction","target":["https:\/\/www.sparcraft.com\/fr\/produit\/filoir-version-xxl-vis-et-support-43220000055\/"]}]},{"@type":"BreadcrumbList","@id":"https:\/\/www.sparcraft.com\/fr\/produit\/filoir-version-xxl-vis-et-support-43220000055\/#breadcrumb","itemListElement":[{"@type":"ListItem","position":1,"name":"Boutique","item":"https:\/\/www.sparcraft.com\/fr\/boutique\/"},{"@type":"ListItem","position":2,"name":"FILOIR VERSION XXL + VIS ET SUPPORT"}]},{"@type":"WebSite","@id":"https:\/\/www.sparcraft.com\/fr\/#website","url":"https:\/\/www.sparcraft.com\/fr\/","name":"Sparcraft","description":"Mast &amp; Rigging","potentialAction":[{"@type":"SearchAction","target":{"@type":"EntryPoint","urlTemplate":"https:\/\/www.sparcraft.com\/fr\/?s={search_term_string}"},"query-input":{"@type":"PropertyValueSpecification","valueRequired":true,"valueName":"search_term_string"}}],"inLanguage":"fr-FR"}]}},"_links":{"self":[{"href":"https:\/\/www.sparcraft.com\/fr\/wp-json\/wp\/v2\/product\/34507","targetHints":{"allow":["GET"]}}],"collection":[{"href":"https:\/\/www.sparcraft.com\/fr\/wp-json\/wp\/v2\/product"}],"about":[{"href":"https:\/\/www.sparcraft.com\/fr\/wp-json\/wp\/v2\/types\/product"}],"replies":[{"embeddable":true,"href":"https:\/\/www.sparcraft.com\/fr\/wp-json\/wp\/v2\/comments?post=34507"}],"wp:attachment":[{"href":"https:\/\/www.sparcraft.com\/fr\/wp-json\/wp\/v2\/media?parent=34507"}],"wp:term":[{"taxonomy":"product_brand","embeddable":true,"href":"https:\/\/www.sparcraft.com\/fr\/wp-json\/wp\/v2\/product_brand?post=34507"},{"taxonomy":"product_cat","embeddable":true,"href":"https:\/\/www.sparcraft.com\/fr\/wp-json\/wp\/v2\/product_cat?post=34507"},{"taxonomy":"product_tag","embeddable":true,"href":"https:\/\/www.sparcraft.com\/fr\/wp-json\/wp\/v2\/product_tag?post=34507"}],"curies":[{"name":"wp","href":"https:\/\/api.w.org\/{rel}","templated":true}]}}