{"id":34395,"date":"2023-06-26T12:45:15","date_gmt":"2023-06-26T10:45:15","guid":{"rendered":"https:\/\/www.sparcraft.com\/produit\/bouchon-etancheite-s80-35502000805\/"},"modified":"2026-04-15T04:02:14","modified_gmt":"2026-04-15T02:02:14","slug":"bouchon-etancheite-s80-35502000805","status":"publish","type":"product","link":"https:\/\/www.sparcraft.com\/fr\/produit\/bouchon-etancheite-s80-35502000805\/","title":{"rendered":"BOUCHON ETANCHEITE S80"},"content":{"rendered":"<p>  <P>Le bouchon d&rsquo;\u00e9tanch\u00e9it\u00e9 Sparcraft garantit l&rsquo;\u00e9tanch\u00e9it\u00e9 au dessus de la sortie de drisse la plus basse et sert de drain \u00e0 l&rsquo;\u00e9coulement de l&rsquo;eau (pour les m\u00e2ts implant\u00e9s sur quille).<\/P><\/p>\n","protected":false},"excerpt":{"rendered":"<p>  <P>Bouchon d&rsquo;\u00e9tanch\u00e9it\u00e9<\/P> <P>Mat\u00e9riau : PVC<\/P> <P>A installer avec injection de silicone neutre<\/P><\/p>\n","protected":false},"featured_media":0,"comment_status":"open","ping_status":"closed","template":"","meta":[],"product_brand":[],"product_cat":[17],"product_tag":[],"class_list":{"0":"post-34395","1":"product","2":"type-product","3":"status-publish","5":"product_cat-product","7":"first","8":"instock","9":"taxable","10":"shipping-taxable","11":"purchasable","12":"product-type-simple"},"yoast_head":"<!-- This site is optimized with the Yoast SEO plugin v27.4 - https:\/\/yoast.com\/product\/yoast-seo-wordpress\/ -->\n<title>BOUCHON ETANCHEITE S80 - Sparcraft<\/title>\n<meta name=\"robots\" content=\"index, follow, max-snippet:-1, max-image-preview:large, max-video-preview:-1\" \/>\n<link rel=\"canonical\" href=\"https:\/\/www.sparcraft.com\/fr\/produit\/bouchon-etancheite-s80-35502000805\/\" \/>\n<meta property=\"og:locale\" content=\"fr_FR\" \/>\n<meta property=\"og:type\" content=\"article\" \/>\n<meta property=\"og:title\" content=\"BOUCHON ETANCHEITE S80 - Sparcraft\" \/>\n<meta property=\"og:description\" content=\"Bouchon d&#039;\u00e9tanch\u00e9it\u00e9 Mat\u00e9riau : PVC A installer avec injection de silicone neutre\" \/>\n<meta property=\"og:url\" content=\"https:\/\/www.sparcraft.com\/fr\/produit\/bouchon-etancheite-s80-35502000805\/\" \/>\n<meta property=\"og:site_name\" content=\"Sparcraft\" \/>\n<meta property=\"article:modified_time\" content=\"2026-04-15T02:02:14+00:00\" \/>\n<meta name=\"twitter:card\" content=\"summary_large_image\" \/>\n<script type=\"application\/ld+json\" class=\"yoast-schema-graph\">{\"@context\":\"https:\\\/\\\/schema.org\",\"@graph\":[{\"@type\":\"WebPage\",\"@id\":\"https:\\\/\\\/www.sparcraft.com\\\/fr\\\/produit\\\/bouchon-etancheite-s80-35502000805\\\/\",\"url\":\"https:\\\/\\\/www.sparcraft.com\\\/fr\\\/produit\\\/bouchon-etancheite-s80-35502000805\\\/\",\"name\":\"BOUCHON ETANCHEITE S80 - Sparcraft\",\"isPartOf\":{\"@id\":\"https:\\\/\\\/www.sparcraft.com\\\/fr\\\/#website\"},\"datePublished\":\"2023-06-26T10:45:15+00:00\",\"dateModified\":\"2026-04-15T02:02:14+00:00\",\"breadcrumb\":{\"@id\":\"https:\\\/\\\/www.sparcraft.com\\\/fr\\\/produit\\\/bouchon-etancheite-s80-35502000805\\\/#breadcrumb\"},\"inLanguage\":\"fr-FR\",\"potentialAction\":[{\"@type\":\"ReadAction\",\"target\":[\"https:\\\/\\\/www.sparcraft.com\\\/fr\\\/produit\\\/bouchon-etancheite-s80-35502000805\\\/\"]}]},{\"@type\":\"BreadcrumbList\",\"@id\":\"https:\\\/\\\/www.sparcraft.com\\\/fr\\\/produit\\\/bouchon-etancheite-s80-35502000805\\\/#breadcrumb\",\"itemListElement\":[{\"@type\":\"ListItem\",\"position\":1,\"name\":\"Boutique\",\"item\":\"https:\\\/\\\/www.sparcraft.com\\\/fr\\\/boutique\\\/\"},{\"@type\":\"ListItem\",\"position\":2,\"name\":\"BOUCHON ETANCHEITE S80\"}]},{\"@type\":\"WebSite\",\"@id\":\"https:\\\/\\\/www.sparcraft.com\\\/fr\\\/#website\",\"url\":\"https:\\\/\\\/www.sparcraft.com\\\/fr\\\/\",\"name\":\"Sparcraft\",\"description\":\"Mast &amp; Rigging\",\"potentialAction\":[{\"@type\":\"SearchAction\",\"target\":{\"@type\":\"EntryPoint\",\"urlTemplate\":\"https:\\\/\\\/www.sparcraft.com\\\/fr\\\/?s={search_term_string}\"},\"query-input\":{\"@type\":\"PropertyValueSpecification\",\"valueRequired\":true,\"valueName\":\"search_term_string\"}}],\"inLanguage\":\"fr-FR\"}]}<\/script>\n<!-- \/ Yoast SEO plugin. -->","yoast_head_json":{"title":"BOUCHON ETANCHEITE S80 - Sparcraft","robots":{"index":"index","follow":"follow","max-snippet":"max-snippet:-1","max-image-preview":"max-image-preview:large","max-video-preview":"max-video-preview:-1"},"canonical":"https:\/\/www.sparcraft.com\/fr\/produit\/bouchon-etancheite-s80-35502000805\/","og_locale":"fr_FR","og_type":"article","og_title":"BOUCHON ETANCHEITE S80 - Sparcraft","og_description":"Bouchon d'\u00e9tanch\u00e9it\u00e9 Mat\u00e9riau : PVC A installer avec injection de silicone neutre","og_url":"https:\/\/www.sparcraft.com\/fr\/produit\/bouchon-etancheite-s80-35502000805\/","og_site_name":"Sparcraft","article_modified_time":"2026-04-15T02:02:14+00:00","twitter_card":"summary_large_image","schema":{"@context":"https:\/\/schema.org","@graph":[{"@type":"WebPage","@id":"https:\/\/www.sparcraft.com\/fr\/produit\/bouchon-etancheite-s80-35502000805\/","url":"https:\/\/www.sparcraft.com\/fr\/produit\/bouchon-etancheite-s80-35502000805\/","name":"BOUCHON ETANCHEITE S80 - Sparcraft","isPartOf":{"@id":"https:\/\/www.sparcraft.com\/fr\/#website"},"datePublished":"2023-06-26T10:45:15+00:00","dateModified":"2026-04-15T02:02:14+00:00","breadcrumb":{"@id":"https:\/\/www.sparcraft.com\/fr\/produit\/bouchon-etancheite-s80-35502000805\/#breadcrumb"},"inLanguage":"fr-FR","potentialAction":[{"@type":"ReadAction","target":["https:\/\/www.sparcraft.com\/fr\/produit\/bouchon-etancheite-s80-35502000805\/"]}]},{"@type":"BreadcrumbList","@id":"https:\/\/www.sparcraft.com\/fr\/produit\/bouchon-etancheite-s80-35502000805\/#breadcrumb","itemListElement":[{"@type":"ListItem","position":1,"name":"Boutique","item":"https:\/\/www.sparcraft.com\/fr\/boutique\/"},{"@type":"ListItem","position":2,"name":"BOUCHON ETANCHEITE S80"}]},{"@type":"WebSite","@id":"https:\/\/www.sparcraft.com\/fr\/#website","url":"https:\/\/www.sparcraft.com\/fr\/","name":"Sparcraft","description":"Mast &amp; Rigging","potentialAction":[{"@type":"SearchAction","target":{"@type":"EntryPoint","urlTemplate":"https:\/\/www.sparcraft.com\/fr\/?s={search_term_string}"},"query-input":{"@type":"PropertyValueSpecification","valueRequired":true,"valueName":"search_term_string"}}],"inLanguage":"fr-FR"}]}},"_links":{"self":[{"href":"https:\/\/www.sparcraft.com\/fr\/wp-json\/wp\/v2\/product\/34395","targetHints":{"allow":["GET"]}}],"collection":[{"href":"https:\/\/www.sparcraft.com\/fr\/wp-json\/wp\/v2\/product"}],"about":[{"href":"https:\/\/www.sparcraft.com\/fr\/wp-json\/wp\/v2\/types\/product"}],"replies":[{"embeddable":true,"href":"https:\/\/www.sparcraft.com\/fr\/wp-json\/wp\/v2\/comments?post=34395"}],"wp:attachment":[{"href":"https:\/\/www.sparcraft.com\/fr\/wp-json\/wp\/v2\/media?parent=34395"}],"wp:term":[{"taxonomy":"product_brand","embeddable":true,"href":"https:\/\/www.sparcraft.com\/fr\/wp-json\/wp\/v2\/product_brand?post=34395"},{"taxonomy":"product_cat","embeddable":true,"href":"https:\/\/www.sparcraft.com\/fr\/wp-json\/wp\/v2\/product_cat?post=34395"},{"taxonomy":"product_tag","embeddable":true,"href":"https:\/\/www.sparcraft.com\/fr\/wp-json\/wp\/v2\/product_tag?post=34395"}],"curies":[{"name":"wp","href":"https:\/\/api.w.org\/{rel}","templated":true}]}}