{"id":34371,"date":"2023-06-22T00:41:49","date_gmt":"2023-06-21T22:41:49","guid":{"rendered":"https:\/\/www.sparcraft.com\/produit\/ridoir-de-pont-m14-lg375-44112116114\/"},"modified":"2026-04-18T04:03:07","modified_gmt":"2026-04-18T02:03:07","slug":"ridoir-de-pont-m14-lg375-44112116114","status":"publish","type":"product","link":"https:\/\/www.sparcraft.com\/fr\/produit\/ridoir-de-pont-m14-lg375-44112116114\/","title":{"rendered":"RIDOIR DE PONT M14 LG375"},"content":{"rendered":"<p>  <P>Les tirants de pont sont install\u00e9s entre la collerette et la partie du m\u00e2t emplant\u00e9e. Les drisses \u00e9tant reprises sur la colerette solidaire du pont, ceux-ci compensent la traction exerc\u00e9e vers le haut.<\/P> <P>&#8211; Avec ancrage T <STRONG>ACMO \u00d8 7 mm<\/STRONG><\/P><\/p>\n","protected":false},"excerpt":{"rendered":"<p>  <P>Ridoir de pont<\/P> <P>Dimensions : <STRONG>M14 x&nbsp;375 mm<\/STRONG><\/P> <P>Extr\u00e9mit\u00e9s : <STRONG>en T \/ T<\/STRONG><\/P> <P>Longueur Ouvert \/ Ferm\u00e9 (mm) : <STRONG>de&nbsp;395 \u00e0 265 mm<\/STRONG><\/P> <P>A partir de S1210<\/P><\/p>\n","protected":false},"featured_media":0,"comment_status":"open","ping_status":"closed","template":"","meta":[],"product_brand":[],"product_cat":[17],"product_tag":[],"class_list":{"0":"post-34371","1":"product","2":"type-product","3":"status-publish","5":"product_cat-product","7":"first","8":"instock","9":"taxable","10":"shipping-taxable","11":"purchasable","12":"product-type-simple"},"yoast_head":"<!-- This site is optimized with the Yoast SEO plugin v27.4 - https:\/\/yoast.com\/product\/yoast-seo-wordpress\/ -->\n<title>RIDOIR DE PONT M14 LG375 - Sparcraft<\/title>\n<meta name=\"robots\" content=\"index, follow, max-snippet:-1, max-image-preview:large, max-video-preview:-1\" \/>\n<link rel=\"canonical\" href=\"https:\/\/www.sparcraft.com\/fr\/produit\/ridoir-de-pont-m14-lg375-44112116114\/\" \/>\n<meta property=\"og:locale\" content=\"fr_FR\" \/>\n<meta property=\"og:type\" content=\"article\" \/>\n<meta property=\"og:title\" content=\"RIDOIR DE PONT M14 LG375 - Sparcraft\" \/>\n<meta property=\"og:description\" content=\"Ridoir de pont Dimensions : M14 x&nbsp;375 mm Extr\u00e9mit\u00e9s : en T \/ T Longueur Ouvert \/ Ferm\u00e9 (mm) : de&nbsp;395 \u00e0 265 mm A partir de S1210\" \/>\n<meta property=\"og:url\" content=\"https:\/\/www.sparcraft.com\/fr\/produit\/ridoir-de-pont-m14-lg375-44112116114\/\" \/>\n<meta property=\"og:site_name\" content=\"Sparcraft\" \/>\n<meta property=\"article:modified_time\" content=\"2026-04-18T02:03:07+00:00\" \/>\n<meta name=\"twitter:card\" content=\"summary_large_image\" \/>\n<script type=\"application\/ld+json\" class=\"yoast-schema-graph\">{\"@context\":\"https:\\\/\\\/schema.org\",\"@graph\":[{\"@type\":\"WebPage\",\"@id\":\"https:\\\/\\\/www.sparcraft.com\\\/fr\\\/produit\\\/ridoir-de-pont-m14-lg375-44112116114\\\/\",\"url\":\"https:\\\/\\\/www.sparcraft.com\\\/fr\\\/produit\\\/ridoir-de-pont-m14-lg375-44112116114\\\/\",\"name\":\"RIDOIR DE PONT M14 LG375 - Sparcraft\",\"isPartOf\":{\"@id\":\"https:\\\/\\\/www.sparcraft.com\\\/fr\\\/#website\"},\"datePublished\":\"2023-06-21T22:41:49+00:00\",\"dateModified\":\"2026-04-18T02:03:07+00:00\",\"breadcrumb\":{\"@id\":\"https:\\\/\\\/www.sparcraft.com\\\/fr\\\/produit\\\/ridoir-de-pont-m14-lg375-44112116114\\\/#breadcrumb\"},\"inLanguage\":\"fr-FR\",\"potentialAction\":[{\"@type\":\"ReadAction\",\"target\":[\"https:\\\/\\\/www.sparcraft.com\\\/fr\\\/produit\\\/ridoir-de-pont-m14-lg375-44112116114\\\/\"]}]},{\"@type\":\"BreadcrumbList\",\"@id\":\"https:\\\/\\\/www.sparcraft.com\\\/fr\\\/produit\\\/ridoir-de-pont-m14-lg375-44112116114\\\/#breadcrumb\",\"itemListElement\":[{\"@type\":\"ListItem\",\"position\":1,\"name\":\"Boutique\",\"item\":\"https:\\\/\\\/www.sparcraft.com\\\/fr\\\/boutique\\\/\"},{\"@type\":\"ListItem\",\"position\":2,\"name\":\"RIDOIR DE PONT M14 LG375\"}]},{\"@type\":\"WebSite\",\"@id\":\"https:\\\/\\\/www.sparcraft.com\\\/fr\\\/#website\",\"url\":\"https:\\\/\\\/www.sparcraft.com\\\/fr\\\/\",\"name\":\"Sparcraft\",\"description\":\"Mast &amp; Rigging\",\"potentialAction\":[{\"@type\":\"SearchAction\",\"target\":{\"@type\":\"EntryPoint\",\"urlTemplate\":\"https:\\\/\\\/www.sparcraft.com\\\/fr\\\/?s={search_term_string}\"},\"query-input\":{\"@type\":\"PropertyValueSpecification\",\"valueRequired\":true,\"valueName\":\"search_term_string\"}}],\"inLanguage\":\"fr-FR\"}]}<\/script>\n<!-- \/ Yoast SEO plugin. -->","yoast_head_json":{"title":"RIDOIR DE PONT M14 LG375 - Sparcraft","robots":{"index":"index","follow":"follow","max-snippet":"max-snippet:-1","max-image-preview":"max-image-preview:large","max-video-preview":"max-video-preview:-1"},"canonical":"https:\/\/www.sparcraft.com\/fr\/produit\/ridoir-de-pont-m14-lg375-44112116114\/","og_locale":"fr_FR","og_type":"article","og_title":"RIDOIR DE PONT M14 LG375 - Sparcraft","og_description":"Ridoir de pont Dimensions : M14 x&nbsp;375 mm Extr\u00e9mit\u00e9s : en T \/ T Longueur Ouvert \/ Ferm\u00e9 (mm) : de&nbsp;395 \u00e0 265 mm A partir de S1210","og_url":"https:\/\/www.sparcraft.com\/fr\/produit\/ridoir-de-pont-m14-lg375-44112116114\/","og_site_name":"Sparcraft","article_modified_time":"2026-04-18T02:03:07+00:00","twitter_card":"summary_large_image","schema":{"@context":"https:\/\/schema.org","@graph":[{"@type":"WebPage","@id":"https:\/\/www.sparcraft.com\/fr\/produit\/ridoir-de-pont-m14-lg375-44112116114\/","url":"https:\/\/www.sparcraft.com\/fr\/produit\/ridoir-de-pont-m14-lg375-44112116114\/","name":"RIDOIR DE PONT M14 LG375 - Sparcraft","isPartOf":{"@id":"https:\/\/www.sparcraft.com\/fr\/#website"},"datePublished":"2023-06-21T22:41:49+00:00","dateModified":"2026-04-18T02:03:07+00:00","breadcrumb":{"@id":"https:\/\/www.sparcraft.com\/fr\/produit\/ridoir-de-pont-m14-lg375-44112116114\/#breadcrumb"},"inLanguage":"fr-FR","potentialAction":[{"@type":"ReadAction","target":["https:\/\/www.sparcraft.com\/fr\/produit\/ridoir-de-pont-m14-lg375-44112116114\/"]}]},{"@type":"BreadcrumbList","@id":"https:\/\/www.sparcraft.com\/fr\/produit\/ridoir-de-pont-m14-lg375-44112116114\/#breadcrumb","itemListElement":[{"@type":"ListItem","position":1,"name":"Boutique","item":"https:\/\/www.sparcraft.com\/fr\/boutique\/"},{"@type":"ListItem","position":2,"name":"RIDOIR DE PONT M14 LG375"}]},{"@type":"WebSite","@id":"https:\/\/www.sparcraft.com\/fr\/#website","url":"https:\/\/www.sparcraft.com\/fr\/","name":"Sparcraft","description":"Mast &amp; Rigging","potentialAction":[{"@type":"SearchAction","target":{"@type":"EntryPoint","urlTemplate":"https:\/\/www.sparcraft.com\/fr\/?s={search_term_string}"},"query-input":{"@type":"PropertyValueSpecification","valueRequired":true,"valueName":"search_term_string"}}],"inLanguage":"fr-FR"}]}},"_links":{"self":[{"href":"https:\/\/www.sparcraft.com\/fr\/wp-json\/wp\/v2\/product\/34371","targetHints":{"allow":["GET"]}}],"collection":[{"href":"https:\/\/www.sparcraft.com\/fr\/wp-json\/wp\/v2\/product"}],"about":[{"href":"https:\/\/www.sparcraft.com\/fr\/wp-json\/wp\/v2\/types\/product"}],"replies":[{"embeddable":true,"href":"https:\/\/www.sparcraft.com\/fr\/wp-json\/wp\/v2\/comments?post=34371"}],"wp:attachment":[{"href":"https:\/\/www.sparcraft.com\/fr\/wp-json\/wp\/v2\/media?parent=34371"}],"wp:term":[{"taxonomy":"product_brand","embeddable":true,"href":"https:\/\/www.sparcraft.com\/fr\/wp-json\/wp\/v2\/product_brand?post=34371"},{"taxonomy":"product_cat","embeddable":true,"href":"https:\/\/www.sparcraft.com\/fr\/wp-json\/wp\/v2\/product_cat?post=34371"},{"taxonomy":"product_tag","embeddable":true,"href":"https:\/\/www.sparcraft.com\/fr\/wp-json\/wp\/v2\/product_tag?post=34371"}],"curies":[{"name":"wp","href":"https:\/\/api.w.org\/{rel}","templated":true}]}}