{"id":34178,"date":"2023-06-14T16:35:12","date_gmt":"2023-06-14T14:35:12","guid":{"rendered":"https:\/\/www.sparcraft.com\/produit\/pontet-fil-inox-o10-poli-47549000106\/"},"modified":"2026-04-17T04:03:19","modified_gmt":"2026-04-17T02:03:19","slug":"pontet-fil-inox-o10-poli-47549000106","status":"publish","type":"product","link":"https:\/\/www.sparcraft.com\/fr\/produit\/pontet-fil-inox-o10-poli-47549000106\/","title":{"rendered":"PONTET FIL INOX \u00d810  POLI"},"content":{"rendered":"<p>  <P>&#8211;&nbsp;P<SPAN><SPAN><SPAN>our emplanture r\u00e9f\u00e9rence <\/SPAN><A href=\"http:\/\/www.sparcraft.fr\/sku\/36031502603\"><SPAN>36031502603<\/SPAN><\/A>&nbsp;&nbsp; <SPAN><A href=\"http:\/\/www.sparcraft.fr\/sku\/36031480863\">36031480863<\/A><\/SPAN><\/SPAN><\/SPAN><\/P><\/p>\n","protected":false},"excerpt":{"rendered":"<p>  <P><SPAN><SPAN><SPAN>Pontet d&#8217;emplanture renforc\u00e9<\/SPAN><\/SPAN><\/SPAN><\/P> <P><SPAN><SPAN><SPAN>Mat\u00e9riau:&nbsp; inox poli<\/SPAN><\/SPAN><\/SPAN><\/P> <P><SPAN><SPAN><SPAN>Diam\u00e8tre : <STRONG>\u00d8 10 mm<\/STRONG><\/SPAN><\/SPAN><\/SPAN><\/P><\/p>\n","protected":false},"featured_media":0,"comment_status":"open","ping_status":"closed","template":"","meta":[],"product_brand":[],"product_cat":[17],"product_tag":[],"class_list":{"0":"post-34178","1":"product","2":"type-product","3":"status-publish","5":"product_cat-product","7":"first","8":"instock","9":"taxable","10":"shipping-taxable","11":"purchasable","12":"product-type-simple"},"yoast_head":"<!-- This site is optimized with the Yoast SEO plugin v27.4 - https:\/\/yoast.com\/product\/yoast-seo-wordpress\/ -->\n<title>PONTET FIL INOX \u00d810 POLI - Sparcraft<\/title>\n<meta name=\"robots\" content=\"index, follow, max-snippet:-1, max-image-preview:large, max-video-preview:-1\" \/>\n<link rel=\"canonical\" href=\"https:\/\/www.sparcraft.com\/fr\/produit\/pontet-fil-inox-o10-poli-47549000106\/\" \/>\n<meta property=\"og:locale\" content=\"fr_FR\" \/>\n<meta property=\"og:type\" content=\"article\" \/>\n<meta property=\"og:title\" content=\"PONTET FIL INOX \u00d810 POLI - Sparcraft\" \/>\n<meta property=\"og:description\" content=\"Pontet d&#039;emplanture renforc\u00e9 Mat\u00e9riau:&nbsp; inox poli Diam\u00e8tre : \u00d8 10 mm\" \/>\n<meta property=\"og:url\" content=\"https:\/\/www.sparcraft.com\/fr\/produit\/pontet-fil-inox-o10-poli-47549000106\/\" \/>\n<meta property=\"og:site_name\" content=\"Sparcraft\" \/>\n<meta property=\"article:modified_time\" content=\"2026-04-17T02:03:19+00:00\" \/>\n<meta name=\"twitter:card\" content=\"summary_large_image\" \/>\n<script type=\"application\/ld+json\" class=\"yoast-schema-graph\">{\"@context\":\"https:\\\/\\\/schema.org\",\"@graph\":[{\"@type\":\"WebPage\",\"@id\":\"https:\\\/\\\/www.sparcraft.com\\\/fr\\\/produit\\\/pontet-fil-inox-o10-poli-47549000106\\\/\",\"url\":\"https:\\\/\\\/www.sparcraft.com\\\/fr\\\/produit\\\/pontet-fil-inox-o10-poli-47549000106\\\/\",\"name\":\"PONTET FIL INOX \u00d810 POLI - Sparcraft\",\"isPartOf\":{\"@id\":\"https:\\\/\\\/www.sparcraft.com\\\/fr\\\/#website\"},\"datePublished\":\"2023-06-14T14:35:12+00:00\",\"dateModified\":\"2026-04-17T02:03:19+00:00\",\"breadcrumb\":{\"@id\":\"https:\\\/\\\/www.sparcraft.com\\\/fr\\\/produit\\\/pontet-fil-inox-o10-poli-47549000106\\\/#breadcrumb\"},\"inLanguage\":\"fr-FR\",\"potentialAction\":[{\"@type\":\"ReadAction\",\"target\":[\"https:\\\/\\\/www.sparcraft.com\\\/fr\\\/produit\\\/pontet-fil-inox-o10-poli-47549000106\\\/\"]}]},{\"@type\":\"BreadcrumbList\",\"@id\":\"https:\\\/\\\/www.sparcraft.com\\\/fr\\\/produit\\\/pontet-fil-inox-o10-poli-47549000106\\\/#breadcrumb\",\"itemListElement\":[{\"@type\":\"ListItem\",\"position\":1,\"name\":\"Boutique\",\"item\":\"https:\\\/\\\/www.sparcraft.com\\\/fr\\\/boutique\\\/\"},{\"@type\":\"ListItem\",\"position\":2,\"name\":\"PONTET FIL INOX \u00d810 POLI\"}]},{\"@type\":\"WebSite\",\"@id\":\"https:\\\/\\\/www.sparcraft.com\\\/fr\\\/#website\",\"url\":\"https:\\\/\\\/www.sparcraft.com\\\/fr\\\/\",\"name\":\"Sparcraft\",\"description\":\"Mast &amp; Rigging\",\"potentialAction\":[{\"@type\":\"SearchAction\",\"target\":{\"@type\":\"EntryPoint\",\"urlTemplate\":\"https:\\\/\\\/www.sparcraft.com\\\/fr\\\/?s={search_term_string}\"},\"query-input\":{\"@type\":\"PropertyValueSpecification\",\"valueRequired\":true,\"valueName\":\"search_term_string\"}}],\"inLanguage\":\"fr-FR\"}]}<\/script>\n<!-- \/ Yoast SEO plugin. -->","yoast_head_json":{"title":"PONTET FIL INOX \u00d810 POLI - Sparcraft","robots":{"index":"index","follow":"follow","max-snippet":"max-snippet:-1","max-image-preview":"max-image-preview:large","max-video-preview":"max-video-preview:-1"},"canonical":"https:\/\/www.sparcraft.com\/fr\/produit\/pontet-fil-inox-o10-poli-47549000106\/","og_locale":"fr_FR","og_type":"article","og_title":"PONTET FIL INOX \u00d810 POLI - Sparcraft","og_description":"Pontet d'emplanture renforc\u00e9 Mat\u00e9riau:&nbsp; inox poli Diam\u00e8tre : \u00d8 10 mm","og_url":"https:\/\/www.sparcraft.com\/fr\/produit\/pontet-fil-inox-o10-poli-47549000106\/","og_site_name":"Sparcraft","article_modified_time":"2026-04-17T02:03:19+00:00","twitter_card":"summary_large_image","schema":{"@context":"https:\/\/schema.org","@graph":[{"@type":"WebPage","@id":"https:\/\/www.sparcraft.com\/fr\/produit\/pontet-fil-inox-o10-poli-47549000106\/","url":"https:\/\/www.sparcraft.com\/fr\/produit\/pontet-fil-inox-o10-poli-47549000106\/","name":"PONTET FIL INOX \u00d810 POLI - Sparcraft","isPartOf":{"@id":"https:\/\/www.sparcraft.com\/fr\/#website"},"datePublished":"2023-06-14T14:35:12+00:00","dateModified":"2026-04-17T02:03:19+00:00","breadcrumb":{"@id":"https:\/\/www.sparcraft.com\/fr\/produit\/pontet-fil-inox-o10-poli-47549000106\/#breadcrumb"},"inLanguage":"fr-FR","potentialAction":[{"@type":"ReadAction","target":["https:\/\/www.sparcraft.com\/fr\/produit\/pontet-fil-inox-o10-poli-47549000106\/"]}]},{"@type":"BreadcrumbList","@id":"https:\/\/www.sparcraft.com\/fr\/produit\/pontet-fil-inox-o10-poli-47549000106\/#breadcrumb","itemListElement":[{"@type":"ListItem","position":1,"name":"Boutique","item":"https:\/\/www.sparcraft.com\/fr\/boutique\/"},{"@type":"ListItem","position":2,"name":"PONTET FIL INOX \u00d810 POLI"}]},{"@type":"WebSite","@id":"https:\/\/www.sparcraft.com\/fr\/#website","url":"https:\/\/www.sparcraft.com\/fr\/","name":"Sparcraft","description":"Mast &amp; Rigging","potentialAction":[{"@type":"SearchAction","target":{"@type":"EntryPoint","urlTemplate":"https:\/\/www.sparcraft.com\/fr\/?s={search_term_string}"},"query-input":{"@type":"PropertyValueSpecification","valueRequired":true,"valueName":"search_term_string"}}],"inLanguage":"fr-FR"}]}},"_links":{"self":[{"href":"https:\/\/www.sparcraft.com\/fr\/wp-json\/wp\/v2\/product\/34178","targetHints":{"allow":["GET"]}}],"collection":[{"href":"https:\/\/www.sparcraft.com\/fr\/wp-json\/wp\/v2\/product"}],"about":[{"href":"https:\/\/www.sparcraft.com\/fr\/wp-json\/wp\/v2\/types\/product"}],"replies":[{"embeddable":true,"href":"https:\/\/www.sparcraft.com\/fr\/wp-json\/wp\/v2\/comments?post=34178"}],"wp:attachment":[{"href":"https:\/\/www.sparcraft.com\/fr\/wp-json\/wp\/v2\/media?parent=34178"}],"wp:term":[{"taxonomy":"product_brand","embeddable":true,"href":"https:\/\/www.sparcraft.com\/fr\/wp-json\/wp\/v2\/product_brand?post=34178"},{"taxonomy":"product_cat","embeddable":true,"href":"https:\/\/www.sparcraft.com\/fr\/wp-json\/wp\/v2\/product_cat?post=34178"},{"taxonomy":"product_tag","embeddable":true,"href":"https:\/\/www.sparcraft.com\/fr\/wp-json\/wp\/v2\/product_tag?post=34178"}],"curies":[{"name":"wp","href":"https:\/\/api.w.org\/{rel}","templated":true}]}}