{"id":34173,"date":"2023-06-14T16:35:09","date_gmt":"2023-06-14T14:35:09","guid":{"rendered":"https:\/\/www.sparcraft.com\/produit\/manille-forgee-dr-std-inox-o12-46001210035\/"},"modified":"2026-04-18T04:03:10","modified_gmt":"2026-04-18T02:03:10","slug":"manille-forgee-dr-std-inox-o12-46001210035","status":"publish","type":"product","link":"https:\/\/www.sparcraft.com\/fr\/produit\/manille-forgee-dr-std-inox-o12-46001210035\/","title":{"rendered":"MANILLE FORGEE DR STD INOX \u00d812"},"content":{"rendered":"<p>  <P><SPAN><SPAN><SPAN>&#8211; Pour emplantures r\u00e9f\u00e9rence <\/SPAN><A href=\"http:\/\/www.sparcraft.fr\/sku\/36014216313\">36014216313<\/A>&nbsp;&nbsp;&nbsp; <A href=\"http:\/\/www.sparcraft.fr\/sku\/36014119823\">36014119823<\/A>&nbsp;&nbsp; <A href=\"http:\/\/www.sparcraft.fr\/sku\/36014221013\">36014221013<\/A>&nbsp; <A href=\"http:\/\/www.sparcraft.fr\/sku\/36054513953\">36054513953<\/A>&nbsp;&nbsp; <A href=\"http:\/\/www.sparcraft.fr\/sku\/36031512103\">36031512103<\/A><\/SPAN><\/SPAN><\/P><\/p>\n","protected":false},"excerpt":{"rendered":"<p>  <P><SPAN><SPAN><SPAN>Pontet d&#8217;emplanture<\/SPAN><\/SPAN><\/SPAN><\/P> <P><SPAN><SPAN><SPAN>Manille avec manillon <STRONG>\u00d8 12 x 76 mm<\/STRONG><\/SPAN><\/SPAN><\/SPAN><\/P> <P><SPAN><SPAN><SPAN>Mat\u00e9riau:&nbsp; inox poli<\/SPAN><\/SPAN><\/SPAN><\/P> <P><SPAN><SPAN><SPAN>Diam\u00e8tre : <STRONG>\u00d8 12 mm<\/STRONG><\/SPAN><\/SPAN><\/SPAN><\/P><\/p>\n","protected":false},"featured_media":0,"comment_status":"open","ping_status":"closed","template":"","meta":[],"product_brand":[],"product_cat":[17],"product_tag":[],"class_list":{"0":"post-34173","1":"product","2":"type-product","3":"status-publish","5":"product_cat-product","7":"first","8":"instock","9":"taxable","10":"shipping-taxable","11":"purchasable","12":"product-type-simple"},"yoast_head":"<!-- This site is optimized with the Yoast SEO plugin v27.4 - https:\/\/yoast.com\/product\/yoast-seo-wordpress\/ -->\n<title>MANILLE FORGEE DR STD INOX \u00d812 - Sparcraft<\/title>\n<meta name=\"robots\" content=\"index, follow, max-snippet:-1, max-image-preview:large, max-video-preview:-1\" \/>\n<link rel=\"canonical\" href=\"https:\/\/www.sparcraft.com\/fr\/produit\/manille-forgee-dr-std-inox-o12-46001210035\/\" \/>\n<meta property=\"og:locale\" content=\"fr_FR\" \/>\n<meta property=\"og:type\" content=\"article\" \/>\n<meta property=\"og:title\" content=\"MANILLE FORGEE DR STD INOX \u00d812 - Sparcraft\" \/>\n<meta property=\"og:description\" content=\"Pontet d&#039;emplanture Manille avec manillon \u00d8 12 x 76 mm Mat\u00e9riau:&nbsp; inox poli Diam\u00e8tre : \u00d8 12 mm\" \/>\n<meta property=\"og:url\" content=\"https:\/\/www.sparcraft.com\/fr\/produit\/manille-forgee-dr-std-inox-o12-46001210035\/\" \/>\n<meta property=\"og:site_name\" content=\"Sparcraft\" \/>\n<meta property=\"article:modified_time\" content=\"2026-04-18T02:03:10+00:00\" \/>\n<meta name=\"twitter:card\" content=\"summary_large_image\" \/>\n<script type=\"application\/ld+json\" class=\"yoast-schema-graph\">{\"@context\":\"https:\\\/\\\/schema.org\",\"@graph\":[{\"@type\":\"WebPage\",\"@id\":\"https:\\\/\\\/www.sparcraft.com\\\/fr\\\/produit\\\/manille-forgee-dr-std-inox-o12-46001210035\\\/\",\"url\":\"https:\\\/\\\/www.sparcraft.com\\\/fr\\\/produit\\\/manille-forgee-dr-std-inox-o12-46001210035\\\/\",\"name\":\"MANILLE FORGEE DR STD INOX \u00d812 - Sparcraft\",\"isPartOf\":{\"@id\":\"https:\\\/\\\/www.sparcraft.com\\\/fr\\\/#website\"},\"datePublished\":\"2023-06-14T14:35:09+00:00\",\"dateModified\":\"2026-04-18T02:03:10+00:00\",\"breadcrumb\":{\"@id\":\"https:\\\/\\\/www.sparcraft.com\\\/fr\\\/produit\\\/manille-forgee-dr-std-inox-o12-46001210035\\\/#breadcrumb\"},\"inLanguage\":\"fr-FR\",\"potentialAction\":[{\"@type\":\"ReadAction\",\"target\":[\"https:\\\/\\\/www.sparcraft.com\\\/fr\\\/produit\\\/manille-forgee-dr-std-inox-o12-46001210035\\\/\"]}]},{\"@type\":\"BreadcrumbList\",\"@id\":\"https:\\\/\\\/www.sparcraft.com\\\/fr\\\/produit\\\/manille-forgee-dr-std-inox-o12-46001210035\\\/#breadcrumb\",\"itemListElement\":[{\"@type\":\"ListItem\",\"position\":1,\"name\":\"Boutique\",\"item\":\"https:\\\/\\\/www.sparcraft.com\\\/fr\\\/boutique\\\/\"},{\"@type\":\"ListItem\",\"position\":2,\"name\":\"MANILLE FORGEE DR STD INOX \u00d812\"}]},{\"@type\":\"WebSite\",\"@id\":\"https:\\\/\\\/www.sparcraft.com\\\/fr\\\/#website\",\"url\":\"https:\\\/\\\/www.sparcraft.com\\\/fr\\\/\",\"name\":\"Sparcraft\",\"description\":\"Mast &amp; Rigging\",\"potentialAction\":[{\"@type\":\"SearchAction\",\"target\":{\"@type\":\"EntryPoint\",\"urlTemplate\":\"https:\\\/\\\/www.sparcraft.com\\\/fr\\\/?s={search_term_string}\"},\"query-input\":{\"@type\":\"PropertyValueSpecification\",\"valueRequired\":true,\"valueName\":\"search_term_string\"}}],\"inLanguage\":\"fr-FR\"}]}<\/script>\n<!-- \/ Yoast SEO plugin. -->","yoast_head_json":{"title":"MANILLE FORGEE DR STD INOX \u00d812 - Sparcraft","robots":{"index":"index","follow":"follow","max-snippet":"max-snippet:-1","max-image-preview":"max-image-preview:large","max-video-preview":"max-video-preview:-1"},"canonical":"https:\/\/www.sparcraft.com\/fr\/produit\/manille-forgee-dr-std-inox-o12-46001210035\/","og_locale":"fr_FR","og_type":"article","og_title":"MANILLE FORGEE DR STD INOX \u00d812 - Sparcraft","og_description":"Pontet d'emplanture Manille avec manillon \u00d8 12 x 76 mm Mat\u00e9riau:&nbsp; inox poli Diam\u00e8tre : \u00d8 12 mm","og_url":"https:\/\/www.sparcraft.com\/fr\/produit\/manille-forgee-dr-std-inox-o12-46001210035\/","og_site_name":"Sparcraft","article_modified_time":"2026-04-18T02:03:10+00:00","twitter_card":"summary_large_image","schema":{"@context":"https:\/\/schema.org","@graph":[{"@type":"WebPage","@id":"https:\/\/www.sparcraft.com\/fr\/produit\/manille-forgee-dr-std-inox-o12-46001210035\/","url":"https:\/\/www.sparcraft.com\/fr\/produit\/manille-forgee-dr-std-inox-o12-46001210035\/","name":"MANILLE FORGEE DR STD INOX \u00d812 - Sparcraft","isPartOf":{"@id":"https:\/\/www.sparcraft.com\/fr\/#website"},"datePublished":"2023-06-14T14:35:09+00:00","dateModified":"2026-04-18T02:03:10+00:00","breadcrumb":{"@id":"https:\/\/www.sparcraft.com\/fr\/produit\/manille-forgee-dr-std-inox-o12-46001210035\/#breadcrumb"},"inLanguage":"fr-FR","potentialAction":[{"@type":"ReadAction","target":["https:\/\/www.sparcraft.com\/fr\/produit\/manille-forgee-dr-std-inox-o12-46001210035\/"]}]},{"@type":"BreadcrumbList","@id":"https:\/\/www.sparcraft.com\/fr\/produit\/manille-forgee-dr-std-inox-o12-46001210035\/#breadcrumb","itemListElement":[{"@type":"ListItem","position":1,"name":"Boutique","item":"https:\/\/www.sparcraft.com\/fr\/boutique\/"},{"@type":"ListItem","position":2,"name":"MANILLE FORGEE DR STD INOX \u00d812"}]},{"@type":"WebSite","@id":"https:\/\/www.sparcraft.com\/fr\/#website","url":"https:\/\/www.sparcraft.com\/fr\/","name":"Sparcraft","description":"Mast &amp; Rigging","potentialAction":[{"@type":"SearchAction","target":{"@type":"EntryPoint","urlTemplate":"https:\/\/www.sparcraft.com\/fr\/?s={search_term_string}"},"query-input":{"@type":"PropertyValueSpecification","valueRequired":true,"valueName":"search_term_string"}}],"inLanguage":"fr-FR"}]}},"_links":{"self":[{"href":"https:\/\/www.sparcraft.com\/fr\/wp-json\/wp\/v2\/product\/34173","targetHints":{"allow":["GET"]}}],"collection":[{"href":"https:\/\/www.sparcraft.com\/fr\/wp-json\/wp\/v2\/product"}],"about":[{"href":"https:\/\/www.sparcraft.com\/fr\/wp-json\/wp\/v2\/types\/product"}],"replies":[{"embeddable":true,"href":"https:\/\/www.sparcraft.com\/fr\/wp-json\/wp\/v2\/comments?post=34173"}],"wp:attachment":[{"href":"https:\/\/www.sparcraft.com\/fr\/wp-json\/wp\/v2\/media?parent=34173"}],"wp:term":[{"taxonomy":"product_brand","embeddable":true,"href":"https:\/\/www.sparcraft.com\/fr\/wp-json\/wp\/v2\/product_brand?post=34173"},{"taxonomy":"product_cat","embeddable":true,"href":"https:\/\/www.sparcraft.com\/fr\/wp-json\/wp\/v2\/product_cat?post=34173"},{"taxonomy":"product_tag","embeddable":true,"href":"https:\/\/www.sparcraft.com\/fr\/wp-json\/wp\/v2\/product_tag?post=34173"}],"curies":[{"name":"wp","href":"https:\/\/api.w.org\/{rel}","templated":true}]}}