{"id":34169,"date":"2023-06-14T16:35:06","date_gmt":"2023-06-14T14:35:06","guid":{"rendered":"https:\/\/www.sparcraft.com\/produit\/filoir-simple-diam-cordage-18-a-22-43220000015\/"},"modified":"2026-04-17T04:03:12","modified_gmt":"2026-04-17T02:03:12","slug":"filoir-gros-modele-d-22-vis-43220000015","status":"publish","type":"product","link":"https:\/\/www.sparcraft.com\/fr\/produit\/filoir-gros-modele-d-22-vis-43220000015\/","title":{"rendered":"FILOIR GROS MODELE (D.22) + VIS"},"content":{"rendered":"<p>  <P>&#8211;&nbsp;Spinnaker (trompettes spi)<\/P> <P>&#8211; Gennaker<\/P> <P>&#8211; Prise de ris continue<\/P> <P>&#8211; Guide d&rsquo;\u00e9coute de Grand Voile<\/P><\/p>\n","protected":false},"excerpt":{"rendered":"<p>  <P>Filoir &#8211; gros mod\u00e8le<\/P> <P>Pour section : S622 &#8211; S760E &#8211; S830 &#8211; S980E &#8211; S1060 &#8211; S1170 &#8211; S1210 &#8211; S1395 &#8211; S1420E &#8211; S1540 &#8211; S1980E &#8211; S2100<\/P> <P>Diam\u00e8tre&nbsp;int\u00e9rieur : <STRONG>\u00d8 22 mm<\/STRONG><\/P> <P>Diam\u00e8tre cordage : <STRONG>\u00d8&nbsp;18-20-22 mm<\/STRONG><\/P> <P>Mat\u00e9riau :&nbsp;inox poli<\/P> <P>Avec <STRONG>6 vis inox TCHC M 6 x 16<\/STRONG><\/P> <P>&nbsp;<\/P> <P>&nbsp;<\/P><\/p>\n","protected":false},"featured_media":0,"comment_status":"open","ping_status":"closed","template":"","meta":[],"product_brand":[],"product_cat":[17],"product_tag":[],"class_list":{"0":"post-34169","1":"product","2":"type-product","3":"status-publish","5":"product_cat-product","7":"first","8":"instock","9":"taxable","10":"shipping-taxable","11":"purchasable","12":"product-type-simple"},"yoast_head":"<!-- This site is optimized with the Yoast SEO plugin v27.4 - https:\/\/yoast.com\/product\/yoast-seo-wordpress\/ -->\n<title>FILOIR GROS MODELE (D.22) + VIS - Sparcraft<\/title>\n<meta name=\"robots\" content=\"index, follow, max-snippet:-1, max-image-preview:large, max-video-preview:-1\" \/>\n<link rel=\"canonical\" href=\"https:\/\/www.sparcraft.com\/fr\/produit\/filoir-gros-modele-d-22-vis-43220000015\/\" \/>\n<meta property=\"og:locale\" content=\"fr_FR\" \/>\n<meta property=\"og:type\" content=\"article\" \/>\n<meta property=\"og:title\" content=\"FILOIR GROS MODELE (D.22) + VIS - Sparcraft\" \/>\n<meta property=\"og:description\" content=\"Filoir - gros mod\u00e8le Pour section : S622 - S760E - S830 - S980E - S1060 - S1170 - S1210 - S1395 - S1420E - S1540 - S1980E - S2100 Diam\u00e8tre&nbsp;int\u00e9rieur : \u00d8 22 mm Diam\u00e8tre cordage : \u00d8&nbsp;18-20-22 mm Mat\u00e9riau :&nbsp;inox poli Avec 6 vis inox TCHC M 6 x 16 &nbsp; &nbsp;\" \/>\n<meta property=\"og:url\" content=\"https:\/\/www.sparcraft.com\/fr\/produit\/filoir-gros-modele-d-22-vis-43220000015\/\" \/>\n<meta property=\"og:site_name\" content=\"Sparcraft\" \/>\n<meta property=\"article:modified_time\" content=\"2026-04-17T02:03:12+00:00\" \/>\n<meta name=\"twitter:card\" content=\"summary_large_image\" \/>\n<script type=\"application\/ld+json\" class=\"yoast-schema-graph\">{\"@context\":\"https:\\\/\\\/schema.org\",\"@graph\":[{\"@type\":\"WebPage\",\"@id\":\"https:\\\/\\\/www.sparcraft.com\\\/fr\\\/produit\\\/filoir-gros-modele-d-22-vis-43220000015\\\/\",\"url\":\"https:\\\/\\\/www.sparcraft.com\\\/fr\\\/produit\\\/filoir-gros-modele-d-22-vis-43220000015\\\/\",\"name\":\"FILOIR GROS MODELE (D.22) + VIS - Sparcraft\",\"isPartOf\":{\"@id\":\"https:\\\/\\\/www.sparcraft.com\\\/fr\\\/#website\"},\"datePublished\":\"2023-06-14T14:35:06+00:00\",\"dateModified\":\"2026-04-17T02:03:12+00:00\",\"breadcrumb\":{\"@id\":\"https:\\\/\\\/www.sparcraft.com\\\/fr\\\/produit\\\/filoir-gros-modele-d-22-vis-43220000015\\\/#breadcrumb\"},\"inLanguage\":\"fr-FR\",\"potentialAction\":[{\"@type\":\"ReadAction\",\"target\":[\"https:\\\/\\\/www.sparcraft.com\\\/fr\\\/produit\\\/filoir-gros-modele-d-22-vis-43220000015\\\/\"]}]},{\"@type\":\"BreadcrumbList\",\"@id\":\"https:\\\/\\\/www.sparcraft.com\\\/fr\\\/produit\\\/filoir-gros-modele-d-22-vis-43220000015\\\/#breadcrumb\",\"itemListElement\":[{\"@type\":\"ListItem\",\"position\":1,\"name\":\"Boutique\",\"item\":\"https:\\\/\\\/www.sparcraft.com\\\/fr\\\/boutique\\\/\"},{\"@type\":\"ListItem\",\"position\":2,\"name\":\"FILOIR GROS MODELE (D.22) + VIS\"}]},{\"@type\":\"WebSite\",\"@id\":\"https:\\\/\\\/www.sparcraft.com\\\/fr\\\/#website\",\"url\":\"https:\\\/\\\/www.sparcraft.com\\\/fr\\\/\",\"name\":\"Sparcraft\",\"description\":\"Mast &amp; Rigging\",\"potentialAction\":[{\"@type\":\"SearchAction\",\"target\":{\"@type\":\"EntryPoint\",\"urlTemplate\":\"https:\\\/\\\/www.sparcraft.com\\\/fr\\\/?s={search_term_string}\"},\"query-input\":{\"@type\":\"PropertyValueSpecification\",\"valueRequired\":true,\"valueName\":\"search_term_string\"}}],\"inLanguage\":\"fr-FR\"}]}<\/script>\n<!-- \/ Yoast SEO plugin. -->","yoast_head_json":{"title":"FILOIR GROS MODELE (D.22) + VIS - Sparcraft","robots":{"index":"index","follow":"follow","max-snippet":"max-snippet:-1","max-image-preview":"max-image-preview:large","max-video-preview":"max-video-preview:-1"},"canonical":"https:\/\/www.sparcraft.com\/fr\/produit\/filoir-gros-modele-d-22-vis-43220000015\/","og_locale":"fr_FR","og_type":"article","og_title":"FILOIR GROS MODELE (D.22) + VIS - Sparcraft","og_description":"Filoir - gros mod\u00e8le Pour section : S622 - S760E - S830 - S980E - S1060 - S1170 - S1210 - S1395 - S1420E - S1540 - S1980E - S2100 Diam\u00e8tre&nbsp;int\u00e9rieur : \u00d8 22 mm Diam\u00e8tre cordage : \u00d8&nbsp;18-20-22 mm Mat\u00e9riau :&nbsp;inox poli Avec 6 vis inox TCHC M 6 x 16 &nbsp; &nbsp;","og_url":"https:\/\/www.sparcraft.com\/fr\/produit\/filoir-gros-modele-d-22-vis-43220000015\/","og_site_name":"Sparcraft","article_modified_time":"2026-04-17T02:03:12+00:00","twitter_card":"summary_large_image","schema":{"@context":"https:\/\/schema.org","@graph":[{"@type":"WebPage","@id":"https:\/\/www.sparcraft.com\/fr\/produit\/filoir-gros-modele-d-22-vis-43220000015\/","url":"https:\/\/www.sparcraft.com\/fr\/produit\/filoir-gros-modele-d-22-vis-43220000015\/","name":"FILOIR GROS MODELE (D.22) + VIS - Sparcraft","isPartOf":{"@id":"https:\/\/www.sparcraft.com\/fr\/#website"},"datePublished":"2023-06-14T14:35:06+00:00","dateModified":"2026-04-17T02:03:12+00:00","breadcrumb":{"@id":"https:\/\/www.sparcraft.com\/fr\/produit\/filoir-gros-modele-d-22-vis-43220000015\/#breadcrumb"},"inLanguage":"fr-FR","potentialAction":[{"@type":"ReadAction","target":["https:\/\/www.sparcraft.com\/fr\/produit\/filoir-gros-modele-d-22-vis-43220000015\/"]}]},{"@type":"BreadcrumbList","@id":"https:\/\/www.sparcraft.com\/fr\/produit\/filoir-gros-modele-d-22-vis-43220000015\/#breadcrumb","itemListElement":[{"@type":"ListItem","position":1,"name":"Boutique","item":"https:\/\/www.sparcraft.com\/fr\/boutique\/"},{"@type":"ListItem","position":2,"name":"FILOIR GROS MODELE (D.22) + VIS"}]},{"@type":"WebSite","@id":"https:\/\/www.sparcraft.com\/fr\/#website","url":"https:\/\/www.sparcraft.com\/fr\/","name":"Sparcraft","description":"Mast &amp; Rigging","potentialAction":[{"@type":"SearchAction","target":{"@type":"EntryPoint","urlTemplate":"https:\/\/www.sparcraft.com\/fr\/?s={search_term_string}"},"query-input":{"@type":"PropertyValueSpecification","valueRequired":true,"valueName":"search_term_string"}}],"inLanguage":"fr-FR"}]}},"_links":{"self":[{"href":"https:\/\/www.sparcraft.com\/fr\/wp-json\/wp\/v2\/product\/34169","targetHints":{"allow":["GET"]}}],"collection":[{"href":"https:\/\/www.sparcraft.com\/fr\/wp-json\/wp\/v2\/product"}],"about":[{"href":"https:\/\/www.sparcraft.com\/fr\/wp-json\/wp\/v2\/types\/product"}],"replies":[{"embeddable":true,"href":"https:\/\/www.sparcraft.com\/fr\/wp-json\/wp\/v2\/comments?post=34169"}],"wp:attachment":[{"href":"https:\/\/www.sparcraft.com\/fr\/wp-json\/wp\/v2\/media?parent=34169"}],"wp:term":[{"taxonomy":"product_brand","embeddable":true,"href":"https:\/\/www.sparcraft.com\/fr\/wp-json\/wp\/v2\/product_brand?post=34169"},{"taxonomy":"product_cat","embeddable":true,"href":"https:\/\/www.sparcraft.com\/fr\/wp-json\/wp\/v2\/product_cat?post=34169"},{"taxonomy":"product_tag","embeddable":true,"href":"https:\/\/www.sparcraft.com\/fr\/wp-json\/wp\/v2\/product_tag?post=34169"}],"curies":[{"name":"wp","href":"https:\/\/api.w.org\/{rel}","templated":true}]}}