{"id":34153,"date":"2023-06-14T16:34:56","date_gmt":"2023-06-14T14:34:56","guid":{"rendered":"https:\/\/www.sparcraft.com\/produit\/feu-route-9-30v-2mn-blanc-mantagua-tiny-00086-43011103212\/"},"modified":"2026-04-16T04:03:24","modified_gmt":"2026-04-16T02:03:24","slug":"feu-route-9-30v-2mn-blanc-mantagua-tiny-00086-43011103212","status":"publish","type":"product","link":"https:\/\/www.sparcraft.com\/fr\/produit\/feu-route-9-30v-2mn-blanc-mantagua-tiny-00086-43011103212\/","title":{"rendered":"FEU ROUTE 9-30V 2MN BLANC MANTAGUA TINY 00086"},"content":{"rendered":"<p>  <P>&nbsp;<\/P> <P>&nbsp;<\/P><\/p>\n","protected":false},"excerpt":{"rendered":"<p>  <P><SPAN><SPAN><SPAN>Feu de m\u00e2t en face avant<\/SPAN><\/SPAN><\/SPAN><\/P> <P><SPAN><SPAN><SPAN>Nouvelle gamme de feux LED (les feux halog\u00e8nes restent disponibles sur demande)<\/SPAN><\/SPAN><\/SPAN><\/P> <P><SPAN><SPAN><SPAN>Feu de route<\/SPAN><\/SPAN><\/SPAN><\/P> <P><SPAN><SPAN><SPAN>Couleur&nbsp;: blanc<\/SPAN><\/SPAN><\/SPAN><\/P> <P><SPAN><SPAN><SPAN>Type&nbsp;: <STRONG>s\u00e9rie 25 &#8211; TINY<\/STRONG><\/SPAN><\/SPAN><\/SPAN><\/P> <P><SPAN><SPAN><SPAN>Port\u00e9e&nbsp;: <STRONG>2 milles<\/STRONG> <STRONG>nautiques<\/STRONG><\/SPAN><\/SPAN><\/SPAN><\/P> <P><SPAN><SPAN><SPAN>Voltage&nbsp;:<STRONG>&nbsp;9-30&nbsp;V<\/STRONG><\/SPAN><\/SPAN><\/SPAN><\/P><\/p>\n","protected":false},"featured_media":0,"comment_status":"open","ping_status":"closed","template":"","meta":[],"product_brand":[],"product_cat":[17],"product_tag":[],"class_list":{"0":"post-34153","1":"product","2":"type-product","3":"status-publish","5":"product_cat-product","7":"first","8":"instock","9":"taxable","10":"shipping-taxable","11":"purchasable","12":"product-type-simple"},"yoast_head":"<!-- This site is optimized with the Yoast SEO plugin v27.4 - https:\/\/yoast.com\/product\/yoast-seo-wordpress\/ -->\n<title>FEU ROUTE 9-30V 2MN BLANC MANTAGUA TINY 00086 - Sparcraft<\/title>\n<meta name=\"robots\" content=\"index, follow, max-snippet:-1, max-image-preview:large, max-video-preview:-1\" \/>\n<link rel=\"canonical\" href=\"https:\/\/www.sparcraft.com\/fr\/produit\/feu-route-9-30v-2mn-blanc-mantagua-tiny-00086-43011103212\/\" \/>\n<meta property=\"og:locale\" content=\"fr_FR\" \/>\n<meta property=\"og:type\" content=\"article\" \/>\n<meta property=\"og:title\" content=\"FEU ROUTE 9-30V 2MN BLANC MANTAGUA TINY 00086 - Sparcraft\" \/>\n<meta property=\"og:description\" content=\"Feu de m\u00e2t en face avant Nouvelle gamme de feux LED (les feux halog\u00e8nes restent disponibles sur demande) Feu de route Couleur&nbsp;: blanc Type&nbsp;: s\u00e9rie 25 - TINY Port\u00e9e&nbsp;: 2 milles nautiques Voltage&nbsp;:&nbsp;9-30&nbsp;V\" \/>\n<meta property=\"og:url\" content=\"https:\/\/www.sparcraft.com\/fr\/produit\/feu-route-9-30v-2mn-blanc-mantagua-tiny-00086-43011103212\/\" \/>\n<meta property=\"og:site_name\" content=\"Sparcraft\" \/>\n<meta property=\"article:modified_time\" content=\"2026-04-16T02:03:24+00:00\" \/>\n<meta name=\"twitter:card\" content=\"summary_large_image\" \/>\n<script type=\"application\/ld+json\" class=\"yoast-schema-graph\">{\"@context\":\"https:\\\/\\\/schema.org\",\"@graph\":[{\"@type\":\"WebPage\",\"@id\":\"https:\\\/\\\/www.sparcraft.com\\\/fr\\\/produit\\\/feu-route-9-30v-2mn-blanc-mantagua-tiny-00086-43011103212\\\/\",\"url\":\"https:\\\/\\\/www.sparcraft.com\\\/fr\\\/produit\\\/feu-route-9-30v-2mn-blanc-mantagua-tiny-00086-43011103212\\\/\",\"name\":\"FEU ROUTE 9-30V 2MN BLANC MANTAGUA TINY 00086 - Sparcraft\",\"isPartOf\":{\"@id\":\"https:\\\/\\\/www.sparcraft.com\\\/fr\\\/#website\"},\"datePublished\":\"2023-06-14T14:34:56+00:00\",\"dateModified\":\"2026-04-16T02:03:24+00:00\",\"breadcrumb\":{\"@id\":\"https:\\\/\\\/www.sparcraft.com\\\/fr\\\/produit\\\/feu-route-9-30v-2mn-blanc-mantagua-tiny-00086-43011103212\\\/#breadcrumb\"},\"inLanguage\":\"fr-FR\",\"potentialAction\":[{\"@type\":\"ReadAction\",\"target\":[\"https:\\\/\\\/www.sparcraft.com\\\/fr\\\/produit\\\/feu-route-9-30v-2mn-blanc-mantagua-tiny-00086-43011103212\\\/\"]}]},{\"@type\":\"BreadcrumbList\",\"@id\":\"https:\\\/\\\/www.sparcraft.com\\\/fr\\\/produit\\\/feu-route-9-30v-2mn-blanc-mantagua-tiny-00086-43011103212\\\/#breadcrumb\",\"itemListElement\":[{\"@type\":\"ListItem\",\"position\":1,\"name\":\"Boutique\",\"item\":\"https:\\\/\\\/www.sparcraft.com\\\/fr\\\/boutique\\\/\"},{\"@type\":\"ListItem\",\"position\":2,\"name\":\"FEU ROUTE 9-30V 2MN BLANC MANTAGUA TINY 00086\"}]},{\"@type\":\"WebSite\",\"@id\":\"https:\\\/\\\/www.sparcraft.com\\\/fr\\\/#website\",\"url\":\"https:\\\/\\\/www.sparcraft.com\\\/fr\\\/\",\"name\":\"Sparcraft\",\"description\":\"Mast &amp; Rigging\",\"potentialAction\":[{\"@type\":\"SearchAction\",\"target\":{\"@type\":\"EntryPoint\",\"urlTemplate\":\"https:\\\/\\\/www.sparcraft.com\\\/fr\\\/?s={search_term_string}\"},\"query-input\":{\"@type\":\"PropertyValueSpecification\",\"valueRequired\":true,\"valueName\":\"search_term_string\"}}],\"inLanguage\":\"fr-FR\"}]}<\/script>\n<!-- \/ Yoast SEO plugin. -->","yoast_head_json":{"title":"FEU ROUTE 9-30V 2MN BLANC MANTAGUA TINY 00086 - Sparcraft","robots":{"index":"index","follow":"follow","max-snippet":"max-snippet:-1","max-image-preview":"max-image-preview:large","max-video-preview":"max-video-preview:-1"},"canonical":"https:\/\/www.sparcraft.com\/fr\/produit\/feu-route-9-30v-2mn-blanc-mantagua-tiny-00086-43011103212\/","og_locale":"fr_FR","og_type":"article","og_title":"FEU ROUTE 9-30V 2MN BLANC MANTAGUA TINY 00086 - Sparcraft","og_description":"Feu de m\u00e2t en face avant Nouvelle gamme de feux LED (les feux halog\u00e8nes restent disponibles sur demande) Feu de route Couleur&nbsp;: blanc Type&nbsp;: s\u00e9rie 25 - TINY Port\u00e9e&nbsp;: 2 milles nautiques Voltage&nbsp;:&nbsp;9-30&nbsp;V","og_url":"https:\/\/www.sparcraft.com\/fr\/produit\/feu-route-9-30v-2mn-blanc-mantagua-tiny-00086-43011103212\/","og_site_name":"Sparcraft","article_modified_time":"2026-04-16T02:03:24+00:00","twitter_card":"summary_large_image","schema":{"@context":"https:\/\/schema.org","@graph":[{"@type":"WebPage","@id":"https:\/\/www.sparcraft.com\/fr\/produit\/feu-route-9-30v-2mn-blanc-mantagua-tiny-00086-43011103212\/","url":"https:\/\/www.sparcraft.com\/fr\/produit\/feu-route-9-30v-2mn-blanc-mantagua-tiny-00086-43011103212\/","name":"FEU ROUTE 9-30V 2MN BLANC MANTAGUA TINY 00086 - Sparcraft","isPartOf":{"@id":"https:\/\/www.sparcraft.com\/fr\/#website"},"datePublished":"2023-06-14T14:34:56+00:00","dateModified":"2026-04-16T02:03:24+00:00","breadcrumb":{"@id":"https:\/\/www.sparcraft.com\/fr\/produit\/feu-route-9-30v-2mn-blanc-mantagua-tiny-00086-43011103212\/#breadcrumb"},"inLanguage":"fr-FR","potentialAction":[{"@type":"ReadAction","target":["https:\/\/www.sparcraft.com\/fr\/produit\/feu-route-9-30v-2mn-blanc-mantagua-tiny-00086-43011103212\/"]}]},{"@type":"BreadcrumbList","@id":"https:\/\/www.sparcraft.com\/fr\/produit\/feu-route-9-30v-2mn-blanc-mantagua-tiny-00086-43011103212\/#breadcrumb","itemListElement":[{"@type":"ListItem","position":1,"name":"Boutique","item":"https:\/\/www.sparcraft.com\/fr\/boutique\/"},{"@type":"ListItem","position":2,"name":"FEU ROUTE 9-30V 2MN BLANC MANTAGUA TINY 00086"}]},{"@type":"WebSite","@id":"https:\/\/www.sparcraft.com\/fr\/#website","url":"https:\/\/www.sparcraft.com\/fr\/","name":"Sparcraft","description":"Mast &amp; Rigging","potentialAction":[{"@type":"SearchAction","target":{"@type":"EntryPoint","urlTemplate":"https:\/\/www.sparcraft.com\/fr\/?s={search_term_string}"},"query-input":{"@type":"PropertyValueSpecification","valueRequired":true,"valueName":"search_term_string"}}],"inLanguage":"fr-FR"}]}},"_links":{"self":[{"href":"https:\/\/www.sparcraft.com\/fr\/wp-json\/wp\/v2\/product\/34153","targetHints":{"allow":["GET"]}}],"collection":[{"href":"https:\/\/www.sparcraft.com\/fr\/wp-json\/wp\/v2\/product"}],"about":[{"href":"https:\/\/www.sparcraft.com\/fr\/wp-json\/wp\/v2\/types\/product"}],"replies":[{"embeddable":true,"href":"https:\/\/www.sparcraft.com\/fr\/wp-json\/wp\/v2\/comments?post=34153"}],"wp:attachment":[{"href":"https:\/\/www.sparcraft.com\/fr\/wp-json\/wp\/v2\/media?parent=34153"}],"wp:term":[{"taxonomy":"product_brand","embeddable":true,"href":"https:\/\/www.sparcraft.com\/fr\/wp-json\/wp\/v2\/product_brand?post=34153"},{"taxonomy":"product_cat","embeddable":true,"href":"https:\/\/www.sparcraft.com\/fr\/wp-json\/wp\/v2\/product_cat?post=34153"},{"taxonomy":"product_tag","embeddable":true,"href":"https:\/\/www.sparcraft.com\/fr\/wp-json\/wp\/v2\/product_tag?post=34153"}],"curies":[{"name":"wp","href":"https:\/\/api.w.org\/{rel}","templated":true}]}}