{"id":34148,"date":"2023-06-14T16:34:52","date_gmt":"2023-06-14T14:34:52","guid":{"rendered":"https:\/\/www.sparcraft.com\/produit\/feu-pont-9-30v-alu-inc-43007103214\/"},"modified":"2026-04-27T04:03:06","modified_gmt":"2026-04-27T02:03:06","slug":"feu-pont-9-30v-alu-inc-43007103214","status":"publish","type":"product","link":"https:\/\/www.sparcraft.com\/fr\/produit\/feu-pont-9-30v-alu-inc-43007103214\/","title":{"rendered":"FEU PONT 9-30V ALU INC"},"content":{"rendered":"<p>  <P>&nbsp;<\/P> <P>&nbsp;<\/P><\/p>\n","protected":false},"excerpt":{"rendered":"<p>  <P><SPAN><SPAN><SPAN>Feu de m\u00e2t en face avant<\/SPAN><\/SPAN><\/SPAN><\/P> <P><SPAN><SPAN><SPAN>Nouvelle gamme de feux LED (les feux halog\u00e8nes restent disponibles sur demande)<\/SPAN><\/SPAN><\/SPAN><\/P> <P><SPAN><SPAN><SPAN>Feu combin\u00e9 de pont<\/SPAN><\/SPAN><\/SPAN><\/P> <P><SPAN><SPAN><SPAN>Couleur&nbsp;: alu anodis\u00e9<\/SPAN><\/SPAN><\/SPAN><\/P> <P><SPAN><SPAN><SPAN>Consomation : <STRONG>4.4 W<\/STRONG><\/SPAN><\/SPAN><\/SPAN><\/P> <P><SPAN><SPAN><SPAN>Puissance lumineuse : <STRONG>370 lumen<\/STRONG><\/SPAN><\/SPAN><\/SPAN><\/P> <P><SPAN><SPAN><SPAN>Voltage&nbsp;:&nbsp;<STRONG>9-30 V<\/STRONG><\/SPAN><\/SPAN><\/SPAN><\/P><\/p>\n","protected":false},"featured_media":0,"comment_status":"open","ping_status":"closed","template":"","meta":[],"product_brand":[],"product_cat":[17],"product_tag":[],"class_list":{"0":"post-34148","1":"product","2":"type-product","3":"status-publish","5":"product_cat-product","7":"first","8":"instock","9":"taxable","10":"shipping-taxable","11":"purchasable","12":"product-type-simple"},"yoast_head":"<!-- This site is optimized with the Yoast SEO plugin v27.4 - https:\/\/yoast.com\/product\/yoast-seo-wordpress\/ -->\n<title>FEU PONT 9-30V ALU INC - Sparcraft<\/title>\n<meta name=\"robots\" content=\"index, follow, max-snippet:-1, max-image-preview:large, max-video-preview:-1\" \/>\n<link rel=\"canonical\" href=\"https:\/\/www.sparcraft.com\/fr\/produit\/feu-pont-9-30v-alu-inc-43007103214\/\" \/>\n<meta property=\"og:locale\" content=\"fr_FR\" \/>\n<meta property=\"og:type\" content=\"article\" \/>\n<meta property=\"og:title\" content=\"FEU PONT 9-30V ALU INC - Sparcraft\" \/>\n<meta property=\"og:description\" content=\"Feu de m\u00e2t en face avant Nouvelle gamme de feux LED (les feux halog\u00e8nes restent disponibles sur demande) Feu combin\u00e9 de pont Couleur&nbsp;: alu anodis\u00e9 Consomation : 4.4 W Puissance lumineuse : 370 lumen Voltage&nbsp;:&nbsp;9-30 V\" \/>\n<meta property=\"og:url\" content=\"https:\/\/www.sparcraft.com\/fr\/produit\/feu-pont-9-30v-alu-inc-43007103214\/\" \/>\n<meta property=\"og:site_name\" content=\"Sparcraft\" \/>\n<meta property=\"article:modified_time\" content=\"2026-04-27T02:03:06+00:00\" \/>\n<meta name=\"twitter:card\" content=\"summary_large_image\" \/>\n<script type=\"application\/ld+json\" class=\"yoast-schema-graph\">{\"@context\":\"https:\\\/\\\/schema.org\",\"@graph\":[{\"@type\":\"WebPage\",\"@id\":\"https:\\\/\\\/www.sparcraft.com\\\/fr\\\/produit\\\/feu-pont-9-30v-alu-inc-43007103214\\\/\",\"url\":\"https:\\\/\\\/www.sparcraft.com\\\/fr\\\/produit\\\/feu-pont-9-30v-alu-inc-43007103214\\\/\",\"name\":\"FEU PONT 9-30V ALU INC - Sparcraft\",\"isPartOf\":{\"@id\":\"https:\\\/\\\/www.sparcraft.com\\\/fr\\\/#website\"},\"datePublished\":\"2023-06-14T14:34:52+00:00\",\"dateModified\":\"2026-04-27T02:03:06+00:00\",\"breadcrumb\":{\"@id\":\"https:\\\/\\\/www.sparcraft.com\\\/fr\\\/produit\\\/feu-pont-9-30v-alu-inc-43007103214\\\/#breadcrumb\"},\"inLanguage\":\"fr-FR\",\"potentialAction\":[{\"@type\":\"ReadAction\",\"target\":[\"https:\\\/\\\/www.sparcraft.com\\\/fr\\\/produit\\\/feu-pont-9-30v-alu-inc-43007103214\\\/\"]}]},{\"@type\":\"BreadcrumbList\",\"@id\":\"https:\\\/\\\/www.sparcraft.com\\\/fr\\\/produit\\\/feu-pont-9-30v-alu-inc-43007103214\\\/#breadcrumb\",\"itemListElement\":[{\"@type\":\"ListItem\",\"position\":1,\"name\":\"Boutique\",\"item\":\"https:\\\/\\\/www.sparcraft.com\\\/fr\\\/boutique\\\/\"},{\"@type\":\"ListItem\",\"position\":2,\"name\":\"FEU PONT 9-30V ALU INC\"}]},{\"@type\":\"WebSite\",\"@id\":\"https:\\\/\\\/www.sparcraft.com\\\/fr\\\/#website\",\"url\":\"https:\\\/\\\/www.sparcraft.com\\\/fr\\\/\",\"name\":\"Sparcraft\",\"description\":\"Mast &amp; Rigging\",\"potentialAction\":[{\"@type\":\"SearchAction\",\"target\":{\"@type\":\"EntryPoint\",\"urlTemplate\":\"https:\\\/\\\/www.sparcraft.com\\\/fr\\\/?s={search_term_string}\"},\"query-input\":{\"@type\":\"PropertyValueSpecification\",\"valueRequired\":true,\"valueName\":\"search_term_string\"}}],\"inLanguage\":\"fr-FR\"}]}<\/script>\n<!-- \/ Yoast SEO plugin. -->","yoast_head_json":{"title":"FEU PONT 9-30V ALU INC - Sparcraft","robots":{"index":"index","follow":"follow","max-snippet":"max-snippet:-1","max-image-preview":"max-image-preview:large","max-video-preview":"max-video-preview:-1"},"canonical":"https:\/\/www.sparcraft.com\/fr\/produit\/feu-pont-9-30v-alu-inc-43007103214\/","og_locale":"fr_FR","og_type":"article","og_title":"FEU PONT 9-30V ALU INC - Sparcraft","og_description":"Feu de m\u00e2t en face avant Nouvelle gamme de feux LED (les feux halog\u00e8nes restent disponibles sur demande) Feu combin\u00e9 de pont Couleur&nbsp;: alu anodis\u00e9 Consomation : 4.4 W Puissance lumineuse : 370 lumen Voltage&nbsp;:&nbsp;9-30 V","og_url":"https:\/\/www.sparcraft.com\/fr\/produit\/feu-pont-9-30v-alu-inc-43007103214\/","og_site_name":"Sparcraft","article_modified_time":"2026-04-27T02:03:06+00:00","twitter_card":"summary_large_image","schema":{"@context":"https:\/\/schema.org","@graph":[{"@type":"WebPage","@id":"https:\/\/www.sparcraft.com\/fr\/produit\/feu-pont-9-30v-alu-inc-43007103214\/","url":"https:\/\/www.sparcraft.com\/fr\/produit\/feu-pont-9-30v-alu-inc-43007103214\/","name":"FEU PONT 9-30V ALU INC - Sparcraft","isPartOf":{"@id":"https:\/\/www.sparcraft.com\/fr\/#website"},"datePublished":"2023-06-14T14:34:52+00:00","dateModified":"2026-04-27T02:03:06+00:00","breadcrumb":{"@id":"https:\/\/www.sparcraft.com\/fr\/produit\/feu-pont-9-30v-alu-inc-43007103214\/#breadcrumb"},"inLanguage":"fr-FR","potentialAction":[{"@type":"ReadAction","target":["https:\/\/www.sparcraft.com\/fr\/produit\/feu-pont-9-30v-alu-inc-43007103214\/"]}]},{"@type":"BreadcrumbList","@id":"https:\/\/www.sparcraft.com\/fr\/produit\/feu-pont-9-30v-alu-inc-43007103214\/#breadcrumb","itemListElement":[{"@type":"ListItem","position":1,"name":"Boutique","item":"https:\/\/www.sparcraft.com\/fr\/boutique\/"},{"@type":"ListItem","position":2,"name":"FEU PONT 9-30V ALU INC"}]},{"@type":"WebSite","@id":"https:\/\/www.sparcraft.com\/fr\/#website","url":"https:\/\/www.sparcraft.com\/fr\/","name":"Sparcraft","description":"Mast &amp; Rigging","potentialAction":[{"@type":"SearchAction","target":{"@type":"EntryPoint","urlTemplate":"https:\/\/www.sparcraft.com\/fr\/?s={search_term_string}"},"query-input":{"@type":"PropertyValueSpecification","valueRequired":true,"valueName":"search_term_string"}}],"inLanguage":"fr-FR"}]}},"_links":{"self":[{"href":"https:\/\/www.sparcraft.com\/fr\/wp-json\/wp\/v2\/product\/34148","targetHints":{"allow":["GET"]}}],"collection":[{"href":"https:\/\/www.sparcraft.com\/fr\/wp-json\/wp\/v2\/product"}],"about":[{"href":"https:\/\/www.sparcraft.com\/fr\/wp-json\/wp\/v2\/types\/product"}],"replies":[{"embeddable":true,"href":"https:\/\/www.sparcraft.com\/fr\/wp-json\/wp\/v2\/comments?post=34148"}],"wp:attachment":[{"href":"https:\/\/www.sparcraft.com\/fr\/wp-json\/wp\/v2\/media?parent=34148"}],"wp:term":[{"taxonomy":"product_brand","embeddable":true,"href":"https:\/\/www.sparcraft.com\/fr\/wp-json\/wp\/v2\/product_brand?post=34148"},{"taxonomy":"product_cat","embeddable":true,"href":"https:\/\/www.sparcraft.com\/fr\/wp-json\/wp\/v2\/product_cat?post=34148"},{"taxonomy":"product_tag","embeddable":true,"href":"https:\/\/www.sparcraft.com\/fr\/wp-json\/wp\/v2\/product_tag?post=34148"}],"curies":[{"name":"wp","href":"https:\/\/api.w.org\/{rel}","templated":true}]}}