{"id":34126,"date":"2023-06-14T16:34:33","date_gmt":"2023-06-14T14:34:33","guid":{"rendered":"https:\/\/www.sparcraft.com\/produit\/axe-inox-filete-2ext-14x167-poli-f810-f1700-40020514167\/"},"modified":"2026-04-16T04:03:10","modified_gmt":"2026-04-16T02:03:10","slug":"axe-inox-filete-aux-deux-extremites-14x167-poli-f810-f1700-40020514167","status":"publish","type":"product","link":"https:\/\/www.sparcraft.com\/fr\/produit\/axe-inox-filete-aux-deux-extremites-14x167-poli-f810-f1700-40020514167\/","title":{"rendered":"AXE INOX FILETE AUX DEUX EXTREMITES 14X167 POLI F810\/F1700"},"content":{"rendered":"<p>  <P><SPAN><SPAN><SPAN>&#8211;&nbsp;Associ\u00e9 au&nbsp;capelage simple <\/SPAN><\/SPAN><SPAN><A href=\"http:\/\/www.sparcraft.fr\/sku\/31003005125\">31003005125<\/A><\/SPAN><SPAN><SPAN>&nbsp;pour profil S180<\/SPAN><\/SPAN><\/SPAN><\/P> <P><SPAN><SPAN><SPAN>&#8211; Associ\u00e9 au&nbsp;capelage double <\/SPAN><\/SPAN><SPAN><A href=\"http:\/\/www.sparcraft.fr\/sku\/31003006125\">31003006125<\/A><\/SPAN><SPAN><SPAN>&nbsp;pour profil S180<\/SPAN><\/SPAN><\/SPAN><\/P><\/p>\n","protected":false},"excerpt":{"rendered":"<p>  <P><SPAN><SPAN><SPAN>Axe inox filet\u00e9&nbsp;aux deux extr\u00e9mit\u00e9s<\/SPAN><\/SPAN><\/SPAN><\/P> <P><STRONG><SPAN><SPAN><SPAN>\u00d814 mm&nbsp;<\/SPAN><\/SPAN><\/SPAN><\/STRONG><\/P> <P><SPAN><SPAN><SPAN>Longueur&nbsp;:<STRONG>167mm<\/STRONG><\/SPAN><\/SPAN><\/SPAN><\/P><\/p>\n","protected":false},"featured_media":0,"comment_status":"open","ping_status":"closed","template":"","meta":[],"product_brand":[],"product_cat":[17],"product_tag":[],"class_list":{"0":"post-34126","1":"product","2":"type-product","3":"status-publish","5":"product_cat-product","7":"first","8":"instock","9":"taxable","10":"shipping-taxable","11":"purchasable","12":"product-type-simple"},"yoast_head":"<!-- This site is optimized with the Yoast SEO plugin v27.4 - https:\/\/yoast.com\/product\/yoast-seo-wordpress\/ -->\n<title>AXE INOX FILETE AUX DEUX EXTREMITES 14X167 POLI F810\/F1700 - Sparcraft<\/title>\n<meta name=\"robots\" content=\"index, follow, max-snippet:-1, max-image-preview:large, max-video-preview:-1\" \/>\n<link rel=\"canonical\" href=\"https:\/\/www.sparcraft.com\/fr\/produit\/axe-inox-filete-aux-deux-extremites-14x167-poli-f810-f1700-40020514167\/\" \/>\n<meta property=\"og:locale\" content=\"fr_FR\" \/>\n<meta property=\"og:type\" content=\"article\" \/>\n<meta property=\"og:title\" content=\"AXE INOX FILETE AUX DEUX EXTREMITES 14X167 POLI F810\/F1700 - Sparcraft\" \/>\n<meta property=\"og:description\" content=\"Axe inox filet\u00e9&nbsp;aux deux extr\u00e9mit\u00e9s \u00d814 mm&nbsp; Longueur&nbsp;:167mm\" \/>\n<meta property=\"og:url\" content=\"https:\/\/www.sparcraft.com\/fr\/produit\/axe-inox-filete-aux-deux-extremites-14x167-poli-f810-f1700-40020514167\/\" \/>\n<meta property=\"og:site_name\" content=\"Sparcraft\" \/>\n<meta property=\"article:modified_time\" content=\"2026-04-16T02:03:10+00:00\" \/>\n<meta name=\"twitter:card\" content=\"summary_large_image\" \/>\n<script type=\"application\/ld+json\" class=\"yoast-schema-graph\">{\"@context\":\"https:\\\/\\\/schema.org\",\"@graph\":[{\"@type\":\"WebPage\",\"@id\":\"https:\\\/\\\/www.sparcraft.com\\\/fr\\\/produit\\\/axe-inox-filete-aux-deux-extremites-14x167-poli-f810-f1700-40020514167\\\/\",\"url\":\"https:\\\/\\\/www.sparcraft.com\\\/fr\\\/produit\\\/axe-inox-filete-aux-deux-extremites-14x167-poli-f810-f1700-40020514167\\\/\",\"name\":\"AXE INOX FILETE AUX DEUX EXTREMITES 14X167 POLI F810\\\/F1700 - Sparcraft\",\"isPartOf\":{\"@id\":\"https:\\\/\\\/www.sparcraft.com\\\/fr\\\/#website\"},\"datePublished\":\"2023-06-14T14:34:33+00:00\",\"dateModified\":\"2026-04-16T02:03:10+00:00\",\"breadcrumb\":{\"@id\":\"https:\\\/\\\/www.sparcraft.com\\\/fr\\\/produit\\\/axe-inox-filete-aux-deux-extremites-14x167-poli-f810-f1700-40020514167\\\/#breadcrumb\"},\"inLanguage\":\"fr-FR\",\"potentialAction\":[{\"@type\":\"ReadAction\",\"target\":[\"https:\\\/\\\/www.sparcraft.com\\\/fr\\\/produit\\\/axe-inox-filete-aux-deux-extremites-14x167-poli-f810-f1700-40020514167\\\/\"]}]},{\"@type\":\"BreadcrumbList\",\"@id\":\"https:\\\/\\\/www.sparcraft.com\\\/fr\\\/produit\\\/axe-inox-filete-aux-deux-extremites-14x167-poli-f810-f1700-40020514167\\\/#breadcrumb\",\"itemListElement\":[{\"@type\":\"ListItem\",\"position\":1,\"name\":\"Boutique\",\"item\":\"https:\\\/\\\/www.sparcraft.com\\\/fr\\\/boutique\\\/\"},{\"@type\":\"ListItem\",\"position\":2,\"name\":\"AXE INOX FILETE AUX DEUX EXTREMITES 14X167 POLI F810\\\/F1700\"}]},{\"@type\":\"WebSite\",\"@id\":\"https:\\\/\\\/www.sparcraft.com\\\/fr\\\/#website\",\"url\":\"https:\\\/\\\/www.sparcraft.com\\\/fr\\\/\",\"name\":\"Sparcraft\",\"description\":\"Mast &amp; Rigging\",\"potentialAction\":[{\"@type\":\"SearchAction\",\"target\":{\"@type\":\"EntryPoint\",\"urlTemplate\":\"https:\\\/\\\/www.sparcraft.com\\\/fr\\\/?s={search_term_string}\"},\"query-input\":{\"@type\":\"PropertyValueSpecification\",\"valueRequired\":true,\"valueName\":\"search_term_string\"}}],\"inLanguage\":\"fr-FR\"}]}<\/script>\n<!-- \/ Yoast SEO plugin. -->","yoast_head_json":{"title":"AXE INOX FILETE AUX DEUX EXTREMITES 14X167 POLI F810\/F1700 - Sparcraft","robots":{"index":"index","follow":"follow","max-snippet":"max-snippet:-1","max-image-preview":"max-image-preview:large","max-video-preview":"max-video-preview:-1"},"canonical":"https:\/\/www.sparcraft.com\/fr\/produit\/axe-inox-filete-aux-deux-extremites-14x167-poli-f810-f1700-40020514167\/","og_locale":"fr_FR","og_type":"article","og_title":"AXE INOX FILETE AUX DEUX EXTREMITES 14X167 POLI F810\/F1700 - Sparcraft","og_description":"Axe inox filet\u00e9&nbsp;aux deux extr\u00e9mit\u00e9s \u00d814 mm&nbsp; Longueur&nbsp;:167mm","og_url":"https:\/\/www.sparcraft.com\/fr\/produit\/axe-inox-filete-aux-deux-extremites-14x167-poli-f810-f1700-40020514167\/","og_site_name":"Sparcraft","article_modified_time":"2026-04-16T02:03:10+00:00","twitter_card":"summary_large_image","schema":{"@context":"https:\/\/schema.org","@graph":[{"@type":"WebPage","@id":"https:\/\/www.sparcraft.com\/fr\/produit\/axe-inox-filete-aux-deux-extremites-14x167-poli-f810-f1700-40020514167\/","url":"https:\/\/www.sparcraft.com\/fr\/produit\/axe-inox-filete-aux-deux-extremites-14x167-poli-f810-f1700-40020514167\/","name":"AXE INOX FILETE AUX DEUX EXTREMITES 14X167 POLI F810\/F1700 - Sparcraft","isPartOf":{"@id":"https:\/\/www.sparcraft.com\/fr\/#website"},"datePublished":"2023-06-14T14:34:33+00:00","dateModified":"2026-04-16T02:03:10+00:00","breadcrumb":{"@id":"https:\/\/www.sparcraft.com\/fr\/produit\/axe-inox-filete-aux-deux-extremites-14x167-poli-f810-f1700-40020514167\/#breadcrumb"},"inLanguage":"fr-FR","potentialAction":[{"@type":"ReadAction","target":["https:\/\/www.sparcraft.com\/fr\/produit\/axe-inox-filete-aux-deux-extremites-14x167-poli-f810-f1700-40020514167\/"]}]},{"@type":"BreadcrumbList","@id":"https:\/\/www.sparcraft.com\/fr\/produit\/axe-inox-filete-aux-deux-extremites-14x167-poli-f810-f1700-40020514167\/#breadcrumb","itemListElement":[{"@type":"ListItem","position":1,"name":"Boutique","item":"https:\/\/www.sparcraft.com\/fr\/boutique\/"},{"@type":"ListItem","position":2,"name":"AXE INOX FILETE AUX DEUX EXTREMITES 14X167 POLI F810\/F1700"}]},{"@type":"WebSite","@id":"https:\/\/www.sparcraft.com\/fr\/#website","url":"https:\/\/www.sparcraft.com\/fr\/","name":"Sparcraft","description":"Mast &amp; Rigging","potentialAction":[{"@type":"SearchAction","target":{"@type":"EntryPoint","urlTemplate":"https:\/\/www.sparcraft.com\/fr\/?s={search_term_string}"},"query-input":{"@type":"PropertyValueSpecification","valueRequired":true,"valueName":"search_term_string"}}],"inLanguage":"fr-FR"}]}},"_links":{"self":[{"href":"https:\/\/www.sparcraft.com\/fr\/wp-json\/wp\/v2\/product\/34126","targetHints":{"allow":["GET"]}}],"collection":[{"href":"https:\/\/www.sparcraft.com\/fr\/wp-json\/wp\/v2\/product"}],"about":[{"href":"https:\/\/www.sparcraft.com\/fr\/wp-json\/wp\/v2\/types\/product"}],"replies":[{"embeddable":true,"href":"https:\/\/www.sparcraft.com\/fr\/wp-json\/wp\/v2\/comments?post=34126"}],"wp:attachment":[{"href":"https:\/\/www.sparcraft.com\/fr\/wp-json\/wp\/v2\/media?parent=34126"}],"wp:term":[{"taxonomy":"product_brand","embeddable":true,"href":"https:\/\/www.sparcraft.com\/fr\/wp-json\/wp\/v2\/product_brand?post=34126"},{"taxonomy":"product_cat","embeddable":true,"href":"https:\/\/www.sparcraft.com\/fr\/wp-json\/wp\/v2\/product_cat?post=34126"},{"taxonomy":"product_tag","embeddable":true,"href":"https:\/\/www.sparcraft.com\/fr\/wp-json\/wp\/v2\/product_tag?post=34126"}],"curies":[{"name":"wp","href":"https:\/\/api.w.org\/{rel}","templated":true}]}}