{"id":34111,"date":"2023-06-14T16:34:25","date_gmt":"2023-06-14T14:34:25","guid":{"rendered":"https:\/\/www.sparcraft.com\/produit\/axe-inox-epaule-12x27-poli-40020212027\/"},"modified":"2026-04-15T04:02:59","modified_gmt":"2026-04-15T02:02:59","slug":"axe-inox-epaule-12x27-poli-40020212027","status":"publish","type":"product","link":"https:\/\/www.sparcraft.com\/fr\/produit\/axe-inox-epaule-12x27-poli-40020212027\/","title":{"rendered":"AXE INOX EPAULE 12X27 POLI"},"content":{"rendered":"<p>  <P><SPAN><SPAN><SPAN>&#8211;&nbsp;Pour emplanture r\u00e9f\u00e9rence <\/SPAN><\/SPAN><\/SPAN><A href=\"http:\/\/www.sparcraft.fr\/sku\/36031501373\"><SPAN><SPAN><SPAN>36031501373<\/SPAN><\/SPAN><\/SPAN><\/A>&nbsp;(<SPAN><SPAN><SPAN>quantit\u00e9 maximum 10 par emplanture)<\/SPAN><\/SPAN><\/SPAN><\/P><\/p>\n","protected":false},"excerpt":{"rendered":"<p>  <P><SPAN>Axe inox \u00e9paule<\/SPAN><\/P> <P><SPAN><SPAN><SPAN>Mat\u00e9riau : inox poli<\/SPAN><\/SPAN><\/SPAN><\/P> <P><SPAN><SPAN><SPAN>Diam\u00e8tre (axe x longueur)&nbsp;:<STRONG> \u00d8 12 x 27 mm<\/STRONG><\/SPAN><\/SPAN><\/SPAN><\/P> <P><SPAN><SPAN><SPAN>T\u00eate large<\/SPAN><\/SPAN><\/SPAN><\/P> <P>&nbsp;<\/P><\/p>\n","protected":false},"featured_media":0,"comment_status":"open","ping_status":"closed","template":"","meta":[],"product_brand":[],"product_cat":[17],"product_tag":[],"class_list":{"0":"post-34111","1":"product","2":"type-product","3":"status-publish","5":"product_cat-product","7":"first","8":"instock","9":"taxable","10":"shipping-taxable","11":"purchasable","12":"product-type-simple"},"yoast_head":"<!-- This site is optimized with the Yoast SEO plugin v27.4 - https:\/\/yoast.com\/product\/yoast-seo-wordpress\/ -->\n<title>AXE INOX EPAULE 12X27 POLI - Sparcraft<\/title>\n<meta name=\"robots\" content=\"index, follow, max-snippet:-1, max-image-preview:large, max-video-preview:-1\" \/>\n<link rel=\"canonical\" href=\"https:\/\/www.sparcraft.com\/fr\/produit\/axe-inox-epaule-12x27-poli-40020212027\/\" \/>\n<meta property=\"og:locale\" content=\"fr_FR\" \/>\n<meta property=\"og:type\" content=\"article\" \/>\n<meta property=\"og:title\" content=\"AXE INOX EPAULE 12X27 POLI - Sparcraft\" \/>\n<meta property=\"og:description\" content=\"Axe inox \u00e9paule Mat\u00e9riau : inox poli Diam\u00e8tre (axe x longueur)&nbsp;: \u00d8 12 x 27 mm T\u00eate large &nbsp;\" \/>\n<meta property=\"og:url\" content=\"https:\/\/www.sparcraft.com\/fr\/produit\/axe-inox-epaule-12x27-poli-40020212027\/\" \/>\n<meta property=\"og:site_name\" content=\"Sparcraft\" \/>\n<meta property=\"article:modified_time\" content=\"2026-04-15T02:02:59+00:00\" \/>\n<meta name=\"twitter:card\" content=\"summary_large_image\" \/>\n<script type=\"application\/ld+json\" class=\"yoast-schema-graph\">{\"@context\":\"https:\\\/\\\/schema.org\",\"@graph\":[{\"@type\":\"WebPage\",\"@id\":\"https:\\\/\\\/www.sparcraft.com\\\/fr\\\/produit\\\/axe-inox-epaule-12x27-poli-40020212027\\\/\",\"url\":\"https:\\\/\\\/www.sparcraft.com\\\/fr\\\/produit\\\/axe-inox-epaule-12x27-poli-40020212027\\\/\",\"name\":\"AXE INOX EPAULE 12X27 POLI - Sparcraft\",\"isPartOf\":{\"@id\":\"https:\\\/\\\/www.sparcraft.com\\\/fr\\\/#website\"},\"datePublished\":\"2023-06-14T14:34:25+00:00\",\"dateModified\":\"2026-04-15T02:02:59+00:00\",\"breadcrumb\":{\"@id\":\"https:\\\/\\\/www.sparcraft.com\\\/fr\\\/produit\\\/axe-inox-epaule-12x27-poli-40020212027\\\/#breadcrumb\"},\"inLanguage\":\"fr-FR\",\"potentialAction\":[{\"@type\":\"ReadAction\",\"target\":[\"https:\\\/\\\/www.sparcraft.com\\\/fr\\\/produit\\\/axe-inox-epaule-12x27-poli-40020212027\\\/\"]}]},{\"@type\":\"BreadcrumbList\",\"@id\":\"https:\\\/\\\/www.sparcraft.com\\\/fr\\\/produit\\\/axe-inox-epaule-12x27-poli-40020212027\\\/#breadcrumb\",\"itemListElement\":[{\"@type\":\"ListItem\",\"position\":1,\"name\":\"Boutique\",\"item\":\"https:\\\/\\\/www.sparcraft.com\\\/fr\\\/boutique\\\/\"},{\"@type\":\"ListItem\",\"position\":2,\"name\":\"AXE INOX EPAULE 12X27 POLI\"}]},{\"@type\":\"WebSite\",\"@id\":\"https:\\\/\\\/www.sparcraft.com\\\/fr\\\/#website\",\"url\":\"https:\\\/\\\/www.sparcraft.com\\\/fr\\\/\",\"name\":\"Sparcraft\",\"description\":\"Mast &amp; Rigging\",\"potentialAction\":[{\"@type\":\"SearchAction\",\"target\":{\"@type\":\"EntryPoint\",\"urlTemplate\":\"https:\\\/\\\/www.sparcraft.com\\\/fr\\\/?s={search_term_string}\"},\"query-input\":{\"@type\":\"PropertyValueSpecification\",\"valueRequired\":true,\"valueName\":\"search_term_string\"}}],\"inLanguage\":\"fr-FR\"}]}<\/script>\n<!-- \/ Yoast SEO plugin. -->","yoast_head_json":{"title":"AXE INOX EPAULE 12X27 POLI - Sparcraft","robots":{"index":"index","follow":"follow","max-snippet":"max-snippet:-1","max-image-preview":"max-image-preview:large","max-video-preview":"max-video-preview:-1"},"canonical":"https:\/\/www.sparcraft.com\/fr\/produit\/axe-inox-epaule-12x27-poli-40020212027\/","og_locale":"fr_FR","og_type":"article","og_title":"AXE INOX EPAULE 12X27 POLI - Sparcraft","og_description":"Axe inox \u00e9paule Mat\u00e9riau : inox poli Diam\u00e8tre (axe x longueur)&nbsp;: \u00d8 12 x 27 mm T\u00eate large &nbsp;","og_url":"https:\/\/www.sparcraft.com\/fr\/produit\/axe-inox-epaule-12x27-poli-40020212027\/","og_site_name":"Sparcraft","article_modified_time":"2026-04-15T02:02:59+00:00","twitter_card":"summary_large_image","schema":{"@context":"https:\/\/schema.org","@graph":[{"@type":"WebPage","@id":"https:\/\/www.sparcraft.com\/fr\/produit\/axe-inox-epaule-12x27-poli-40020212027\/","url":"https:\/\/www.sparcraft.com\/fr\/produit\/axe-inox-epaule-12x27-poli-40020212027\/","name":"AXE INOX EPAULE 12X27 POLI - Sparcraft","isPartOf":{"@id":"https:\/\/www.sparcraft.com\/fr\/#website"},"datePublished":"2023-06-14T14:34:25+00:00","dateModified":"2026-04-15T02:02:59+00:00","breadcrumb":{"@id":"https:\/\/www.sparcraft.com\/fr\/produit\/axe-inox-epaule-12x27-poli-40020212027\/#breadcrumb"},"inLanguage":"fr-FR","potentialAction":[{"@type":"ReadAction","target":["https:\/\/www.sparcraft.com\/fr\/produit\/axe-inox-epaule-12x27-poli-40020212027\/"]}]},{"@type":"BreadcrumbList","@id":"https:\/\/www.sparcraft.com\/fr\/produit\/axe-inox-epaule-12x27-poli-40020212027\/#breadcrumb","itemListElement":[{"@type":"ListItem","position":1,"name":"Boutique","item":"https:\/\/www.sparcraft.com\/fr\/boutique\/"},{"@type":"ListItem","position":2,"name":"AXE INOX EPAULE 12X27 POLI"}]},{"@type":"WebSite","@id":"https:\/\/www.sparcraft.com\/fr\/#website","url":"https:\/\/www.sparcraft.com\/fr\/","name":"Sparcraft","description":"Mast &amp; Rigging","potentialAction":[{"@type":"SearchAction","target":{"@type":"EntryPoint","urlTemplate":"https:\/\/www.sparcraft.com\/fr\/?s={search_term_string}"},"query-input":{"@type":"PropertyValueSpecification","valueRequired":true,"valueName":"search_term_string"}}],"inLanguage":"fr-FR"}]}},"_links":{"self":[{"href":"https:\/\/www.sparcraft.com\/fr\/wp-json\/wp\/v2\/product\/34111","targetHints":{"allow":["GET"]}}],"collection":[{"href":"https:\/\/www.sparcraft.com\/fr\/wp-json\/wp\/v2\/product"}],"about":[{"href":"https:\/\/www.sparcraft.com\/fr\/wp-json\/wp\/v2\/types\/product"}],"replies":[{"embeddable":true,"href":"https:\/\/www.sparcraft.com\/fr\/wp-json\/wp\/v2\/comments?post=34111"}],"wp:attachment":[{"href":"https:\/\/www.sparcraft.com\/fr\/wp-json\/wp\/v2\/media?parent=34111"}],"wp:term":[{"taxonomy":"product_brand","embeddable":true,"href":"https:\/\/www.sparcraft.com\/fr\/wp-json\/wp\/v2\/product_brand?post=34111"},{"taxonomy":"product_cat","embeddable":true,"href":"https:\/\/www.sparcraft.com\/fr\/wp-json\/wp\/v2\/product_cat?post=34111"},{"taxonomy":"product_tag","embeddable":true,"href":"https:\/\/www.sparcraft.com\/fr\/wp-json\/wp\/v2\/product_tag?post=34111"}],"curies":[{"name":"wp","href":"https:\/\/api.w.org\/{rel}","templated":true}]}}