{"id":34055,"date":"2023-06-14T16:33:52","date_gmt":"2023-06-14T14:33:52","guid":{"rendered":"https:\/\/www.sparcraft.com\/produit\/collerette-d-etambrai-s137-s180-s260-ano-36061400283\/"},"modified":"2026-04-16T04:02:34","modified_gmt":"2026-04-16T02:02:34","slug":"collerette-d-etambrai-s137-s180-s260-ano-36061400283","status":"publish","type":"product","link":"https:\/\/www.sparcraft.com\/fr\/produit\/collerette-d-etambrai-s137-s180-s260-ano-36061400283\/","title":{"rendered":"COLLERETTE D&rsquo;ETAMBRAI S137-S180-S260 ANO"},"content":{"rendered":"<p>  <P>&#8211; Pour pontet r\u00e9f\u00e9rence <A href=\"http:\/\/www.sparcraft.fr\/sku\/47549000084\">47549000084<\/A><\/P> <P>&#8211; Avec max 12 axes r\u00e9f\u00e9rence <A href=\"http:\/\/www.sparcraft.fr\/sku\/40020212034\">40020212034<\/A><\/P> <P>&#8211;&nbsp;Pour cale&nbsp;(seulement pour S180) r\u00e9f\u00e9rence <A href=\"http:\/\/www.sparcraft.fr\/sku\/36072000180\"><SPAN>36072000180<\/SPAN><\/A>&nbsp;et bride (seulement pour&nbsp;S180) r\u00e9f\u00e9rence <A href=\"http:\/\/www.sparcraft.fr\/sku\/36075101803\"><SPAN>36075101803<\/SPAN><\/A><\/P> <P>&#8211;&nbsp;Pour cale&nbsp;(seulement pour&nbsp;S260) r\u00e9f\u00e9rence <A href=\"http:\/\/www.sparcraft.fr\/sku\/3607200260\"><SPAN>36072000260<\/SPAN><\/A>&nbsp;et bride (seulement pour&nbsp;S260) r\u00e9f\u00e9rence <A href=\"http:\/\/www.sparcraft.fr\/sku\/36075102603\"><SPAN>36075102603<\/SPAN><\/A><\/P> <P>&#8211; Pour jeu plantines inox r\u00e9f\u00e9rence <A href=\"http:\/\/www.sparcraft.fr\/sku\/36063402605\">36063402605<\/A>&nbsp;et <A href=\"http:\/\/www.sparcraft.fr\/sku\/36063201805\">36063201805<\/A> (collerette compl\u00e8te avec jeu platines inox r\u00e9f\u00e9rence <A href=\"http:\/\/www.sparcraft.fr\/sku\/36060400283\">36060400283<\/A> )<\/P><\/p>\n","protected":false},"excerpt":{"rendered":"<p>  <P>Collerettes \u00e0 axes<\/P> <P>Dimensions (AxB) : <STRONG>278 x 240 mm<\/STRONG><\/P> <P>Anodis\u00e9<\/P><\/p>\n","protected":false},"featured_media":0,"comment_status":"open","ping_status":"closed","template":"","meta":[],"product_brand":[],"product_cat":[17],"product_tag":[],"class_list":{"0":"post-34055","1":"product","2":"type-product","3":"status-publish","5":"product_cat-product","7":"first","8":"instock","9":"taxable","10":"shipping-taxable","11":"purchasable","12":"product-type-simple"},"yoast_head":"<!-- This site is optimized with the Yoast SEO plugin v27.4 - https:\/\/yoast.com\/product\/yoast-seo-wordpress\/ -->\n<title>COLLERETTE D&#039;ETAMBRAI S137-S180-S260 ANO - Sparcraft<\/title>\n<meta name=\"robots\" content=\"index, follow, max-snippet:-1, max-image-preview:large, max-video-preview:-1\" \/>\n<link rel=\"canonical\" href=\"https:\/\/www.sparcraft.com\/fr\/produit\/collerette-d-etambrai-s137-s180-s260-ano-36061400283\/\" \/>\n<meta property=\"og:locale\" content=\"fr_FR\" \/>\n<meta property=\"og:type\" content=\"article\" \/>\n<meta property=\"og:title\" content=\"COLLERETTE D&#039;ETAMBRAI S137-S180-S260 ANO - Sparcraft\" \/>\n<meta property=\"og:description\" content=\"Collerettes \u00e0 axes Dimensions (AxB) : 278 x 240 mm Anodis\u00e9\" \/>\n<meta property=\"og:url\" content=\"https:\/\/www.sparcraft.com\/fr\/produit\/collerette-d-etambrai-s137-s180-s260-ano-36061400283\/\" \/>\n<meta property=\"og:site_name\" content=\"Sparcraft\" \/>\n<meta property=\"article:modified_time\" content=\"2026-04-16T02:02:34+00:00\" \/>\n<meta name=\"twitter:card\" content=\"summary_large_image\" \/>\n<script type=\"application\/ld+json\" class=\"yoast-schema-graph\">{\"@context\":\"https:\\\/\\\/schema.org\",\"@graph\":[{\"@type\":\"WebPage\",\"@id\":\"https:\\\/\\\/www.sparcraft.com\\\/fr\\\/produit\\\/collerette-d-etambrai-s137-s180-s260-ano-36061400283\\\/\",\"url\":\"https:\\\/\\\/www.sparcraft.com\\\/fr\\\/produit\\\/collerette-d-etambrai-s137-s180-s260-ano-36061400283\\\/\",\"name\":\"COLLERETTE D'ETAMBRAI S137-S180-S260 ANO - Sparcraft\",\"isPartOf\":{\"@id\":\"https:\\\/\\\/www.sparcraft.com\\\/fr\\\/#website\"},\"datePublished\":\"2023-06-14T14:33:52+00:00\",\"dateModified\":\"2026-04-16T02:02:34+00:00\",\"breadcrumb\":{\"@id\":\"https:\\\/\\\/www.sparcraft.com\\\/fr\\\/produit\\\/collerette-d-etambrai-s137-s180-s260-ano-36061400283\\\/#breadcrumb\"},\"inLanguage\":\"fr-FR\",\"potentialAction\":[{\"@type\":\"ReadAction\",\"target\":[\"https:\\\/\\\/www.sparcraft.com\\\/fr\\\/produit\\\/collerette-d-etambrai-s137-s180-s260-ano-36061400283\\\/\"]}]},{\"@type\":\"BreadcrumbList\",\"@id\":\"https:\\\/\\\/www.sparcraft.com\\\/fr\\\/produit\\\/collerette-d-etambrai-s137-s180-s260-ano-36061400283\\\/#breadcrumb\",\"itemListElement\":[{\"@type\":\"ListItem\",\"position\":1,\"name\":\"Boutique\",\"item\":\"https:\\\/\\\/www.sparcraft.com\\\/fr\\\/boutique\\\/\"},{\"@type\":\"ListItem\",\"position\":2,\"name\":\"COLLERETTE D&rsquo;ETAMBRAI S137-S180-S260 ANO\"}]},{\"@type\":\"WebSite\",\"@id\":\"https:\\\/\\\/www.sparcraft.com\\\/fr\\\/#website\",\"url\":\"https:\\\/\\\/www.sparcraft.com\\\/fr\\\/\",\"name\":\"Sparcraft\",\"description\":\"Mast &amp; Rigging\",\"potentialAction\":[{\"@type\":\"SearchAction\",\"target\":{\"@type\":\"EntryPoint\",\"urlTemplate\":\"https:\\\/\\\/www.sparcraft.com\\\/fr\\\/?s={search_term_string}\"},\"query-input\":{\"@type\":\"PropertyValueSpecification\",\"valueRequired\":true,\"valueName\":\"search_term_string\"}}],\"inLanguage\":\"fr-FR\"}]}<\/script>\n<!-- \/ Yoast SEO plugin. -->","yoast_head_json":{"title":"COLLERETTE D'ETAMBRAI S137-S180-S260 ANO - Sparcraft","robots":{"index":"index","follow":"follow","max-snippet":"max-snippet:-1","max-image-preview":"max-image-preview:large","max-video-preview":"max-video-preview:-1"},"canonical":"https:\/\/www.sparcraft.com\/fr\/produit\/collerette-d-etambrai-s137-s180-s260-ano-36061400283\/","og_locale":"fr_FR","og_type":"article","og_title":"COLLERETTE D'ETAMBRAI S137-S180-S260 ANO - Sparcraft","og_description":"Collerettes \u00e0 axes Dimensions (AxB) : 278 x 240 mm Anodis\u00e9","og_url":"https:\/\/www.sparcraft.com\/fr\/produit\/collerette-d-etambrai-s137-s180-s260-ano-36061400283\/","og_site_name":"Sparcraft","article_modified_time":"2026-04-16T02:02:34+00:00","twitter_card":"summary_large_image","schema":{"@context":"https:\/\/schema.org","@graph":[{"@type":"WebPage","@id":"https:\/\/www.sparcraft.com\/fr\/produit\/collerette-d-etambrai-s137-s180-s260-ano-36061400283\/","url":"https:\/\/www.sparcraft.com\/fr\/produit\/collerette-d-etambrai-s137-s180-s260-ano-36061400283\/","name":"COLLERETTE D'ETAMBRAI S137-S180-S260 ANO - Sparcraft","isPartOf":{"@id":"https:\/\/www.sparcraft.com\/fr\/#website"},"datePublished":"2023-06-14T14:33:52+00:00","dateModified":"2026-04-16T02:02:34+00:00","breadcrumb":{"@id":"https:\/\/www.sparcraft.com\/fr\/produit\/collerette-d-etambrai-s137-s180-s260-ano-36061400283\/#breadcrumb"},"inLanguage":"fr-FR","potentialAction":[{"@type":"ReadAction","target":["https:\/\/www.sparcraft.com\/fr\/produit\/collerette-d-etambrai-s137-s180-s260-ano-36061400283\/"]}]},{"@type":"BreadcrumbList","@id":"https:\/\/www.sparcraft.com\/fr\/produit\/collerette-d-etambrai-s137-s180-s260-ano-36061400283\/#breadcrumb","itemListElement":[{"@type":"ListItem","position":1,"name":"Boutique","item":"https:\/\/www.sparcraft.com\/fr\/boutique\/"},{"@type":"ListItem","position":2,"name":"COLLERETTE D&rsquo;ETAMBRAI S137-S180-S260 ANO"}]},{"@type":"WebSite","@id":"https:\/\/www.sparcraft.com\/fr\/#website","url":"https:\/\/www.sparcraft.com\/fr\/","name":"Sparcraft","description":"Mast &amp; Rigging","potentialAction":[{"@type":"SearchAction","target":{"@type":"EntryPoint","urlTemplate":"https:\/\/www.sparcraft.com\/fr\/?s={search_term_string}"},"query-input":{"@type":"PropertyValueSpecification","valueRequired":true,"valueName":"search_term_string"}}],"inLanguage":"fr-FR"}]}},"_links":{"self":[{"href":"https:\/\/www.sparcraft.com\/fr\/wp-json\/wp\/v2\/product\/34055","targetHints":{"allow":["GET"]}}],"collection":[{"href":"https:\/\/www.sparcraft.com\/fr\/wp-json\/wp\/v2\/product"}],"about":[{"href":"https:\/\/www.sparcraft.com\/fr\/wp-json\/wp\/v2\/types\/product"}],"replies":[{"embeddable":true,"href":"https:\/\/www.sparcraft.com\/fr\/wp-json\/wp\/v2\/comments?post=34055"}],"wp:attachment":[{"href":"https:\/\/www.sparcraft.com\/fr\/wp-json\/wp\/v2\/media?parent=34055"}],"wp:term":[{"taxonomy":"product_brand","embeddable":true,"href":"https:\/\/www.sparcraft.com\/fr\/wp-json\/wp\/v2\/product_brand?post=34055"},{"taxonomy":"product_cat","embeddable":true,"href":"https:\/\/www.sparcraft.com\/fr\/wp-json\/wp\/v2\/product_cat?post=34055"},{"taxonomy":"product_tag","embeddable":true,"href":"https:\/\/www.sparcraft.com\/fr\/wp-json\/wp\/v2\/product_tag?post=34055"}],"curies":[{"name":"wp","href":"https:\/\/api.w.org\/{rel}","templated":true}]}}