{"id":34044,"date":"2023-06-14T16:33:46","date_gmt":"2023-06-14T14:33:46","guid":{"rendered":"https:\/\/www.sparcraft.com\/produit\/emplanture-a-plot-s1395-s1410e-s1630-s1980e-s2100-ano-36054513953\/"},"modified":"2026-04-15T04:02:26","modified_gmt":"2026-04-15T02:02:26","slug":"emplanture-a-plot-s1395-s1410e-s1630-s1980e-s2100-ano-36054513953","status":"publish","type":"product","link":"https:\/\/www.sparcraft.com\/fr\/produit\/emplanture-a-plot-s1395-s1410e-s1630-s1980e-s2100-ano-36054513953\/","title":{"rendered":"EMPLANTURE A PLOT S1395 S1410E S1630 S1980E S2100 ANO"},"content":{"rendered":"<p>  <P><SPAN><SPAN><SPAN>Compatible avec le bouchon <\/SPAN><\/SPAN><\/SPAN><A href=\"http:\/\/www.sparcraft.fr\/sku\/36014216313\"><SPAN>36014216313<\/SPAN><\/A>&nbsp;&nbsp; <A href=\"http:\/\/www.sparcraft.fr\/sku\/36014119823\"><SPAN>36014119823<\/SPAN><\/A>&nbsp; <A href=\"http:\/\/www.sparcraft.fr\/sku\/36014221013\"><SPAN>36014221013<\/SPAN><\/A><\/P> <P><SPAN><SPAN><SPAN>Compatible avec le pontet <\/SPAN><\/SPAN><\/SPAN><A href=\"http:\/\/www.sparcraft.fr\/sku\/352518733814\"><SPAN>352518733814<\/SPAN><\/A><\/P> <P><SPAN><SPAN><SPAN>Compatible avec un maximum de 10 axes <\/SPAN><\/SPAN><\/SPAN><A href=\"http:\/\/www.sparcraft.fr\/sku\/40020214040\"><SPAN>40020214040<\/SPAN><\/A><\/P> <P>&nbsp;<\/P><\/p>\n","protected":false},"excerpt":{"rendered":"<p>  <P><SPAN><SPAN><SPAN>Socle \u00e0 plot<\/SPAN><\/SPAN><\/SPAN><\/P> <P><SPAN><SPAN><SPAN>Epaisseur : <STRONG>28 mm<\/STRONG><\/SPAN><\/SPAN><\/SPAN><\/P> <P><SPAN><SPAN><SPAN>Dimensions : <STRONG>405 x 300 mm<\/STRONG><\/SPAN><\/SPAN><\/SPAN><\/P> <P><SPAN><SPAN><SPAN>Anodis\u00e9<\/SPAN><\/SPAN><\/SPAN><\/P> <P><SPAN><SPAN><SPAN>Per\u00e7\u00e9 pour passage fil \u00e9lectrique<\/SPAN><\/SPAN><\/SPAN><\/P><\/p>\n","protected":false},"featured_media":0,"comment_status":"open","ping_status":"closed","template":"","meta":[],"product_brand":[],"product_cat":[17],"product_tag":[],"class_list":{"0":"post-34044","1":"product","2":"type-product","3":"status-publish","5":"product_cat-product","7":"first","8":"instock","9":"taxable","10":"shipping-taxable","11":"purchasable","12":"product-type-simple"},"yoast_head":"<!-- This site is optimized with the Yoast SEO plugin v27.4 - https:\/\/yoast.com\/product\/yoast-seo-wordpress\/ -->\n<title>EMPLANTURE A PLOT S1395 S1410E S1630 S1980E S2100 ANO - Sparcraft<\/title>\n<meta name=\"robots\" content=\"index, follow, max-snippet:-1, max-image-preview:large, max-video-preview:-1\" \/>\n<link rel=\"canonical\" href=\"https:\/\/www.sparcraft.com\/fr\/produit\/emplanture-a-plot-s1395-s1410e-s1630-s1980e-s2100-ano-36054513953\/\" \/>\n<meta property=\"og:locale\" content=\"fr_FR\" \/>\n<meta property=\"og:type\" content=\"article\" \/>\n<meta property=\"og:title\" content=\"EMPLANTURE A PLOT S1395 S1410E S1630 S1980E S2100 ANO - Sparcraft\" \/>\n<meta property=\"og:description\" content=\"Socle \u00e0 plot Epaisseur : 28 mm Dimensions : 405 x 300 mm Anodis\u00e9 Per\u00e7\u00e9 pour passage fil \u00e9lectrique\" \/>\n<meta property=\"og:url\" content=\"https:\/\/www.sparcraft.com\/fr\/produit\/emplanture-a-plot-s1395-s1410e-s1630-s1980e-s2100-ano-36054513953\/\" \/>\n<meta property=\"og:site_name\" content=\"Sparcraft\" \/>\n<meta property=\"article:modified_time\" content=\"2026-04-15T02:02:26+00:00\" \/>\n<meta name=\"twitter:card\" content=\"summary_large_image\" \/>\n<script type=\"application\/ld+json\" class=\"yoast-schema-graph\">{\"@context\":\"https:\\\/\\\/schema.org\",\"@graph\":[{\"@type\":\"WebPage\",\"@id\":\"https:\\\/\\\/www.sparcraft.com\\\/fr\\\/produit\\\/emplanture-a-plot-s1395-s1410e-s1630-s1980e-s2100-ano-36054513953\\\/\",\"url\":\"https:\\\/\\\/www.sparcraft.com\\\/fr\\\/produit\\\/emplanture-a-plot-s1395-s1410e-s1630-s1980e-s2100-ano-36054513953\\\/\",\"name\":\"EMPLANTURE A PLOT S1395 S1410E S1630 S1980E S2100 ANO - Sparcraft\",\"isPartOf\":{\"@id\":\"https:\\\/\\\/www.sparcraft.com\\\/fr\\\/#website\"},\"datePublished\":\"2023-06-14T14:33:46+00:00\",\"dateModified\":\"2026-04-15T02:02:26+00:00\",\"breadcrumb\":{\"@id\":\"https:\\\/\\\/www.sparcraft.com\\\/fr\\\/produit\\\/emplanture-a-plot-s1395-s1410e-s1630-s1980e-s2100-ano-36054513953\\\/#breadcrumb\"},\"inLanguage\":\"fr-FR\",\"potentialAction\":[{\"@type\":\"ReadAction\",\"target\":[\"https:\\\/\\\/www.sparcraft.com\\\/fr\\\/produit\\\/emplanture-a-plot-s1395-s1410e-s1630-s1980e-s2100-ano-36054513953\\\/\"]}]},{\"@type\":\"BreadcrumbList\",\"@id\":\"https:\\\/\\\/www.sparcraft.com\\\/fr\\\/produit\\\/emplanture-a-plot-s1395-s1410e-s1630-s1980e-s2100-ano-36054513953\\\/#breadcrumb\",\"itemListElement\":[{\"@type\":\"ListItem\",\"position\":1,\"name\":\"Boutique\",\"item\":\"https:\\\/\\\/www.sparcraft.com\\\/fr\\\/boutique\\\/\"},{\"@type\":\"ListItem\",\"position\":2,\"name\":\"EMPLANTURE A PLOT S1395 S1410E S1630 S1980E S2100 ANO\"}]},{\"@type\":\"WebSite\",\"@id\":\"https:\\\/\\\/www.sparcraft.com\\\/fr\\\/#website\",\"url\":\"https:\\\/\\\/www.sparcraft.com\\\/fr\\\/\",\"name\":\"Sparcraft\",\"description\":\"Mast &amp; Rigging\",\"potentialAction\":[{\"@type\":\"SearchAction\",\"target\":{\"@type\":\"EntryPoint\",\"urlTemplate\":\"https:\\\/\\\/www.sparcraft.com\\\/fr\\\/?s={search_term_string}\"},\"query-input\":{\"@type\":\"PropertyValueSpecification\",\"valueRequired\":true,\"valueName\":\"search_term_string\"}}],\"inLanguage\":\"fr-FR\"}]}<\/script>\n<!-- \/ Yoast SEO plugin. -->","yoast_head_json":{"title":"EMPLANTURE A PLOT S1395 S1410E S1630 S1980E S2100 ANO - Sparcraft","robots":{"index":"index","follow":"follow","max-snippet":"max-snippet:-1","max-image-preview":"max-image-preview:large","max-video-preview":"max-video-preview:-1"},"canonical":"https:\/\/www.sparcraft.com\/fr\/produit\/emplanture-a-plot-s1395-s1410e-s1630-s1980e-s2100-ano-36054513953\/","og_locale":"fr_FR","og_type":"article","og_title":"EMPLANTURE A PLOT S1395 S1410E S1630 S1980E S2100 ANO - Sparcraft","og_description":"Socle \u00e0 plot Epaisseur : 28 mm Dimensions : 405 x 300 mm Anodis\u00e9 Per\u00e7\u00e9 pour passage fil \u00e9lectrique","og_url":"https:\/\/www.sparcraft.com\/fr\/produit\/emplanture-a-plot-s1395-s1410e-s1630-s1980e-s2100-ano-36054513953\/","og_site_name":"Sparcraft","article_modified_time":"2026-04-15T02:02:26+00:00","twitter_card":"summary_large_image","schema":{"@context":"https:\/\/schema.org","@graph":[{"@type":"WebPage","@id":"https:\/\/www.sparcraft.com\/fr\/produit\/emplanture-a-plot-s1395-s1410e-s1630-s1980e-s2100-ano-36054513953\/","url":"https:\/\/www.sparcraft.com\/fr\/produit\/emplanture-a-plot-s1395-s1410e-s1630-s1980e-s2100-ano-36054513953\/","name":"EMPLANTURE A PLOT S1395 S1410E S1630 S1980E S2100 ANO - Sparcraft","isPartOf":{"@id":"https:\/\/www.sparcraft.com\/fr\/#website"},"datePublished":"2023-06-14T14:33:46+00:00","dateModified":"2026-04-15T02:02:26+00:00","breadcrumb":{"@id":"https:\/\/www.sparcraft.com\/fr\/produit\/emplanture-a-plot-s1395-s1410e-s1630-s1980e-s2100-ano-36054513953\/#breadcrumb"},"inLanguage":"fr-FR","potentialAction":[{"@type":"ReadAction","target":["https:\/\/www.sparcraft.com\/fr\/produit\/emplanture-a-plot-s1395-s1410e-s1630-s1980e-s2100-ano-36054513953\/"]}]},{"@type":"BreadcrumbList","@id":"https:\/\/www.sparcraft.com\/fr\/produit\/emplanture-a-plot-s1395-s1410e-s1630-s1980e-s2100-ano-36054513953\/#breadcrumb","itemListElement":[{"@type":"ListItem","position":1,"name":"Boutique","item":"https:\/\/www.sparcraft.com\/fr\/boutique\/"},{"@type":"ListItem","position":2,"name":"EMPLANTURE A PLOT S1395 S1410E S1630 S1980E S2100 ANO"}]},{"@type":"WebSite","@id":"https:\/\/www.sparcraft.com\/fr\/#website","url":"https:\/\/www.sparcraft.com\/fr\/","name":"Sparcraft","description":"Mast &amp; Rigging","potentialAction":[{"@type":"SearchAction","target":{"@type":"EntryPoint","urlTemplate":"https:\/\/www.sparcraft.com\/fr\/?s={search_term_string}"},"query-input":{"@type":"PropertyValueSpecification","valueRequired":true,"valueName":"search_term_string"}}],"inLanguage":"fr-FR"}]}},"_links":{"self":[{"href":"https:\/\/www.sparcraft.com\/fr\/wp-json\/wp\/v2\/product\/34044","targetHints":{"allow":["GET"]}}],"collection":[{"href":"https:\/\/www.sparcraft.com\/fr\/wp-json\/wp\/v2\/product"}],"about":[{"href":"https:\/\/www.sparcraft.com\/fr\/wp-json\/wp\/v2\/types\/product"}],"replies":[{"embeddable":true,"href":"https:\/\/www.sparcraft.com\/fr\/wp-json\/wp\/v2\/comments?post=34044"}],"wp:attachment":[{"href":"https:\/\/www.sparcraft.com\/fr\/wp-json\/wp\/v2\/media?parent=34044"}],"wp:term":[{"taxonomy":"product_brand","embeddable":true,"href":"https:\/\/www.sparcraft.com\/fr\/wp-json\/wp\/v2\/product_brand?post=34044"},{"taxonomy":"product_cat","embeddable":true,"href":"https:\/\/www.sparcraft.com\/fr\/wp-json\/wp\/v2\/product_cat?post=34044"},{"taxonomy":"product_tag","embeddable":true,"href":"https:\/\/www.sparcraft.com\/fr\/wp-json\/wp\/v2\/product_tag?post=34044"}],"curies":[{"name":"wp","href":"https:\/\/api.w.org\/{rel}","templated":true}]}}