{"id":34020,"date":"2023-06-14T16:33:18","date_gmt":"2023-06-14T14:33:18","guid":{"rendered":"https:\/\/www.sparcraft.com\/produit\/bouchon-a-plot-s1630-ano-36014401053\/"},"modified":"2026-04-15T04:02:19","modified_gmt":"2026-04-15T02:02:19","slug":"bouchon-a-plot-s1630-ano-36014401053","status":"publish","type":"product","link":"https:\/\/www.sparcraft.com\/fr\/produit\/bouchon-a-plot-s1630-ano-36014401053\/","title":{"rendered":"BOUCHON A PLOT S1630 ANO"},"content":{"rendered":"<p>  <P><SPAN><SPAN><SPAN>compatible avec le socle \u00e0 plot <\/SPAN><\/SPAN><\/SPAN><A href=\"http:\/\/www.sparcraft.fr\/sku\/36053213953\">36053213953<\/A><\/P> <P><SPAN><SPAN><SPAN>compatible avec le pontet <\/SPAN><\/SPAN><\/SPAN><A href=\"http:\/\/www.sparcraft.fr\/sku\/35251873814\">35251873814<\/A><\/P> <P><SPAN><SPAN><SPAN>compatible avec un maximum de&nbsp;10 axes <\/SPAN><\/SPAN><\/SPAN><A href=\"http:\/\/www.sparcraft.fr\/sku\/40020214039\">40020214039<\/A><\/P><\/p>\n","protected":false},"excerpt":{"rendered":"<p>  <P><SPAN><SPAN><SPAN>Bouchon de m\u00e2t<\/SPAN><\/SPAN><\/SPAN><\/P> <P><SPAN><SPAN><SPAN>Epaisseur : <STRONG>12 mm<\/STRONG><\/SPAN><\/SPAN><\/SPAN><\/P> <P><SPAN>M\u00e9cano-soud\u00e9<\/SPAN><\/P> <P><SPAN>Anodis\u00e9<\/SPAN><\/P><\/p>\n","protected":false},"featured_media":0,"comment_status":"open","ping_status":"closed","template":"","meta":[],"product_brand":[],"product_cat":[17],"product_tag":[],"class_list":{"0":"post-34020","1":"product","2":"type-product","3":"status-publish","5":"product_cat-product","7":"first","8":"instock","9":"taxable","10":"shipping-taxable","11":"purchasable","12":"product-type-simple"},"yoast_head":"<!-- This site is optimized with the Yoast SEO plugin v27.4 - https:\/\/yoast.com\/product\/yoast-seo-wordpress\/ -->\n<title>BOUCHON A PLOT S1630 ANO - Sparcraft<\/title>\n<meta name=\"robots\" content=\"index, follow, max-snippet:-1, max-image-preview:large, max-video-preview:-1\" \/>\n<link rel=\"canonical\" href=\"https:\/\/www.sparcraft.com\/fr\/produit\/bouchon-a-plot-s1630-ano-36014401053\/\" \/>\n<meta property=\"og:locale\" content=\"fr_FR\" \/>\n<meta property=\"og:type\" content=\"article\" \/>\n<meta property=\"og:title\" content=\"BOUCHON A PLOT S1630 ANO - Sparcraft\" \/>\n<meta property=\"og:description\" content=\"Bouchon de m\u00e2t Epaisseur : 12 mm M\u00e9cano-soud\u00e9 Anodis\u00e9\" \/>\n<meta property=\"og:url\" content=\"https:\/\/www.sparcraft.com\/fr\/produit\/bouchon-a-plot-s1630-ano-36014401053\/\" \/>\n<meta property=\"og:site_name\" content=\"Sparcraft\" \/>\n<meta property=\"article:modified_time\" content=\"2026-04-15T02:02:19+00:00\" \/>\n<meta name=\"twitter:card\" content=\"summary_large_image\" \/>\n<script type=\"application\/ld+json\" class=\"yoast-schema-graph\">{\"@context\":\"https:\\\/\\\/schema.org\",\"@graph\":[{\"@type\":\"WebPage\",\"@id\":\"https:\\\/\\\/www.sparcraft.com\\\/fr\\\/produit\\\/bouchon-a-plot-s1630-ano-36014401053\\\/\",\"url\":\"https:\\\/\\\/www.sparcraft.com\\\/fr\\\/produit\\\/bouchon-a-plot-s1630-ano-36014401053\\\/\",\"name\":\"BOUCHON A PLOT S1630 ANO - Sparcraft\",\"isPartOf\":{\"@id\":\"https:\\\/\\\/www.sparcraft.com\\\/fr\\\/#website\"},\"datePublished\":\"2023-06-14T14:33:18+00:00\",\"dateModified\":\"2026-04-15T02:02:19+00:00\",\"breadcrumb\":{\"@id\":\"https:\\\/\\\/www.sparcraft.com\\\/fr\\\/produit\\\/bouchon-a-plot-s1630-ano-36014401053\\\/#breadcrumb\"},\"inLanguage\":\"fr-FR\",\"potentialAction\":[{\"@type\":\"ReadAction\",\"target\":[\"https:\\\/\\\/www.sparcraft.com\\\/fr\\\/produit\\\/bouchon-a-plot-s1630-ano-36014401053\\\/\"]}]},{\"@type\":\"BreadcrumbList\",\"@id\":\"https:\\\/\\\/www.sparcraft.com\\\/fr\\\/produit\\\/bouchon-a-plot-s1630-ano-36014401053\\\/#breadcrumb\",\"itemListElement\":[{\"@type\":\"ListItem\",\"position\":1,\"name\":\"Boutique\",\"item\":\"https:\\\/\\\/www.sparcraft.com\\\/fr\\\/boutique\\\/\"},{\"@type\":\"ListItem\",\"position\":2,\"name\":\"BOUCHON A PLOT S1630 ANO\"}]},{\"@type\":\"WebSite\",\"@id\":\"https:\\\/\\\/www.sparcraft.com\\\/fr\\\/#website\",\"url\":\"https:\\\/\\\/www.sparcraft.com\\\/fr\\\/\",\"name\":\"Sparcraft\",\"description\":\"Mast &amp; Rigging\",\"potentialAction\":[{\"@type\":\"SearchAction\",\"target\":{\"@type\":\"EntryPoint\",\"urlTemplate\":\"https:\\\/\\\/www.sparcraft.com\\\/fr\\\/?s={search_term_string}\"},\"query-input\":{\"@type\":\"PropertyValueSpecification\",\"valueRequired\":true,\"valueName\":\"search_term_string\"}}],\"inLanguage\":\"fr-FR\"}]}<\/script>\n<!-- \/ Yoast SEO plugin. -->","yoast_head_json":{"title":"BOUCHON A PLOT S1630 ANO - Sparcraft","robots":{"index":"index","follow":"follow","max-snippet":"max-snippet:-1","max-image-preview":"max-image-preview:large","max-video-preview":"max-video-preview:-1"},"canonical":"https:\/\/www.sparcraft.com\/fr\/produit\/bouchon-a-plot-s1630-ano-36014401053\/","og_locale":"fr_FR","og_type":"article","og_title":"BOUCHON A PLOT S1630 ANO - Sparcraft","og_description":"Bouchon de m\u00e2t Epaisseur : 12 mm M\u00e9cano-soud\u00e9 Anodis\u00e9","og_url":"https:\/\/www.sparcraft.com\/fr\/produit\/bouchon-a-plot-s1630-ano-36014401053\/","og_site_name":"Sparcraft","article_modified_time":"2026-04-15T02:02:19+00:00","twitter_card":"summary_large_image","schema":{"@context":"https:\/\/schema.org","@graph":[{"@type":"WebPage","@id":"https:\/\/www.sparcraft.com\/fr\/produit\/bouchon-a-plot-s1630-ano-36014401053\/","url":"https:\/\/www.sparcraft.com\/fr\/produit\/bouchon-a-plot-s1630-ano-36014401053\/","name":"BOUCHON A PLOT S1630 ANO - Sparcraft","isPartOf":{"@id":"https:\/\/www.sparcraft.com\/fr\/#website"},"datePublished":"2023-06-14T14:33:18+00:00","dateModified":"2026-04-15T02:02:19+00:00","breadcrumb":{"@id":"https:\/\/www.sparcraft.com\/fr\/produit\/bouchon-a-plot-s1630-ano-36014401053\/#breadcrumb"},"inLanguage":"fr-FR","potentialAction":[{"@type":"ReadAction","target":["https:\/\/www.sparcraft.com\/fr\/produit\/bouchon-a-plot-s1630-ano-36014401053\/"]}]},{"@type":"BreadcrumbList","@id":"https:\/\/www.sparcraft.com\/fr\/produit\/bouchon-a-plot-s1630-ano-36014401053\/#breadcrumb","itemListElement":[{"@type":"ListItem","position":1,"name":"Boutique","item":"https:\/\/www.sparcraft.com\/fr\/boutique\/"},{"@type":"ListItem","position":2,"name":"BOUCHON A PLOT S1630 ANO"}]},{"@type":"WebSite","@id":"https:\/\/www.sparcraft.com\/fr\/#website","url":"https:\/\/www.sparcraft.com\/fr\/","name":"Sparcraft","description":"Mast &amp; Rigging","potentialAction":[{"@type":"SearchAction","target":{"@type":"EntryPoint","urlTemplate":"https:\/\/www.sparcraft.com\/fr\/?s={search_term_string}"},"query-input":{"@type":"PropertyValueSpecification","valueRequired":true,"valueName":"search_term_string"}}],"inLanguage":"fr-FR"}]}},"_links":{"self":[{"href":"https:\/\/www.sparcraft.com\/fr\/wp-json\/wp\/v2\/product\/34020","targetHints":{"allow":["GET"]}}],"collection":[{"href":"https:\/\/www.sparcraft.com\/fr\/wp-json\/wp\/v2\/product"}],"about":[{"href":"https:\/\/www.sparcraft.com\/fr\/wp-json\/wp\/v2\/types\/product"}],"replies":[{"embeddable":true,"href":"https:\/\/www.sparcraft.com\/fr\/wp-json\/wp\/v2\/comments?post=34020"}],"wp:attachment":[{"href":"https:\/\/www.sparcraft.com\/fr\/wp-json\/wp\/v2\/media?parent=34020"}],"wp:term":[{"taxonomy":"product_brand","embeddable":true,"href":"https:\/\/www.sparcraft.com\/fr\/wp-json\/wp\/v2\/product_brand?post=34020"},{"taxonomy":"product_cat","embeddable":true,"href":"https:\/\/www.sparcraft.com\/fr\/wp-json\/wp\/v2\/product_cat?post=34020"},{"taxonomy":"product_tag","embeddable":true,"href":"https:\/\/www.sparcraft.com\/fr\/wp-json\/wp\/v2\/product_tag?post=34020"}],"curies":[{"name":"wp","href":"https:\/\/api.w.org\/{rel}","templated":true}]}}