{"id":34007,"date":"2023-06-14T16:33:11","date_gmt":"2023-06-14T14:33:11","guid":{"rendered":"https:\/\/www.sparcraft.com\/produit\/ferr-b-etai-2p-cable-o10-poli-ng-60-ng105-percee-a-o14-5-31009201104\/"},"modified":"2026-04-15T04:01:34","modified_gmt":"2026-04-15T02:01:34","slug":"ferr-b-etai-2p-cable-o10-poli-ng-60-ng105-percee-a-o14-5-31009201104","status":"publish","type":"product","link":"https:\/\/www.sparcraft.com\/fr\/produit\/ferr-b-etai-2p-cable-o10-poli-ng-60-ng105-percee-a-o14-5-31009201104\/","title":{"rendered":"FERR. B-ETAI 2P CABLE \u00d810 POLI NG 60-NG105 &#8211; PERCEE A \u00d814.5"},"content":{"rendered":"<p>  <P>Ferrure d&rsquo;\u00e9tai largable ou bas \u00e9tai.<\/P> <P><SPAN><SPAN><SPAN>R\u00e9f\u00e9rence ferrure seule sans fixation.<\/SPAN><\/SPAN><\/SPAN><\/P> <P><SPAN><SPAN><SPAN>Appartient <A href=\"http:\/\/www.sparcraft.fr\/sku\/31009201105\">31009201105<\/A><\/SPAN><\/SPAN><\/SPAN><\/P><\/p>\n","protected":false},"excerpt":{"rendered":"<p>0<\/p>\n","protected":false},"featured_media":0,"comment_status":"open","ping_status":"closed","template":"","meta":[],"product_brand":[],"product_cat":[17],"product_tag":[],"class_list":{"0":"post-34007","1":"product","2":"type-product","3":"status-publish","5":"product_cat-product","7":"first","8":"instock","9":"taxable","10":"shipping-taxable","11":"purchasable","12":"product-type-simple"},"yoast_head":"<!-- This site is optimized with the Yoast SEO plugin v27.4 - https:\/\/yoast.com\/product\/yoast-seo-wordpress\/ -->\n<title>FERR. B-ETAI 2P CABLE \u00d810 POLI NG 60-NG105 - PERCEE A \u00d814.5 - Sparcraft<\/title>\n<meta name=\"robots\" content=\"index, follow, max-snippet:-1, max-image-preview:large, max-video-preview:-1\" \/>\n<link rel=\"canonical\" href=\"https:\/\/www.sparcraft.com\/fr\/produit\/ferr-b-etai-2p-cable-o10-poli-ng-60-ng105-percee-a-o14-5-31009201104\/\" \/>\n<meta property=\"og:locale\" content=\"fr_FR\" \/>\n<meta property=\"og:type\" content=\"article\" \/>\n<meta property=\"og:title\" content=\"FERR. B-ETAI 2P CABLE \u00d810 POLI NG 60-NG105 - PERCEE A \u00d814.5 - Sparcraft\" \/>\n<meta property=\"og:description\" content=\"0\" \/>\n<meta property=\"og:url\" content=\"https:\/\/www.sparcraft.com\/fr\/produit\/ferr-b-etai-2p-cable-o10-poli-ng-60-ng105-percee-a-o14-5-31009201104\/\" \/>\n<meta property=\"og:site_name\" content=\"Sparcraft\" \/>\n<meta property=\"article:modified_time\" content=\"2026-04-15T02:01:34+00:00\" \/>\n<meta name=\"twitter:card\" content=\"summary_large_image\" \/>\n<meta name=\"twitter:description\" content=\"0\" \/>\n<script type=\"application\/ld+json\" class=\"yoast-schema-graph\">{\"@context\":\"https:\\\/\\\/schema.org\",\"@graph\":[{\"@type\":\"WebPage\",\"@id\":\"https:\\\/\\\/www.sparcraft.com\\\/fr\\\/produit\\\/ferr-b-etai-2p-cable-o10-poli-ng-60-ng105-percee-a-o14-5-31009201104\\\/\",\"url\":\"https:\\\/\\\/www.sparcraft.com\\\/fr\\\/produit\\\/ferr-b-etai-2p-cable-o10-poli-ng-60-ng105-percee-a-o14-5-31009201104\\\/\",\"name\":\"FERR. B-ETAI 2P CABLE \u00d810 POLI NG 60-NG105 - PERCEE A \u00d814.5 - Sparcraft\",\"isPartOf\":{\"@id\":\"https:\\\/\\\/www.sparcraft.com\\\/fr\\\/#website\"},\"datePublished\":\"2023-06-14T14:33:11+00:00\",\"dateModified\":\"2026-04-15T02:01:34+00:00\",\"breadcrumb\":{\"@id\":\"https:\\\/\\\/www.sparcraft.com\\\/fr\\\/produit\\\/ferr-b-etai-2p-cable-o10-poli-ng-60-ng105-percee-a-o14-5-31009201104\\\/#breadcrumb\"},\"inLanguage\":\"fr-FR\",\"potentialAction\":[{\"@type\":\"ReadAction\",\"target\":[\"https:\\\/\\\/www.sparcraft.com\\\/fr\\\/produit\\\/ferr-b-etai-2p-cable-o10-poli-ng-60-ng105-percee-a-o14-5-31009201104\\\/\"]}]},{\"@type\":\"BreadcrumbList\",\"@id\":\"https:\\\/\\\/www.sparcraft.com\\\/fr\\\/produit\\\/ferr-b-etai-2p-cable-o10-poli-ng-60-ng105-percee-a-o14-5-31009201104\\\/#breadcrumb\",\"itemListElement\":[{\"@type\":\"ListItem\",\"position\":1,\"name\":\"Boutique\",\"item\":\"https:\\\/\\\/www.sparcraft.com\\\/fr\\\/boutique\\\/\"},{\"@type\":\"ListItem\",\"position\":2,\"name\":\"FERR. B-ETAI 2P CABLE \u00d810 POLI NG 60-NG105 &#8211; PERCEE A \u00d814.5\"}]},{\"@type\":\"WebSite\",\"@id\":\"https:\\\/\\\/www.sparcraft.com\\\/fr\\\/#website\",\"url\":\"https:\\\/\\\/www.sparcraft.com\\\/fr\\\/\",\"name\":\"Sparcraft\",\"description\":\"Mast &amp; Rigging\",\"potentialAction\":[{\"@type\":\"SearchAction\",\"target\":{\"@type\":\"EntryPoint\",\"urlTemplate\":\"https:\\\/\\\/www.sparcraft.com\\\/fr\\\/?s={search_term_string}\"},\"query-input\":{\"@type\":\"PropertyValueSpecification\",\"valueRequired\":true,\"valueName\":\"search_term_string\"}}],\"inLanguage\":\"fr-FR\"}]}<\/script>\n<!-- \/ Yoast SEO plugin. -->","yoast_head_json":{"title":"FERR. B-ETAI 2P CABLE \u00d810 POLI NG 60-NG105 - PERCEE A \u00d814.5 - Sparcraft","robots":{"index":"index","follow":"follow","max-snippet":"max-snippet:-1","max-image-preview":"max-image-preview:large","max-video-preview":"max-video-preview:-1"},"canonical":"https:\/\/www.sparcraft.com\/fr\/produit\/ferr-b-etai-2p-cable-o10-poli-ng-60-ng105-percee-a-o14-5-31009201104\/","og_locale":"fr_FR","og_type":"article","og_title":"FERR. B-ETAI 2P CABLE \u00d810 POLI NG 60-NG105 - PERCEE A \u00d814.5 - Sparcraft","og_url":"https:\/\/www.sparcraft.com\/fr\/produit\/ferr-b-etai-2p-cable-o10-poli-ng-60-ng105-percee-a-o14-5-31009201104\/","og_site_name":"Sparcraft","article_modified_time":"2026-04-15T02:01:34+00:00","twitter_card":"summary_large_image","schema":{"@context":"https:\/\/schema.org","@graph":[{"@type":"WebPage","@id":"https:\/\/www.sparcraft.com\/fr\/produit\/ferr-b-etai-2p-cable-o10-poli-ng-60-ng105-percee-a-o14-5-31009201104\/","url":"https:\/\/www.sparcraft.com\/fr\/produit\/ferr-b-etai-2p-cable-o10-poli-ng-60-ng105-percee-a-o14-5-31009201104\/","name":"FERR. B-ETAI 2P CABLE \u00d810 POLI NG 60-NG105 - PERCEE A \u00d814.5 - Sparcraft","isPartOf":{"@id":"https:\/\/www.sparcraft.com\/fr\/#website"},"datePublished":"2023-06-14T14:33:11+00:00","dateModified":"2026-04-15T02:01:34+00:00","breadcrumb":{"@id":"https:\/\/www.sparcraft.com\/fr\/produit\/ferr-b-etai-2p-cable-o10-poli-ng-60-ng105-percee-a-o14-5-31009201104\/#breadcrumb"},"inLanguage":"fr-FR","potentialAction":[{"@type":"ReadAction","target":["https:\/\/www.sparcraft.com\/fr\/produit\/ferr-b-etai-2p-cable-o10-poli-ng-60-ng105-percee-a-o14-5-31009201104\/"]}]},{"@type":"BreadcrumbList","@id":"https:\/\/www.sparcraft.com\/fr\/produit\/ferr-b-etai-2p-cable-o10-poli-ng-60-ng105-percee-a-o14-5-31009201104\/#breadcrumb","itemListElement":[{"@type":"ListItem","position":1,"name":"Boutique","item":"https:\/\/www.sparcraft.com\/fr\/boutique\/"},{"@type":"ListItem","position":2,"name":"FERR. B-ETAI 2P CABLE \u00d810 POLI NG 60-NG105 &#8211; PERCEE A \u00d814.5"}]},{"@type":"WebSite","@id":"https:\/\/www.sparcraft.com\/fr\/#website","url":"https:\/\/www.sparcraft.com\/fr\/","name":"Sparcraft","description":"Mast &amp; Rigging","potentialAction":[{"@type":"SearchAction","target":{"@type":"EntryPoint","urlTemplate":"https:\/\/www.sparcraft.com\/fr\/?s={search_term_string}"},"query-input":{"@type":"PropertyValueSpecification","valueRequired":true,"valueName":"search_term_string"}}],"inLanguage":"fr-FR"}]}},"_links":{"self":[{"href":"https:\/\/www.sparcraft.com\/fr\/wp-json\/wp\/v2\/product\/34007","targetHints":{"allow":["GET"]}}],"collection":[{"href":"https:\/\/www.sparcraft.com\/fr\/wp-json\/wp\/v2\/product"}],"about":[{"href":"https:\/\/www.sparcraft.com\/fr\/wp-json\/wp\/v2\/types\/product"}],"replies":[{"embeddable":true,"href":"https:\/\/www.sparcraft.com\/fr\/wp-json\/wp\/v2\/comments?post=34007"}],"wp:attachment":[{"href":"https:\/\/www.sparcraft.com\/fr\/wp-json\/wp\/v2\/media?parent=34007"}],"wp:term":[{"taxonomy":"product_brand","embeddable":true,"href":"https:\/\/www.sparcraft.com\/fr\/wp-json\/wp\/v2\/product_brand?post=34007"},{"taxonomy":"product_cat","embeddable":true,"href":"https:\/\/www.sparcraft.com\/fr\/wp-json\/wp\/v2\/product_cat?post=34007"},{"taxonomy":"product_tag","embeddable":true,"href":"https:\/\/www.sparcraft.com\/fr\/wp-json\/wp\/v2\/product_tag?post=34007"}],"curies":[{"name":"wp","href":"https:\/\/api.w.org\/{rel}","templated":true}]}}