{"id":33975,"date":"2023-06-14T16:32:51","date_gmt":"2023-06-14T14:32:51","guid":{"rendered":"https:\/\/www.sparcraft.com\/produit\/capelage-latte-simple-cabl-o10-spr-axe-o16-2005-31003005165\/"},"modified":"2026-04-18T04:01:20","modified_gmt":"2026-04-18T02:01:20","slug":"capelage-latte-simple-cabl-o10-spr-axe-o16-2005-31003005165","status":"publish","type":"product","link":"https:\/\/www.sparcraft.com\/fr\/produit\/capelage-latte-simple-cabl-o10-spr-axe-o16-2005-31003005165\/","title":{"rendered":"CAPELAGE LATTE SIMPLE CABL \u00d810 SPR ( AXE \u00d816 ) &#8211; 2005"},"content":{"rendered":"<p>  <P><SPAN><SPAN><SPAN>&#8211; A =&nbsp;105 mm<\/SPAN><\/SPAN><\/SPAN><\/P> <P><SPAN><SPAN><SPAN>&#8211; Sans axe filet\u00e9<\/SPAN><\/SPAN><\/SPAN><\/P> <P><SPAN><SPAN><SPAN>&#8211; Doit \u00eatre associ\u00e9 aux 2 axes filet\u00e9s traversant \u00d810mm et \u00d820mm suivant:<\/SPAN><\/SPAN><\/SPAN><\/P> <P><SPAN><SPAN><SPAN>Pour profil de m\u00e2t S622&nbsp;\/ S830&nbsp;\u00d810MM <A href=\"http:\/\/www.sparcraft.fr\/sku\/40020510172\">40020510172<\/A>&nbsp;\/ \u00d820MM <A href=\"http:\/\/www.sparcraft.fr\/sku\/40020520222\">40020520222<\/A><\/SPAN><\/SPAN><\/SPAN><\/P> <P><SPAN><SPAN><SPAN>Pour profil de m\u00e2t S1060 \u00d810MM <\/SPAN><A href=\"http:\/\/www.sparcraft.fr\/sku\/40020510177\">40020510177<\/A><SPAN>&nbsp;\/ \u00d820MM <\/SPAN><A href=\"http:\/\/www.sparcraft.fr\/sku\/40020520238\">40020520238<\/A><\/SPAN><\/SPAN><\/P> <P><SPAN><SPAN><SPAN>Pour profil de m\u00e2t S1170&nbsp; \u00d810MM <\/SPAN><A href=\"http:\/\/www.sparcraft.fr\/sku\/40020510208\">40020510208<\/A><SPAN>&nbsp;\/ \u00d820MM <\/SPAN><A href=\"http:\/\/www.sparcraft.fr\/sku\/40020520260\">40020520260<\/A><\/SPAN><\/SPAN><\/P> <P><SPAN><SPAN><SPAN>Pour profil de m\u00e2t S1210&nbsp;\/ S1395 \/ S1420E&nbsp;\u00d810MM <\/SPAN><A href=\"http:\/\/www.sparcraft.fr\/sku\/40020510188\">40020510188<\/A><SPAN>&nbsp;\/ \u00d820MM <\/SPAN><A href=\"http:\/\/www.sparcraft.fr\/sku\/40020520238\">40020520238<\/A><\/SPAN><\/SPAN><\/P> <P><SPAN><SPAN><SPAN>Pour profil de m\u00e2t S1540 \/ S1980E&nbsp;\u00d810MM <\/SPAN><A href=\"http:\/\/www.sparcraft.fr\/sku\/40020510208\">40020510208<\/A><SPAN>&nbsp;\/ \u00d820MM <\/SPAN><A href=\"http:\/\/www.sparcraft.fr\/sku\/40020520249\">40020520249<\/A><\/SPAN><\/SPAN><\/P> <P><SPAN><SPAN><SPAN>Pour profil de m\u00e2t S1630 \/ S2100&nbsp;\u00d810MM <\/SPAN><A href=\"http:\/\/www.sparcraft.fr\/sku\/40020510220\">40020510220<\/A><SPAN>&nbsp;\/ \u00d820MM <\/SPAN><A href=\"http:\/\/www.sparcraft.fr\/sku\/40020520267\">40020520267<\/A><\/SPAN><\/SPAN><\/P> <P><SPAN><SPAN><SPAN>Pour profil de m\u00e2t S3410 \u00d810MM <\/SPAN><A href=\"http:\/\/www.sparcraft.fr\/sku\/40020510240\">40020510240<\/A><SPAN>&nbsp;\/ \u00d820MM <\/SPAN><A href=\"http:\/\/www.sparcraft.fr\/sku\/40020520289\">40020520289<\/A><\/SPAN><\/SPAN><\/P> <P><SPAN><SPAN><SPAN>Pour profil de m\u00e2t S4600 \u00d810MM <\/SPAN><A href=\"http:\/\/www.sparcraft.fr\/sku\/40020510260\">40020510260<\/A><SPAN>&nbsp;\/ \u00d820MM <\/SPAN><A href=\"http:\/\/www.sparcraft.fr\/sku\/40020520325\">40020520325<\/A><\/SPAN><\/SPAN><\/P> <P><SPAN><SPAN><SPAN>Pour profil de m\u00e2t S760E \u00d810MM <\/SPAN><A href=\"http:\/\/www.sparcraft.fr\/sku\/40020510162\">40020510162<\/A><SPAN>&nbsp;\/ \u00d820MM <\/SPAN><A href=\"http:\/\/www.sparcraft.fr\/sku\/40020520222\"><SPAN><SPAN>40020520222<\/SPAN><\/SPAN><\/A><\/SPAN><\/SPAN><\/P> <P><SPAN><SPAN><SPAN>Pour profil de m\u00e2t S980E \u00d810MM <\/SPAN><A href=\"http:\/\/www.sparcraft.fr\/sku\/40020510177\">40020510177<\/A><SPAN>&nbsp;\/ \u00d820MM <\/SPAN><A href=\"http:\/\/www.sparcraft.fr\/sku\/40020520227\">40020520227<\/A><\/SPAN><\/SPAN><\/P> <P>&nbsp;<\/P> <P>&nbsp;<\/P> <P>&nbsp;<\/P> <P>&nbsp;<\/P> <P>&nbsp;<\/P> <P>&nbsp;<\/P> <P>&nbsp;<\/P><\/p>\n","protected":false},"excerpt":{"rendered":"<p>  <P><SPAN><SPAN><SPAN>&#8211; Les capelages ext\u00e9rieurs:<\/SPAN><\/SPAN><\/SPAN><\/P> <P><SPAN><SPAN><SPAN>Simple ou double, avec 1 ou 2 axes filet\u00e9s. Les capelages ext\u00e9rieurs sont con\u00e7us pour recevoir des embouts \u00e0 oeil. Les capelages simples sont utilis\u00e9s \u00e9galement pour les bastaques.<\/SPAN><\/SPAN><\/SPAN><\/P> <P><SPAN><SPAN><SPAN>&#8211; Capelage simple avec axe \u00d816mm<\/SPAN><\/SPAN><\/SPAN><\/P> <P><SPAN><SPAN><SPAN>&#8211; Pour c\u00e2ble \u00d810mm<\/SPAN><\/SPAN><\/SPAN><\/P><\/p>\n","protected":false},"featured_media":0,"comment_status":"open","ping_status":"closed","template":"","meta":[],"product_brand":[],"product_cat":[17],"product_tag":[],"class_list":{"0":"post-33975","1":"product","2":"type-product","3":"status-publish","5":"product_cat-product","7":"first","8":"instock","9":"taxable","10":"shipping-taxable","11":"purchasable","12":"product-type-simple"},"yoast_head":"<!-- This site is optimized with the Yoast SEO plugin v27.4 - https:\/\/yoast.com\/product\/yoast-seo-wordpress\/ -->\n<title>CAPELAGE LATTE SIMPLE CABL \u00d810 SPR ( AXE \u00d816 ) - 2005 - Sparcraft<\/title>\n<meta name=\"robots\" content=\"index, follow, max-snippet:-1, max-image-preview:large, max-video-preview:-1\" \/>\n<link rel=\"canonical\" href=\"https:\/\/www.sparcraft.com\/fr\/produit\/capelage-latte-simple-cabl-o10-spr-axe-o16-2005-31003005165\/\" \/>\n<meta property=\"og:locale\" content=\"fr_FR\" \/>\n<meta property=\"og:type\" content=\"article\" \/>\n<meta property=\"og:title\" content=\"CAPELAGE LATTE SIMPLE CABL \u00d810 SPR ( AXE \u00d816 ) - 2005 - Sparcraft\" \/>\n<meta property=\"og:description\" content=\"- Les capelages ext\u00e9rieurs: Simple ou double, avec 1 ou 2 axes filet\u00e9s. Les capelages ext\u00e9rieurs sont con\u00e7us pour recevoir des embouts \u00e0 oeil. Les capelages simples sont utilis\u00e9s \u00e9galement pour les bastaques. - Capelage simple avec axe \u00d816mm - Pour c\u00e2ble \u00d810mm\" \/>\n<meta property=\"og:url\" content=\"https:\/\/www.sparcraft.com\/fr\/produit\/capelage-latte-simple-cabl-o10-spr-axe-o16-2005-31003005165\/\" \/>\n<meta property=\"og:site_name\" content=\"Sparcraft\" \/>\n<meta property=\"article:modified_time\" content=\"2026-04-18T02:01:20+00:00\" \/>\n<meta name=\"twitter:card\" content=\"summary_large_image\" \/>\n<meta name=\"twitter:label1\" content=\"Dur\u00e9e de lecture estim\u00e9e\" \/>\n\t<meta name=\"twitter:data1\" content=\"1 minute\" \/>\n<script type=\"application\/ld+json\" class=\"yoast-schema-graph\">{\"@context\":\"https:\\\/\\\/schema.org\",\"@graph\":[{\"@type\":\"WebPage\",\"@id\":\"https:\\\/\\\/www.sparcraft.com\\\/fr\\\/produit\\\/capelage-latte-simple-cabl-o10-spr-axe-o16-2005-31003005165\\\/\",\"url\":\"https:\\\/\\\/www.sparcraft.com\\\/fr\\\/produit\\\/capelage-latte-simple-cabl-o10-spr-axe-o16-2005-31003005165\\\/\",\"name\":\"CAPELAGE LATTE SIMPLE CABL \u00d810 SPR ( AXE \u00d816 ) - 2005 - Sparcraft\",\"isPartOf\":{\"@id\":\"https:\\\/\\\/www.sparcraft.com\\\/fr\\\/#website\"},\"datePublished\":\"2023-06-14T14:32:51+00:00\",\"dateModified\":\"2026-04-18T02:01:20+00:00\",\"breadcrumb\":{\"@id\":\"https:\\\/\\\/www.sparcraft.com\\\/fr\\\/produit\\\/capelage-latte-simple-cabl-o10-spr-axe-o16-2005-31003005165\\\/#breadcrumb\"},\"inLanguage\":\"fr-FR\",\"potentialAction\":[{\"@type\":\"ReadAction\",\"target\":[\"https:\\\/\\\/www.sparcraft.com\\\/fr\\\/produit\\\/capelage-latte-simple-cabl-o10-spr-axe-o16-2005-31003005165\\\/\"]}]},{\"@type\":\"BreadcrumbList\",\"@id\":\"https:\\\/\\\/www.sparcraft.com\\\/fr\\\/produit\\\/capelage-latte-simple-cabl-o10-spr-axe-o16-2005-31003005165\\\/#breadcrumb\",\"itemListElement\":[{\"@type\":\"ListItem\",\"position\":1,\"name\":\"Boutique\",\"item\":\"https:\\\/\\\/www.sparcraft.com\\\/fr\\\/boutique\\\/\"},{\"@type\":\"ListItem\",\"position\":2,\"name\":\"CAPELAGE LATTE SIMPLE CABL \u00d810 SPR ( AXE \u00d816 ) &#8211; 2005\"}]},{\"@type\":\"WebSite\",\"@id\":\"https:\\\/\\\/www.sparcraft.com\\\/fr\\\/#website\",\"url\":\"https:\\\/\\\/www.sparcraft.com\\\/fr\\\/\",\"name\":\"Sparcraft\",\"description\":\"Mast &amp; Rigging\",\"potentialAction\":[{\"@type\":\"SearchAction\",\"target\":{\"@type\":\"EntryPoint\",\"urlTemplate\":\"https:\\\/\\\/www.sparcraft.com\\\/fr\\\/?s={search_term_string}\"},\"query-input\":{\"@type\":\"PropertyValueSpecification\",\"valueRequired\":true,\"valueName\":\"search_term_string\"}}],\"inLanguage\":\"fr-FR\"}]}<\/script>\n<!-- \/ Yoast SEO plugin. -->","yoast_head_json":{"title":"CAPELAGE LATTE SIMPLE CABL \u00d810 SPR ( AXE \u00d816 ) - 2005 - Sparcraft","robots":{"index":"index","follow":"follow","max-snippet":"max-snippet:-1","max-image-preview":"max-image-preview:large","max-video-preview":"max-video-preview:-1"},"canonical":"https:\/\/www.sparcraft.com\/fr\/produit\/capelage-latte-simple-cabl-o10-spr-axe-o16-2005-31003005165\/","og_locale":"fr_FR","og_type":"article","og_title":"CAPELAGE LATTE SIMPLE CABL \u00d810 SPR ( AXE \u00d816 ) - 2005 - Sparcraft","og_description":"- Les capelages ext\u00e9rieurs: Simple ou double, avec 1 ou 2 axes filet\u00e9s. Les capelages ext\u00e9rieurs sont con\u00e7us pour recevoir des embouts \u00e0 oeil. Les capelages simples sont utilis\u00e9s \u00e9galement pour les bastaques. - Capelage simple avec axe \u00d816mm - Pour c\u00e2ble \u00d810mm","og_url":"https:\/\/www.sparcraft.com\/fr\/produit\/capelage-latte-simple-cabl-o10-spr-axe-o16-2005-31003005165\/","og_site_name":"Sparcraft","article_modified_time":"2026-04-18T02:01:20+00:00","twitter_card":"summary_large_image","twitter_misc":{"Dur\u00e9e de lecture estim\u00e9e":"1 minute"},"schema":{"@context":"https:\/\/schema.org","@graph":[{"@type":"WebPage","@id":"https:\/\/www.sparcraft.com\/fr\/produit\/capelage-latte-simple-cabl-o10-spr-axe-o16-2005-31003005165\/","url":"https:\/\/www.sparcraft.com\/fr\/produit\/capelage-latte-simple-cabl-o10-spr-axe-o16-2005-31003005165\/","name":"CAPELAGE LATTE SIMPLE CABL \u00d810 SPR ( AXE \u00d816 ) - 2005 - Sparcraft","isPartOf":{"@id":"https:\/\/www.sparcraft.com\/fr\/#website"},"datePublished":"2023-06-14T14:32:51+00:00","dateModified":"2026-04-18T02:01:20+00:00","breadcrumb":{"@id":"https:\/\/www.sparcraft.com\/fr\/produit\/capelage-latte-simple-cabl-o10-spr-axe-o16-2005-31003005165\/#breadcrumb"},"inLanguage":"fr-FR","potentialAction":[{"@type":"ReadAction","target":["https:\/\/www.sparcraft.com\/fr\/produit\/capelage-latte-simple-cabl-o10-spr-axe-o16-2005-31003005165\/"]}]},{"@type":"BreadcrumbList","@id":"https:\/\/www.sparcraft.com\/fr\/produit\/capelage-latte-simple-cabl-o10-spr-axe-o16-2005-31003005165\/#breadcrumb","itemListElement":[{"@type":"ListItem","position":1,"name":"Boutique","item":"https:\/\/www.sparcraft.com\/fr\/boutique\/"},{"@type":"ListItem","position":2,"name":"CAPELAGE LATTE SIMPLE CABL \u00d810 SPR ( AXE \u00d816 ) &#8211; 2005"}]},{"@type":"WebSite","@id":"https:\/\/www.sparcraft.com\/fr\/#website","url":"https:\/\/www.sparcraft.com\/fr\/","name":"Sparcraft","description":"Mast &amp; Rigging","potentialAction":[{"@type":"SearchAction","target":{"@type":"EntryPoint","urlTemplate":"https:\/\/www.sparcraft.com\/fr\/?s={search_term_string}"},"query-input":{"@type":"PropertyValueSpecification","valueRequired":true,"valueName":"search_term_string"}}],"inLanguage":"fr-FR"}]}},"_links":{"self":[{"href":"https:\/\/www.sparcraft.com\/fr\/wp-json\/wp\/v2\/product\/33975","targetHints":{"allow":["GET"]}}],"collection":[{"href":"https:\/\/www.sparcraft.com\/fr\/wp-json\/wp\/v2\/product"}],"about":[{"href":"https:\/\/www.sparcraft.com\/fr\/wp-json\/wp\/v2\/types\/product"}],"replies":[{"embeddable":true,"href":"https:\/\/www.sparcraft.com\/fr\/wp-json\/wp\/v2\/comments?post=33975"}],"wp:attachment":[{"href":"https:\/\/www.sparcraft.com\/fr\/wp-json\/wp\/v2\/media?parent=33975"}],"wp:term":[{"taxonomy":"product_brand","embeddable":true,"href":"https:\/\/www.sparcraft.com\/fr\/wp-json\/wp\/v2\/product_brand?post=33975"},{"taxonomy":"product_cat","embeddable":true,"href":"https:\/\/www.sparcraft.com\/fr\/wp-json\/wp\/v2\/product_cat?post=33975"},{"taxonomy":"product_tag","embeddable":true,"href":"https:\/\/www.sparcraft.com\/fr\/wp-json\/wp\/v2\/product_tag?post=33975"}],"curies":[{"name":"wp","href":"https:\/\/api.w.org\/{rel}","templated":true}]}}