{"id":33939,"date":"2023-06-14T15:51:44","date_gmt":"2023-06-14T13:51:44","guid":{"rendered":"https:\/\/www.sparcraft.com\/produit\/rivet-monel-o6-4x18-ep-a-sertir-29004164180\/"},"modified":"2026-04-17T04:00:23","modified_gmt":"2026-04-17T02:00:23","slug":"rivet-monel-o6-4x18-29004164180","status":"publish","type":"product","link":"https:\/\/www.sparcraft.com\/fr\/produit\/rivet-monel-o6-4x18-29004164180\/","title":{"rendered":"RIVET MONEL \u00d86.4X18"},"content":{"rendered":"<p>  <P>Utiliser avec la sortie de drisse &#8211; notre r\u00e9f\u00e9rence <A href=\"http:\/\/www.sparcraft.fr\/sku\/34003140284\">34003140284<\/A><\/P> <P>Inclus avec la r\u00e9f\u00e9rence <A href=\"http:\/\/www.sparcraft.fr\/sku\/34003140285\" target=\"_blank\">34003140285<\/A><\/P> <P>&nbsp;<\/P><\/p>\n","protected":false},"excerpt":{"rendered":"<p>  <P>Rivet pour sortie de drisse<\/P> <P>Dimensions :&nbsp;<STRONG>6.4 x 18 mm<\/STRONG><\/P> <P>Mat\u00e9riau : inox<\/P><\/p>\n","protected":false},"featured_media":0,"comment_status":"open","ping_status":"closed","template":"","meta":[],"product_brand":[],"product_cat":[17],"product_tag":[],"class_list":{"0":"post-33939","1":"product","2":"type-product","3":"status-publish","5":"product_cat-product","7":"first","8":"instock","9":"taxable","10":"shipping-taxable","11":"purchasable","12":"product-type-simple"},"yoast_head":"<!-- This site is optimized with the Yoast SEO plugin v27.4 - https:\/\/yoast.com\/product\/yoast-seo-wordpress\/ -->\n<title>RIVET MONEL \u00d86.4X18 - Sparcraft<\/title>\n<meta name=\"robots\" content=\"index, follow, max-snippet:-1, max-image-preview:large, max-video-preview:-1\" \/>\n<link rel=\"canonical\" href=\"https:\/\/www.sparcraft.com\/fr\/produit\/rivet-monel-o6-4x18-29004164180\/\" \/>\n<meta property=\"og:locale\" content=\"fr_FR\" \/>\n<meta property=\"og:type\" content=\"article\" \/>\n<meta property=\"og:title\" content=\"RIVET MONEL \u00d86.4X18 - Sparcraft\" \/>\n<meta property=\"og:description\" content=\"Rivet pour sortie de drisse Dimensions :&nbsp;6.4 x 18 mm Mat\u00e9riau : inox\" \/>\n<meta property=\"og:url\" content=\"https:\/\/www.sparcraft.com\/fr\/produit\/rivet-monel-o6-4x18-29004164180\/\" \/>\n<meta property=\"og:site_name\" content=\"Sparcraft\" \/>\n<meta property=\"article:modified_time\" content=\"2026-04-17T02:00:23+00:00\" \/>\n<meta name=\"twitter:card\" content=\"summary_large_image\" \/>\n<script type=\"application\/ld+json\" class=\"yoast-schema-graph\">{\"@context\":\"https:\\\/\\\/schema.org\",\"@graph\":[{\"@type\":\"WebPage\",\"@id\":\"https:\\\/\\\/www.sparcraft.com\\\/fr\\\/produit\\\/rivet-monel-o6-4x18-29004164180\\\/\",\"url\":\"https:\\\/\\\/www.sparcraft.com\\\/fr\\\/produit\\\/rivet-monel-o6-4x18-29004164180\\\/\",\"name\":\"RIVET MONEL \u00d86.4X18 - Sparcraft\",\"isPartOf\":{\"@id\":\"https:\\\/\\\/www.sparcraft.com\\\/fr\\\/#website\"},\"datePublished\":\"2023-06-14T13:51:44+00:00\",\"dateModified\":\"2026-04-17T02:00:23+00:00\",\"breadcrumb\":{\"@id\":\"https:\\\/\\\/www.sparcraft.com\\\/fr\\\/produit\\\/rivet-monel-o6-4x18-29004164180\\\/#breadcrumb\"},\"inLanguage\":\"fr-FR\",\"potentialAction\":[{\"@type\":\"ReadAction\",\"target\":[\"https:\\\/\\\/www.sparcraft.com\\\/fr\\\/produit\\\/rivet-monel-o6-4x18-29004164180\\\/\"]}]},{\"@type\":\"BreadcrumbList\",\"@id\":\"https:\\\/\\\/www.sparcraft.com\\\/fr\\\/produit\\\/rivet-monel-o6-4x18-29004164180\\\/#breadcrumb\",\"itemListElement\":[{\"@type\":\"ListItem\",\"position\":1,\"name\":\"Boutique\",\"item\":\"https:\\\/\\\/www.sparcraft.com\\\/fr\\\/boutique\\\/\"},{\"@type\":\"ListItem\",\"position\":2,\"name\":\"RIVET MONEL \u00d86.4X18\"}]},{\"@type\":\"WebSite\",\"@id\":\"https:\\\/\\\/www.sparcraft.com\\\/fr\\\/#website\",\"url\":\"https:\\\/\\\/www.sparcraft.com\\\/fr\\\/\",\"name\":\"Sparcraft\",\"description\":\"Mast &amp; Rigging\",\"potentialAction\":[{\"@type\":\"SearchAction\",\"target\":{\"@type\":\"EntryPoint\",\"urlTemplate\":\"https:\\\/\\\/www.sparcraft.com\\\/fr\\\/?s={search_term_string}\"},\"query-input\":{\"@type\":\"PropertyValueSpecification\",\"valueRequired\":true,\"valueName\":\"search_term_string\"}}],\"inLanguage\":\"fr-FR\"}]}<\/script>\n<!-- \/ Yoast SEO plugin. -->","yoast_head_json":{"title":"RIVET MONEL \u00d86.4X18 - Sparcraft","robots":{"index":"index","follow":"follow","max-snippet":"max-snippet:-1","max-image-preview":"max-image-preview:large","max-video-preview":"max-video-preview:-1"},"canonical":"https:\/\/www.sparcraft.com\/fr\/produit\/rivet-monel-o6-4x18-29004164180\/","og_locale":"fr_FR","og_type":"article","og_title":"RIVET MONEL \u00d86.4X18 - Sparcraft","og_description":"Rivet pour sortie de drisse Dimensions :&nbsp;6.4 x 18 mm Mat\u00e9riau : inox","og_url":"https:\/\/www.sparcraft.com\/fr\/produit\/rivet-monel-o6-4x18-29004164180\/","og_site_name":"Sparcraft","article_modified_time":"2026-04-17T02:00:23+00:00","twitter_card":"summary_large_image","schema":{"@context":"https:\/\/schema.org","@graph":[{"@type":"WebPage","@id":"https:\/\/www.sparcraft.com\/fr\/produit\/rivet-monel-o6-4x18-29004164180\/","url":"https:\/\/www.sparcraft.com\/fr\/produit\/rivet-monel-o6-4x18-29004164180\/","name":"RIVET MONEL \u00d86.4X18 - Sparcraft","isPartOf":{"@id":"https:\/\/www.sparcraft.com\/fr\/#website"},"datePublished":"2023-06-14T13:51:44+00:00","dateModified":"2026-04-17T02:00:23+00:00","breadcrumb":{"@id":"https:\/\/www.sparcraft.com\/fr\/produit\/rivet-monel-o6-4x18-29004164180\/#breadcrumb"},"inLanguage":"fr-FR","potentialAction":[{"@type":"ReadAction","target":["https:\/\/www.sparcraft.com\/fr\/produit\/rivet-monel-o6-4x18-29004164180\/"]}]},{"@type":"BreadcrumbList","@id":"https:\/\/www.sparcraft.com\/fr\/produit\/rivet-monel-o6-4x18-29004164180\/#breadcrumb","itemListElement":[{"@type":"ListItem","position":1,"name":"Boutique","item":"https:\/\/www.sparcraft.com\/fr\/boutique\/"},{"@type":"ListItem","position":2,"name":"RIVET MONEL \u00d86.4X18"}]},{"@type":"WebSite","@id":"https:\/\/www.sparcraft.com\/fr\/#website","url":"https:\/\/www.sparcraft.com\/fr\/","name":"Sparcraft","description":"Mast &amp; Rigging","potentialAction":[{"@type":"SearchAction","target":{"@type":"EntryPoint","urlTemplate":"https:\/\/www.sparcraft.com\/fr\/?s={search_term_string}"},"query-input":{"@type":"PropertyValueSpecification","valueRequired":true,"valueName":"search_term_string"}}],"inLanguage":"fr-FR"}]}},"_links":{"self":[{"href":"https:\/\/www.sparcraft.com\/fr\/wp-json\/wp\/v2\/product\/33939","targetHints":{"allow":["GET"]}}],"collection":[{"href":"https:\/\/www.sparcraft.com\/fr\/wp-json\/wp\/v2\/product"}],"about":[{"href":"https:\/\/www.sparcraft.com\/fr\/wp-json\/wp\/v2\/types\/product"}],"replies":[{"embeddable":true,"href":"https:\/\/www.sparcraft.com\/fr\/wp-json\/wp\/v2\/comments?post=33939"}],"wp:attachment":[{"href":"https:\/\/www.sparcraft.com\/fr\/wp-json\/wp\/v2\/media?parent=33939"}],"wp:term":[{"taxonomy":"product_brand","embeddable":true,"href":"https:\/\/www.sparcraft.com\/fr\/wp-json\/wp\/v2\/product_brand?post=33939"},{"taxonomy":"product_cat","embeddable":true,"href":"https:\/\/www.sparcraft.com\/fr\/wp-json\/wp\/v2\/product_cat?post=33939"},{"taxonomy":"product_tag","embeddable":true,"href":"https:\/\/www.sparcraft.com\/fr\/wp-json\/wp\/v2\/product_tag?post=33939"}],"curies":[{"name":"wp","href":"https:\/\/api.w.org\/{rel}","templated":true}]}}